{"id":325,"date":"2021-11-18T18:45:12","date_gmt":"2021-11-18T16:45:12","guid":{"rendered":"http:\/\/lasteaed.joelahtme.ee\/neeme\/?page_id=325"},"modified":"2026-01-02T15:51:38","modified_gmt":"2026-01-02T13:51:38","slug":"lasteaiapsuhholoog","status":"publish","type":"page","link":"https:\/\/lasteaed.joelahtme.ee\/neeme\/lasteaiapsuhholoog\/","title":{"rendered":"Lasteaiaps\u00fchholoog 2025\/2026"},"content":{"rendered":"\n<p><strong>Saale Kibin e-post: saalekibin@gmail.com<\/strong><\/p>\n\n\n\n<p><strong>Lasteaias t\u00f6\u00f6tava ps\u00fchholoogi eesm\u00e4rgiks on laste eakohase arengu toetamiseks tingimuste loomine.<\/strong><br>Selleks t\u00f6\u00f6tab <strong>ps\u00fchholoog Saale<\/strong> laste, lapsevanemate ja \u00f5petajatega. Lastega t\u00f6\u00f6tamisel kasutab Saale erinevaid meetodeid (n\u00e4iteks paarist\u00f6\u00f6 lapsega, laste paar v\u00f5i v\u00e4iker\u00fchm) ja tegevusi, mis on oma olemuselt m\u00e4ngulised ja last eakohaselt kaasavad ning motiveerivad.<br>Lapsed suunataks ps\u00fchholoogi juurde kokkuleppel lapsevanemaga.<\/p>\n\n\n\n<p>Ps\u00fchholoog Saale t\u00f6\u00f6tab 2025\/2026 \u00f5ppeaasta I poolaastal<br>lasteaias kolmap\u00e4eviti, pealel\u00f5unasel ajal.<\/p>\n\n\n\n<ol start=\"3\" class=\"wp-block-list\">\n<li><strong>ja 10. september;      01. ja 08. oktoober;     5. ja 12. november;<\/strong><\/li>\n\n\n\n<li><strong>ja 10.detsembe<\/strong>r<\/li>\n<\/ol>\n\n\n\n<p>II poolaastal: <br><strong>07. ja 14. jaanuar;  04. ja 18. veebruar;  04. ja 11. m\u00e4rts;  01. ja 08. aprill; 06. ja 13. mai.<\/strong><\/p>\n\n\n\n<p>Lapsevanem, kes soovib aega ps\u00fchholoogi juurde peab selleks eelnevalt aja e-kirja teel kokku leppima.<\/p>\n\n\n\n<p> Saale e-post: <strong>saalekibin@gmail.com<\/strong><\/p>\n\n\n\n<p><\/p>\n","protected":false},"excerpt":{"rendered":"<p>Saale Kibin e-post: saalekibin@gmail.com Lasteaias t\u00f6\u00f6tava ps\u00fchholoogi eesm\u00e4rgiks on laste eakohase arengu toetamiseks tingimuste loomine.Selleks t\u00f6\u00f6tab ps\u00fchholoog Saale laste, lapsevanemate ja \u00f5petajatega. Lastega t\u00f6\u00f6tamisel kasutab Saale erinevaid meetodeid (n\u00e4iteks paarist\u00f6\u00f6 lapsega, laste paar v\u00f5i v\u00e4iker\u00fchm) ja tegevusi, mis on oma olemuselt m\u00e4ngulised ja last eakohaselt kaasavad ning motiveerivad.Lapsed suunataks ps\u00fchholoogi juurde kokkuleppel lapsevanemaga. Ps\u00fchholoog Saale [&hellip;]<\/p>\n","protected":false},"author":3,"featured_media":0,"parent":0,"menu_order":0,"comment_status":"closed","ping_status":"closed","template":"","meta":{"_uag_custom_page_level_css":"","site-sidebar-layout":"default","site-content-layout":"","ast-site-content-layout":"default","site-content-style":"default","site-sidebar-style":"default","ast-global-header-display":"","ast-banner-title-visibility":"","ast-main-header-display":"","ast-hfb-above-header-display":"","ast-hfb-below-header-display":"","ast-hfb-mobile-header-display":"","site-post-title":"","ast-breadcrumbs-content":"","ast-featured-img":"","footer-sml-layout":"","ast-disable-related-posts":"","theme-transparent-header-meta":"","adv-header-id-meta":"","stick-header-meta":"","header-above-stick-meta":"","header-main-stick-meta":"","header-below-stick-meta":"","astra-migrate-meta-layouts":"set","ast-page-background-enabled":"default","ast-page-background-meta":{"desktop":{"background-color":"var(--ast-global-color-4)","background-image":"","background-repeat":"repeat","background-position":"center center","background-size":"auto","background-attachment":"scroll","background-type":"","background-media":"","overlay-type":"","overlay-color":"","overlay-opacity":"","overlay-gradient":""},"tablet":{"background-color":"","background-image":"","background-repeat":"repeat","background-position":"center center","background-size":"auto","background-attachment":"scroll","background-type":"","background-media":"","overlay-type":"","overlay-color":"","overlay-opacity":"","overlay-gradient":""},"mobile":{"background-color":"","background-image":"","background-repeat":"repeat","background-position":"center center","background-size":"auto","background-attachment":"scroll","background-type":"","background-media":"","overlay-type":"","overlay-color":"","overlay-opacity":"","overlay-gradient":""}},"ast-content-background-meta":{"desktop":{"background-color":"var(--ast-global-color-5)","background-image":"","background-repeat":"repeat","background-position":"center center","background-size":"auto","background-attachment":"scroll","background-type":"","background-media":"","overlay-type":"","overlay-color":"","overlay-opacity":"","overlay-gradient":""},"tablet":{"background-color":"var(--ast-global-color-5)","background-image":"","background-repeat":"repeat","background-position":"center center","background-size":"auto","background-attachment":"scroll","background-type":"","background-media":"","overlay-type":"","overlay-color":"","overlay-opacity":"","overlay-gradient":""},"mobile":{"background-color":"var(--ast-global-color-5)","background-image":"","background-repeat":"repeat","background-position":"center center","background-size":"auto","background-attachment":"scroll","background-type":"","background-media":"","overlay-type":"","overlay-color":"","overlay-opacity":"","overlay-gradient":""}},"footnotes":""},"class_list":["post-325","page","type-page","status-publish","hentry"],"uagb_featured_image_src":{"full":false,"thumbnail":false,"medium":false,"medium_large":false,"large":false,"1536x1536":false,"2048x2048":false},"uagb_author_info":{"display_name":"pille","author_link":"https:\/\/lasteaed.joelahtme.ee\/neeme\/author\/pille\/"},"uagb_comment_info":0,"uagb_excerpt":"Saale Kibin e-post: saalekibin@gmail.com Lasteaias t\u00f6\u00f6tava ps\u00fchholoogi eesm\u00e4rgiks on laste eakohase arengu toetamiseks tingimuste loomine.Selleks t\u00f6\u00f6tab ps\u00fchholoog Saale laste, lapsevanemate ja \u00f5petajatega. Lastega t\u00f6\u00f6tamisel kasutab Saale erinevaid meetodeid (n\u00e4iteks paarist\u00f6\u00f6 lapsega, laste paar v\u00f5i v\u00e4iker\u00fchm) ja tegevusi, mis on oma olemuselt m\u00e4ngulised ja last eakohaselt kaasavad ning motiveerivad.Lapsed suunataks ps\u00fchholoogi juurde kokkuleppel lapsevanemaga. Ps\u00fchholoog Saale&hellip;","_links":{"self":[{"href":"https:\/\/lasteaed.joelahtme.ee\/neeme\/wp-json\/wp\/v2\/pages\/325","targetHints":{"allow":["GET"]}}],"collection":[{"href":"https:\/\/lasteaed.joelahtme.ee\/neeme\/wp-json\/wp\/v2\/pages"}],"about":[{"href":"https:\/\/lasteaed.joelahtme.ee\/neeme\/wp-json\/wp\/v2\/types\/page"}],"author":[{"embeddable":true,"href":"https:\/\/lasteaed.joelahtme.ee\/neeme\/wp-json\/wp\/v2\/users\/3"}],"replies":[{"embeddable":true,"href":"https:\/\/lasteaed.joelahtme.ee\/neeme\/wp-json\/wp\/v2\/comments?post=325"}],"version-history":[{"count":16,"href":"https:\/\/lasteaed.joelahtme.ee\/neeme\/wp-json\/wp\/v2\/pages\/325\/revisions"}],"predecessor-version":[{"id":1855,"href":"https:\/\/lasteaed.joelahtme.ee\/neeme\/wp-json\/wp\/v2\/pages\/325\/revisions\/1855"}],"wp:attachment":[{"href":"https:\/\/lasteaed.joelahtme.ee\/neeme\/wp-json\/wp\/v2\/media?parent=325"}],"curies":[{"name":"wp","href":"https:\/\/api.w.org\/{rel}","templated":true}]}}