{"id":287,"date":"2021-11-16T15:56:10","date_gmt":"2021-11-16T13:56:10","guid":{"rendered":"http:\/\/lasteaed.joelahtme.ee\/neeme\/?page_id=287"},"modified":"2021-12-01T11:56:35","modified_gmt":"2021-12-01T09:56:35","slug":"kiusamisest-vabaks","status":"publish","type":"page","link":"https:\/\/lasteaed.joelahtme.ee\/neeme\/kiusamisest-vabaks\/","title":{"rendered":"Kiusamisest vabaks"},"content":{"rendered":"\n<p><img loading=\"lazy\" decoding=\"async\" width=\"139\" height=\"139\" class=\"wp-image-290\" style=\"width: 139px\" src=\"http:\/\/lasteaed.joelahtme.ee\/neeme\/wp-content\/uploads\/sites\/4\/2021\/11\/kiu.png\" alt=\"\"><strong>Lasteaed Neeme Mudila R\u00f5\u00f5mupallide r\u00fchm ja direktor l\u00e4bisid 2014 a&nbsp; septembris koolituse &#8220;Kiusamisest vabaks&#8221; ja sellest hetkest v\u00f5eti lasteaias kasutusele vastav metoodika.<\/strong><\/p>\n\n\n\n<p><strong>2016 a oktoobris l\u00e4bis koolituse ka Rannap\u00f5nnide r\u00fchma personal ning 2017 a M\u00e4nnik\u00e4bide r\u00fchma personal.<\/strong><img loading=\"lazy\" decoding=\"async\" width=\"609\" height=\"458\" class=\"wp-image-289\" style=\"width: 300px\" src=\"http:\/\/lasteaed.joelahtme.ee\/neeme\/wp-content\/uploads\/sites\/4\/2021\/11\/kius.png\" alt=\"\" srcset=\"https:\/\/lasteaed.joelahtme.ee\/neeme\/wp-content\/uploads\/sites\/4\/2021\/11\/kius.png 609w, https:\/\/lasteaed.joelahtme.ee\/neeme\/wp-content\/uploads\/sites\/4\/2021\/11\/kius-300x226.png 300w\" sizes=\"auto, (max-width: 609px) 100vw, 609px\" \/><\/p>\n\n\n\n<p>Programmi p\u00f5hiv\u00e4\u00e4rtused:<\/p>\n\n\n\n<p><a href=\"http:\/\/kiusamisestvabaks.ee\/meist\/pohivaartused\">http:\/\/kiusamisestvabaks.ee\/meist\/pohivaartused<\/a><\/p>\n\n\n\n<p>Metoodilised materjalid:<\/p>\n\n\n\n<p><a href=\"http:\/\/kiusamisestvabaks.ee\/meist\/metoodilised-materjalid\">http:\/\/kiusamisestvabaks.ee\/meist\/metoodilised-materjalid<\/a><\/p>\n\n\n\n<p><strong>&#8220;Kiusamisest vabaks!&#8221;<\/strong><\/p>\n\n\n\n<p>\u2022 on kiusamist ennetav programm, mida kasutatakse lasteaedades ja koolides sotsiaalsete oskuste \u00f5petamiseks.<\/p>\n\n\n\n<p>\u2022 programmi kasutamise \u00f5igus on Eestis u 80% lasteaedadest ja u 20% koolidest.<\/p>\n\n\n\n<p>\u2022 on v\u00e4lja t\u00f6\u00f6tatud Taanis Kroonprintsess Mary Fondi ja Save the Children Denmark koost\u00f6\u00f6s.<\/p>\n\n\n\n<p>\u2022 eestvedajaks Eestis on MT\u00dc Lastekaitse Liit programmi \u201eKiusamisest vabaks!\u201c raames.<\/p>\n\n\n\n<p>\u2022 s\u00fcmbol S\u00f5ber Karu r\u00f5hutab programmi p\u00f5hiv\u00e4\u00e4rtuseid &#8211; sallivust, hoolivust, austust, julgust.<\/p>\n\n\n\n<p>\u2022 peab oluliseks heaks kaaslaseks olemist.<\/p>\n\n\n\n<p>\u2022 on vastavuses riiklike \u00f5ppekavadega, seda toetab Haridus- ja Teadusministeerium.<\/p>\n\n\n\n<p>\u2022 suurendab \u00fchiskonna teadlikkust ja parendab k\u00e4itumiskultuuri.<\/p>\n\n\n\n<p><img loading=\"lazy\" decoding=\"async\" width=\"1504\" height=\"2016\" class=\"wp-image-293\" style=\"width: 300px\" src=\"http:\/\/lasteaed.joelahtme.ee\/neeme\/wp-content\/uploads\/sites\/4\/2021\/11\/kar1.jpg\" alt=\"\" srcset=\"https:\/\/lasteaed.joelahtme.ee\/neeme\/wp-content\/uploads\/sites\/4\/2021\/11\/kar1.jpg 1504w, https:\/\/lasteaed.joelahtme.ee\/neeme\/wp-content\/uploads\/sites\/4\/2021\/11\/kar1-224x300.jpg 224w, https:\/\/lasteaed.joelahtme.ee\/neeme\/wp-content\/uploads\/sites\/4\/2021\/11\/kar1-764x1024.jpg 764w, https:\/\/lasteaed.joelahtme.ee\/neeme\/wp-content\/uploads\/sites\/4\/2021\/11\/kar1-768x1029.jpg 768w, https:\/\/lasteaed.joelahtme.ee\/neeme\/wp-content\/uploads\/sites\/4\/2021\/11\/kar1-1146x1536.jpg 1146w\" sizes=\"auto, (max-width: 1504px) 100vw, 1504px\" \/><\/p>\n\n\n\n<p>Alates 2007. aastast juhib Save the Children Denmark koost\u00f6\u00f6s Taani kroonprintsessi Mary Fondiga Taani lasteaedades ja algklassides ennetavat kiusamisvastast programmi \u201eKiusamisest vabaks!\u201c, milles keskendutakse kiusamise ennetamisele 3-10 aastastele laste seas.<\/p>\n\n\n\n<p><img loading=\"lazy\" decoding=\"async\" width=\"1504\" height=\"2016\" class=\"wp-image-295\" style=\"width: 300px\" src=\"http:\/\/lasteaed.joelahtme.ee\/neeme\/wp-content\/uploads\/sites\/4\/2021\/11\/kar.jpg\" alt=\"\" srcset=\"https:\/\/lasteaed.joelahtme.ee\/neeme\/wp-content\/uploads\/sites\/4\/2021\/11\/kar.jpg 1504w, https:\/\/lasteaed.joelahtme.ee\/neeme\/wp-content\/uploads\/sites\/4\/2021\/11\/kar-224x300.jpg 224w, https:\/\/lasteaed.joelahtme.ee\/neeme\/wp-content\/uploads\/sites\/4\/2021\/11\/kar-764x1024.jpg 764w, https:\/\/lasteaed.joelahtme.ee\/neeme\/wp-content\/uploads\/sites\/4\/2021\/11\/kar-768x1029.jpg 768w, https:\/\/lasteaed.joelahtme.ee\/neeme\/wp-content\/uploads\/sites\/4\/2021\/11\/kar-1146x1536.jpg 1146w\" sizes=\"auto, (max-width: 1504px) 100vw, 1504px\" \/><\/p>\n\n\n\n<p>Eestis veab Taani eeskujule tuginevat programmi \u201eKiusamisest vabaks!\u201c alates 2010. aastast MT\u00dc Lastekaitse Liit.<\/p>\n\n\n\n<p><strong>Positiivne vaimne tervis kui vaimne heaolu on taju, m\u00f5tlemine ja suhtlemine viisil, mis aitab elust r\u00f5\u00f5mu tunda ja keerulistes olukordades toime tulla. Neeme Mudila lastele ja personalile aitas killukest r\u00f5\u00f5mu praegusesse pingelisse aega tuua 8.m\u00e4rtsil 2021 S\u00f5ber Karu k\u00fclask\u00e4ik. R\u00e4\u00e4kimata lastest, oli elevil ka personal.<\/strong><\/p>\n\n\n\n<figure class=\"wp-block-image size-full\"><img loading=\"lazy\" decoding=\"async\" width=\"650\" height=\"328\" src=\"http:\/\/lasteaed.joelahtme.ee\/neeme\/wp-content\/uploads\/sites\/4\/2021\/11\/image-14.png\" alt=\"\" class=\"wp-image-288\" srcset=\"https:\/\/lasteaed.joelahtme.ee\/neeme\/wp-content\/uploads\/sites\/4\/2021\/11\/image-14.png 650w, https:\/\/lasteaed.joelahtme.ee\/neeme\/wp-content\/uploads\/sites\/4\/2021\/11\/image-14-300x151.png 300w\" sizes=\"auto, (max-width: 650px) 100vw, 650px\" \/><\/figure>\n\n\n\n<p><\/p>\n","protected":false},"excerpt":{"rendered":"<p>Lasteaed Neeme Mudila R\u00f5\u00f5mupallide r\u00fchm ja direktor l\u00e4bisid 2014 a&nbsp; septembris koolituse &#8220;Kiusamisest vabaks&#8221; ja sellest hetkest v\u00f5eti lasteaias kasutusele vastav metoodika. 2016 a oktoobris l\u00e4bis koolituse ka Rannap\u00f5nnide r\u00fchma personal ning 2017 a M\u00e4nnik\u00e4bide r\u00fchma personal. Programmi p\u00f5hiv\u00e4\u00e4rtused: http:\/\/kiusamisestvabaks.ee\/meist\/pohivaartused Metoodilised materjalid: http:\/\/kiusamisestvabaks.ee\/meist\/metoodilised-materjalid &#8220;Kiusamisest vabaks!&#8221; \u2022 on kiusamist ennetav programm, mida kasutatakse lasteaedades ja koolides [&hellip;]<\/p>\n","protected":false},"author":3,"featured_media":0,"parent":0,"menu_order":0,"comment_status":"closed","ping_status":"closed","template":"","meta":{"_uag_custom_page_level_css":"","site-sidebar-layout":"default","site-content-layout":"","ast-site-content-layout":"default","site-content-style":"default","site-sidebar-style":"default","ast-global-header-display":"","ast-banner-title-visibility":"","ast-main-header-display":"","ast-hfb-above-header-display":"","ast-hfb-below-header-display":"","ast-hfb-mobile-header-display":"","site-post-title":"","ast-breadcrumbs-content":"","ast-featured-img":"","footer-sml-layout":"","ast-disable-related-posts":"","theme-transparent-header-meta":"","adv-header-id-meta":"","stick-header-meta":"","header-above-stick-meta":"","header-main-stick-meta":"","header-below-stick-meta":"","astra-migrate-meta-layouts":"default","ast-page-background-enabled":"default","ast-page-background-meta":{"desktop":{"background-color":"var(--ast-global-color-4)","background-image":"","background-repeat":"repeat","background-position":"center center","background-size":"auto","background-attachment":"scroll","background-type":"","background-media":"","overlay-type":"","overlay-color":"","overlay-opacity":"","overlay-gradient":""},"tablet":{"background-color":"","background-image":"","background-repeat":"repeat","background-position":"center center","background-size":"auto","background-attachment":"scroll","background-type":"","background-media":"","overlay-type":"","overlay-color":"","overlay-opacity":"","overlay-gradient":""},"mobile":{"background-color":"","background-image":"","background-repeat":"repeat","background-position":"center center","background-size":"auto","background-attachment":"scroll","background-type":"","background-media":"","overlay-type":"","overlay-color":"","overlay-opacity":"","overlay-gradient":""}},"ast-content-background-meta":{"desktop":{"background-color":"var(--ast-global-color-5)","background-image":"","background-repeat":"repeat","background-position":"center center","background-size":"auto","background-attachment":"scroll","background-type":"","background-media":"","overlay-type":"","overlay-color":"","overlay-opacity":"","overlay-gradient":""},"tablet":{"background-color":"var(--ast-global-color-5)","background-image":"","background-repeat":"repeat","background-position":"center center","background-size":"auto","background-attachment":"scroll","background-type":"","background-media":"","overlay-type":"","overlay-color":"","overlay-opacity":"","overlay-gradient":""},"mobile":{"background-color":"var(--ast-global-color-5)","background-image":"","background-repeat":"repeat","background-position":"center center","background-size":"auto","background-attachment":"scroll","background-type":"","background-media":"","overlay-type":"","overlay-color":"","overlay-opacity":"","overlay-gradient":""}},"footnotes":""},"class_list":["post-287","page","type-page","status-publish","hentry"],"uagb_featured_image_src":{"full":false,"thumbnail":false,"medium":false,"medium_large":false,"large":false,"1536x1536":false,"2048x2048":false},"uagb_author_info":{"display_name":"pille","author_link":"https:\/\/lasteaed.joelahtme.ee\/neeme\/author\/pille\/"},"uagb_comment_info":0,"uagb_excerpt":"Lasteaed Neeme Mudila R\u00f5\u00f5mupallide r\u00fchm ja direktor l\u00e4bisid 2014 a&nbsp; septembris koolituse &#8220;Kiusamisest vabaks&#8221; ja sellest hetkest v\u00f5eti lasteaias kasutusele vastav metoodika. 2016 a oktoobris l\u00e4bis koolituse ka Rannap\u00f5nnide r\u00fchma personal ning 2017 a M\u00e4nnik\u00e4bide r\u00fchma personal. Programmi p\u00f5hiv\u00e4\u00e4rtused: http:\/\/kiusamisestvabaks.ee\/meist\/pohivaartused Metoodilised materjalid: http:\/\/kiusamisestvabaks.ee\/meist\/metoodilised-materjalid &#8220;Kiusamisest vabaks!&#8221; \u2022 on kiusamist ennetav programm, mida kasutatakse lasteaedades ja koolides&hellip;","_links":{"self":[{"href":"https:\/\/lasteaed.joelahtme.ee\/neeme\/wp-json\/wp\/v2\/pages\/287","targetHints":{"allow":["GET"]}}],"collection":[{"href":"https:\/\/lasteaed.joelahtme.ee\/neeme\/wp-json\/wp\/v2\/pages"}],"about":[{"href":"https:\/\/lasteaed.joelahtme.ee\/neeme\/wp-json\/wp\/v2\/types\/page"}],"author":[{"embeddable":true,"href":"https:\/\/lasteaed.joelahtme.ee\/neeme\/wp-json\/wp\/v2\/users\/3"}],"replies":[{"embeddable":true,"href":"https:\/\/lasteaed.joelahtme.ee\/neeme\/wp-json\/wp\/v2\/comments?post=287"}],"version-history":[{"count":5,"href":"https:\/\/lasteaed.joelahtme.ee\/neeme\/wp-json\/wp\/v2\/pages\/287\/revisions"}],"predecessor-version":[{"id":394,"href":"https:\/\/lasteaed.joelahtme.ee\/neeme\/wp-json\/wp\/v2\/pages\/287\/revisions\/394"}],"wp:attachment":[{"href":"https:\/\/lasteaed.joelahtme.ee\/neeme\/wp-json\/wp\/v2\/media?parent=287"}],"curies":[{"name":"wp","href":"https:\/\/api.w.org\/{rel}","templated":true}]}}