{"id":194,"date":"2021-10-09T09:01:53","date_gmt":"2021-10-09T09:01:53","guid":{"rendered":"http:\/\/lasteaed.joelahtme.ee\/neeme\/?page_id=194"},"modified":"2025-12-19T11:09:56","modified_gmt":"2025-12-19T09:09:56","slug":"lasteaiatasu","status":"publish","type":"page","link":"https:\/\/lasteaed.joelahtme.ee\/neeme\/lasteaiatasu\/","title":{"rendered":"Lasteaiatasu"},"content":{"rendered":"\n<h4 class=\"wp-block-heading\">Toiduraha suurust muudetakse vastavalt hoolekogu otsusele.<\/h4>\n\n\n\n<h4 class=\"wp-block-heading\"><strong>Toidup\u00e4eva maksiumm\u00e4\u00e4raks on alates 1.04.2022 a  3.00 eurot.<\/strong><\/h4>\n\n\n\n<p><strong>Tegelik toidup\u00e4eva maksumus on igal kuul erinev, sest toidup\u00e4eva tasu s\u00f5ltub reaalsest kulust. Reaalset kulu saab j\u00e4lgida, kui raamatupidamise poolt saadetud arvel jagada tasumisele kuuluv summa lasteaias k\u00e4idud p\u00e4evade arvuga kuus.<\/strong>V\u00e4hekindlustatud peredel on v\u00f5imalik taotleda vabastust kohamaksust ja\/v\u00f5i toidurahast esitades&nbsp; vastavasisulise avalduse J\u00f5el\u00e4htme vallavalitsuse sotsiaalosakonda.<\/p>\n\n\n\n<p><mark class=\"has-inline-color has-ast-global-color-0-color\"><strong>Lasteaiatasu<\/strong> koosneb kohatasust ja toidurahast. Alates 01.01.2022 on kohatasust vabastatud lapsevanem juhul kui lapse ja tema vanema(te) elukoht Eesti Rahvastikuregistri andmetel on jooksva aasta 1. jaanuarist ja katkematult J\u00f5el\u00e4htme vald.<\/mark><\/p>\n\n\n\n<p>Lasteaias k\u00e4imise eest tuleb maksta toiduraha ja olenevalt registri andmetest kohatasu kui kohatasu vabastust e<mark>i rakendata. Arve esitatakse J\u00f5el\u00e4htme VV poolt ja kuulub tasumisele j\u00e4rgneva kuu 20.kuup\u00e4evaks.<\/mark><\/p>\n\n\n\n<p><\/p>\n\n\n\n<p>Kohatasu on kohustatud maksma lapsevanem, kelle enda ja kelle lapse elukoht Eesti Rahvastikuregistri andmetel ei ole jooksva aasta 1. jaanuarist J\u00f5el\u00e4htme vald.<\/p>\n\n\n\n<p>Kohamaks kalendrikuus&nbsp; lapse eest, kelle enda ja kelle vanema(te) elukoht ei ole Eesti Rahvastikuregistri andmetel J\u00f5el\u00e4htme vald, on&nbsp;&nbsp;<strong>20% miinimumt\u00f6\u00f6tasust<\/strong>.<\/p>\n\n\n\n<p>Kohamaksu suuruse m\u00e4\u00e4rab kohalik omavalitus (<a href=\"https:\/\/www.riigiteataja.ee\/akt\/429122021003\">J\u00f5el\u00e4htme Vallavolikogu m\u00e4\u00e4rus<\/a>&nbsp;nr.5 &#8211; j\u00f5ustus 01.01.2022). Kohamaks on kuup\u00f5hine ja seda tuleb maksta s\u00f5ltumata lapse kohalk\u00e4imisest 11 kuud. Kohamaksu ei maksta perioodi eest, mil lasteaed on kollektiivpuhkuse ajaks suletud (juuli). Kohatasu makstakse kuup\u00f5hisena, toiduraha kohal k\u00e4idud p\u00e4evade eest. Tulumaksutagastust saab arveid maksnud inimene&nbsp; vaid kohatasu eest.<\/p>\n\n\n\n<p><strong>Kui ei ole valla registris seisuga 1. jaanuar<\/strong><br>Alates 1. jaanuarist 2022 on kohatasu J\u00f5el\u00e4htme valla lasteaedades kohustatud maksma ainult need lapsevanemad, kelle enda ja kelle lapse elukoht Eesti Rahvastikuregistri andmetel ei ole jooksva aasta 1. jaanuarist ja katkematult edaspidi J\u00f5el\u00e4htme vald. Kohatasu makstakse t\u00e4iskuu eest olenemata lapse lasteaiast puudutud p\u00e4evade arvust, lapse lasteaia nimekirja arvamise kuu esimesest p\u00e4evast kuni lapse lasteaia nimekirjast v\u00e4ljaarvamise kuu viimase p\u00e4evani. Kohatasu arvestamise aluseks on Eesti Hariduse Infos\u00fcsteemi (EHIS) jooksva kalendrikuu 10. kuup\u00e4eva nimekiri. Kohatasu ei maksta \u00fcldjuhul lasteaia kollektiivpuhkuse ajal. <strong>Lasteaia kollektiivpuhkuse ajal p\u00f5hjendatud kohavajaduse korral on perel v\u00f5imalik kasutada teise lahtioleva J\u00f5el\u00e4htme valla lasteaia teenust, esitades selleks hiljemalt 1. maiks lasteaia direktorile avalduse.<\/strong><\/p>\n\n\n\n<p>Lapsevanema(te)le, kelle enda ja lapse elukohaks Eesti Rahvastikuregistri andmetel on J\u00f5el\u00e4htme vald peale 1. jaanuari, rakendub kohatasu vabastus j\u00e4rgmise aasta 1. jaanuarist, kui lapse ja vanema(te) elukohaks Eesti Rahvastikuregistri andmetel on endiselt J\u00f5el\u00e4htme vald.<\/p>\n\n\n\n<p><\/p>\n","protected":false},"excerpt":{"rendered":"<p>Toiduraha suurust muudetakse vastavalt hoolekogu otsusele. Toidup\u00e4eva maksiumm\u00e4\u00e4raks on alates 1.04.2022 a 3.00 eurot. Tegelik toidup\u00e4eva maksumus on igal kuul erinev, sest toidup\u00e4eva tasu s\u00f5ltub reaalsest kulust. Reaalset kulu saab j\u00e4lgida, kui raamatupidamise poolt saadetud arvel jagada tasumisele kuuluv summa lasteaias k\u00e4idud p\u00e4evade arvuga kuus.V\u00e4hekindlustatud peredel on v\u00f5imalik taotleda vabastust kohamaksust ja\/v\u00f5i toidurahast esitades&nbsp; vastavasisulise [&hellip;]<\/p>\n","protected":false},"author":3,"featured_media":0,"parent":0,"menu_order":0,"comment_status":"closed","ping_status":"closed","template":"","meta":{"_uag_custom_page_level_css":"","site-sidebar-layout":"default","site-content-layout":"default","ast-site-content-layout":"default","site-content-style":"default","site-sidebar-style":"default","ast-global-header-display":"","ast-banner-title-visibility":"","ast-main-header-display":"","ast-hfb-above-header-display":"","ast-hfb-below-header-display":"","ast-hfb-mobile-header-display":"","site-post-title":"","ast-breadcrumbs-content":"","ast-featured-img":"","footer-sml-layout":"","ast-disable-related-posts":"","theme-transparent-header-meta":"default","adv-header-id-meta":"","stick-header-meta":"","header-above-stick-meta":"","header-main-stick-meta":"","header-below-stick-meta":"","astra-migrate-meta-layouts":"set","ast-page-background-enabled":"default","ast-page-background-meta":{"desktop":{"background-color":"var(--ast-global-color-4)","background-image":"","background-repeat":"repeat","background-position":"center center","background-size":"auto","background-attachment":"scroll","background-type":"","background-media":"","overlay-type":"","overlay-color":"","overlay-opacity":"","overlay-gradient":""},"tablet":{"background-color":"","background-image":"","background-repeat":"repeat","background-position":"center center","background-size":"auto","background-attachment":"scroll","background-type":"","background-media":"","overlay-type":"","overlay-color":"","overlay-opacity":"","overlay-gradient":""},"mobile":{"background-color":"","background-image":"","background-repeat":"repeat","background-position":"center center","background-size":"auto","background-attachment":"scroll","background-type":"","background-media":"","overlay-type":"","overlay-color":"","overlay-opacity":"","overlay-gradient":""}},"ast-content-background-meta":{"desktop":{"background-color":"var(--ast-global-color-5)","background-image":"","background-repeat":"repeat","background-position":"center center","background-size":"auto","background-attachment":"scroll","background-type":"","background-media":"","overlay-type":"","overlay-color":"","overlay-opacity":"","overlay-gradient":""},"tablet":{"background-color":"var(--ast-global-color-5)","background-image":"","background-repeat":"repeat","background-position":"center center","background-size":"auto","background-attachment":"scroll","background-type":"","background-media":"","overlay-type":"","overlay-color":"","overlay-opacity":"","overlay-gradient":""},"mobile":{"background-color":"var(--ast-global-color-5)","background-image":"","background-repeat":"repeat","background-position":"center center","background-size":"auto","background-attachment":"scroll","background-type":"","background-media":"","overlay-type":"","overlay-color":"","overlay-opacity":"","overlay-gradient":""}},"footnotes":""},"class_list":["post-194","page","type-page","status-publish","hentry"],"uagb_featured_image_src":{"full":false,"thumbnail":false,"medium":false,"medium_large":false,"large":false,"1536x1536":false,"2048x2048":false},"uagb_author_info":{"display_name":"pille","author_link":"https:\/\/lasteaed.joelahtme.ee\/neeme\/author\/pille\/"},"uagb_comment_info":0,"uagb_excerpt":"Toiduraha suurust muudetakse vastavalt hoolekogu otsusele. Toidup\u00e4eva maksiumm\u00e4\u00e4raks on alates 1.04.2022 a 3.00 eurot. Tegelik toidup\u00e4eva maksumus on igal kuul erinev, sest toidup\u00e4eva tasu s\u00f5ltub reaalsest kulust. Reaalset kulu saab j\u00e4lgida, kui raamatupidamise poolt saadetud arvel jagada tasumisele kuuluv summa lasteaias k\u00e4idud p\u00e4evade arvuga kuus.V\u00e4hekindlustatud peredel on v\u00f5imalik taotleda vabastust kohamaksust ja\/v\u00f5i toidurahast esitades&nbsp; vastavasisulise&hellip;","_links":{"self":[{"href":"https:\/\/lasteaed.joelahtme.ee\/neeme\/wp-json\/wp\/v2\/pages\/194","targetHints":{"allow":["GET"]}}],"collection":[{"href":"https:\/\/lasteaed.joelahtme.ee\/neeme\/wp-json\/wp\/v2\/pages"}],"about":[{"href":"https:\/\/lasteaed.joelahtme.ee\/neeme\/wp-json\/wp\/v2\/types\/page"}],"author":[{"embeddable":true,"href":"https:\/\/lasteaed.joelahtme.ee\/neeme\/wp-json\/wp\/v2\/users\/3"}],"replies":[{"embeddable":true,"href":"https:\/\/lasteaed.joelahtme.ee\/neeme\/wp-json\/wp\/v2\/comments?post=194"}],"version-history":[{"count":10,"href":"https:\/\/lasteaed.joelahtme.ee\/neeme\/wp-json\/wp\/v2\/pages\/194\/revisions"}],"predecessor-version":[{"id":1838,"href":"https:\/\/lasteaed.joelahtme.ee\/neeme\/wp-json\/wp\/v2\/pages\/194\/revisions\/1838"}],"wp:attachment":[{"href":"https:\/\/lasteaed.joelahtme.ee\/neeme\/wp-json\/wp\/v2\/media?parent=194"}],"curies":[{"name":"wp","href":"https:\/\/api.w.org\/{rel}","templated":true}]}}