{"id":807,"date":"2022-11-11T09:40:40","date_gmt":"2022-11-11T09:40:40","guid":{"rendered":"https:\/\/lasteaed.joelahtme.ee\/loo\/?page_id=807"},"modified":"2025-09-24T14:47:56","modified_gmt":"2025-09-24T12:47:56","slug":"paevakava-2","status":"publish","type":"page","link":"https:\/\/lasteaed.joelahtme.ee\/loo\/paevakava-2\/","title":{"rendered":"P\u00e4evakava"},"content":{"rendered":"\n<p>7.00 \u2013 8.30 Laste vastuv\u00f5tmine, vaba hommikune tegevus<\/p>\n\n\n\n<p>8.30 \u2013 9.00 HOMMIKUS\u00d6\u00d6K<\/p>\n\n\n\n<p>9.00 \u2013 11.45 (12.10;12.30) \u00d5ppe- ja kasvatustegevused, m\u00e4ngud toas ning \u00f5ues<\/p>\n\n\n\n<p class=\"has-text-align-left\">11.45 \u2013 13.00 L\u00d5UNAS\u00d6\u00d6K<\/p>\n\n\n\n<ul class=\"wp-block-list\">\n<li>11.45 &#8211; 12.15 S\u00f5imer\u00fchmad<\/li>\n\n\n\n<li>12.10 \u2013 12.40 3-6 aastased lapsed<\/li>\n\n\n\n<li>12.30 \u2013 13.00 Koolieelikud<\/li>\n<\/ul>\n\n\n\n<p>13.00 \u2013 15.00 Puhkeaeg vastavalt laste vanusele r\u00fchmas<\/p>\n\n\n\n<p>15.00 \u2013 15.45 \u00c4rkamine<\/p>\n\n\n\n<p>15.30 \u2013 16.00 \u00d5HTUOODE<\/p>\n\n\n\n<p>16.15 \u2013 17:30 M\u00e4ngud toas v\u00f5i \u00f5ues, individuaalsed tegevused, laste koju minek<\/p>\n\n\n\n<p>17:30 \u2013 18:30 Valver\u00fchm<\/p>\n\n\n\n<p><\/p>\n\n\n\n<p>Liitr\u00fchmade p\u00e4evakava planeerimisel arvestatakse laste keskmist vanust ja individuaalseid vajadusi. <\/p>\n\n\n\n<p><\/p>\n\n\n\n<p><\/p>\n\n\n\n<p><strong>Lastehoid:<\/strong><\/p>\n\n\n\n<p>7.30 \u2013 8.30 Laste vastuv\u00f5tmine, vaba hommikune tegevus<\/p>\n\n\n\n<p>8.30 \u2013 9.00 HOMMIKUS\u00d6\u00d6K<\/p>\n\n\n\n<p>9.00 \u2013 11.45 M\u00e4ngud toas ja\/v\u00f5i \u00f5ues<\/p>\n\n\n\n<p>11.45 \u2013 12.15 L\u00d5UNAS\u00d6\u00d6K<\/p>\n\n\n\n<p>12.30 \u2013 15.00 PUHKEAEG<\/p>\n\n\n\n<p>15.00 \u2013 15.10 \u00c4rkamine<\/p>\n\n\n\n<p>15.15 \u2013 15:30 \u00d5HTUOODE<\/p>\n\n\n\n<p>15.45 \u2013 17:30 M\u00e4ngud toas v\u00f5i \u00f5ues, individuaalsed tegevused, laste koju minek<\/p>\n","protected":false},"excerpt":{"rendered":"<p>7.00 \u2013 8.30 Laste vastuv\u00f5tmine, vaba hommikune tegevus 8.30 \u2013 9.00 HOMMIKUS\u00d6\u00d6K 9.00 \u2013 11.45 (12.10;12.30) \u00d5ppe- ja kasvatustegevused, m\u00e4ngud toas ning \u00f5ues 11.45 \u2013 13.00 L\u00d5UNAS\u00d6\u00d6K 13.00 \u2013 15.00 Puhkeaeg vastavalt laste vanusele r\u00fchmas 15.00 \u2013 15.45 \u00c4rkamine 15.30 \u2013 16.00 \u00d5HTUOODE 16.15 \u2013 17:30 M\u00e4ngud toas v\u00f5i \u00f5ues, individuaalsed tegevused, laste koju minek [&hellip;]<\/p>\n","protected":false},"author":1,"featured_media":0,"parent":0,"menu_order":0,"comment_status":"closed","ping_status":"closed","template":"","meta":{"_uag_custom_page_level_css":"","site-sidebar-layout":"default","site-content-layout":"","ast-site-content-layout":"default","site-content-style":"default","site-sidebar-style":"default","ast-global-header-display":"","ast-banner-title-visibility":"","ast-main-header-display":"","ast-hfb-above-header-display":"","ast-hfb-below-header-display":"","ast-hfb-mobile-header-display":"","site-post-title":"","ast-breadcrumbs-content":"","ast-featured-img":"","footer-sml-layout":"","ast-disable-related-posts":"","theme-transparent-header-meta":"","adv-header-id-meta":"","stick-header-meta":"","header-above-stick-meta":"","header-main-stick-meta":"","header-below-stick-meta":"","astra-migrate-meta-layouts":"set","ast-page-background-enabled":"default","ast-page-background-meta":{"desktop":{"background-color":"var(--ast-global-color-4)","background-image":"","background-repeat":"repeat","background-position":"center center","background-size":"auto","background-attachment":"scroll","background-type":"","background-media":"","overlay-type":"","overlay-color":"","overlay-opacity":"","overlay-gradient":""},"tablet":{"background-color":"","background-image":"","background-repeat":"repeat","background-position":"center center","background-size":"auto","background-attachment":"scroll","background-type":"","background-media":"","overlay-type":"","overlay-color":"","overlay-opacity":"","overlay-gradient":""},"mobile":{"background-color":"","background-image":"","background-repeat":"repeat","background-position":"center center","background-size":"auto","background-attachment":"scroll","background-type":"","background-media":"","overlay-type":"","overlay-color":"","overlay-opacity":"","overlay-gradient":""}},"ast-content-background-meta":{"desktop":{"background-color":"var(--ast-global-color-5)","background-image":"","background-repeat":"repeat","background-position":"center center","background-size":"auto","background-attachment":"scroll","background-type":"","background-media":"","overlay-type":"","overlay-color":"","overlay-opacity":"","overlay-gradient":""},"tablet":{"background-color":"var(--ast-global-color-5)","background-image":"","background-repeat":"repeat","background-position":"center center","background-size":"auto","background-attachment":"scroll","background-type":"","background-media":"","overlay-type":"","overlay-color":"","overlay-opacity":"","overlay-gradient":""},"mobile":{"background-color":"var(--ast-global-color-5)","background-image":"","background-repeat":"repeat","background-position":"center center","background-size":"auto","background-attachment":"scroll","background-type":"","background-media":"","overlay-type":"","overlay-color":"","overlay-opacity":"","overlay-gradient":""}},"footnotes":""},"class_list":["post-807","page","type-page","status-publish","hentry"],"uagb_featured_image_src":{"full":false,"thumbnail":false,"medium":false,"medium_large":false,"large":false,"1536x1536":false,"2048x2048":false},"uagb_author_info":{"display_name":"Kalev","author_link":"https:\/\/lasteaed.joelahtme.ee\/loo\/author\/kalev\/"},"uagb_comment_info":0,"uagb_excerpt":"7.00 \u2013 8.30 Laste vastuv\u00f5tmine, vaba hommikune tegevus 8.30 \u2013 9.00 HOMMIKUS\u00d6\u00d6K 9.00 \u2013 11.45 (12.10;12.30) \u00d5ppe- ja kasvatustegevused, m\u00e4ngud toas ning \u00f5ues 11.45 \u2013 13.00 L\u00d5UNAS\u00d6\u00d6K 13.00 \u2013 15.00 Puhkeaeg vastavalt laste vanusele r\u00fchmas 15.00 \u2013 15.45 \u00c4rkamine 15.30 \u2013 16.00 \u00d5HTUOODE 16.15 \u2013 17:30 M\u00e4ngud toas v\u00f5i \u00f5ues, individuaalsed tegevused, laste koju minek&hellip;","_links":{"self":[{"href":"https:\/\/lasteaed.joelahtme.ee\/loo\/wp-json\/wp\/v2\/pages\/807","targetHints":{"allow":["GET"]}}],"collection":[{"href":"https:\/\/lasteaed.joelahtme.ee\/loo\/wp-json\/wp\/v2\/pages"}],"about":[{"href":"https:\/\/lasteaed.joelahtme.ee\/loo\/wp-json\/wp\/v2\/types\/page"}],"author":[{"embeddable":true,"href":"https:\/\/lasteaed.joelahtme.ee\/loo\/wp-json\/wp\/v2\/users\/1"}],"replies":[{"embeddable":true,"href":"https:\/\/lasteaed.joelahtme.ee\/loo\/wp-json\/wp\/v2\/comments?post=807"}],"version-history":[{"count":9,"href":"https:\/\/lasteaed.joelahtme.ee\/loo\/wp-json\/wp\/v2\/pages\/807\/revisions"}],"predecessor-version":[{"id":1662,"href":"https:\/\/lasteaed.joelahtme.ee\/loo\/wp-json\/wp\/v2\/pages\/807\/revisions\/1662"}],"wp:attachment":[{"href":"https:\/\/lasteaed.joelahtme.ee\/loo\/wp-json\/wp\/v2\/media?parent=807"}],"curies":[{"name":"wp","href":"https:\/\/api.w.org\/{rel}","templated":true}]}}