{"id":67,"date":"2021-07-28T10:51:29","date_gmt":"2021-07-28T10:51:29","guid":{"rendered":"http:\/\/lasteaed.joelahtme.ee\/loo\/?page_id=67"},"modified":"2026-01-05T10:34:26","modified_gmt":"2026-01-05T08:34:26","slug":"personal","status":"publish","type":"page","link":"https:\/\/lasteaed.joelahtme.ee\/loo\/personal\/","title":{"rendered":"Lasteaia personal"},"content":{"rendered":"\n<div class=\"inherit-container-width wp-block-group is-layout-constrained wp-block-group-is-layout-constrained\"><div class=\"wp-block-group__inner-container\">\n<div class=\"wp-block-columns is-layout-flex wp-container-core-columns-is-layout-28f84493 wp-block-columns-is-layout-flex\">\n<div class=\"wp-block-column is-layout-flow wp-block-column-is-layout-flow\" style=\"flex-basis:100%\">\n<div class=\"wp-block-columns is-layout-flex wp-container-core-columns-is-layout-28f84493 wp-block-columns-is-layout-flex\">\n<div class=\"wp-block-column is-layout-flow wp-block-column-is-layout-flow\" style=\"flex-basis:100%\">\n<figure class=\"wp-block-table is-style-stripes\"><table><tbody><tr><td>\ufeff<strong><u> Ametinimetus<\/u><\/strong><\/td><td><strong><u>Nimi<\/u><\/strong><\/td><\/tr><tr><td>Direktor kt<\/td><td>Anneli K\u00fcngas<\/td><\/tr><tr><td>\u00d5ppealajuhataja<\/td><td>Helena Taaksalu<\/td><\/tr><tr><td>Majandusjuhataja<\/td><td>Karin Ajamaa<\/td><\/tr><tr><td>Sekret\u00e4r<\/td><td>Eleken Lipping<\/td><\/tr><tr><td>Sotsiaalpedagoog-AEVKO<\/td><td>Rael Laager<\/td><\/tr><tr><td>Kunstiterapeut<\/td><td>Tuuli Ustea<\/td><\/tr><tr><td>Eripedagoog<\/td><td>Carmen Kruusement<\/td><\/tr><tr><td>Logopeed<\/td><td>Kristiina Jasmiin Rebane<\/td><\/tr><tr><td>Logopeed<\/td><td>Kadri Kivip\u00f5ld<\/td><\/tr><tr><td>Tervishoiut\u00f6\u00f6taja<\/td><td>Janika Neeme<\/td><\/tr><tr><td>Eesti keele kui teise keele \u00f5petajad<\/td><td>Kaarin Hiiet<\/td><\/tr><tr><td><\/td><td>Tiina Sireli<\/td><\/tr><tr><td>Liikumis\u00f5petaja<\/td><td>Kaire Paavel<\/td><\/tr><tr><td><\/td><td>Katrin Zaitseva<\/td><\/tr><tr><td>Muusika\u00f5petajad<\/td><td>Marian Aab<\/td><\/tr><tr><td>\ufeff<\/td><td>Sandra N\u00f5mm<\/td><\/tr><tr><td>R\u00fchma\u00f5petajad<\/td><td>Grete-Helena Eranurm<\/td><\/tr><tr><td>\ufeff<\/td><td>Merle Raudam<\/td><\/tr><tr><td>\ufeff<\/td><td>Krista J\u00fcrgens<\/td><\/tr><tr><td>\ufeff<\/td><td>Lea Kase<\/td><\/tr><tr><td>\ufeff<\/td><td>Pille Kivi<\/td><\/tr><tr><td>\ufeff<\/td><td>\u00dclle Kohava<\/td><\/tr><tr><td>\ufeff<\/td><td>Jane Veber<\/td><\/tr><tr><td>\ufeff<\/td><td>Melany P\u00f5lma<\/td><\/tr><tr><td>&nbsp;<\/td><td>Teele Kungla<\/td><\/tr><tr><td>\ufeff<\/td><td>Tiia Mai Rudissaar<\/td><\/tr><tr><td>&nbsp;<\/td><td>Kaili Raud<\/td><\/tr><tr><td>\ufeff<\/td><td>\u00dclle Merimaa<\/td><\/tr><tr><td>\ufeff<\/td><td>K\u00e4thlin Poomann<\/td><\/tr><tr><td>\ufeff<\/td><td>Kersti Talts<\/td><\/tr><tr><td>\ufeff<\/td><td>Tiina Einroos<\/td><\/tr><tr><td>\ufeff<\/td><td>Siiri Paju<\/td><\/tr><tr><td>\ufeff<\/td><td>Aivi Suurk\u00fctt<\/td><\/tr><tr><td>\ufeff<\/td><td><\/td><\/tr><tr><td>Lapsehoidjad<\/td><td>Tiiu Marie Nordmann<\/td><\/tr><tr><td><\/td><td>Janne Kohava<\/td><\/tr><tr><td>&nbsp;<\/td><td>Signe Rudakov<\/td><\/tr><tr><td><\/td><td>Kairi Ploovits<\/td><\/tr><tr><td><\/td><td>Silvia Tammeorg<\/td><\/tr><tr><td>\ufeff<\/td><td>Gerli Klementsov<\/td><\/tr><tr><td>\ufeff<\/td><td>Tiiu Luik<\/td><\/tr><tr><td><\/td><td>Marilin Penjam<\/td><\/tr><tr><td>\ufeff<\/td><td>K\u00e4tlin Koolmeister <\/td><\/tr><tr><td>Abi\u00f5petajad<\/td><td>Annika Viidas<\/td><\/tr><tr><td>\u00a0<\/td><td>Hedith Elias<\/td><\/tr><tr><td><\/td><td>Evelin Randmeri<\/td><\/tr><tr><td>\ufeff<\/td><td>K\u00fclli Kaljumaa<\/td><\/tr><tr><td>\ufeff<\/td><td>Karin Maalder<\/td><\/tr><tr><td>\ufeff<\/td><td>R\u00fclvi Eesm\u00e4e<\/td><\/tr><tr><td>\ufeff<\/td><td>Eva Aruksaar<\/td><\/tr><tr><td>\ufeff<\/td><td>Merle Lampe<\/td><\/tr><tr><td>\ufeff<\/td><td>Viktorija Klaus<\/td><\/tr><tr><td><\/td><td>Helen Koks<\/td><\/tr><tr><td><\/td><td>Marika Klement<\/td><\/tr><tr><td><\/td><td>Heidi Pettinen<\/td><\/tr><tr><td><\/td><td>Signe Ragun<\/td><\/tr><tr><td><\/td><td>Siret Soidla<\/td><\/tr><tr><td><\/td><td>Kaja Rausberg<\/td><\/tr><tr><td><\/td><td>Kairit Velt<\/td><\/tr><tr><td><\/td><td>Taimi Aava<\/td><\/tr><tr><td><\/td><td>Triinu Arro<\/td><\/tr><tr><td><\/td><td>Liis Reimann<\/td><\/tr><tr><td><\/td><td>Kristiina Kaljurand<\/td><\/tr><tr><td><\/td><td>Mari Lattik<\/td><\/tr><tr><td><\/td><td>Ingrid Kreintal<\/td><\/tr><tr><td><\/td><td>Diana&nbsp;M\u00e4gi<\/td><\/tr><tr><td>\ufeff<\/td><td>Gerli Leega<\/td><\/tr><tr><td><\/td><td>Liis Reimann<\/td><\/tr><tr><td>Tasandusr\u00fchma tugiisik<\/td><td>Epp Hints<\/td><\/tr><tr><td>Kokad<\/td><td>Natalja Lang<\/td><\/tr><tr><td>\ufeff<\/td><td>Heli Varo<\/td><\/tr><tr><td>Koka abi<\/td><td>Eve Pelts<\/td><\/tr><tr><td>Majaperenaised<\/td><td>Zinaida Vadi<\/td><\/tr><tr><td>\ufeff<\/td><td>K\u00fclli Koel<\/td><\/tr><tr><td>\ufeff<\/td><td>Eevi Roosna<\/td><\/tr><tr><td>Majahoidja<\/td><td>Valter Ivanov<\/td><\/tr><tr><td><\/td><td>Bernard Spence Olivato<\/td><\/tr><tr><td><\/td><td><\/td><\/tr><\/tbody><\/table><\/figure>\n<\/div>\n<\/div>\n<\/div>\n<\/div>\n<\/div><\/div>\n\n\n\n<div class=\"wp-block-columns is-layout-flex wp-container-core-columns-is-layout-28f84493 wp-block-columns-is-layout-flex\">\n<div class=\"wp-block-column is-layout-flow wp-block-column-is-layout-flow\" style=\"flex-basis:100%\"><\/div>\n<\/div>\n","protected":false},"excerpt":{"rendered":"<p>\ufeff Ametinimetus Nimi Direktor kt Anneli K\u00fcngas \u00d5ppealajuhataja Helena Taaksalu Majandusjuhataja Karin Ajamaa Sekret\u00e4r Eleken Lipping Sotsiaalpedagoog-AEVKO Rael Laager Kunstiterapeut Tuuli Ustea Eripedagoog Carmen Kruusement Logopeed Kristiina Jasmiin Rebane Logopeed Kadri Kivip\u00f5ld Tervishoiut\u00f6\u00f6taja Janika Neeme Eesti keele kui teise keele \u00f5petajad Kaarin Hiiet Tiina Sireli Liikumis\u00f5petaja Kaire Paavel Katrin Zaitseva Muusika\u00f5petajad Marian Aab \ufeff Sandra [&hellip;]<\/p>\n","protected":false},"author":2,"featured_media":0,"parent":0,"menu_order":0,"comment_status":"closed","ping_status":"closed","template":"","meta":{"_uag_custom_page_level_css":"","site-sidebar-layout":"default","site-content-layout":"default","ast-site-content-layout":"default","site-content-style":"default","site-sidebar-style":"default","ast-global-header-display":"","ast-banner-title-visibility":"","ast-main-header-display":"","ast-hfb-above-header-display":"","ast-hfb-below-header-display":"","ast-hfb-mobile-header-display":"","site-post-title":"","ast-breadcrumbs-content":"","ast-featured-img":"","footer-sml-layout":"","ast-disable-related-posts":"","theme-transparent-header-meta":"default","adv-header-id-meta":"","stick-header-meta":"","header-above-stick-meta":"","header-main-stick-meta":"","header-below-stick-meta":"","astra-migrate-meta-layouts":"set","ast-page-background-enabled":"default","ast-page-background-meta":{"desktop":{"background-color":"var(--ast-global-color-4)","background-image":"","background-repeat":"repeat","background-position":"center center","background-size":"auto","background-attachment":"scroll","background-type":"","background-media":"","overlay-type":"","overlay-color":"","overlay-opacity":"","overlay-gradient":""},"tablet":{"background-color":"","background-image":"","background-repeat":"repeat","background-position":"center center","background-size":"auto","background-attachment":"scroll","background-type":"","background-media":"","overlay-type":"","overlay-color":"","overlay-opacity":"","overlay-gradient":""},"mobile":{"background-color":"","background-image":"","background-repeat":"repeat","background-position":"center center","background-size":"auto","background-attachment":"scroll","background-type":"","background-media":"","overlay-type":"","overlay-color":"","overlay-opacity":"","overlay-gradient":""}},"ast-content-background-meta":{"desktop":{"background-color":"var(--ast-global-color-5)","background-image":"","background-repeat":"repeat","background-position":"center center","background-size":"auto","background-attachment":"scroll","background-type":"","background-media":"","overlay-type":"","overlay-color":"","overlay-opacity":"","overlay-gradient":""},"tablet":{"background-color":"var(--ast-global-color-5)","background-image":"","background-repeat":"repeat","background-position":"center center","background-size":"auto","background-attachment":"scroll","background-type":"","background-media":"","overlay-type":"","overlay-color":"","overlay-opacity":"","overlay-gradient":""},"mobile":{"background-color":"var(--ast-global-color-5)","background-image":"","background-repeat":"repeat","background-position":"center center","background-size":"auto","background-attachment":"scroll","background-type":"","background-media":"","overlay-type":"","overlay-color":"","overlay-opacity":"","overlay-gradient":""}},"footnotes":""},"class_list":["post-67","page","type-page","status-publish","hentry"],"uagb_featured_image_src":{"full":false,"thumbnail":false,"medium":false,"medium_large":false,"large":false,"1536x1536":false,"2048x2048":false},"uagb_author_info":{"display_name":"","author_link":"https:\/\/lasteaed.joelahtme.ee\/loo\/author\/"},"uagb_comment_info":0,"uagb_excerpt":"\ufeff Ametinimetus Nimi Direktor kt Anneli K\u00fcngas \u00d5ppealajuhataja Helena Taaksalu Majandusjuhataja Karin Ajamaa Sekret\u00e4r Eleken Lipping Sotsiaalpedagoog-AEVKO Rael Laager Kunstiterapeut Tuuli Ustea Eripedagoog Carmen Kruusement Logopeed Kristiina Jasmiin Rebane Logopeed Kadri Kivip\u00f5ld Tervishoiut\u00f6\u00f6taja Janika Neeme Eesti keele kui teise keele \u00f5petajad Kaarin Hiiet Tiina Sireli Liikumis\u00f5petaja Kaire Paavel Katrin Zaitseva Muusika\u00f5petajad Marian Aab \ufeff Sandra&hellip;","_links":{"self":[{"href":"https:\/\/lasteaed.joelahtme.ee\/loo\/wp-json\/wp\/v2\/pages\/67","targetHints":{"allow":["GET"]}}],"collection":[{"href":"https:\/\/lasteaed.joelahtme.ee\/loo\/wp-json\/wp\/v2\/pages"}],"about":[{"href":"https:\/\/lasteaed.joelahtme.ee\/loo\/wp-json\/wp\/v2\/types\/page"}],"author":[{"embeddable":true,"href":"https:\/\/lasteaed.joelahtme.ee\/loo\/wp-json\/wp\/v2\/users\/2"}],"replies":[{"embeddable":true,"href":"https:\/\/lasteaed.joelahtme.ee\/loo\/wp-json\/wp\/v2\/comments?post=67"}],"version-history":[{"count":56,"href":"https:\/\/lasteaed.joelahtme.ee\/loo\/wp-json\/wp\/v2\/pages\/67\/revisions"}],"predecessor-version":[{"id":1710,"href":"https:\/\/lasteaed.joelahtme.ee\/loo\/wp-json\/wp\/v2\/pages\/67\/revisions\/1710"}],"wp:attachment":[{"href":"https:\/\/lasteaed.joelahtme.ee\/loo\/wp-json\/wp\/v2\/media?parent=67"}],"curies":[{"name":"wp","href":"https:\/\/api.w.org\/{rel}","templated":true}]}}