{"id":66,"date":"2021-07-28T10:51:29","date_gmt":"2021-07-28T10:51:29","guid":{"rendered":"http:\/\/lasteaed.joelahtme.ee\/loo\/?page_id=66"},"modified":"2025-09-22T14:44:07","modified_gmt":"2025-09-22T12:44:07","slug":"tugipersonalist","status":"publish","type":"page","link":"https:\/\/lasteaed.joelahtme.ee\/loo\/tugipersonalist\/","title":{"rendered":"Tugiteenused"},"content":{"rendered":"\n<h4 class=\"wp-block-heading\"><strong>Logopeed<\/strong><\/h4>\n\n\n\n<p>Kristiina Jasmiin Rebane: T, K, R. Kontakt: Eliis v\u00f5i kjrebane.loolasteaed@gmail.com<\/p>\n\n\n\n<p>Kadri Kivip\u00f5ld: T, N, R. Kontakt: Eliis<\/p>\n\n\n\n<h4 class=\"wp-block-heading\"><strong>Eripedagoog<\/strong><\/h4>\n\n\n\n<p>Carmen Kruusement: E-R. Kontakt: Eliis v\u00f5i eripedagoogile.loolasteaed@gmail.com<\/p>\n\n\n\n<h4 class=\"wp-block-heading\"><strong>Eesti keel kui teine keel<\/strong><\/h4>\n\n\n\n<p>Kaarin Hiiet: E-R. Kontakt Eliis, tugide tel 5447 0085<\/p>\n\n\n\n<p>Tiina Sireli: T, N, R. Kontakt Eliis,&nbsp; tugide tel 5447 0085<\/p>\n\n\n\n<h4 class=\"wp-block-heading\"><strong>Kunstiterapeut<\/strong><\/h4>\n\n\n\n<p>Tuuli Ustea: N. Kontakt Eliis<\/p>\n\n\n\n<h4 class=\"wp-block-heading\"><strong>Sotsiaalpedagoog-AEVKO<\/strong><\/h4>\n\n\n\n<p>Rael Laager: K-R. Kontakt Eliis, sotsiaalpedagoog@loolasteaed.ee, tugide tel 5447 0085<\/p>\n\n\n\n<p><\/p>\n","protected":false},"excerpt":{"rendered":"<p>Logopeed Kristiina Jasmiin Rebane: T, K, R. Kontakt: Eliis v\u00f5i kjrebane.loolasteaed@gmail.com Kadri Kivip\u00f5ld: T, N, R. Kontakt: Eliis Eripedagoog Carmen Kruusement: E-R. Kontakt: Eliis v\u00f5i eripedagoogile.loolasteaed@gmail.com Eesti keel kui teine keel Kaarin Hiiet: E-R. Kontakt Eliis, tugide tel 5447 0085 Tiina Sireli: T, N, R. Kontakt Eliis,&nbsp; tugide tel 5447 0085 Kunstiterapeut Tuuli Ustea: N. [&hellip;]<\/p>\n","protected":false},"author":2,"featured_media":0,"parent":0,"menu_order":0,"comment_status":"closed","ping_status":"closed","template":"","meta":{"_uag_custom_page_level_css":"","site-sidebar-layout":"default","site-content-layout":"default","ast-site-content-layout":"default","site-content-style":"default","site-sidebar-style":"default","ast-global-header-display":"","ast-banner-title-visibility":"","ast-main-header-display":"","ast-hfb-above-header-display":"","ast-hfb-below-header-display":"","ast-hfb-mobile-header-display":"","site-post-title":"","ast-breadcrumbs-content":"","ast-featured-img":"","footer-sml-layout":"","ast-disable-related-posts":"","theme-transparent-header-meta":"default","adv-header-id-meta":"","stick-header-meta":"","header-above-stick-meta":"","header-main-stick-meta":"","header-below-stick-meta":"","astra-migrate-meta-layouts":"set","ast-page-background-enabled":"default","ast-page-background-meta":{"desktop":{"background-color":"var(--ast-global-color-4)","background-image":"","background-repeat":"repeat","background-position":"center center","background-size":"auto","background-attachment":"scroll","background-type":"","background-media":"","overlay-type":"","overlay-color":"","overlay-opacity":"","overlay-gradient":""},"tablet":{"background-color":"","background-image":"","background-repeat":"repeat","background-position":"center center","background-size":"auto","background-attachment":"scroll","background-type":"","background-media":"","overlay-type":"","overlay-color":"","overlay-opacity":"","overlay-gradient":""},"mobile":{"background-color":"","background-image":"","background-repeat":"repeat","background-position":"center center","background-size":"auto","background-attachment":"scroll","background-type":"","background-media":"","overlay-type":"","overlay-color":"","overlay-opacity":"","overlay-gradient":""}},"ast-content-background-meta":{"desktop":{"background-color":"var(--ast-global-color-5)","background-image":"","background-repeat":"repeat","background-position":"center center","background-size":"auto","background-attachment":"scroll","background-type":"","background-media":"","overlay-type":"","overlay-color":"","overlay-opacity":"","overlay-gradient":""},"tablet":{"background-color":"var(--ast-global-color-5)","background-image":"","background-repeat":"repeat","background-position":"center center","background-size":"auto","background-attachment":"scroll","background-type":"","background-media":"","overlay-type":"","overlay-color":"","overlay-opacity":"","overlay-gradient":""},"mobile":{"background-color":"var(--ast-global-color-5)","background-image":"","background-repeat":"repeat","background-position":"center center","background-size":"auto","background-attachment":"scroll","background-type":"","background-media":"","overlay-type":"","overlay-color":"","overlay-opacity":"","overlay-gradient":""}},"footnotes":""},"class_list":["post-66","page","type-page","status-publish","hentry"],"uagb_featured_image_src":{"full":false,"thumbnail":false,"medium":false,"medium_large":false,"large":false,"1536x1536":false,"2048x2048":false},"uagb_author_info":{"display_name":"","author_link":"https:\/\/lasteaed.joelahtme.ee\/loo\/author\/"},"uagb_comment_info":0,"uagb_excerpt":"Logopeed Kristiina Jasmiin Rebane: T, K, R. Kontakt: Eliis v\u00f5i kjrebane.loolasteaed@gmail.com Kadri Kivip\u00f5ld: T, N, R. Kontakt: Eliis Eripedagoog Carmen Kruusement: E-R. Kontakt: Eliis v\u00f5i eripedagoogile.loolasteaed@gmail.com Eesti keel kui teine keel Kaarin Hiiet: E-R. Kontakt Eliis, tugide tel 5447 0085 Tiina Sireli: T, N, R. Kontakt Eliis,&nbsp; tugide tel 5447 0085 Kunstiterapeut Tuuli Ustea: N.&hellip;","_links":{"self":[{"href":"https:\/\/lasteaed.joelahtme.ee\/loo\/wp-json\/wp\/v2\/pages\/66","targetHints":{"allow":["GET"]}}],"collection":[{"href":"https:\/\/lasteaed.joelahtme.ee\/loo\/wp-json\/wp\/v2\/pages"}],"about":[{"href":"https:\/\/lasteaed.joelahtme.ee\/loo\/wp-json\/wp\/v2\/types\/page"}],"author":[{"embeddable":true,"href":"https:\/\/lasteaed.joelahtme.ee\/loo\/wp-json\/wp\/v2\/users\/2"}],"replies":[{"embeddable":true,"href":"https:\/\/lasteaed.joelahtme.ee\/loo\/wp-json\/wp\/v2\/comments?post=66"}],"version-history":[{"count":12,"href":"https:\/\/lasteaed.joelahtme.ee\/loo\/wp-json\/wp\/v2\/pages\/66\/revisions"}],"predecessor-version":[{"id":1660,"href":"https:\/\/lasteaed.joelahtme.ee\/loo\/wp-json\/wp\/v2\/pages\/66\/revisions\/1660"}],"wp:attachment":[{"href":"https:\/\/lasteaed.joelahtme.ee\/loo\/wp-json\/wp\/v2\/media?parent=66"}],"curies":[{"name":"wp","href":"https:\/\/api.w.org\/{rel}","templated":true}]}}