{"id":65,"date":"2021-07-28T10:51:29","date_gmt":"2021-07-28T10:51:29","guid":{"rendered":"http:\/\/lasteaed.joelahtme.ee\/loo\/?page_id=65"},"modified":"2026-03-05T12:57:12","modified_gmt":"2026-03-05T10:57:12","slug":"huviringid","status":"publish","type":"page","link":"https:\/\/lasteaed.joelahtme.ee\/loo\/huviringid\/","title":{"rendered":"Huviringid"},"content":{"rendered":"\n<div class=\"wp-block-file\"><a href=\"http:\/\/lasteaed.joelahtme.ee\/2b8d6bf2-7f5e-4697-9cab-dbd8e3a07b29\" class=\"wp-block-file__button\" download>Laadi alla<\/a><\/div>\n\n\n\n<p>J\u00f5el\u00e4htme vald toetab valla laste ja noorte huvi- ja sporditegevust, sealhulgas laste- ja noortelaagreid. Siit leiad toetuste kohta infot:&nbsp;<a href=\"https:\/\/joelahtme.kovtp.ee\/et\/toetused\">https:\/\/joelahtme.kovtp.ee\/et\/toetused&nbsp;<\/a><\/p>\n\n\n\n<h3 class=\"wp-block-heading\"><strong>Loo Lasteaed P\u00e4\u00e4supesa huviringid 2025-2026<\/strong> <strong>\u00f5\/a<\/strong><\/h3>\n\n\n\n<p><strong>Loo Lasteaed P\u00e4\u00e4supesa annab rendile lasteaia ruume, kus pakutakse lasteaialastele erinevaid huvitegevuses osalemise v\u00f5imalusi.<\/strong><br>* Lasteaias tegutsevate huviringide t\u00f6\u00f6korralduse ja info jagamisega tegelevad ringide juhendajad.<br>* Lapse huviringidesse viimise ja toomise eest vastutavad ringide juhendajad ning lapsevanemad.<\/p>\n\n\n\n<p><strong>HUVIRINGIDE TUNNIPLAAN:<\/strong>  <a href=\"https:\/\/docs.google.com\/spreadsheets\/d\/1UFZ3DEVocl_2S9aZMWF9UPKiXCQeH44S2TUc35aYaW0\/edit?usp=sharing\">https:\/\/docs.google.com\/spreadsheets\/d\/1UFZ3DEVocl_2S9aZMWF9UPKiXCQeH44S2TUc35aYaW0\/edit?usp=sharing<\/a><\/p>\n\n\n\n<p><\/p>\n\n\n\n<ul class=\"wp-block-list\">\n<li><strong><a href=\"http:\/\/loolasteaed.ee\/assets\/Karate-2.pdf\"><\/a><strong><strong><a href=\"https:\/\/lastekoolitus.ee\/registreerimine\/\">Inglise keel<\/a><\/strong><\/strong><\/strong><br>Esimene tund toimub juba <strong>04. septembril.<\/strong><br>Keele\u00f5ppesse on oodatud k\u00f5ik mudilased alates 4. eluaastast. <br>Tunnid on m\u00e4ngulised ja asjalikud, kasutame rohkesti pilte, m\u00e4nge, m\u00e4nguasju, Bee-Bot roboteid jpt.<strong><br><\/strong>Tund toimub neljap\u00e4eviti kell 15:15-15.50.<br>Tunni pikkus on 35 minutit.<br>\u00d5ppemaks kuus on 36 \u20ac lisandub \u00fchekordne \u00f5ppematerjalide tasu. NB! \u00d5ppemaksust saab tagasi tulumaksu. Keelehuvilistel palume registreerida kodulehel: <a href=\"https:\/\/lastekoolitus.ee\/registreerimine\">www.lastekoolitus.ee\/registreerimine<\/a> v\u00f5i v\u00f5tta \u00fchendust Kairi Palusoo\u00b4ga meili teel: lastekoolitus@gmail.com v\u00f5i telefonitsi 527 1188.<\/li>\n<\/ul>\n\n\n\n<p><\/p>\n\n\n\n<p><\/p>\n\n\n\n<ul class=\"wp-block-list\">\n<li><strong><a href=\"http:\/\/www.activestudio.ee\/Avaleht.html\">Active Studio<\/a><\/strong><br>Alustab arendavate ja l\u00f5busate tantsutundidega <strong>4. septembrist. <\/strong><br>Teeme r\u00fctmi- ja tantsum\u00e4nge, arendame koordinatsiooni ja r\u00fctmitaju, liigume muusika taktis, teeme jooga baasharjutusi, arendame lapse loovust ja koost\u00f6\u00f6oskust! Treeningud toimuvad Loo Lasteaias P\u00e4\u00e4supesa neljap\u00e4eviti. <br>* I grupp kell 15:05-15.35;<br>* II grupp 15.45-16.15. <br>Kuutasu on 28 \u20ac. <br>Registreeri end meie hulka kas meili teel: info@activestudio.ee v\u00f5i helista numbril 5191 7692.<\/li>\n<\/ul>\n\n\n\n<p><\/p>\n\n\n\n<p><\/p>\n\n\n\n<ul class=\"wp-block-list\">\n<li><strong><strong><a href=\"https:\/\/fctiigrid.ee\/\">Jalgpall<\/a><\/strong><\/strong><br>FC Tiigrid\/ Loo Jalgpalliklubi ootab treeningutele lapsi vanuses 3,5 &#8211; 7 aastat. Treeningud toimuvad esmasp\u00e4eviti, kolmap\u00e4eviti ja reedeti kell 16:10 Loo Staadionil, talveperioodil Loo Spordihoones. Treener v\u00f5tab lapsed lasteaiast ja lapsevanem tuleb j\u00e4rgi staadionile (talvel Loo Spordihoonesse).<br>Info ja registreerimine: Sven Elenurm, telefon 5626 5131, e-mail: sven@fctiigrid.ee, koduleht: www.fctiigrid.ee<\/li>\n<\/ul>\n\n\n\n<p><\/p>\n\n\n\n<p><\/p>\n\n\n\n<ul class=\"wp-block-list\">\n<li><a href=\"https:\/\/sport.joelahtme.ee\/?page_id=13\" data-type=\"link\" data-id=\"https:\/\/sport.joelahtme.ee\/?page_id=13\"><strong>Loo kergej\u00f5ustik<\/strong><\/a><br>Kergej\u00f5ustiku treeningutele on oodatud 5-7.aastased lapsed.<br>Treeningud toimuvad kolmap\u00e4eviti, kell 16.00-16.45.<br>Hind on 25 \u20ac kuus.<br>Info ja registreerimine: Sven Lillim\u00e4gi, telefon 56299564, e-mail: arukylakjk@gmail.com<\/li>\n<\/ul>\n\n\n\n<p><\/p>\n\n\n\n<ul class=\"wp-block-list\">\n<li><a href=\"https:\/\/impact.ee\/\" data-type=\"link\" data-id=\"https:\/\/impact.ee\/\"><strong>Karate<\/strong><\/a><br>Alates <strong>9.septembrist<\/strong> ootab treener Margus treeningusse 4-7-aastaseid poisse ja t\u00fcdrukuid igal teisip\u00e4eval kell 15:05-15:45, et harjutada iidset v\u00f5itluskunsti. <br>Registreerimine toimub l\u00e4bi kodulehe <a href=\"https:\/\/impact.ee\/\" data-type=\"link\" data-id=\"https:\/\/impact.ee\/\">www.impact.ee kaudu<\/a>. Info saamiseks helista numbril 5129565 (Margus) v\u00f5i kirjuta e-mailile: impact@shukokai.ee<\/li>\n<\/ul>\n\n\n\n<p><\/p>\n\n\n\n<ul class=\"wp-block-list\">\n<li><strong><strong><a href=\"https:\/\/midrimaake.ee\/\">Midrimaa muusikaring<\/a><\/strong><\/strong><br>Laululindude ringid <strong>alustavad 2. septembril 2025.<\/strong><br>Laulame, m\u00e4ngime, tantsime ning harjutame r\u00fctmikat teisip\u00e4eviti<strong><br><\/strong>* kell 15.05-15.40 vanem r\u00fchm<br>* kell 15.50-16.20 noorem r\u00fchm<br>Osalejatasu kuus on vanemas r\u00fchmas 34 \u20ac (4 \u00f5ppetundi kuus) ning nooremas r\u00fchmas 33 \u20ac (4 \u00f5ppetundi kuus). Tasutud koolituskuludelt tagastatakse tulumaks. NB! Uutele osalejatele on 1. tund tasuta! <br>Palume registreerida laps kodulehel&nbsp;<a href=\"http:\/\/www.midrimaake.ee\/\">www.midrimaake.ee<\/a><\/li>\n<\/ul>\n\n\n\n<p>Alates <strong>3.m\u00e4rtsist 2026 kell 16.30-16.55<\/strong> alustab Midrimaa Huvikool muusikaring 2-3aastastele lastele. Palume registreerida laps kodulehel&nbsp;<a href=\"http:\/\/www.midrimaake.ee\/\">www.midrimaake.ee<\/a><br><\/p>\n\n\n\n<div class=\"wp-block-uagb-container uagb-block-51ee44fe alignfull uagb-is-root-container\"><div class=\"uagb-container-inner-blocks-wrap\">\n<div class=\"wp-block-uagb-container uagb-block-29bed0ae\">\n<div class=\"wp-block-uagb-image uagb-block-a5b44cb0 wp-block-uagb-image--layout-default wp-block-uagb-image--effect-static wp-block-uagb-image--align-none\"><figure class=\"wp-block-uagb-image__figure\"><img decoding=\"async\" src=\"https:\/\/lasteaed.joelahtme.ee\/loo\/wp-content\/uploads\/sites\/3\/2026\/02\/IMG_9618-722x1024.jpeg\" alt=\"\" class=\"uag-image-1769\" width=\"1118\" height=\"1585\" title=\"IMG_9618\" loading=\"lazy\" role=\"img\" \/><\/figure><\/div>\n<\/div>\n\n\n\n<div class=\"wp-block-uagb-container uagb-block-eb5750da\"><\/div>\n<\/div><\/div>\n\n\n\n<p><\/p>\n\n\n\n<p><\/p>\n\n\n\n<ul class=\"wp-block-list\">\n<li><strong><a href=\"https:\/\/lasteaed.joelahtme.ee\/loo\/\" data-type=\"link\" data-id=\"https:\/\/lasteaed.joelahtme.ee\/loo\/\">Sotsiaal-emotsionaalsete oskuste ring<\/a><\/strong><br>2.oktoobrist on taas alustamas sotsiaal-emotsionaalsete oskuste ring, mida viivad l\u00e4bi meie maja sotsiaalpedagoog-tugiteenuste kordineerija Rael ja p\u00f5hikooli sotsiaalpedagoog Katrin. <br>Arendame lapse sotsiaal-emotsionaalseid oskuseid l\u00e4bi m\u00e4ngu, koost\u00f6\u00f6, vestluste kaudu harjutades, anal\u00fc\u00fcsides ja lahendusi otsides. <br>Ootame sotsiaal-emotsionaalsete oskuste ringi lapsi vanuses 5-7 (vajalik eesti keele oskus). <br>Ring toimub igal neljap\u00e4eval (okt 2025-m\u00e4rts 2026, v.a koolivaheajad) kell 15:00-15:40. <br>Grupis maksimaalselt 10 last.<br>Hind 40 \u20ac kuu.<br>Registreerida saab r\u00fchma\u00f5petaja juures v\u00f5i spsotsiaalpedagoog@gmail.com.<br><br><\/li>\n<\/ul>\n\n\n\n<p><\/p>\n\n\n\n<ul class=\"wp-block-list\">\n<li><strong><a href=\"https:\/\/lasteaed.joelahtme.ee\/loo\/\" data-type=\"link\" data-id=\"https:\/\/lasteaed.joelahtme.ee\/loo\/\">Eelkool<\/a><\/strong><br>Eelkooli eesm\u00e4rgiks on valmistada last ette kooliks. L\u00e4bi erinevate tegevuste aitame lapsel olla loov, \u00f5pime \u00fcksteisega arvestama ja koost\u00f6\u00f6d tegema. Eelkooli viivad l\u00e4bi meie maja \u00f5petajad Pille ja K\u00e4thlin.<br>Eelkool toimub teisip\u00e4eviti kell 14:45-15:45 ning kolmap\u00e4eviti kell 14:45-15:45. <br>Eelkooli maksumus on 50 \u20ac \u00fches kalendrikuus. <br>Lisainfo ja registreerimine meili teel: info@tarkk\u00e4pik.ee.<br><br><br><br><\/li>\n\n\n\n<li><a href=\"http:\/\/loolasteaed.ee\" data-type=\"link\" data-id=\"loolasteaed.ee\"><strong>Robootika<\/strong><\/a><br>15.septembrist alustab lasteaias taas &#8220;Robootika ring\u201d, mis on m\u00f5eldud 6-7aastastele lastele. Ringis kasutatakse <a href=\"https:\/\/www.lego.com\/et-ee\/product\/lego-education-wedo-2-0-core-set-45300\">WeDo 2.0<\/a> komplekte, mille abil saavad lapsed m\u00e4nguliselt katsetada ja avastada robootika p\u00f5nevat maailma. Tund kestab umbes 40 minutit.<br>Robootika ring toimub esmasp\u00e4eviti: <br>* I grupp kell 13.30-14.10<br>* II grupp kell 14.45-15.25<br>Ringijuhendajaks on meie lasteaia \u00f5petaja Teele Kungla. Lisainfo r\u00fchma\u00f5petajalt.<br><br><br><br><br><\/li>\n<\/ul>\n\n\n\n<p><\/p>\n\n\n\n<p><br><\/p>\n\n\n\n<p><\/p>\n\n\n\n<p><\/p>\n","protected":false},"excerpt":{"rendered":"<p>J\u00f5el\u00e4htme vald toetab valla laste ja noorte huvi- ja sporditegevust, sealhulgas laste- ja noortelaagreid. Siit leiad toetuste kohta infot:&nbsp;https:\/\/joelahtme.kovtp.ee\/et\/toetused&nbsp; Loo Lasteaed P\u00e4\u00e4supesa huviringid 2025-2026 \u00f5\/a Loo Lasteaed P\u00e4\u00e4supesa annab rendile lasteaia ruume, kus pakutakse lasteaialastele erinevaid huvitegevuses osalemise v\u00f5imalusi.* Lasteaias tegutsevate huviringide t\u00f6\u00f6korralduse ja info jagamisega tegelevad ringide juhendajad.* Lapse huviringidesse viimise ja toomise eest [&hellip;]<\/p>\n","protected":false},"author":2,"featured_media":0,"parent":0,"menu_order":0,"comment_status":"closed","ping_status":"closed","template":"","meta":{"_uag_custom_page_level_css":"","site-sidebar-layout":"default","site-content-layout":"default","ast-site-content-layout":"default","site-content-style":"default","site-sidebar-style":"default","ast-global-header-display":"","ast-banner-title-visibility":"","ast-main-header-display":"","ast-hfb-above-header-display":"","ast-hfb-below-header-display":"","ast-hfb-mobile-header-display":"","site-post-title":"","ast-breadcrumbs-content":"","ast-featured-img":"","footer-sml-layout":"","ast-disable-related-posts":"","theme-transparent-header-meta":"default","adv-header-id-meta":"","stick-header-meta":"","header-above-stick-meta":"","header-main-stick-meta":"","header-below-stick-meta":"","astra-migrate-meta-layouts":"set","ast-page-background-enabled":"default","ast-page-background-meta":{"desktop":{"background-color":"var(--ast-global-color-4)","background-image":"","background-repeat":"repeat","background-position":"center center","background-size":"auto","background-attachment":"scroll","background-type":"","background-media":"","overlay-type":"","overlay-color":"","overlay-opacity":"","overlay-gradient":""},"tablet":{"background-color":"","background-image":"","background-repeat":"repeat","background-position":"center center","background-size":"auto","background-attachment":"scroll","background-type":"","background-media":"","overlay-type":"","overlay-color":"","overlay-opacity":"","overlay-gradient":""},"mobile":{"background-color":"","background-image":"","background-repeat":"repeat","background-position":"center center","background-size":"auto","background-attachment":"scroll","background-type":"","background-media":"","overlay-type":"","overlay-color":"","overlay-opacity":"","overlay-gradient":""}},"ast-content-background-meta":{"desktop":{"background-color":"var(--ast-global-color-5)","background-image":"","background-repeat":"repeat","background-position":"center center","background-size":"auto","background-attachment":"scroll","background-type":"","background-media":"","overlay-type":"","overlay-color":"","overlay-opacity":"","overlay-gradient":""},"tablet":{"background-color":"var(--ast-global-color-5)","background-image":"","background-repeat":"repeat","background-position":"center center","background-size":"auto","background-attachment":"scroll","background-type":"","background-media":"","overlay-type":"","overlay-color":"","overlay-opacity":"","overlay-gradient":""},"mobile":{"background-color":"var(--ast-global-color-5)","background-image":"","background-repeat":"repeat","background-position":"center center","background-size":"auto","background-attachment":"scroll","background-type":"","background-media":"","overlay-type":"","overlay-color":"","overlay-opacity":"","overlay-gradient":""}},"footnotes":""},"class_list":["post-65","page","type-page","status-publish","hentry"],"uagb_featured_image_src":{"full":false,"thumbnail":false,"medium":false,"medium_large":false,"large":false,"1536x1536":false,"2048x2048":false},"uagb_author_info":{"display_name":"","author_link":"https:\/\/lasteaed.joelahtme.ee\/loo\/author\/"},"uagb_comment_info":0,"uagb_excerpt":"J\u00f5el\u00e4htme vald toetab valla laste ja noorte huvi- ja sporditegevust, sealhulgas laste- ja noortelaagreid. Siit leiad toetuste kohta infot:&nbsp;https:\/\/joelahtme.kovtp.ee\/et\/toetused&nbsp; Loo Lasteaed P\u00e4\u00e4supesa huviringid 2025-2026 \u00f5\/a Loo Lasteaed P\u00e4\u00e4supesa annab rendile lasteaia ruume, kus pakutakse lasteaialastele erinevaid huvitegevuses osalemise v\u00f5imalusi.* Lasteaias tegutsevate huviringide t\u00f6\u00f6korralduse ja info jagamisega tegelevad ringide juhendajad.* Lapse huviringidesse viimise ja toomise eest&hellip;","_links":{"self":[{"href":"https:\/\/lasteaed.joelahtme.ee\/loo\/wp-json\/wp\/v2\/pages\/65","targetHints":{"allow":["GET"]}}],"collection":[{"href":"https:\/\/lasteaed.joelahtme.ee\/loo\/wp-json\/wp\/v2\/pages"}],"about":[{"href":"https:\/\/lasteaed.joelahtme.ee\/loo\/wp-json\/wp\/v2\/types\/page"}],"author":[{"embeddable":true,"href":"https:\/\/lasteaed.joelahtme.ee\/loo\/wp-json\/wp\/v2\/users\/2"}],"replies":[{"embeddable":true,"href":"https:\/\/lasteaed.joelahtme.ee\/loo\/wp-json\/wp\/v2\/comments?post=65"}],"version-history":[{"count":134,"href":"https:\/\/lasteaed.joelahtme.ee\/loo\/wp-json\/wp\/v2\/pages\/65\/revisions"}],"predecessor-version":[{"id":1780,"href":"https:\/\/lasteaed.joelahtme.ee\/loo\/wp-json\/wp\/v2\/pages\/65\/revisions\/1780"}],"wp:attachment":[{"href":"https:\/\/lasteaed.joelahtme.ee\/loo\/wp-json\/wp\/v2\/media?parent=65"}],"curies":[{"name":"wp","href":"https:\/\/api.w.org\/{rel}","templated":true}]}}