{"id":303,"date":"2022-01-06T12:04:16","date_gmt":"2022-01-06T12:04:16","guid":{"rendered":"http:\/\/lasteaed.joelahtme.ee\/loo\/?page_id=303"},"modified":"2022-09-23T11:48:50","modified_gmt":"2022-09-23T11:48:50","slug":"projektope","status":"publish","type":"page","link":"https:\/\/lasteaed.joelahtme.ee\/loo\/projektope\/","title":{"rendered":"Projekt\u00f5pe"},"content":{"rendered":"\n<p>Projekt\u00f5pe on lapsest l\u00e4htuv t\u00f6\u00f6metoodika, mis toetab lapse arengut demokraatliku \u00fchiskonna liikmeks. Lapsest l\u00e4htuva kasvatuse rakendamisel peetakse oluliseks toetada lapse kasvamist iseseisvaks m\u00f5tlejaks ning loominguliseks isiksuseks ja kodanikuks, kes v\u00e4\u00e4rtustab avatud \u00fchiskonda, kus iga\u00fchel on \u00f5igus oma\u00a0 arvamusele.<\/p>\n\n\n\n<p>Projektit\u00f6\u00f6s p\u00fc\u00fctakse saavutada seda, et laps m\u00f5istaks paremini oma \u00fcmbrust. Projekt p\u00f5hineb laste endi m\u00f5tlemisel, nende uuringutel ning laste varasematel teadmistel ning keskendub \u00fchele kindlale teemale.&nbsp; Projekti teemad peaks olema lapsele endale huvipakkuvad. Laste algsetel ettepanekutel p\u00f5hinev kujundatakse \u00f5petajatega koos kavaks v\u00f5i projektiks, mis on \u00fchisvastutusega ettev\u00f5tmine.<\/p>\n\n\n\n<p>Laste tegevusi ei planeerita ette, vaid t\u00e4iskasvanu aitab lastega vesteldes arendada nende endi ideid ning lastel teadlikuks saada oma kogemusest. Lapse m\u00f5tted pole \u00f5iged ega valed, sest l\u00e4htuvad tema enda kogemusest. Tegutsemine lepitakse t\u00e4iskasvanuga kokku ning laste maailm osaleb v\u00f5rd\u00f5iguslikuna t\u00e4iskasvanute maailma k\u00f5rval. Projekti looja on lapse kasvukeskkond. Projekt\u00f5ppe puhul on t\u00e4iskasvanu vahendaja, toetaja, juhendaja ja \u00f5pipartner.<\/p>\n\n\n\n<p>Projekt\u00f5pe on kasutusel Rukkilille r\u00fchmas alates 2019. aastast.<\/p>\n","protected":false},"excerpt":{"rendered":"<p>Projekt\u00f5pe on lapsest l\u00e4htuv t\u00f6\u00f6metoodika, mis toetab lapse arengut demokraatliku \u00fchiskonna liikmeks. Lapsest l\u00e4htuva kasvatuse rakendamisel peetakse oluliseks toetada lapse kasvamist iseseisvaks m\u00f5tlejaks ning loominguliseks isiksuseks ja kodanikuks, kes v\u00e4\u00e4rtustab avatud \u00fchiskonda, kus iga\u00fchel on \u00f5igus oma\u00a0 arvamusele. Projektit\u00f6\u00f6s p\u00fc\u00fctakse saavutada seda, et laps m\u00f5istaks paremini oma \u00fcmbrust. Projekt p\u00f5hineb laste endi m\u00f5tlemisel, nende uuringutel [&hellip;]<\/p>\n","protected":false},"author":7,"featured_media":0,"parent":0,"menu_order":0,"comment_status":"closed","ping_status":"closed","template":"","meta":{"_uag_custom_page_level_css":"","site-sidebar-layout":"default","site-content-layout":"","ast-site-content-layout":"default","site-content-style":"default","site-sidebar-style":"default","ast-global-header-display":"","ast-banner-title-visibility":"","ast-main-header-display":"","ast-hfb-above-header-display":"","ast-hfb-below-header-display":"","ast-hfb-mobile-header-display":"","site-post-title":"","ast-breadcrumbs-content":"","ast-featured-img":"","footer-sml-layout":"","ast-disable-related-posts":"","theme-transparent-header-meta":"","adv-header-id-meta":"","stick-header-meta":"","header-above-stick-meta":"","header-main-stick-meta":"","header-below-stick-meta":"","astra-migrate-meta-layouts":"default","ast-page-background-enabled":"default","ast-page-background-meta":{"desktop":{"background-color":"var(--ast-global-color-4)","background-image":"","background-repeat":"repeat","background-position":"center center","background-size":"auto","background-attachment":"scroll","background-type":"","background-media":"","overlay-type":"","overlay-color":"","overlay-opacity":"","overlay-gradient":""},"tablet":{"background-color":"","background-image":"","background-repeat":"repeat","background-position":"center center","background-size":"auto","background-attachment":"scroll","background-type":"","background-media":"","overlay-type":"","overlay-color":"","overlay-opacity":"","overlay-gradient":""},"mobile":{"background-color":"","background-image":"","background-repeat":"repeat","background-position":"center center","background-size":"auto","background-attachment":"scroll","background-type":"","background-media":"","overlay-type":"","overlay-color":"","overlay-opacity":"","overlay-gradient":""}},"ast-content-background-meta":{"desktop":{"background-color":"var(--ast-global-color-5)","background-image":"","background-repeat":"repeat","background-position":"center center","background-size":"auto","background-attachment":"scroll","background-type":"","background-media":"","overlay-type":"","overlay-color":"","overlay-opacity":"","overlay-gradient":""},"tablet":{"background-color":"var(--ast-global-color-5)","background-image":"","background-repeat":"repeat","background-position":"center center","background-size":"auto","background-attachment":"scroll","background-type":"","background-media":"","overlay-type":"","overlay-color":"","overlay-opacity":"","overlay-gradient":""},"mobile":{"background-color":"var(--ast-global-color-5)","background-image":"","background-repeat":"repeat","background-position":"center center","background-size":"auto","background-attachment":"scroll","background-type":"","background-media":"","overlay-type":"","overlay-color":"","overlay-opacity":"","overlay-gradient":""}},"footnotes":""},"class_list":["post-303","page","type-page","status-publish","hentry"],"uagb_featured_image_src":{"full":false,"thumbnail":false,"medium":false,"medium_large":false,"large":false,"1536x1536":false,"2048x2048":false},"uagb_author_info":{"display_name":"Tiina","author_link":"https:\/\/lasteaed.joelahtme.ee\/loo\/author\/anneli\/"},"uagb_comment_info":0,"uagb_excerpt":"Projekt\u00f5pe on lapsest l\u00e4htuv t\u00f6\u00f6metoodika, mis toetab lapse arengut demokraatliku \u00fchiskonna liikmeks. Lapsest l\u00e4htuva kasvatuse rakendamisel peetakse oluliseks toetada lapse kasvamist iseseisvaks m\u00f5tlejaks ning loominguliseks isiksuseks ja kodanikuks, kes v\u00e4\u00e4rtustab avatud \u00fchiskonda, kus iga\u00fchel on \u00f5igus oma\u00a0 arvamusele. Projektit\u00f6\u00f6s p\u00fc\u00fctakse saavutada seda, et laps m\u00f5istaks paremini oma \u00fcmbrust. Projekt p\u00f5hineb laste endi m\u00f5tlemisel, nende uuringutel&hellip;","_links":{"self":[{"href":"https:\/\/lasteaed.joelahtme.ee\/loo\/wp-json\/wp\/v2\/pages\/303","targetHints":{"allow":["GET"]}}],"collection":[{"href":"https:\/\/lasteaed.joelahtme.ee\/loo\/wp-json\/wp\/v2\/pages"}],"about":[{"href":"https:\/\/lasteaed.joelahtme.ee\/loo\/wp-json\/wp\/v2\/types\/page"}],"author":[{"embeddable":true,"href":"https:\/\/lasteaed.joelahtme.ee\/loo\/wp-json\/wp\/v2\/users\/7"}],"replies":[{"embeddable":true,"href":"https:\/\/lasteaed.joelahtme.ee\/loo\/wp-json\/wp\/v2\/comments?post=303"}],"version-history":[{"count":4,"href":"https:\/\/lasteaed.joelahtme.ee\/loo\/wp-json\/wp\/v2\/pages\/303\/revisions"}],"predecessor-version":[{"id":634,"href":"https:\/\/lasteaed.joelahtme.ee\/loo\/wp-json\/wp\/v2\/pages\/303\/revisions\/634"}],"wp:attachment":[{"href":"https:\/\/lasteaed.joelahtme.ee\/loo\/wp-json\/wp\/v2\/media?parent=303"}],"curies":[{"name":"wp","href":"https:\/\/api.w.org\/{rel}","templated":true}]}}