{"id":257,"date":"2022-01-04T12:02:05","date_gmt":"2022-01-04T12:02:05","guid":{"rendered":"http:\/\/lasteaed.joelahtme.ee\/loo\/?page_id=257"},"modified":"2022-01-06T11:57:10","modified_gmt":"2022-01-06T11:57:10","slug":"suukool","status":"publish","type":"page","link":"https:\/\/lasteaed.joelahtme.ee\/loo\/suukool\/","title":{"rendered":"Suukool"},"content":{"rendered":"\n<p>Suukool on \u00fcleriigiline projekt, mis tegeleb laste ja noorte hambahaiguste ennetusega. Projekti rahastab Eesti Haigekassa ja toimib koost\u00f6\u00f6s Eesti Hambaarstide Liiduga. Suukool on m\u00f5eldud nii lastele kui ka k\u00f5igile, kes nendega kokku puutuvad: lapsevanematele, vanavanematele, \u00f5petajatele, kasvatajatele, hooldajatele, hambaarstidele jne. &nbsp;<\/p>\n\n\n\n<p>Projekti eesm\u00e4rgiks on t\u00f5sta teadlikkust suutervisest, et Eestis kasvaksid tervete hammastega lapsed.<\/p>\n\n\n\n<p>Suukool.ee-st saate teada, kuidas hoida enda ja oma lapse hambaid tervena.<\/p>\n\n\n\n<p>Projekti tegevused on v\u00e4ga mitmek\u00fclgsed \u2013 materjalide v\u00e4ljat\u00f6\u00f6tamine, tootmine, levitamine, loengute l\u00e4biviimine, kampaaniate korraldamine, \u00fcritustel osalemine ning koost\u00f6\u00f6 erinevate partneritega, t\u00e4nu millele saavad uusi teadmisi k\u00fcmned tuhanded lapsed ja t\u00e4iskasvanud.<\/p>\n\n\n\n<p>Loo Lasteaed P\u00e4\u00e4supesa Rukkilille r\u00fchm liitus projektiga 2018 aastal ning on j\u00e4tkuvalt osaline.<\/p>\n\n\n\n<figure class=\"wp-block-embed\"><div class=\"wp-block-embed__wrapper\">\nhttps:\/\/suukool.ee\/et\/\n<\/div><\/figure>\n\n\n\n<figure class=\"wp-block-image is-resized\"><img loading=\"lazy\" decoding=\"async\" src=\"https:\/\/suukool.ee\/images\/suukool-logo-2019.svg\" alt=\"Suukool.ee - Laste hammaste tervis\" width=\"300\" height=\"100\" \/><\/figure>\n\n\n\n<p><\/p>\n","protected":false},"excerpt":{"rendered":"<p>Suukool on \u00fcleriigiline projekt, mis tegeleb laste ja noorte hambahaiguste ennetusega. Projekti rahastab Eesti Haigekassa ja toimib koost\u00f6\u00f6s Eesti Hambaarstide Liiduga. Suukool on m\u00f5eldud nii lastele kui ka k\u00f5igile, kes nendega kokku puutuvad: lapsevanematele, vanavanematele, \u00f5petajatele, kasvatajatele, hooldajatele, hambaarstidele jne. &nbsp; Projekti eesm\u00e4rgiks on t\u00f5sta teadlikkust suutervisest, et Eestis kasvaksid tervete hammastega lapsed. Suukool.ee-st saate [&hellip;]<\/p>\n","protected":false},"author":7,"featured_media":0,"parent":0,"menu_order":0,"comment_status":"closed","ping_status":"closed","template":"","meta":{"_uag_custom_page_level_css":"","site-sidebar-layout":"default","site-content-layout":"","ast-site-content-layout":"default","site-content-style":"default","site-sidebar-style":"default","ast-global-header-display":"","ast-banner-title-visibility":"","ast-main-header-display":"","ast-hfb-above-header-display":"","ast-hfb-below-header-display":"","ast-hfb-mobile-header-display":"","site-post-title":"","ast-breadcrumbs-content":"","ast-featured-img":"","footer-sml-layout":"","ast-disable-related-posts":"","theme-transparent-header-meta":"","adv-header-id-meta":"","stick-header-meta":"","header-above-stick-meta":"","header-main-stick-meta":"","header-below-stick-meta":"","astra-migrate-meta-layouts":"default","ast-page-background-enabled":"default","ast-page-background-meta":{"desktop":{"background-color":"var(--ast-global-color-4)","background-image":"","background-repeat":"repeat","background-position":"center center","background-size":"auto","background-attachment":"scroll","background-type":"","background-media":"","overlay-type":"","overlay-color":"","overlay-opacity":"","overlay-gradient":""},"tablet":{"background-color":"","background-image":"","background-repeat":"repeat","background-position":"center center","background-size":"auto","background-attachment":"scroll","background-type":"","background-media":"","overlay-type":"","overlay-color":"","overlay-opacity":"","overlay-gradient":""},"mobile":{"background-color":"","background-image":"","background-repeat":"repeat","background-position":"center center","background-size":"auto","background-attachment":"scroll","background-type":"","background-media":"","overlay-type":"","overlay-color":"","overlay-opacity":"","overlay-gradient":""}},"ast-content-background-meta":{"desktop":{"background-color":"var(--ast-global-color-5)","background-image":"","background-repeat":"repeat","background-position":"center center","background-size":"auto","background-attachment":"scroll","background-type":"","background-media":"","overlay-type":"","overlay-color":"","overlay-opacity":"","overlay-gradient":""},"tablet":{"background-color":"var(--ast-global-color-5)","background-image":"","background-repeat":"repeat","background-position":"center center","background-size":"auto","background-attachment":"scroll","background-type":"","background-media":"","overlay-type":"","overlay-color":"","overlay-opacity":"","overlay-gradient":""},"mobile":{"background-color":"var(--ast-global-color-5)","background-image":"","background-repeat":"repeat","background-position":"center center","background-size":"auto","background-attachment":"scroll","background-type":"","background-media":"","overlay-type":"","overlay-color":"","overlay-opacity":"","overlay-gradient":""}},"footnotes":""},"class_list":["post-257","page","type-page","status-publish","hentry"],"uagb_featured_image_src":{"full":false,"thumbnail":false,"medium":false,"medium_large":false,"large":false,"1536x1536":false,"2048x2048":false},"uagb_author_info":{"display_name":"Tiina","author_link":"https:\/\/lasteaed.joelahtme.ee\/loo\/author\/anneli\/"},"uagb_comment_info":0,"uagb_excerpt":"Suukool on \u00fcleriigiline projekt, mis tegeleb laste ja noorte hambahaiguste ennetusega. Projekti rahastab Eesti Haigekassa ja toimib koost\u00f6\u00f6s Eesti Hambaarstide Liiduga. Suukool on m\u00f5eldud nii lastele kui ka k\u00f5igile, kes nendega kokku puutuvad: lapsevanematele, vanavanematele, \u00f5petajatele, kasvatajatele, hooldajatele, hambaarstidele jne. &nbsp; Projekti eesm\u00e4rgiks on t\u00f5sta teadlikkust suutervisest, et Eestis kasvaksid tervete hammastega lapsed. Suukool.ee-st saate&hellip;","_links":{"self":[{"href":"https:\/\/lasteaed.joelahtme.ee\/loo\/wp-json\/wp\/v2\/pages\/257","targetHints":{"allow":["GET"]}}],"collection":[{"href":"https:\/\/lasteaed.joelahtme.ee\/loo\/wp-json\/wp\/v2\/pages"}],"about":[{"href":"https:\/\/lasteaed.joelahtme.ee\/loo\/wp-json\/wp\/v2\/types\/page"}],"author":[{"embeddable":true,"href":"https:\/\/lasteaed.joelahtme.ee\/loo\/wp-json\/wp\/v2\/users\/7"}],"replies":[{"embeddable":true,"href":"https:\/\/lasteaed.joelahtme.ee\/loo\/wp-json\/wp\/v2\/comments?post=257"}],"version-history":[{"count":4,"href":"https:\/\/lasteaed.joelahtme.ee\/loo\/wp-json\/wp\/v2\/pages\/257\/revisions"}],"predecessor-version":[{"id":302,"href":"https:\/\/lasteaed.joelahtme.ee\/loo\/wp-json\/wp\/v2\/pages\/257\/revisions\/302"}],"wp:attachment":[{"href":"https:\/\/lasteaed.joelahtme.ee\/loo\/wp-json\/wp\/v2\/media?parent=257"}],"curies":[{"name":"wp","href":"https:\/\/api.w.org\/{rel}","templated":true}]}}