{"id":255,"date":"2022-01-04T11:58:30","date_gmt":"2022-01-04T11:58:30","guid":{"rendered":"http:\/\/lasteaed.joelahtme.ee\/loo\/?page_id=255"},"modified":"2026-01-12T11:44:36","modified_gmt":"2026-01-12T09:44:36","slug":"viieaastase-lapse-arengu-hindamisvahend","status":"publish","type":"page","link":"https:\/\/lasteaed.joelahtme.ee\/loo\/viieaastase-lapse-arengu-hindamisvahend\/","title":{"rendered":"Elektroonilise laste arengu hindamisvahendi pilootprogramm.\u00a0"},"content":{"rendered":"\n<p><strong>Haridus- ja Noorteamet ning Haridus- ja Teadusministeerium<\/strong> kutsus 2021. a s\u00fcgisel Loo Lasteaia P\u00e4\u00e4supesa osalema uue elektroonilise laste arengu hindamisvahendi pilootprogrammis.\u00a0 Juhuvalimisse sai kokku viisk\u00fcmmend eesti- ja venekeelset lasteaeda.<\/p>\n\n\n\n<p>Igast lasteaiast valiti juhuvalikul&nbsp;<strong>k\u00fcmme viieaastast last.<\/strong>&nbsp; Pilootprogrammi raames lahendasid lapsed \u00f5petaja juhendamisel tahvelarvutis \u00fclesandeid, \u00f5petajad ja lapsevanemad vastasid l\u00fchikesele k\u00fcsimustikule ning lisaks vaadeldi lasteaia tavap\u00e4raseid tegevusi \u00fchel p\u00e4eval kolme tunni v\u00e4ltel.&nbsp;<\/p>\n\n\n\n<p>Hindamisvahend on loodud viieaastaste laste oskuste hindamiseks viies valdkonnas:&nbsp;<strong>keel ja k\u00f5ne, matemaatika, sotsiaalsed, kognitiivsed ja \u00f5pioskused<\/strong>.<\/p>\n\n\n\n<p><strong>Pilootprogrammi p\u00f5hiline eesm\u00e4rk oli seega koguda laste arengu hindamisvahendi normid, mille alusel hakatakse tulevikus tagasisidet andma k\u00f5ikidele hindamisvahendi kasutajatele.<\/strong>&nbsp;Lisaks on eesm\u00e4rk teada saada, kuidas m\u00f5jutavad laste oskuste hindamise tulemusi erinevad lasteaia- ja kodukeskkonna tegurid.<\/p>\n\n\n\n<p>Koolieelse lasteasutuse riikliku \u00f5ppekava alusel on lapse arengu hindamine osa igap\u00e4evasest \u00f5ppe- ja kasvatusprotsessist. Seni ei ole loodud hindamisvahendit,\u00a0mis v\u00f5imaldaks saada jooksvalt infot laste arengu kohta lasteaias ja mis oleks k\u00e4ttesaadav k\u00f5ikidele lasteaia\u00f5petajatele. <strong>Alushariduse seaduse rakendamiseks t\u00f6\u00f6tab Haridus- ja Noorteamet koost\u00f6\u00f6s Tallinna \u00dclikooliga v\u00e4lja lapse arengu hindamisvahendi, mis on abiks \u00f5petajatele laste individuaalsel toetamisel.<\/strong><\/p>\n","protected":false},"excerpt":{"rendered":"<p>Haridus- ja Noorteamet ning Haridus- ja Teadusministeerium kutsus 2021. a s\u00fcgisel Loo Lasteaia P\u00e4\u00e4supesa osalema uue elektroonilise laste arengu hindamisvahendi pilootprogrammis.\u00a0 Juhuvalimisse sai kokku viisk\u00fcmmend eesti- ja venekeelset lasteaeda. Igast lasteaiast valiti juhuvalikul&nbsp;k\u00fcmme viieaastast last.&nbsp; Pilootprogrammi raames lahendasid lapsed \u00f5petaja juhendamisel tahvelarvutis \u00fclesandeid, \u00f5petajad ja lapsevanemad vastasid l\u00fchikesele k\u00fcsimustikule ning lisaks vaadeldi lasteaia tavap\u00e4raseid tegevusi [&hellip;]<\/p>\n","protected":false},"author":7,"featured_media":0,"parent":0,"menu_order":0,"comment_status":"closed","ping_status":"closed","template":"","meta":{"_uag_custom_page_level_css":"","site-sidebar-layout":"default","site-content-layout":"","ast-site-content-layout":"default","site-content-style":"default","site-sidebar-style":"default","ast-global-header-display":"","ast-banner-title-visibility":"","ast-main-header-display":"","ast-hfb-above-header-display":"","ast-hfb-below-header-display":"","ast-hfb-mobile-header-display":"","site-post-title":"","ast-breadcrumbs-content":"","ast-featured-img":"","footer-sml-layout":"","ast-disable-related-posts":"","theme-transparent-header-meta":"","adv-header-id-meta":"","stick-header-meta":"","header-above-stick-meta":"","header-main-stick-meta":"","header-below-stick-meta":"","astra-migrate-meta-layouts":"set","ast-page-background-enabled":"default","ast-page-background-meta":{"desktop":{"background-color":"var(--ast-global-color-4)","background-image":"","background-repeat":"repeat","background-position":"center center","background-size":"auto","background-attachment":"scroll","background-type":"","background-media":"","overlay-type":"","overlay-color":"","overlay-opacity":"","overlay-gradient":""},"tablet":{"background-color":"","background-image":"","background-repeat":"repeat","background-position":"center center","background-size":"auto","background-attachment":"scroll","background-type":"","background-media":"","overlay-type":"","overlay-color":"","overlay-opacity":"","overlay-gradient":""},"mobile":{"background-color":"","background-image":"","background-repeat":"repeat","background-position":"center center","background-size":"auto","background-attachment":"scroll","background-type":"","background-media":"","overlay-type":"","overlay-color":"","overlay-opacity":"","overlay-gradient":""}},"ast-content-background-meta":{"desktop":{"background-color":"var(--ast-global-color-5)","background-image":"","background-repeat":"repeat","background-position":"center center","background-size":"auto","background-attachment":"scroll","background-type":"","background-media":"","overlay-type":"","overlay-color":"","overlay-opacity":"","overlay-gradient":""},"tablet":{"background-color":"var(--ast-global-color-5)","background-image":"","background-repeat":"repeat","background-position":"center center","background-size":"auto","background-attachment":"scroll","background-type":"","background-media":"","overlay-type":"","overlay-color":"","overlay-opacity":"","overlay-gradient":""},"mobile":{"background-color":"var(--ast-global-color-5)","background-image":"","background-repeat":"repeat","background-position":"center center","background-size":"auto","background-attachment":"scroll","background-type":"","background-media":"","overlay-type":"","overlay-color":"","overlay-opacity":"","overlay-gradient":""}},"footnotes":""},"class_list":["post-255","page","type-page","status-publish","hentry"],"uagb_featured_image_src":{"full":false,"thumbnail":false,"medium":false,"medium_large":false,"large":false,"1536x1536":false,"2048x2048":false},"uagb_author_info":{"display_name":"Tiina","author_link":"https:\/\/lasteaed.joelahtme.ee\/loo\/author\/anneli\/"},"uagb_comment_info":0,"uagb_excerpt":"Haridus- ja Noorteamet ning Haridus- ja Teadusministeerium kutsus 2021. a s\u00fcgisel Loo Lasteaia P\u00e4\u00e4supesa osalema uue elektroonilise laste arengu hindamisvahendi pilootprogrammis.\u00a0 Juhuvalimisse sai kokku viisk\u00fcmmend eesti- ja venekeelset lasteaeda. Igast lasteaiast valiti juhuvalikul&nbsp;k\u00fcmme viieaastast last.&nbsp; Pilootprogrammi raames lahendasid lapsed \u00f5petaja juhendamisel tahvelarvutis \u00fclesandeid, \u00f5petajad ja lapsevanemad vastasid l\u00fchikesele k\u00fcsimustikule ning lisaks vaadeldi lasteaia tavap\u00e4raseid tegevusi&hellip;","_links":{"self":[{"href":"https:\/\/lasteaed.joelahtme.ee\/loo\/wp-json\/wp\/v2\/pages\/255","targetHints":{"allow":["GET"]}}],"collection":[{"href":"https:\/\/lasteaed.joelahtme.ee\/loo\/wp-json\/wp\/v2\/pages"}],"about":[{"href":"https:\/\/lasteaed.joelahtme.ee\/loo\/wp-json\/wp\/v2\/types\/page"}],"author":[{"embeddable":true,"href":"https:\/\/lasteaed.joelahtme.ee\/loo\/wp-json\/wp\/v2\/users\/7"}],"replies":[{"embeddable":true,"href":"https:\/\/lasteaed.joelahtme.ee\/loo\/wp-json\/wp\/v2\/comments?post=255"}],"version-history":[{"count":6,"href":"https:\/\/lasteaed.joelahtme.ee\/loo\/wp-json\/wp\/v2\/pages\/255\/revisions"}],"predecessor-version":[{"id":1713,"href":"https:\/\/lasteaed.joelahtme.ee\/loo\/wp-json\/wp\/v2\/pages\/255\/revisions\/1713"}],"wp:attachment":[{"href":"https:\/\/lasteaed.joelahtme.ee\/loo\/wp-json\/wp\/v2\/media?parent=255"}],"curies":[{"name":"wp","href":"https:\/\/api.w.org\/{rel}","templated":true}]}}