{"id":249,"date":"2022-01-04T11:55:43","date_gmt":"2022-01-04T11:55:43","guid":{"rendered":"http:\/\/lasteaed.joelahtme.ee\/loo\/?page_id=249"},"modified":"2023-09-14T08:57:11","modified_gmt":"2023-09-14T08:57:11","slug":"sotsiaalpedagoog","status":"publish","type":"page","link":"https:\/\/lasteaed.joelahtme.ee\/loo\/sotsiaalpedagoog\/","title":{"rendered":"Sotsiaalpedagoog- AEVKO"},"content":{"rendered":"\n<div class=\"wp-block-uagb-image aligncenter uagb-block-9d6d42cd wp-block-uagb-image--layout-default wp-block-uagb-image--effect-static wp-block-uagb-image--align-center\"><figure class=\"wp-block-uagb-image__figure\"><img decoding=\"async\" src=\"https:\/\/lasteaed.joelahtme.ee\/loo\/wp-content\/uploads\/sites\/3\/2023\/09\/sotsiaalpedagoog_AEVKO-1.png\" alt=\"\" class=\"uag-image-1164\" width=\"489\" height=\"598\" title=\"\" loading=\"lazy\" \/><\/figure><\/div>\n\n\n\n<p><strong>Sotsiaalpedagoogi \u00fclesanneteks on:<\/strong><\/p>\n\n\n\n<ul class=\"wp-block-list\">\n<li>Lapse sotsiaalsete oskuste hindamine ja lapse eakohast tegutsemisv\u00f5imet takistavate tegurite anal\u00fc\u00fcsimine<\/li>\n\n\n\n<li>Anal\u00fc\u00fcsitulemustest l\u00e4htuvalt \u00f5petaja ja lapsevanemaga koost\u00f6\u00f6s lapse sotsiaalse p\u00e4devuse ja enesekohaste oskuste kujundamine ja toetamine<\/li>\n\n\n\n<li>Koolivalmiduse hindamine<\/li>\n\n\n\n<li>Sotsiaalsete probleemide kaardistamine, nende ennetus- ja lahendustegevuste koordineerimine ja l\u00e4biviimine<\/li>\n\n\n\n<li>V\u00f5rgustiku kaasamine ning lapsevanemate ja lasteasutuse personali konsulteerimine ja n\u00f5ustamine lapse arengu toetamisel.<\/li>\n<\/ul>\n\n\n\n<p><strong>Vajadusel ka:<\/strong><\/p>\n\n\n\n<ul class=\"wp-block-list\">\n<li>Lapsele k\u00e4itumise tugikava koostamine<\/li>\n\n\n\n<li>Sekkumine eriolukorra lahendamiseks<\/li>\n\n\n\n<li>Kolleegide, \u00f5petajate, teiste spetsialistide ja \u00fcli\u00f5pilaste sotsiaalpedagoogiline juhendamine<\/li>\n<\/ul>\n\n\n\n<p>Sotsiaalpedagoogiga saab kontakti Eliisi keskkonnas, s\u00f5numite vahendusel. Lisaks on v\u00f5imalik sotsiaalpedagoogiga kohtuda lasteaias eelneva kokkuleppe alusel.<\/p>\n\n\n\n<p>Kontakt:  <a rel=\"noreferrer noopener\" href=\"mailto:sotsaalpedagoog@loolasteaed.ee\" target=\"_blank\">sotsiaalpedagoog@loolasteaed.ee<\/a><\/p>\n\n\n\n<p>Sotsiaalpedagoog  <strong>Rael Laager<\/strong> t\u00f6\u00f6tab esmasp\u00e4evast reedeni.<\/p>\n\n\n\n<p><\/p>\n","protected":false},"excerpt":{"rendered":"<p>Sotsiaalpedagoogi \u00fclesanneteks on: Vajadusel ka: Sotsiaalpedagoogiga saab kontakti Eliisi keskkonnas, s\u00f5numite vahendusel. Lisaks on v\u00f5imalik sotsiaalpedagoogiga kohtuda lasteaias eelneva kokkuleppe alusel. Kontakt: sotsiaalpedagoog@loolasteaed.ee Sotsiaalpedagoog Rael Laager t\u00f6\u00f6tab esmasp\u00e4evast reedeni.<\/p>\n","protected":false},"author":7,"featured_media":0,"parent":0,"menu_order":0,"comment_status":"closed","ping_status":"closed","template":"","meta":{"_uag_custom_page_level_css":"","site-sidebar-layout":"default","site-content-layout":"","ast-site-content-layout":"default","site-content-style":"default","site-sidebar-style":"default","ast-global-header-display":"","ast-banner-title-visibility":"","ast-main-header-display":"","ast-hfb-above-header-display":"","ast-hfb-below-header-display":"","ast-hfb-mobile-header-display":"","site-post-title":"","ast-breadcrumbs-content":"","ast-featured-img":"","footer-sml-layout":"","ast-disable-related-posts":"","theme-transparent-header-meta":"","adv-header-id-meta":"","stick-header-meta":"","header-above-stick-meta":"","header-main-stick-meta":"","header-below-stick-meta":"","astra-migrate-meta-layouts":"set","ast-page-background-enabled":"default","ast-page-background-meta":{"desktop":{"background-color":"var(--ast-global-color-4)","background-image":"","background-repeat":"repeat","background-position":"center center","background-size":"auto","background-attachment":"scroll","background-type":"","background-media":"","overlay-type":"","overlay-color":"","overlay-opacity":"","overlay-gradient":""},"tablet":{"background-color":"","background-image":"","background-repeat":"repeat","background-position":"center center","background-size":"auto","background-attachment":"scroll","background-type":"","background-media":"","overlay-type":"","overlay-color":"","overlay-opacity":"","overlay-gradient":""},"mobile":{"background-color":"","background-image":"","background-repeat":"repeat","background-position":"center center","background-size":"auto","background-attachment":"scroll","background-type":"","background-media":"","overlay-type":"","overlay-color":"","overlay-opacity":"","overlay-gradient":""}},"ast-content-background-meta":{"desktop":{"background-color":"var(--ast-global-color-5)","background-image":"","background-repeat":"repeat","background-position":"center center","background-size":"auto","background-attachment":"scroll","background-type":"","background-media":"","overlay-type":"","overlay-color":"","overlay-opacity":"","overlay-gradient":""},"tablet":{"background-color":"var(--ast-global-color-5)","background-image":"","background-repeat":"repeat","background-position":"center center","background-size":"auto","background-attachment":"scroll","background-type":"","background-media":"","overlay-type":"","overlay-color":"","overlay-opacity":"","overlay-gradient":""},"mobile":{"background-color":"var(--ast-global-color-5)","background-image":"","background-repeat":"repeat","background-position":"center center","background-size":"auto","background-attachment":"scroll","background-type":"","background-media":"","overlay-type":"","overlay-color":"","overlay-opacity":"","overlay-gradient":""}},"footnotes":""},"class_list":["post-249","page","type-page","status-publish","hentry"],"uagb_featured_image_src":{"full":false,"thumbnail":false,"medium":false,"medium_large":false,"large":false,"1536x1536":false,"2048x2048":false},"uagb_author_info":{"display_name":"Tiina","author_link":"https:\/\/lasteaed.joelahtme.ee\/loo\/author\/anneli\/"},"uagb_comment_info":0,"uagb_excerpt":"Sotsiaalpedagoogi \u00fclesanneteks on: Vajadusel ka: Sotsiaalpedagoogiga saab kontakti Eliisi keskkonnas, s\u00f5numite vahendusel. Lisaks on v\u00f5imalik sotsiaalpedagoogiga kohtuda lasteaias eelneva kokkuleppe alusel. Kontakt: sotsiaalpedagoog@loolasteaed.ee Sotsiaalpedagoog Rael Laager t\u00f6\u00f6tab esmasp\u00e4evast reedeni.","_links":{"self":[{"href":"https:\/\/lasteaed.joelahtme.ee\/loo\/wp-json\/wp\/v2\/pages\/249","targetHints":{"allow":["GET"]}}],"collection":[{"href":"https:\/\/lasteaed.joelahtme.ee\/loo\/wp-json\/wp\/v2\/pages"}],"about":[{"href":"https:\/\/lasteaed.joelahtme.ee\/loo\/wp-json\/wp\/v2\/types\/page"}],"author":[{"embeddable":true,"href":"https:\/\/lasteaed.joelahtme.ee\/loo\/wp-json\/wp\/v2\/users\/7"}],"replies":[{"embeddable":true,"href":"https:\/\/lasteaed.joelahtme.ee\/loo\/wp-json\/wp\/v2\/comments?post=249"}],"version-history":[{"count":9,"href":"https:\/\/lasteaed.joelahtme.ee\/loo\/wp-json\/wp\/v2\/pages\/249\/revisions"}],"predecessor-version":[{"id":1168,"href":"https:\/\/lasteaed.joelahtme.ee\/loo\/wp-json\/wp\/v2\/pages\/249\/revisions\/1168"}],"wp:attachment":[{"href":"https:\/\/lasteaed.joelahtme.ee\/loo\/wp-json\/wp\/v2\/media?parent=249"}],"curies":[{"name":"wp","href":"https:\/\/api.w.org\/{rel}","templated":true}]}}