{"id":245,"date":"2022-01-04T11:54:50","date_gmt":"2022-01-04T11:54:50","guid":{"rendered":"http:\/\/lasteaed.joelahtme.ee\/loo\/?page_id=245"},"modified":"2022-04-27T09:50:11","modified_gmt":"2022-04-27T09:50:11","slug":"logopeed","status":"publish","type":"page","link":"https:\/\/lasteaed.joelahtme.ee\/loo\/logopeed\/","title":{"rendered":"Logopeed"},"content":{"rendered":"\n<p><strong>Majalogopeedi t\u00f6\u00f6 p\u00f5him\u00f5tted ja peamised \u00fclesanded:<\/strong><\/p>\n\n\n\n<ul class=\"wp-block-list\"><li>viib l\u00e4bi aiar\u00fchma laste k\u00f5ne uurimise ja selgitab v\u00e4lja logopeedi teenust vajavad lapsed<\/li><li>seab prioriteedid ja koostab k\u00f5neravitundide graafiku<\/li><li>viib l\u00e4bi 5-7-aastastele lastele k\u00f5neravitunnid \u00fcks kord n\u00e4dalas, 3-4-aastastele vastavalt v\u00f5imalusele, tavaliselt kaks korda kuus<\/li><li>t\u00e4idab igap\u00e4evaselt logopeedi dokumentatsiooni ja Eliisi<\/li><li>osaleb tugimeeskonna t\u00f6\u00f6s ja teeb koost\u00f6\u00f6d teiste spetsialistide, juhtkonna ja \u00f5petajatega<\/li><li>n\u00f5ustab lapsevanemaid ja lasteaia t\u00f6\u00f6tajaid<\/li><li>tegeleb p\u00f5hiliselt h\u00e4\u00e4lduspuuete ja alak\u00f5ne raviga, k\u00f5nesujuvus- ning k\u00f5nemotoorika puuete teraapiaga<\/li><li>ei \u00f5peta eesti keelt, teeb t\u00f6\u00f6d lastega, kelle eesti keel seda v\u00f5imaldab, laps peab aru saama eestikeelsetest juhistest ja materjalidest<\/li><li>soovitab p\u00f6\u00f6rduda venekeelse logopeedi poole, kui lapse emakeel on vene keel ja laps alles \u00f5pib eesti keelt<\/li><li>soovitab lapse suunamist tasandusr\u00fchma, kui lapse k\u00f5nepuue vajab intensiivsemat ja sagedasemat t\u00f6\u00f6d<\/li><li>koolivaheaegadel viib vajadusel l\u00e4bi korduvat k\u00f5ne uurimist v\u00f5i vaatab neid lapsi, keda on soovitanud\/palunud vaadata teised spetsialistid, vanemad v\u00f5i \u00f5petajad<\/li><li>t\u00e4idab vajadusel muud dokumentatsiooni (nt IAK, koolivalmiduskaart, k\u00f5ne iseloomustus)<\/li><li>viib kokkuleppel \u00f5petajaga l\u00e4bi tunde ja logopeedilisi tegevusi r\u00fchmas<\/li><li>viib l\u00e4bi koolitusi lastevanematele ja \u00f5petajatele<\/li><\/ul>\n\n\n\n<p><\/p>\n\n\n\n<p>t\u00f6\u00f6p\u00e4evad: esmasp\u00e4ev, teisip\u00e4ev ja neljap\u00e4ev<\/p>\n\n\n\n<p>N\u00f5ustamine ja vestlused: eelneval kokkuleppel logopeedi t\u00f6\u00f6p\u00e4evadel<\/p>\n\n\n\n<p>kontakt: <a href=\"mailto:kjrebane.loolasteaed@gmail.com\">kjrebane.loolasteaed@gmail.com<\/a><\/p>\n\n\n\n<p>Logopeed <strong>Kristiina Jasmiin Rebane<\/strong><\/p>\n\n\n\n<p><\/p>\n","protected":false},"excerpt":{"rendered":"<p>Majalogopeedi t\u00f6\u00f6 p\u00f5him\u00f5tted ja peamised \u00fclesanded: viib l\u00e4bi aiar\u00fchma laste k\u00f5ne uurimise ja selgitab v\u00e4lja logopeedi teenust vajavad lapsed seab prioriteedid ja koostab k\u00f5neravitundide graafiku viib l\u00e4bi 5-7-aastastele lastele k\u00f5neravitunnid \u00fcks kord n\u00e4dalas, 3-4-aastastele vastavalt v\u00f5imalusele, tavaliselt kaks korda kuus t\u00e4idab igap\u00e4evaselt logopeedi dokumentatsiooni ja Eliisi osaleb tugimeeskonna t\u00f6\u00f6s ja teeb koost\u00f6\u00f6d teiste spetsialistide, juhtkonna [&hellip;]<\/p>\n","protected":false},"author":7,"featured_media":0,"parent":0,"menu_order":0,"comment_status":"closed","ping_status":"closed","template":"","meta":{"_uag_custom_page_level_css":"","site-sidebar-layout":"default","site-content-layout":"","ast-site-content-layout":"default","site-content-style":"default","site-sidebar-style":"default","ast-global-header-display":"","ast-banner-title-visibility":"","ast-main-header-display":"","ast-hfb-above-header-display":"","ast-hfb-below-header-display":"","ast-hfb-mobile-header-display":"","site-post-title":"","ast-breadcrumbs-content":"","ast-featured-img":"","footer-sml-layout":"","ast-disable-related-posts":"","theme-transparent-header-meta":"","adv-header-id-meta":"","stick-header-meta":"","header-above-stick-meta":"","header-main-stick-meta":"","header-below-stick-meta":"","astra-migrate-meta-layouts":"default","ast-page-background-enabled":"default","ast-page-background-meta":{"desktop":{"background-color":"var(--ast-global-color-4)","background-image":"","background-repeat":"repeat","background-position":"center center","background-size":"auto","background-attachment":"scroll","background-type":"","background-media":"","overlay-type":"","overlay-color":"","overlay-opacity":"","overlay-gradient":""},"tablet":{"background-color":"","background-image":"","background-repeat":"repeat","background-position":"center center","background-size":"auto","background-attachment":"scroll","background-type":"","background-media":"","overlay-type":"","overlay-color":"","overlay-opacity":"","overlay-gradient":""},"mobile":{"background-color":"","background-image":"","background-repeat":"repeat","background-position":"center center","background-size":"auto","background-attachment":"scroll","background-type":"","background-media":"","overlay-type":"","overlay-color":"","overlay-opacity":"","overlay-gradient":""}},"ast-content-background-meta":{"desktop":{"background-color":"var(--ast-global-color-5)","background-image":"","background-repeat":"repeat","background-position":"center center","background-size":"auto","background-attachment":"scroll","background-type":"","background-media":"","overlay-type":"","overlay-color":"","overlay-opacity":"","overlay-gradient":""},"tablet":{"background-color":"var(--ast-global-color-5)","background-image":"","background-repeat":"repeat","background-position":"center center","background-size":"auto","background-attachment":"scroll","background-type":"","background-media":"","overlay-type":"","overlay-color":"","overlay-opacity":"","overlay-gradient":""},"mobile":{"background-color":"var(--ast-global-color-5)","background-image":"","background-repeat":"repeat","background-position":"center center","background-size":"auto","background-attachment":"scroll","background-type":"","background-media":"","overlay-type":"","overlay-color":"","overlay-opacity":"","overlay-gradient":""}},"footnotes":""},"class_list":["post-245","page","type-page","status-publish","hentry"],"uagb_featured_image_src":{"full":false,"thumbnail":false,"medium":false,"medium_large":false,"large":false,"1536x1536":false,"2048x2048":false},"uagb_author_info":{"display_name":"Tiina","author_link":"https:\/\/lasteaed.joelahtme.ee\/loo\/author\/anneli\/"},"uagb_comment_info":0,"uagb_excerpt":"Majalogopeedi t\u00f6\u00f6 p\u00f5him\u00f5tted ja peamised \u00fclesanded: viib l\u00e4bi aiar\u00fchma laste k\u00f5ne uurimise ja selgitab v\u00e4lja logopeedi teenust vajavad lapsed seab prioriteedid ja koostab k\u00f5neravitundide graafiku viib l\u00e4bi 5-7-aastastele lastele k\u00f5neravitunnid \u00fcks kord n\u00e4dalas, 3-4-aastastele vastavalt v\u00f5imalusele, tavaliselt kaks korda kuus t\u00e4idab igap\u00e4evaselt logopeedi dokumentatsiooni ja Eliisi osaleb tugimeeskonna t\u00f6\u00f6s ja teeb koost\u00f6\u00f6d teiste spetsialistide, juhtkonna&hellip;","_links":{"self":[{"href":"https:\/\/lasteaed.joelahtme.ee\/loo\/wp-json\/wp\/v2\/pages\/245","targetHints":{"allow":["GET"]}}],"collection":[{"href":"https:\/\/lasteaed.joelahtme.ee\/loo\/wp-json\/wp\/v2\/pages"}],"about":[{"href":"https:\/\/lasteaed.joelahtme.ee\/loo\/wp-json\/wp\/v2\/types\/page"}],"author":[{"embeddable":true,"href":"https:\/\/lasteaed.joelahtme.ee\/loo\/wp-json\/wp\/v2\/users\/7"}],"replies":[{"embeddable":true,"href":"https:\/\/lasteaed.joelahtme.ee\/loo\/wp-json\/wp\/v2\/comments?post=245"}],"version-history":[{"count":6,"href":"https:\/\/lasteaed.joelahtme.ee\/loo\/wp-json\/wp\/v2\/pages\/245\/revisions"}],"predecessor-version":[{"id":1670,"href":"https:\/\/lasteaed.joelahtme.ee\/loo\/wp-json\/wp\/v2\/pages\/245\/revisions\/1670"}],"wp:attachment":[{"href":"https:\/\/lasteaed.joelahtme.ee\/loo\/wp-json\/wp\/v2\/media?parent=245"}],"curies":[{"name":"wp","href":"https:\/\/api.w.org\/{rel}","templated":true}]}}