{"id":243,"date":"2022-01-04T11:54:28","date_gmt":"2022-01-04T11:54:28","guid":{"rendered":"http:\/\/lasteaed.joelahtme.ee\/loo\/?page_id=243"},"modified":"2025-12-08T15:21:33","modified_gmt":"2025-12-08T13:21:33","slug":"eripedagoog","status":"publish","type":"page","link":"https:\/\/lasteaed.joelahtme.ee\/loo\/eripedagoog\/","title":{"rendered":"Eripedagoog"},"content":{"rendered":"\n<h1 class=\"wp-block-heading\"><\/h1>\n\n\n\n<p>Eripedagoogi p\u00f5hitegevus on koost\u00f6\u00f6s teiste spetsialistidega erivajadustega lapse toetamine ja suunamine eesm\u00e4rgiga soodustada igak\u00fclgselt tema arengut eakohasuse suunas. Toimub esmase mahaj\u00e4\u00e4muse \u00fcletamine\/v\u00e4hendamine ja teisese mahaj\u00e4\u00e4muse ennetamine\/leevendamine eripedagoogiliste vahenditega ning lapse l\u00e4himale arenguvallale vastava \u00f5pikeskkonna kujundamine.<\/p>\n\n\n\n<p>Eripedagoogi peamisteks t\u00f6\u00f6 osadeks eelkooliealiste lastega on:<\/p>\n\n\n\n<ul class=\"wp-block-list\">\n<li>Lapse erivajaduste m\u00e4rkamine, uurimine ja hindamine.<\/li>\n\n\n\n<li>Erivajadustega lapse ps\u00fc\u00fchiliste protsesside (aisting, taju, m\u00e4lu, m\u00f5tlemine, emotsioonid, t\u00e4helepanu), k\u00f5ne, k\u00e4itumise, \u00f5pioskuste jm uurimine, hindamine ja kirjeldamine.<\/li>\n\n\n\n<li>Lapse ealise ja erivajadusliku tausta p\u00f5hjal l\u00e4hima arengutsooni v\u00e4ljaselgitamine, \u00f5ppetegevuste planeerimine ja \u00f5petamine.<\/li>\n\n\n\n<li>Turvalise, tervisliku ja \u00f5ppimist toetava, motiveeriva ja erivajadusi arvestava vaimse ja f\u00fc\u00fcsilise \u00f5pikeskkonna kujundamine.<\/li>\n\n\n\n<li>Eelkooliealise lapse n\u00f5ustamine ja toetamine isiklike eesm\u00e4rkide seadmisel ning saavutamisel.<\/li>\n<\/ul>\n\n\n\n<p>M\u00f5ningaid teisi eripedagoogi olulisi igap\u00e4evat\u00f6\u00f6 osasid:<\/p>\n\n\n\n<ul class=\"wp-block-list\">\n<li>T\u00f6\u00f6kava, sh individuaalse \u00f5ppekava, k\u00e4itumise tugikava ja arenduskava koostamine.<\/li>\n\n\n\n<li>Sekkumine eriolukordade lahendamiseks.<\/li>\n\n\n\n<li>Eripedagoogiline n\u00f5ustamine (vanemad, spetsialistid, kolleegid).<\/li>\n\n\n\n<li>Kolleegide, teiste spetsialistide ja \u00fcli\u00f5pilaste koolitamine ning juhendamine.<\/li>\n\n\n\n<li>Organisatsiooni arengut suunavate dokumentide kavandamine ja koostamine.<\/li>\n<\/ul>\n\n\n\n<p>Eripedagoogiga saab kontakti Eliisi keskkonnas, s\u00f5numite vahendusel. Lisaks on v\u00f5imalik eripedagoogiga kohtuda lasteaias eelneva kokkuleppel.<\/p>\n\n\n\n<p><\/p>\n\n\n\n<p><\/p>\n","protected":false},"excerpt":{"rendered":"<p>Eripedagoogi p\u00f5hitegevus on koost\u00f6\u00f6s teiste spetsialistidega erivajadustega lapse toetamine ja suunamine eesm\u00e4rgiga soodustada igak\u00fclgselt tema arengut eakohasuse suunas. Toimub esmase mahaj\u00e4\u00e4muse \u00fcletamine\/v\u00e4hendamine ja teisese mahaj\u00e4\u00e4muse ennetamine\/leevendamine eripedagoogiliste vahenditega ning lapse l\u00e4himale arenguvallale vastava \u00f5pikeskkonna kujundamine. Eripedagoogi peamisteks t\u00f6\u00f6 osadeks eelkooliealiste lastega on: M\u00f5ningaid teisi eripedagoogi olulisi igap\u00e4evat\u00f6\u00f6 osasid: Eripedagoogiga saab kontakti Eliisi keskkonnas, s\u00f5numite vahendusel. [&hellip;]<\/p>\n","protected":false},"author":7,"featured_media":0,"parent":0,"menu_order":0,"comment_status":"closed","ping_status":"closed","template":"","meta":{"_uag_custom_page_level_css":"","site-sidebar-layout":"default","site-content-layout":"","ast-site-content-layout":"default","site-content-style":"default","site-sidebar-style":"default","ast-global-header-display":"","ast-banner-title-visibility":"","ast-main-header-display":"","ast-hfb-above-header-display":"","ast-hfb-below-header-display":"","ast-hfb-mobile-header-display":"","site-post-title":"","ast-breadcrumbs-content":"","ast-featured-img":"","footer-sml-layout":"","ast-disable-related-posts":"","theme-transparent-header-meta":"","adv-header-id-meta":"","stick-header-meta":"","header-above-stick-meta":"","header-main-stick-meta":"","header-below-stick-meta":"","astra-migrate-meta-layouts":"set","ast-page-background-enabled":"default","ast-page-background-meta":{"desktop":{"background-color":"var(--ast-global-color-4)","background-image":"","background-repeat":"repeat","background-position":"center center","background-size":"auto","background-attachment":"scroll","background-type":"","background-media":"","overlay-type":"","overlay-color":"","overlay-opacity":"","overlay-gradient":""},"tablet":{"background-color":"","background-image":"","background-repeat":"repeat","background-position":"center center","background-size":"auto","background-attachment":"scroll","background-type":"","background-media":"","overlay-type":"","overlay-color":"","overlay-opacity":"","overlay-gradient":""},"mobile":{"background-color":"","background-image":"","background-repeat":"repeat","background-position":"center center","background-size":"auto","background-attachment":"scroll","background-type":"","background-media":"","overlay-type":"","overlay-color":"","overlay-opacity":"","overlay-gradient":""}},"ast-content-background-meta":{"desktop":{"background-color":"var(--ast-global-color-5)","background-image":"","background-repeat":"repeat","background-position":"center center","background-size":"auto","background-attachment":"scroll","background-type":"","background-media":"","overlay-type":"","overlay-color":"","overlay-opacity":"","overlay-gradient":""},"tablet":{"background-color":"var(--ast-global-color-5)","background-image":"","background-repeat":"repeat","background-position":"center center","background-size":"auto","background-attachment":"scroll","background-type":"","background-media":"","overlay-type":"","overlay-color":"","overlay-opacity":"","overlay-gradient":""},"mobile":{"background-color":"var(--ast-global-color-5)","background-image":"","background-repeat":"repeat","background-position":"center center","background-size":"auto","background-attachment":"scroll","background-type":"","background-media":"","overlay-type":"","overlay-color":"","overlay-opacity":"","overlay-gradient":""}},"footnotes":""},"class_list":["post-243","page","type-page","status-publish","hentry"],"uagb_featured_image_src":{"full":false,"thumbnail":false,"medium":false,"medium_large":false,"large":false,"1536x1536":false,"2048x2048":false},"uagb_author_info":{"display_name":"Tiina","author_link":"https:\/\/lasteaed.joelahtme.ee\/loo\/author\/anneli\/"},"uagb_comment_info":0,"uagb_excerpt":"Eripedagoogi p\u00f5hitegevus on koost\u00f6\u00f6s teiste spetsialistidega erivajadustega lapse toetamine ja suunamine eesm\u00e4rgiga soodustada igak\u00fclgselt tema arengut eakohasuse suunas. Toimub esmase mahaj\u00e4\u00e4muse \u00fcletamine\/v\u00e4hendamine ja teisese mahaj\u00e4\u00e4muse ennetamine\/leevendamine eripedagoogiliste vahenditega ning lapse l\u00e4himale arenguvallale vastava \u00f5pikeskkonna kujundamine. Eripedagoogi peamisteks t\u00f6\u00f6 osadeks eelkooliealiste lastega on: M\u00f5ningaid teisi eripedagoogi olulisi igap\u00e4evat\u00f6\u00f6 osasid: Eripedagoogiga saab kontakti Eliisi keskkonnas, s\u00f5numite vahendusel.&hellip;","_links":{"self":[{"href":"https:\/\/lasteaed.joelahtme.ee\/loo\/wp-json\/wp\/v2\/pages\/243","targetHints":{"allow":["GET"]}}],"collection":[{"href":"https:\/\/lasteaed.joelahtme.ee\/loo\/wp-json\/wp\/v2\/pages"}],"about":[{"href":"https:\/\/lasteaed.joelahtme.ee\/loo\/wp-json\/wp\/v2\/types\/page"}],"author":[{"embeddable":true,"href":"https:\/\/lasteaed.joelahtme.ee\/loo\/wp-json\/wp\/v2\/users\/7"}],"replies":[{"embeddable":true,"href":"https:\/\/lasteaed.joelahtme.ee\/loo\/wp-json\/wp\/v2\/comments?post=243"}],"version-history":[{"count":5,"href":"https:\/\/lasteaed.joelahtme.ee\/loo\/wp-json\/wp\/v2\/pages\/243\/revisions"}],"predecessor-version":[{"id":1692,"href":"https:\/\/lasteaed.joelahtme.ee\/loo\/wp-json\/wp\/v2\/pages\/243\/revisions\/1692"}],"wp:attachment":[{"href":"https:\/\/lasteaed.joelahtme.ee\/loo\/wp-json\/wp\/v2\/media?parent=243"}],"curies":[{"name":"wp","href":"https:\/\/api.w.org\/{rel}","templated":true}]}}