{"id":241,"date":"2022-01-04T11:54:06","date_gmt":"2022-01-04T11:54:06","guid":{"rendered":"http:\/\/lasteaed.joelahtme.ee\/loo\/?page_id=241"},"modified":"2024-01-29T11:29:18","modified_gmt":"2024-01-29T11:29:18","slug":"eesti-keele-opetaja","status":"publish","type":"page","link":"https:\/\/lasteaed.joelahtme.ee\/loo\/eesti-keele-opetaja\/","title":{"rendered":"Eesti keele kui teise keele \u00f5pe"},"content":{"rendered":"\n<p><strong>Lasteaia eesm\u00e4rk on pakkuda k\u00f5igile Eesti lastele, olenemata emakeelest, v\u00f5imalust omandada kvaliteetne eestikeelne haridus.<\/strong> P\u00e4\u00e4supesa on eestikeelne lasteaed ja eesti keele omandamine algab lapse lasteaeda tulekust. Eesti keele \u00f5petajad toetavad eraldi, eesti keelest erineva koduse keelega lapsi (3-7 aastased), kahel korral n\u00e4dalas v\u00e4ikeses grupis, aga ka individuaalselt. Eesti keele lisa\u00f5ppe eesm\u00e4rgiks on luua \u00f5ppekeelest erineva emakeelega lastele turvaline \u00f5pikeskkond, kus hinnanguvabalt lausuda oma esimesed s\u00f5nad ja laused sihtkeeles.<\/p>\n\n\n\n<p class=\"has-medium-font-size\"><strong>R\u00fchmas r\u00e4\u00e4gitakse eesti keeles<\/strong><\/p>\n\n\n\n<p>\u00d5petajad, abi\u00f5petajad ja assistendid kasutavad eesti keelt igap\u00e4evases suhtluses, m\u00e4ngus ning erinevates \u00f5ppe- ja kasvatustegevustes. Kuna lasteaias k\u00e4ivatest lastest moodustavad suure hulga eesti keelest erineva emakeelega lapsed, on loomulik, et \u00f5ppet\u00f6\u00f6v\u00e4liselt kasutatakse olmelises suhtluses laste vahel ka muud keelt. See pole kindlasti lubamatu, kuid aeglustab eesti keele omandamist. \u00d5ppet\u00f6\u00f6v\u00e4listes olukordades \u00fcritame kasutada siiski suurimas v\u00f5imalikus mahus eesti keelt.<\/p>\n\n\n\n<p class=\"has-medium-font-size\"><strong>Soovitused lapsevanematele eesti keele \u00f5ppe toetamiseks<\/strong><\/p>\n\n\n\n<p>Eesti keele efektiivseks omandamiseks peavad vanemad oma lapse \u00f5ppes osalemist igati soodustama, luues ka v\u00e4ljaspool r\u00fchmaruumi eesti keele \u00f5ppimist soodustavad tingimused. See seab v\u00e4ljakutse vanematele, kuna oma lapse toetamist saab eelk\u00f5ige oodata vanemalt, kes ka ise eesti keelt oskab. Siin saab vanem aga ise kaasa aidata \u2013 \u00f5ppida lapsega samaaegselt eesti keelt<\/p>\n\n\n\n<p>Eestikeelne \u00f5ppe- ja kasvatustegevus lasteaias t\u00e4hendab eesti keelest erineva kodukeelega lapse vanema jaoks seda, et vanem vastutab lapse esimese keele ehk emakeele arengu eest. Emakeel on lapse ja vanema \u00fchine keel ning avab ukse oma kultuuri ja ajalukku. Hea emakeele oskus on omakorda \u00f5ppimise, sealhulgas eesti keele omandamise alus. Kui vanemad r\u00e4\u00e4givad eri keelt, r\u00e4\u00e4gib kumbki lapsega oma keeles. Lapsega suheldes tuleb j\u00e4lgida p\u00f5him\u00f5tet \u201e\u00fcks keel \u2013 \u00fcks inimene, \u00fcks keskkond \u2013 \u00fcks olukord\u201d, see t\u00e4hendab, et kindlas olukorras v\u00f5i vestluskaaslastega r\u00e4\u00e4gitakse kindlat keelt. Sama emakeelega vanemate jaoks on see k\u00f5ige loomulikum ja kasulikum mudel oma keele edasiandmiseks ning lapse emakeele arengu kindlustamiseks. Laps omandab ja \u00f5pib eesti keelt lasteasutuses eestikeelses \u00f5pi- ja kasvukeskkonnas.<\/p>\n\n\n\n<p>Nii l\u00f5imitud \u00f5ppe-ja kasvatustegevused kui ka eraldi keeletegevused l\u00e4htuvad riiklikus \u00f5ppekavas s\u00e4testatud eeldatavatest tulemustest eesti keeles kui teises keeles ja toetavad laste igap\u00e4evast keelekasutust ning julgust k\u00f5neleda eesti keeles.<\/p>\n\n\n\n<p class=\"has-medium-font-size\"><strong>Erisused tuge vajavate laste \u00f5petamisel<\/strong><\/p>\n\n\n\n<p>Eestikeelses lasteasutuses omandatakse k\u00f5ike uut eesti keelt kuulates ja r\u00e4\u00e4kides. Kui eesti keelest erineva kodukeelega erivajadusega lapse arengu erip\u00e4ra t\u00f5ttu ei ole talle eestikeelne \u00f5ppe- ja kasvatustegevus j\u00f5ukohane k\u00f5rvalise abiga, siis v\u00f5ib rakendada lapsele \u00f5ppe- ja kasvatustegevuse l\u00e4biviimist lapse emakeeles. Haridusliku erivajadusega \u00f5pilast \u00f5petades v\u00f5ib peale eesti \u00f5ppekeele kasutada muud keelt, kui kooliv\u00e4line n\u00f5ustamismeeskond on \u00f5pilasele t\u00f5hustatud v\u00f5i eritoe rakendamise soovitust andes j\u00f5udnud j\u00e4reldusele, et eesti keeles \u00f5ppimine ei ole \u00f5pilase arengu erip\u00e4ra t\u00f5ttu j\u00f5ukohane. Kooliv\u00e4line n\u00f5ustamismeeskond annab soovitusi keelevalikuks vaid juhul, kui lapsel esineb hariduslik erivajadus, mille puhul ei piisa \u00fcldise toe raames pakutavast toest.<\/p>\n\n\n\n<p><strong>Eesti keele \u00f5petajad on Tiina Sireli ja Kaarin Hiiet<\/strong><\/p>\n\n\n\n<p>Eesti keele \u00f5petajaga saab kontakti Eliisi keskkonnas, s\u00f5numite vahendusel. Lisaks on v\u00f5imalik kohtuda lasteaias eelneva kokkuleppe alusel.<\/p>\n","protected":false},"excerpt":{"rendered":"<p>Lasteaia eesm\u00e4rk on pakkuda k\u00f5igile Eesti lastele, olenemata emakeelest, v\u00f5imalust omandada kvaliteetne eestikeelne haridus. P\u00e4\u00e4supesa on eestikeelne lasteaed ja eesti keele omandamine algab lapse lasteaeda tulekust. Eesti keele \u00f5petajad toetavad eraldi, eesti keelest erineva koduse keelega lapsi (3-7 aastased), kahel korral n\u00e4dalas v\u00e4ikeses grupis, aga ka individuaalselt. Eesti keele lisa\u00f5ppe eesm\u00e4rgiks on luua \u00f5ppekeelest erineva [&hellip;]<\/p>\n","protected":false},"author":7,"featured_media":0,"parent":0,"menu_order":0,"comment_status":"closed","ping_status":"closed","template":"","meta":{"_uag_custom_page_level_css":"","site-sidebar-layout":"default","site-content-layout":"","ast-site-content-layout":"default","site-content-style":"default","site-sidebar-style":"default","ast-global-header-display":"","ast-banner-title-visibility":"","ast-main-header-display":"","ast-hfb-above-header-display":"","ast-hfb-below-header-display":"","ast-hfb-mobile-header-display":"","site-post-title":"","ast-breadcrumbs-content":"","ast-featured-img":"","footer-sml-layout":"","ast-disable-related-posts":"","theme-transparent-header-meta":"","adv-header-id-meta":"","stick-header-meta":"","header-above-stick-meta":"","header-main-stick-meta":"","header-below-stick-meta":"","astra-migrate-meta-layouts":"set","ast-page-background-enabled":"default","ast-page-background-meta":{"desktop":{"background-color":"var(--ast-global-color-4)","background-image":"","background-repeat":"repeat","background-position":"center center","background-size":"auto","background-attachment":"scroll","background-type":"","background-media":"","overlay-type":"","overlay-color":"","overlay-opacity":"","overlay-gradient":""},"tablet":{"background-color":"","background-image":"","background-repeat":"repeat","background-position":"center center","background-size":"auto","background-attachment":"scroll","background-type":"","background-media":"","overlay-type":"","overlay-color":"","overlay-opacity":"","overlay-gradient":""},"mobile":{"background-color":"","background-image":"","background-repeat":"repeat","background-position":"center center","background-size":"auto","background-attachment":"scroll","background-type":"","background-media":"","overlay-type":"","overlay-color":"","overlay-opacity":"","overlay-gradient":""}},"ast-content-background-meta":{"desktop":{"background-color":"var(--ast-global-color-5)","background-image":"","background-repeat":"repeat","background-position":"center center","background-size":"auto","background-attachment":"scroll","background-type":"","background-media":"","overlay-type":"","overlay-color":"","overlay-opacity":"","overlay-gradient":""},"tablet":{"background-color":"var(--ast-global-color-5)","background-image":"","background-repeat":"repeat","background-position":"center center","background-size":"auto","background-attachment":"scroll","background-type":"","background-media":"","overlay-type":"","overlay-color":"","overlay-opacity":"","overlay-gradient":""},"mobile":{"background-color":"var(--ast-global-color-5)","background-image":"","background-repeat":"repeat","background-position":"center center","background-size":"auto","background-attachment":"scroll","background-type":"","background-media":"","overlay-type":"","overlay-color":"","overlay-opacity":"","overlay-gradient":""}},"footnotes":""},"class_list":["post-241","page","type-page","status-publish","hentry"],"uagb_featured_image_src":{"full":false,"thumbnail":false,"medium":false,"medium_large":false,"large":false,"1536x1536":false,"2048x2048":false},"uagb_author_info":{"display_name":"Tiina","author_link":"https:\/\/lasteaed.joelahtme.ee\/loo\/author\/anneli\/"},"uagb_comment_info":0,"uagb_excerpt":"Lasteaia eesm\u00e4rk on pakkuda k\u00f5igile Eesti lastele, olenemata emakeelest, v\u00f5imalust omandada kvaliteetne eestikeelne haridus. P\u00e4\u00e4supesa on eestikeelne lasteaed ja eesti keele omandamine algab lapse lasteaeda tulekust. Eesti keele \u00f5petajad toetavad eraldi, eesti keelest erineva koduse keelega lapsi (3-7 aastased), kahel korral n\u00e4dalas v\u00e4ikeses grupis, aga ka individuaalselt. Eesti keele lisa\u00f5ppe eesm\u00e4rgiks on luua \u00f5ppekeelest erineva&hellip;","_links":{"self":[{"href":"https:\/\/lasteaed.joelahtme.ee\/loo\/wp-json\/wp\/v2\/pages\/241","targetHints":{"allow":["GET"]}}],"collection":[{"href":"https:\/\/lasteaed.joelahtme.ee\/loo\/wp-json\/wp\/v2\/pages"}],"about":[{"href":"https:\/\/lasteaed.joelahtme.ee\/loo\/wp-json\/wp\/v2\/types\/page"}],"author":[{"embeddable":true,"href":"https:\/\/lasteaed.joelahtme.ee\/loo\/wp-json\/wp\/v2\/users\/7"}],"replies":[{"embeddable":true,"href":"https:\/\/lasteaed.joelahtme.ee\/loo\/wp-json\/wp\/v2\/comments?post=241"}],"version-history":[{"count":9,"href":"https:\/\/lasteaed.joelahtme.ee\/loo\/wp-json\/wp\/v2\/pages\/241\/revisions"}],"predecessor-version":[{"id":1367,"href":"https:\/\/lasteaed.joelahtme.ee\/loo\/wp-json\/wp\/v2\/pages\/241\/revisions\/1367"}],"wp:attachment":[{"href":"https:\/\/lasteaed.joelahtme.ee\/loo\/wp-json\/wp\/v2\/media?parent=241"}],"curies":[{"name":"wp","href":"https:\/\/api.w.org\/{rel}","templated":true}]}}