{"id":231,"date":"2022-01-03T13:27:39","date_gmt":"2022-01-03T13:27:39","guid":{"rendered":"http:\/\/lasteaed.joelahtme.ee\/loo\/?page_id=231"},"modified":"2022-01-06T10:00:26","modified_gmt":"2022-01-06T10:00:26","slug":"tervisedendus","status":"publish","type":"page","link":"https:\/\/lasteaed.joelahtme.ee\/loo\/tervisedendus\/","title":{"rendered":"Tervisedendus"},"content":{"rendered":"\n<p><strong>Tervist edendavate lasteaedade (TEL) v\u00f5rgustikku<\/strong> kuuluvad vabatahtlikkuse alusel liitunud lasteaiad, kes l\u00e4htuvad oma tegevuses tervist edendava lasteaia p\u00f5him\u00f5tetest .<\/p>\n\n\n\n<p><strong>Tervist edendava lasteaia eesm\u00e4rk on hoida ja edendada lapse tervist ning luua nii lastele kui t\u00f6\u00f6tajatele heaolu toetavad tingimused.<\/strong> <\/p>\n\n\n\n<p>Loo Lasteaed P\u00e4\u00e4supesa kuulub Tervist edendavate lasteaedade (TEL) v\u00f5rgustikku aastast 2005.<\/p>\n\n\n\n<p>Lasteaed on kodu k\u00f5rval oluline lapse arengu ja tervise toetaja. Lasteaias v\u00e4ljenduvad seosed hariduse ja tervise vahel \u2013 hea tervisega laps m\u00e4ngib ja \u00f5pib hea meelega. Kodu k\u00f5rval on lasteaed see koht, kus arendatakse laste sotsiaalseid oskusi ning kus \u00f5pitakse v\u00e4\u00e4rtustama tervist ja pannakse alus tervisliku eluviisi kujunemisele.<\/p>\n\n\n\n<p>See t\u00e4hendab s\u00fcsteemset ja j\u00e4rjepidevat arendust\u00f6\u00f6d, mis l\u00e4htub tervist ja heaolu m\u00f5jutavate valdkondade hindamisel selgunud vajadustest. Lasteaed planeerib oma arengu- ja tegevuskavasse abin\u00f5ud, mis aitavad edendada koost\u00f6\u00f6d kogukonnaga, luua tervist toetavat ps\u00fchh-osotsiaalset ja f\u00fc\u00fcsilist keskkonda ja kujundada laste tervisek\u00e4itumist.<\/p>\n\n\n\n<h5 class=\"wp-block-heading\">Laste tervisliku arengu ja heaolu toetamisel on olulised:<\/h5>\n\n\n\n<ul class=\"wp-block-list\"><li>lapse arengu stimuleerimine l\u00e4bi m\u00e4ngu, suhtlemise ja sotsiaalse toetuse;<\/li><li>eale sobiva ja tervisliku, sh mitmekesise, tasakaalustatud, ohutu ning toitumissoovitustele vastava toidu tagamine;<\/li><li>tervislike toitumis- jm harjumuste kujundamine;<\/li><li>igak\u00fclgse kehalise tegevuse soodustamine;<\/li><li>turvalise, tervist toetavaliku ja lapse arengut stimuleeriva f\u00fc\u00fcsilise ja ps\u00fchho-sotsiaalse keskkonna loomine;<\/li><li>isikliku h\u00fcgieeni ja suutervise edendamine;<\/li><li>vigastuste ennetamine;<\/li><li>vaimse tervise edendamine ja probleemide varajane m\u00e4rkamine;<\/li><li>passiivse suitsetamise v\u00e4ltimine;<\/li><li>laste hooletusse j\u00e4tmise m\u00e4rkamine ja v\u00e4\u00e4rkohtlemise ennetamine;<\/li><li>nakkushaiguste ennetamine;<\/li><li>arengu- ja k\u00e4itumish\u00e4irete varajane m\u00e4rkamine.<\/li><\/ul>\n","protected":false},"excerpt":{"rendered":"<p>Tervist edendavate lasteaedade (TEL) v\u00f5rgustikku kuuluvad vabatahtlikkuse alusel liitunud lasteaiad, kes l\u00e4htuvad oma tegevuses tervist edendava lasteaia p\u00f5him\u00f5tetest . Tervist edendava lasteaia eesm\u00e4rk on hoida ja edendada lapse tervist ning luua nii lastele kui t\u00f6\u00f6tajatele heaolu toetavad tingimused. Loo Lasteaed P\u00e4\u00e4supesa kuulub Tervist edendavate lasteaedade (TEL) v\u00f5rgustikku aastast 2005. Lasteaed on kodu k\u00f5rval oluline lapse [&hellip;]<\/p>\n","protected":false},"author":7,"featured_media":0,"parent":0,"menu_order":0,"comment_status":"closed","ping_status":"closed","template":"","meta":{"_uag_custom_page_level_css":"","site-sidebar-layout":"default","site-content-layout":"","ast-site-content-layout":"default","site-content-style":"default","site-sidebar-style":"default","ast-global-header-display":"","ast-banner-title-visibility":"","ast-main-header-display":"","ast-hfb-above-header-display":"","ast-hfb-below-header-display":"","ast-hfb-mobile-header-display":"","site-post-title":"","ast-breadcrumbs-content":"","ast-featured-img":"","footer-sml-layout":"","ast-disable-related-posts":"","theme-transparent-header-meta":"","adv-header-id-meta":"","stick-header-meta":"","header-above-stick-meta":"","header-main-stick-meta":"","header-below-stick-meta":"","astra-migrate-meta-layouts":"default","ast-page-background-enabled":"default","ast-page-background-meta":{"desktop":{"background-color":"var(--ast-global-color-4)","background-image":"","background-repeat":"repeat","background-position":"center center","background-size":"auto","background-attachment":"scroll","background-type":"","background-media":"","overlay-type":"","overlay-color":"","overlay-opacity":"","overlay-gradient":""},"tablet":{"background-color":"","background-image":"","background-repeat":"repeat","background-position":"center center","background-size":"auto","background-attachment":"scroll","background-type":"","background-media":"","overlay-type":"","overlay-color":"","overlay-opacity":"","overlay-gradient":""},"mobile":{"background-color":"","background-image":"","background-repeat":"repeat","background-position":"center center","background-size":"auto","background-attachment":"scroll","background-type":"","background-media":"","overlay-type":"","overlay-color":"","overlay-opacity":"","overlay-gradient":""}},"ast-content-background-meta":{"desktop":{"background-color":"var(--ast-global-color-5)","background-image":"","background-repeat":"repeat","background-position":"center center","background-size":"auto","background-attachment":"scroll","background-type":"","background-media":"","overlay-type":"","overlay-color":"","overlay-opacity":"","overlay-gradient":""},"tablet":{"background-color":"var(--ast-global-color-5)","background-image":"","background-repeat":"repeat","background-position":"center center","background-size":"auto","background-attachment":"scroll","background-type":"","background-media":"","overlay-type":"","overlay-color":"","overlay-opacity":"","overlay-gradient":""},"mobile":{"background-color":"var(--ast-global-color-5)","background-image":"","background-repeat":"repeat","background-position":"center center","background-size":"auto","background-attachment":"scroll","background-type":"","background-media":"","overlay-type":"","overlay-color":"","overlay-opacity":"","overlay-gradient":""}},"footnotes":""},"class_list":["post-231","page","type-page","status-publish","hentry"],"uagb_featured_image_src":{"full":false,"thumbnail":false,"medium":false,"medium_large":false,"large":false,"1536x1536":false,"2048x2048":false},"uagb_author_info":{"display_name":"Tiina","author_link":"https:\/\/lasteaed.joelahtme.ee\/loo\/author\/anneli\/"},"uagb_comment_info":0,"uagb_excerpt":"Tervist edendavate lasteaedade (TEL) v\u00f5rgustikku kuuluvad vabatahtlikkuse alusel liitunud lasteaiad, kes l\u00e4htuvad oma tegevuses tervist edendava lasteaia p\u00f5him\u00f5tetest . Tervist edendava lasteaia eesm\u00e4rk on hoida ja edendada lapse tervist ning luua nii lastele kui t\u00f6\u00f6tajatele heaolu toetavad tingimused. Loo Lasteaed P\u00e4\u00e4supesa kuulub Tervist edendavate lasteaedade (TEL) v\u00f5rgustikku aastast 2005. Lasteaed on kodu k\u00f5rval oluline lapse&hellip;","_links":{"self":[{"href":"https:\/\/lasteaed.joelahtme.ee\/loo\/wp-json\/wp\/v2\/pages\/231","targetHints":{"allow":["GET"]}}],"collection":[{"href":"https:\/\/lasteaed.joelahtme.ee\/loo\/wp-json\/wp\/v2\/pages"}],"about":[{"href":"https:\/\/lasteaed.joelahtme.ee\/loo\/wp-json\/wp\/v2\/types\/page"}],"author":[{"embeddable":true,"href":"https:\/\/lasteaed.joelahtme.ee\/loo\/wp-json\/wp\/v2\/users\/7"}],"replies":[{"embeddable":true,"href":"https:\/\/lasteaed.joelahtme.ee\/loo\/wp-json\/wp\/v2\/comments?post=231"}],"version-history":[{"count":3,"href":"https:\/\/lasteaed.joelahtme.ee\/loo\/wp-json\/wp\/v2\/pages\/231\/revisions"}],"predecessor-version":[{"id":288,"href":"https:\/\/lasteaed.joelahtme.ee\/loo\/wp-json\/wp\/v2\/pages\/231\/revisions\/288"}],"wp:attachment":[{"href":"https:\/\/lasteaed.joelahtme.ee\/loo\/wp-json\/wp\/v2\/media?parent=231"}],"curies":[{"name":"wp","href":"https:\/\/api.w.org\/{rel}","templated":true}]}}