{"id":225,"date":"2022-01-03T13:23:58","date_gmt":"2022-01-03T13:23:58","guid":{"rendered":"http:\/\/lasteaed.joelahtme.ee\/loo\/?page_id=225"},"modified":"2025-02-14T12:43:47","modified_gmt":"2025-02-14T10:43:47","slug":"dokumendiregister","status":"publish","type":"page","link":"https:\/\/lasteaed.joelahtme.ee\/loo\/dokumendiregister\/","title":{"rendered":"Dokumendid"},"content":{"rendered":"\n<p class=\"has-ast-global-color-7-color has-text-color has-link-color wp-elements-c611b3f6e47f33594400f316c27c623a\"><strong>Loo Lasteaed P\u00e4\u00e4supesa arengukava 2024-2026<\/strong>:<\/p>\n\n\n\n<div class=\"wp-block-file\"><a id=\"wp-block-file--media-54a355d7-9f96-4722-9bc0-b559246c0a09\" href=\"https:\/\/lasteaed.joelahtme.ee\/loo\/wp-content\/uploads\/sites\/3\/2024\/08\/Loo-Lasteaed-Paasupesa-ARENGUKAVA-2024-2026-1.pdf\">Loo-Lasteaed-Paasupesa-ARENGUKAVA-2024-2026-1<\/a><a href=\"https:\/\/lasteaed.joelahtme.ee\/loo\/wp-content\/uploads\/sites\/3\/2024\/08\/Loo-Lasteaed-Paasupesa-ARENGUKAVA-2024-2026-1.pdf\" class=\"wp-block-file__button wp-element-button\" download aria-describedby=\"wp-block-file--media-54a355d7-9f96-4722-9bc0-b559246c0a09\">Laadi alla<\/a><\/div>\n\n\n\n<p><strong>Loo Lasteaed P\u00e4\u00e4supesa p\u00f5him\u00e4\u00e4rus:<\/strong> <a href=\"https:\/\/www.riigiteataja.ee\/akt\/429122016013?leiaKehtiv\">https:\/\/www.riigiteataja.ee<\/a><\/p>\n\n\n\n<p><\/p>\n\n\n\n<p><\/p>\n\n\n\n<p><strong>Loo Lasteaed P\u00e4\u00e4supesa tugis\u00fcsteemide rakendamise kord: <\/strong><\/p>\n\n\n\n<div class=\"wp-block-file\"><a id=\"wp-block-file--media-30d2c4ce-1461-4df1-8579-7f4fd3938adf\" href=\"https:\/\/lasteaed.joelahtme.ee\/loo\/wp-content\/uploads\/sites\/3\/2024\/08\/Loo-Lasteaed-Paasupesa-tugisusteemide-rakendamise-kord.pdf\">tugis\u00fcsteemide-rakendamise-kord<\/a><a href=\"https:\/\/lasteaed.joelahtme.ee\/loo\/wp-content\/uploads\/sites\/3\/2024\/08\/Loo-Lasteaed-Paasupesa-tugisusteemide-rakendamise-kord.pdf\" class=\"wp-block-file__button wp-element-button\" download aria-describedby=\"wp-block-file--media-30d2c4ce-1461-4df1-8579-7f4fd3938adf\">Laadi alla<\/a><\/div>\n\n\n\n<p><strong>J\u00f5el\u00e4htme valla \u00f5igusaktid<\/strong><\/p>\n\n\n\n<ul class=\"wp-block-list\">\n<li><a href=\"http:\/\/lasteaed.joelahtme.ee\/wp-content\/uploads\/2022\/04\/Lapse-koolieelsesse-lasteasutusse-vastuvotmise-ja-valjaarvamise-kord.pdf\">Lapse koolieelsesse lasteasutusse vastuv\u00f5tmise ja v\u00e4ljaarvamise kord<\/a><\/li>\n\n\n\n<li><a href=\"https:\/\/www.riigiteataja.ee\/akt\/429122021003?leiaKehtiv\">Koolieelsetes lasteasutustes lapsevanema poolt kaetava osa m\u00e4\u00e4r ja tasumise kord<\/a><\/li>\n<\/ul>\n\n\n\n<p><a href=\"https:\/\/kaustik.ee\/?page=pub_startup&amp;tid=-1&amp;desktop=10016&amp;u=20100712205131&amp;unit_id=1693199\">Dokumendiregister<\/a><\/p>\n\n\n\n<p><\/p>\n","protected":false},"excerpt":{"rendered":"<p>Loo Lasteaed P\u00e4\u00e4supesa arengukava 2024-2026: Loo Lasteaed P\u00e4\u00e4supesa p\u00f5him\u00e4\u00e4rus: https:\/\/www.riigiteataja.ee Loo Lasteaed P\u00e4\u00e4supesa tugis\u00fcsteemide rakendamise kord: J\u00f5el\u00e4htme valla \u00f5igusaktid Dokumendiregister<\/p>\n","protected":false},"author":7,"featured_media":0,"parent":0,"menu_order":0,"comment_status":"closed","ping_status":"closed","template":"","meta":{"_uag_custom_page_level_css":"","site-sidebar-layout":"default","site-content-layout":"","ast-site-content-layout":"default","site-content-style":"default","site-sidebar-style":"default","ast-global-header-display":"","ast-banner-title-visibility":"","ast-main-header-display":"","ast-hfb-above-header-display":"","ast-hfb-below-header-display":"","ast-hfb-mobile-header-display":"","site-post-title":"","ast-breadcrumbs-content":"","ast-featured-img":"","footer-sml-layout":"","ast-disable-related-posts":"","theme-transparent-header-meta":"","adv-header-id-meta":"","stick-header-meta":"","header-above-stick-meta":"","header-main-stick-meta":"","header-below-stick-meta":"","astra-migrate-meta-layouts":"set","ast-page-background-enabled":"default","ast-page-background-meta":{"desktop":{"background-color":"var(--ast-global-color-4)","background-image":"","background-repeat":"repeat","background-position":"center center","background-size":"auto","background-attachment":"scroll","background-type":"","background-media":"","overlay-type":"","overlay-color":"","overlay-opacity":"","overlay-gradient":""},"tablet":{"background-color":"","background-image":"","background-repeat":"repeat","background-position":"center center","background-size":"auto","background-attachment":"scroll","background-type":"","background-media":"","overlay-type":"","overlay-color":"","overlay-opacity":"","overlay-gradient":""},"mobile":{"background-color":"","background-image":"","background-repeat":"repeat","background-position":"center center","background-size":"auto","background-attachment":"scroll","background-type":"","background-media":"","overlay-type":"","overlay-color":"","overlay-opacity":"","overlay-gradient":""}},"ast-content-background-meta":{"desktop":{"background-color":"var(--ast-global-color-5)","background-image":"","background-repeat":"repeat","background-position":"center center","background-size":"auto","background-attachment":"scroll","background-type":"","background-media":"","overlay-type":"","overlay-color":"","overlay-opacity":"","overlay-gradient":""},"tablet":{"background-color":"var(--ast-global-color-5)","background-image":"","background-repeat":"repeat","background-position":"center center","background-size":"auto","background-attachment":"scroll","background-type":"","background-media":"","overlay-type":"","overlay-color":"","overlay-opacity":"","overlay-gradient":""},"mobile":{"background-color":"var(--ast-global-color-5)","background-image":"","background-repeat":"repeat","background-position":"center center","background-size":"auto","background-attachment":"scroll","background-type":"","background-media":"","overlay-type":"","overlay-color":"","overlay-opacity":"","overlay-gradient":""}},"footnotes":""},"class_list":["post-225","page","type-page","status-publish","hentry"],"uagb_featured_image_src":{"full":false,"thumbnail":false,"medium":false,"medium_large":false,"large":false,"1536x1536":false,"2048x2048":false},"uagb_author_info":{"display_name":"Tiina","author_link":"https:\/\/lasteaed.joelahtme.ee\/loo\/author\/anneli\/"},"uagb_comment_info":0,"uagb_excerpt":"Loo Lasteaed P\u00e4\u00e4supesa arengukava 2024-2026: Loo Lasteaed P\u00e4\u00e4supesa p\u00f5him\u00e4\u00e4rus: https:\/\/www.riigiteataja.ee Loo Lasteaed P\u00e4\u00e4supesa tugis\u00fcsteemide rakendamise kord: J\u00f5el\u00e4htme valla \u00f5igusaktid Dokumendiregister","_links":{"self":[{"href":"https:\/\/lasteaed.joelahtme.ee\/loo\/wp-json\/wp\/v2\/pages\/225","targetHints":{"allow":["GET"]}}],"collection":[{"href":"https:\/\/lasteaed.joelahtme.ee\/loo\/wp-json\/wp\/v2\/pages"}],"about":[{"href":"https:\/\/lasteaed.joelahtme.ee\/loo\/wp-json\/wp\/v2\/types\/page"}],"author":[{"embeddable":true,"href":"https:\/\/lasteaed.joelahtme.ee\/loo\/wp-json\/wp\/v2\/users\/7"}],"replies":[{"embeddable":true,"href":"https:\/\/lasteaed.joelahtme.ee\/loo\/wp-json\/wp\/v2\/comments?post=225"}],"version-history":[{"count":13,"href":"https:\/\/lasteaed.joelahtme.ee\/loo\/wp-json\/wp\/v2\/pages\/225\/revisions"}],"predecessor-version":[{"id":1554,"href":"https:\/\/lasteaed.joelahtme.ee\/loo\/wp-json\/wp\/v2\/pages\/225\/revisions\/1554"}],"wp:attachment":[{"href":"https:\/\/lasteaed.joelahtme.ee\/loo\/wp-json\/wp\/v2\/media?parent=225"}],"curies":[{"name":"wp","href":"https:\/\/api.w.org\/{rel}","templated":true}]}}