{"id":223,"date":"2022-01-03T13:23:36","date_gmt":"2022-01-03T13:23:36","guid":{"rendered":"http:\/\/lasteaed.joelahtme.ee\/loo\/?page_id=223"},"modified":"2023-11-24T08:06:35","modified_gmt":"2023-11-24T08:06:35","slug":"andmekaitse-tingimused","status":"publish","type":"page","link":"https:\/\/lasteaed.joelahtme.ee\/loo\/andmekaitse-tingimused\/","title":{"rendered":"Andmekaitse tingimused"},"content":{"rendered":"\n<p><strong>Loo Lasteaed P\u00e4\u00e4supesa andmet\u00f6\u00f6tlustingimused ehk privaatsuspoliitika<\/strong><\/p>\n\n\n\n<p><strong>Veebilehe vastutav t\u00f6\u00f6tleja on Loo Lasteaed P\u00e4\u00e4supesa.<\/strong><\/p>\n\n\n\n<p><strong>Kontaktandmed<\/strong>:<br>* Saha tee 12, Loo alevik, Harju maakond<br>* Telefon: +372 608 2535<br>* e-post:&nbsp; <a href=\"mailto:loopesa@gmail.com\">loopesa@gmail.com<\/a>       <\/p>\n\n\n\n<p><strong>Veebileht<\/strong>:&nbsp;<a href=\"http:\/\/loolasteaed.ee\/\">http:\/\/loolasteaed.ee\/<\/a><\/p>\n\n\n\n<p>Veebilehe volitatud t\u00f6\u00f6tleja ja infotehnoloogia haldaja on Telia Eesti AS.<br>Registrikood: 10234957<br>KMKR nr: EE100070008<br>Mustam\u00e4e tee 3, 15033 Tallinn<br>e-post:&nbsp;<a href=\"mailto:info@telia.ee\">info@telia.ee<\/a><br>Veebileht: <a href=\"https:\/\/www.telia.ee\">https:\/\/www.telia.ee<\/a><\/p>\n\n\n\n<p><strong>Privaatsuspoliitika<\/strong> annab \u00fclevaate, kuidas Loo Lasteaed P\u00e4\u00e4supesa (edaspidi&nbsp;<em>lasteaed<\/em>) kui J\u00f5el\u00e4htme Vallavalitsuse hallatav allasutus kasutab ja hoiab oma tegevuse k\u00e4igus saadud isikuandmeid.<\/p>\n\n\n\n<p>Lasteaed l\u00e4htub p\u00f5him\u00f5ttest, et tema tegevus on avalik ning iga\u00fchel on \u00f5igus tutvuda asutuse t\u00f6\u00f6 tulemustega ja avalikustamisele kuuluvate dokumentidega lasteaia veebilehe v\u00f5i dokumendiregistri vahendusel.<\/p>\n\n\n\n<p>Selliste dokumentide ja muus vormis teabe v\u00e4ljastamine, mida avalikes registrites ei avalikustata, otsustatakse konkreetse teaben\u00f5ude alusel.<\/p>\n\n\n\n<p><strong>Isikuandmete t\u00f6\u00f6tlemise alused<\/strong><\/p>\n\n\n\n<p>Isikuandmed on mistahes andmed, mis v\u00f5imaldavad isiku tuvastada. Isikuandmete t\u00f6\u00f6tlemine on mistahes isikuandmetega tehtav toiming.<\/p>\n\n\n\n<p>Lasteaed t\u00f6\u00f6tleb isikuandmeid seoses avalike \u00fclesannete t\u00e4itmise v\u00f5i teaben\u00f5uete lahendamisega. Seejuures l\u00e4htutakse peamiselt\u00a0<a href=\"https:\/\/www.riigiteataja.ee\/akt\/111032023011?leiaKehtiv\"><strong>isikuandmete kaitse seadusest (edaspidi\u00a0<em>IKS<\/em>)<\/strong><\/a>,\u00a0<a href=\"https:\/\/www.riigiteataja.ee\/akt\/104072017011?leiaKehtiv\"><strong>avaliku teabe seadusest (edaspidi\u00a0<em>AvTS<\/em>)<\/strong><\/a>, asutuse sisemise tegevuse korraldamiseks kehtestatud \u00f5igusaktidest ning alates 25.05.2018\u00a0<a href=\"http:\/\/eur-lex.europa.eu\/legal-content\/ET\/TXT\/PDF\/?uri=CELEX:32016R0679&amp;from=ET\"><strong>isikuandmete kaitse \u00fcldm\u00e4\u00e4rusest<\/strong><\/a>.<\/p>\n\n\n\n<p>T\u00f6\u00f6korraldusega tagatakse, et isikuandmete t\u00f6\u00f6tlemisel riivatakse isikute eraelu puutumatust v\u00f5imalikult v\u00e4he.<\/p>\n\n\n\n<p><strong>Juurdep\u00e4\u00e4supiirangud ja dokumentide s\u00e4ilitust\u00e4htajad<\/strong><\/p>\n\n\n\n<p>Lasteaeda saabunud dokumendid registreeritakse Eesti Koolide Infos\u00fcsteemis (edaspidi <em>EKIS<\/em>) lasteaia dokumendiregistris.<\/p>\n\n\n\n<p>Kui lasteaiale esitatud dokument sisaldab isikuandmeid, millele avaliku juurdep\u00e4\u00e4su v\u00f5imaldamine ei ole seaduse alusel lubatud, kehtestab sekret\u00e4r v\u00f5i direktor sellele juurdep\u00e4\u00e4supiirangu. Dokumendiregistris kuvatakse p\u00f6\u00f6rdumise registriandmed, sealhulgas saatja\/saaja nimi (avalikus vaates \u2013 eesnime ja perekonnanime esit\u00e4hed). Tundlikuma sisuga dokumendi pealkiri n\u00e4idatakse \u00fcksnes dokumendi liigina (avaldus, teaben\u00f5ue, vaie). Avalikus vaates dokumendi sisu ei avalikustata. Kui p\u00f6\u00f6rdumises on m\u00e4rgitud, et tegemist on avaliku kirjaga, avalikustatakse see dokumendiregistris koos saatja nimega.<\/p>\n\n\n\n<p>Teaben\u00f5ude saamisel vaadatakse \u00fcle, kas k\u00fcsitud dokumenti saab osaliselt v\u00f5i t\u00e4ielikult v\u00e4lja anda. Kindlasti kaetakse kinni isiklikud kontaktandmed, nagu aadress, e-posti aadress v\u00f5i telefoninumber (v.a juhul, kui isik peab kirjavahetust juriidilise isiku v\u00f5i asutuse esindajana). Muus osas s\u00f5ltub juurdep\u00e4\u00e4su kohaldamine dokumendi sisust. V\u00f5imalikud juurdep\u00e4\u00e4supiirangute alused on toodud AvTS \u00a7-s 35.<\/p>\n\n\n\n<p>Juurdep\u00e4\u00e4supiirangute kui ka dokumentide s\u00e4ilitust\u00e4htaegadega on v\u00f5imalik tutvuda lasteaia&nbsp;<strong>dokumentide loetelus.<\/strong><\/p>\n\n\n\n<p>Hoolimata juurdep\u00e4\u00e4supiirangust v\u00e4ljastatakse dokument asutusele v\u00f5i isikule, kellel on otsene seadusest tulenev \u00f5igus seda k\u00fcsida, n\u00e4iteks kohtueelne menetleja v\u00f5i kohus. Kohtuasjadega seotud dokumentidele kohaldatakse juurdep\u00e4\u00e4supiirang v\u00e4hemalt kohtuasja menetlemise ajaks (AvTS \u00a7 35 lg 1 p 19 koos muust seadusest tuleneva s\u00e4ttega).<\/p>\n\n\n\n<p><strong>P\u00f6\u00f6rdumisele vastamine<\/strong><\/p>\n\n\n\n<p>Isiku p\u00f6\u00f6rdumisele vastatakse p\u00f6\u00f6rduja poolt valitud viisil &#8211; telefoni, meili v\u00f5i kirja teel. Juhul, kui isik soovib vastust saada tavaposti teel, siis vastatakse talle, olenevalt teema delikaatsusest, kas liht- v\u00f5i t\u00e4hitud kirjaga. Olenevalt teema delikaatsusest edastatakse vastus kr\u00fcptitud v\u00f5i kr\u00fcptimata e-mailiga. <\/p>\n\n\n\n<p><strong>Andmete edastamine kolmandatele isikutele haldusmenetluse raames<\/strong><\/p>\n\n\n\n<p>Kui haldusmenetluse raames tuleb andmeid edastada kolmandatele isikutele, l\u00e4htub lasteaed IKS,&nbsp;<a href=\"https:\/\/www.riigiteataja.ee\/akt\/128122017021?leiaKehtiv\"><strong>haldusmenetluse seadusest (edaspidi HMS)<\/strong><\/a>, AvTS ja teistest \u00f5igusaktidest.<\/p>\n\n\n\n<p>HMS j\u00e4rgi on iga\u00fchel \u00f5igus menetluse igas staadiumis tutvuda lasteaias s\u00e4ilitatavate dokumentidega, mis on haldusmenetlusega seotud. Dokumentidega saab tutvuda \u00fcldjuhul lasteaia t\u00f6\u00f6ruumides juhtkonna juuresolekul. Lasteaed v\u00f5ib keelata toimiku, dokumendi v\u00f5i selle osaga tutvumise, kui selles sisalduvaid andmeid on seaduse kohaselt keelatud avaldada.<\/p>\n\n\n\n<p>AvTS \u00a7 35 lg 1 p 2 kohaselt on teabevaldaja kohustatud tunnistama asutusesiseseks kasutamiseks m\u00f5eldud teabeks 1) riikliku j\u00e4relevalve, haldusj\u00e4relevalve ja teenistusliku j\u00e4relevalve menetluse k\u00e4igus kogutud teabe kuni selle kohta tehtud otsuse j\u00f5ustumiseni.<\/p>\n\n\n\n<p><strong>Isikuandmete edastamine andmekogudesse<\/strong><\/p>\n\n\n\n<p>Lasteaed edastab andmekogudesse oma tegevusvaldkonnaga seotud andmeid. Kui eraisik soovib teavet, millistesse andmekogudesse lasteaed isikuandmeid edastab, tuleb p\u00f6\u00f6rduda teaben\u00f5udega otse lasteaia poole.<\/p>\n\n\n\n<p>Lasteaia andmekogud, sh neis kogutavate andmete koosseis, on registreeritud riigi infos\u00fcsteemi halduse infos\u00fcsteemis (RIHA), andmekogude p\u00f5him\u00e4\u00e4rustega saab tutvuda Riigi Teatajas.<\/p>\n\n\n\n<p>Andmekogudes isikuandmeid sisaldavaid osi avaandmetena ei esitata.<\/p>\n\n\n\n<p><strong>Asutusse t\u00f6\u00f6le kandideerijatelt kogutavad andmed ja nende s\u00e4ilitamise t\u00e4htaeg<\/strong><\/p>\n\n\n\n<p>Kandideerijal palutakse \u00fcldjuhul esitada CV ja haridust t\u00f5endav dokument ning konkursi tingimuste korral motivatsioonikiri. Andmete kogumist v\u00e4rbamisel reguleerib Loo Lasteaed P\u00e4\u00e4supesa v\u00e4rbamise kord.<\/p>\n\n\n\n<p>V\u00e4rbamisest ja valikust tehakse kokkuv\u00f5te, mida s\u00e4ilitatakse lasteaia \u00fchtse asjaajamiskorra kohaselt. Kokkuv\u00f5te sisaldab ametikoha nimetust, kuulutuse avaldamise aega ja kohta, dokumentide esitamise t\u00e4htaega, kandideerivate isikute ja intervjuule kutsutud kandidaatide arvu, valiku tegemise kuup\u00e4eva ja tulemust koos valikuotsuse p\u00f5hjendusega ning muud vajalikku teavet. V\u00e4rbamise ja valiku k\u00e4igus kandidaatidelt kogutud dokumente s\u00e4ilitatakse 150 p\u00e4eva valiku l\u00f5ppotsuse tegemisest, misj\u00e4rel andmed h\u00e4vitatakse, v.a juhul, kui kandidaat annab kirjaliku loa dokumentide s\u00e4ilitamiseks. Kandidaadil on \u00f5igus saada teavet v\u00e4rbamise ja valiku k\u00e4igus tema kohta kogutud andmete ning teda puudutavate otsuste tegemise kohta.<\/p>\n\n\n\n<p>Ametikohale kandideerijate andmeid ei avalikustata teistele kandidaatidele.<\/p>\n\n\n\n<p><strong>\u00d5igus tutvuda enda kohta k\u00e4ivate andmetega<\/strong><\/p>\n\n\n\n<p>Isikuandmete kaitse seaduse kohaselt on isikul \u00f5igus tutvuda andmetega, mida asutus tema kohta valdab. Selleks on v\u00f5imalik esitada asjaomasele asutusele teaben\u00f5ue.<\/p>\n\n\n\n<p>Asutusel on \u00f5igus keelduda andmetega tutvumise soovi t\u00e4itmast, kui selline kohustus tuleneb seadusest ja ennek\u00f5ike, kui see v\u00f5ib:<\/p>\n\n\n\n<ul class=\"wp-block-list\">\n<li>kahjustada teise isiku \u00f5igusi ja vabadusi,<\/li>\n\n\n\n<li>takistada kuriteo t\u00f5kestamist v\u00f5i kurjategija tabamist,<\/li>\n\n\n\n<li>raskendada t\u00f5e v\u00e4ljaselgitamist kriminaalmenetluses,<\/li>\n\n\n\n<li>ohustada lapse p\u00f5lvnemise saladuse kaitsmist.<\/li>\n<\/ul>\n\n\n\n<p><strong>\u00d5igus n\u00f5uda eba\u00f5igete isikuandmete parandamist v\u00f5i andmete kustutamist<\/strong><\/p>\n\n\n\n<p>Lasteaed on huvitatud, et asutusele \u00fcle antud ja s\u00e4ilitatav teave oleks \u00f5ige. Igal isikul on \u00f5igus n\u00f5uda oma eba\u00f5igete isikuandmete parandamist. Kui lasteaial ei ole enam isikuandmete t\u00f6\u00f6tlemiseks seaduslikku alust, v\u00f5ib isik n\u00f5uda isikuandmete t\u00f6\u00f6tlemise l\u00f5petamist v\u00f5i kustutamist. Kui andmeid t\u00f6\u00f6deldakse (sh s\u00e4ilitatakse) seaduse alusel, siis selliste andmete kustutamist n\u00f5uda ei saa.<\/p>\n\n\n\n<p><strong>Teaben\u00f5ude korras andmete v\u00e4ljastamisel tasu maksmine<\/strong><\/p>\n\n\n\n<p>Andmete v\u00e4ljastamise eest paberil on lasteaial \u00f5igus alates 21. lehek\u00fcljest n\u00f5uda tasu kuni 0,19 eurot iga v\u00e4ljastatud lehek\u00fclje eest.<\/p>\n\n\n\n<p><strong>J\u00e4relevalve teostamine<\/strong><\/p>\n\n\n\n<p>Isikuandmete kaitse seaduses ja selle alusel kehtestatud \u00f5igusaktides s\u00e4testatud n\u00f5uete t\u00e4itmise \u00fcle teostab riiklikku ja haldusj\u00e4relevalvet Andmekaitse Inspektsioon.<\/p>\n\n\n\n<p><\/p>\n","protected":false},"excerpt":{"rendered":"<p>Loo Lasteaed P\u00e4\u00e4supesa andmet\u00f6\u00f6tlustingimused ehk privaatsuspoliitika Veebilehe vastutav t\u00f6\u00f6tleja on Loo Lasteaed P\u00e4\u00e4supesa. Kontaktandmed:* Saha tee 12, Loo alevik, Harju maakond* Telefon: +372 608 2535* e-post:&nbsp; loopesa@gmail.com Veebileht:&nbsp;http:\/\/loolasteaed.ee\/ Veebilehe volitatud t\u00f6\u00f6tleja ja infotehnoloogia haldaja on Telia Eesti AS.Registrikood: 10234957KMKR nr: EE100070008Mustam\u00e4e tee 3, 15033 Tallinne-post:&nbsp;info@telia.eeVeebileht: https:\/\/www.telia.ee Privaatsuspoliitika annab \u00fclevaate, kuidas Loo Lasteaed P\u00e4\u00e4supesa (edaspidi&nbsp;lasteaed) kui [&hellip;]<\/p>\n","protected":false},"author":7,"featured_media":0,"parent":0,"menu_order":0,"comment_status":"closed","ping_status":"closed","template":"","meta":{"_uag_custom_page_level_css":"","site-sidebar-layout":"default","site-content-layout":"","ast-site-content-layout":"default","site-content-style":"default","site-sidebar-style":"default","ast-global-header-display":"","ast-banner-title-visibility":"","ast-main-header-display":"","ast-hfb-above-header-display":"","ast-hfb-below-header-display":"","ast-hfb-mobile-header-display":"","site-post-title":"","ast-breadcrumbs-content":"","ast-featured-img":"","footer-sml-layout":"","ast-disable-related-posts":"","theme-transparent-header-meta":"","adv-header-id-meta":"","stick-header-meta":"","header-above-stick-meta":"","header-main-stick-meta":"","header-below-stick-meta":"","astra-migrate-meta-layouts":"set","ast-page-background-enabled":"default","ast-page-background-meta":{"desktop":{"background-color":"var(--ast-global-color-4)","background-image":"","background-repeat":"repeat","background-position":"center center","background-size":"auto","background-attachment":"scroll","background-type":"","background-media":"","overlay-type":"","overlay-color":"","overlay-opacity":"","overlay-gradient":""},"tablet":{"background-color":"","background-image":"","background-repeat":"repeat","background-position":"center center","background-size":"auto","background-attachment":"scroll","background-type":"","background-media":"","overlay-type":"","overlay-color":"","overlay-opacity":"","overlay-gradient":""},"mobile":{"background-color":"","background-image":"","background-repeat":"repeat","background-position":"center center","background-size":"auto","background-attachment":"scroll","background-type":"","background-media":"","overlay-type":"","overlay-color":"","overlay-opacity":"","overlay-gradient":""}},"ast-content-background-meta":{"desktop":{"background-color":"var(--ast-global-color-5)","background-image":"","background-repeat":"repeat","background-position":"center center","background-size":"auto","background-attachment":"scroll","background-type":"","background-media":"","overlay-type":"","overlay-color":"","overlay-opacity":"","overlay-gradient":""},"tablet":{"background-color":"var(--ast-global-color-5)","background-image":"","background-repeat":"repeat","background-position":"center center","background-size":"auto","background-attachment":"scroll","background-type":"","background-media":"","overlay-type":"","overlay-color":"","overlay-opacity":"","overlay-gradient":""},"mobile":{"background-color":"var(--ast-global-color-5)","background-image":"","background-repeat":"repeat","background-position":"center center","background-size":"auto","background-attachment":"scroll","background-type":"","background-media":"","overlay-type":"","overlay-color":"","overlay-opacity":"","overlay-gradient":""}},"footnotes":""},"class_list":["post-223","page","type-page","status-publish","hentry"],"uagb_featured_image_src":{"full":false,"thumbnail":false,"medium":false,"medium_large":false,"large":false,"1536x1536":false,"2048x2048":false},"uagb_author_info":{"display_name":"Tiina","author_link":"https:\/\/lasteaed.joelahtme.ee\/loo\/author\/anneli\/"},"uagb_comment_info":0,"uagb_excerpt":"Loo Lasteaed P\u00e4\u00e4supesa andmet\u00f6\u00f6tlustingimused ehk privaatsuspoliitika Veebilehe vastutav t\u00f6\u00f6tleja on Loo Lasteaed P\u00e4\u00e4supesa. Kontaktandmed:* Saha tee 12, Loo alevik, Harju maakond* Telefon: +372 608 2535* e-post:&nbsp; loopesa@gmail.com Veebileht:&nbsp;http:\/\/loolasteaed.ee\/ Veebilehe volitatud t\u00f6\u00f6tleja ja infotehnoloogia haldaja on Telia Eesti AS.Registrikood: 10234957KMKR nr: EE100070008Mustam\u00e4e tee 3, 15033 Tallinne-post:&nbsp;info@telia.eeVeebileht: https:\/\/www.telia.ee Privaatsuspoliitika annab \u00fclevaate, kuidas Loo Lasteaed P\u00e4\u00e4supesa (edaspidi&nbsp;lasteaed) kui&hellip;","_links":{"self":[{"href":"https:\/\/lasteaed.joelahtme.ee\/loo\/wp-json\/wp\/v2\/pages\/223","targetHints":{"allow":["GET"]}}],"collection":[{"href":"https:\/\/lasteaed.joelahtme.ee\/loo\/wp-json\/wp\/v2\/pages"}],"about":[{"href":"https:\/\/lasteaed.joelahtme.ee\/loo\/wp-json\/wp\/v2\/types\/page"}],"author":[{"embeddable":true,"href":"https:\/\/lasteaed.joelahtme.ee\/loo\/wp-json\/wp\/v2\/users\/7"}],"replies":[{"embeddable":true,"href":"https:\/\/lasteaed.joelahtme.ee\/loo\/wp-json\/wp\/v2\/comments?post=223"}],"version-history":[{"count":5,"href":"https:\/\/lasteaed.joelahtme.ee\/loo\/wp-json\/wp\/v2\/pages\/223\/revisions"}],"predecessor-version":[{"id":1301,"href":"https:\/\/lasteaed.joelahtme.ee\/loo\/wp-json\/wp\/v2\/pages\/223\/revisions\/1301"}],"wp:attachment":[{"href":"https:\/\/lasteaed.joelahtme.ee\/loo\/wp-json\/wp\/v2\/media?parent=223"}],"curies":[{"name":"wp","href":"https:\/\/api.w.org\/{rel}","templated":true}]}}