{"id":1499,"date":"2024-10-15T07:14:44","date_gmt":"2024-10-15T07:14:44","guid":{"rendered":"https:\/\/lasteaed.joelahtme.ee\/loo\/?page_id=1499"},"modified":"2026-02-12T09:31:08","modified_gmt":"2026-02-12T07:31:08","slug":"roheline-kool","status":"publish","type":"page","link":"https:\/\/lasteaed.joelahtme.ee\/loo\/roheline-kool\/","title":{"rendered":"Roheline kool"},"content":{"rendered":"\n<div class=\"wp-block-uagb-image aligncenter uagb-block-6bfd4608 wp-block-uagb-image--layout-default wp-block-uagb-image--effect-static wp-block-uagb-image--align-center\"><figure class=\"wp-block-uagb-image__figure\"><img decoding=\"async\" src=\"https:\/\/lasteaed.joelahtme.ee\/loo\/wp-content\/uploads\/sites\/3\/2024\/10\/roheline_kool_logo_est.png\" alt=\"\" class=\"uag-image-1510\" width=\"150\" height=\"749\" title=\"roheline_kool_logo_est\" loading=\"lazy\" role=\"img\" \/><\/figure><\/div>\n\n\n\n<div class=\"wp-block-uagb-container uagb-block-d55f2c1d alignfull uagb-is-root-container\"><div class=\"uagb-container-inner-blocks-wrap\"><\/div><\/div>\n\n\n\n<p><strong>Loo Lasteaed P\u00e4\u00e4supesa on liitunud programmiga \u201cRoheline kool\u201d, mis toob keskkonnahoidlikku m\u00f5tteviisi \u00f5ppeasutuse igap\u00e4evastesse tegevustesse ning aitab seda s\u00fcsteemselt ja terviklikult rakendada. See aitab kaasa vastutustundlike, keskkonda hoidvate ja v\u00e4\u00e4rtustavate inimeste kujunemisele. Kaasatud on k\u00f5ik \u2013 lasteaialapsed, \u00f5petajad ja lasteaia personal kuni lapsevanemateni v\u00e4lja.<\/strong><\/p>\n\n\n\n<div class=\"wp-block-uagb-container uagb-block-31a5e129 alignfull uagb-is-root-container\"><div class=\"uagb-container-inner-blocks-wrap\">\n<div class=\"wp-block-uagb-container uagb-block-78d73197\"><\/div>\n\n\n\n<div class=\"wp-block-uagb-container uagb-block-ead1882a\"><\/div>\n<\/div><\/div>\n\n\n\n<p><strong>Lasteaia Rohelise kooli programmi tegemisi saate j\u00e4lgida blogist<\/strong> &#8211; <a href=\"https:\/\/rohelineloolasteaed.blogspot.com\/\">Roheline Loo Lasteaed P\u00e4\u00e4supesa<\/a><\/p>\n\n\n\n<div class=\"wp-block-uagb-image uagb-block-1b5f749c wp-block-uagb-image--layout-default wp-block-uagb-image--effect-static wp-block-uagb-image--align-none\"><figure class=\"wp-block-uagb-image__figure\"><img decoding=\"async\" src=\"https:\/\/lasteaed.joelahtme.ee\/loo\/wp-content\/uploads\/sites\/3\/2026\/01\/325_5017_Rohetiim_0_81-1-rohetiim-2025-1024x684.jpg\" alt=\"\" class=\"uag-image-1737\" width=\"3456\" height=\"2307\" title=\"325_5017_Rohetiim_0_81 (1) rohetiim 2025\" loading=\"lazy\" role=\"img\" \/><\/figure><\/div>\n\n\n\n<p>Loo Lasteaia P\u00e4\u00e4supesa Rohetiimi liikmed: K\u00e4thlin, Pille, Kaili, Aivi, Karin, Teele, Kersti, Krista, Tiiu, Annika, Helena, Heidi. <\/p>\n\n\n\n<p><strong>Rohetiimi fookusteemad 2025\/2026 \u00f5ppeaastal: <br>1. PR\u00dcGI <\/strong><\/p>\n\n\n\n<div class=\"wp-block-uagb-container uagb-block-81772fd8 alignfull uagb-is-root-container\"><div class=\"uagb-container-inner-blocks-wrap\">\n<div class=\"wp-block-uagb-container uagb-block-e1d26f1a\">\n<div class=\"wp-block-uagb-image uagb-block-fcc3b42b wp-block-uagb-image--layout-default wp-block-uagb-image--effect-static wp-block-uagb-image--align-none\"><figure class=\"wp-block-uagb-image__figure\"><img decoding=\"async\" src=\"https:\/\/lasteaed.joelahtme.ee\/loo\/wp-content\/uploads\/sites\/3\/2026\/01\/prygi-1-1.png\" alt=\"\" class=\"uag-image-1740\" width=\"148\" height=\"143\" title=\"prygi-1\" loading=\"lazy\" role=\"img\" \/><\/figure><\/div>\n<\/div>\n\n\n\n<div class=\"wp-block-uagb-container uagb-block-1769a086\">\n<div class=\"wp-block-uagb-image uagb-block-4b8618ed wp-block-uagb-image--layout-default wp-block-uagb-image--effect-static wp-block-uagb-image--align-none\"><figure class=\"wp-block-uagb-image__figure\"><img decoding=\"async\" src=\"https:\/\/lasteaed.joelahtme.ee\/loo\/wp-content\/uploads\/sites\/3\/2026\/01\/j22tmed-1.png\" alt=\"\" class=\"uag-image-1741\" width=\"153\" height=\"147\" title=\"j22tmed\" loading=\"lazy\" role=\"img\" \/><\/figure><\/div>\n<\/div>\n\n\n\n<div class=\"wp-block-uagb-container uagb-block-8ef24e54\">\n<div class=\"wp-block-uagb-image uagb-block-b55c02ce wp-block-uagb-image--layout-default wp-block-uagb-image--effect-static wp-block-uagb-image--align-none\"><figure class=\"wp-block-uagb-image__figure\"><img decoding=\"async\" src=\"https:\/\/lasteaed.joelahtme.ee\/loo\/wp-content\/uploads\/sites\/3\/2026\/01\/energia.png\" alt=\"\" class=\"uag-image-1742\" width=\"154\" height=\"143\" title=\"energia\" loading=\"lazy\" role=\"img\" \/><\/figure><\/div>\n<\/div>\n<\/div><\/div>\n\n\n\n<ul class=\"wp-block-list\">\n<li>Pakendi sorteerimine;  <\/li>\n\n\n\n<li>paberi sorteerimine; <\/li>\n\n\n\n<li>bioj\u00e4\u00e4tmete \u00f5ige sorteerimine;     <\/li>\n\n\n\n<li>toiduj\u00e4\u00e4tmete v\u00e4hendamine- metsloomadele, hobustele ja lammastele leiva kogunemine; <\/li>\n\n\n\n<li>\u00f5petajad hakkavad kasutama k\u00e4ter\u00e4tikuid;  <\/li>\n\n\n\n<li>lasteaed ostab igale r\u00fchmale 6 r\u00e4tikut. Igal reedel korjab majaperenaine mustad r\u00e4tikud kokku ja annab puhtad asemele;     <\/li>\n\n\n\n<li>lasten\u00f5ukogu hakkab k\u00e4ima kontrollimas, kas r\u00fchmad sorteerivad pr\u00fcgi, kasutavad k\u00e4ter\u00e4tikuid;<\/li>\n\n\n\n<li>tunnustavad kleepsud ning meeldetuletavad sildid kraanikausside juures.                                                                                                                                                                                                                                                                                                                                                                                                                                                                                                                                                                                                                                                                                                                                                                                                      <\/li>\n<\/ul>\n\n\n\n<p><strong>2. VESI<\/strong><\/p>\n\n\n\n<div class=\"wp-block-uagb-container uagb-block-4603541a alignfull uagb-is-root-container\"><div class=\"uagb-container-inner-blocks-wrap\">\n<div class=\"wp-block-uagb-container uagb-block-66123cc6\">\n<div class=\"wp-block-uagb-image uagb-block-0b5255cc wp-block-uagb-image--layout-default wp-block-uagb-image--effect-static wp-block-uagb-image--align-none\"><figure class=\"wp-block-uagb-image__figure\"><img decoding=\"async\" src=\"https:\/\/lasteaed.joelahtme.ee\/loo\/wp-content\/uploads\/sites\/3\/2026\/01\/vesi-1.png\" alt=\"\" class=\"uag-image-1749\" width=\"152\" height=\"104\" title=\"vesi\" loading=\"lazy\" role=\"img\" \/><\/figure><\/div>\n<\/div>\n\n\n\n<div class=\"wp-block-uagb-container uagb-block-dc517288\">\n<div class=\"wp-block-uagb-image uagb-block-2b40b516 wp-block-uagb-image--layout-default wp-block-uagb-image--effect-static wp-block-uagb-image--align-none\"><figure class=\"wp-block-uagb-image__figure\"><img decoding=\"async\" src=\"https:\/\/lasteaed.joelahtme.ee\/loo\/wp-content\/uploads\/sites\/3\/2026\/01\/meri_rannik-1-1024x994.png\" alt=\"\" class=\"uag-image-1750\" width=\"156\" height=\"117\" title=\"meri_rannik\" loading=\"lazy\" role=\"img\" \/><\/figure><\/div>\n<\/div>\n<\/div><\/div>\n\n\n\n<ul class=\"wp-block-list\">\n<li>Joogivesi on t\u00e4htis ressurss, seda tuleb hoida (bakter vees); <\/li>\n\n\n\n<li>joogivee kokkuhoid;<\/li>\n\n\n\n<li>&#8220;veega laristamine&#8221;;<\/li>\n\n\n\n<li>Vadioja puhastamine ja korrastamine, et taastuks elurikkus ja puhas keskkond.<\/li>\n<\/ul>\n\n\n\n<p><strong>3. \u00d5UES\u00d5PE JA ELURIKKUS<\/strong><\/p>\n\n\n\n<div class=\"wp-block-uagb-container uagb-block-ece81ed4 alignfull uagb-is-root-container\"><div class=\"uagb-container-inner-blocks-wrap\">\n<div class=\"wp-block-uagb-container uagb-block-7d18f562\">\n<div class=\"wp-block-uagb-image uagb-block-8bf2b879 wp-block-uagb-image--layout-default wp-block-uagb-image--effect-static wp-block-uagb-image--align-none\"><figure class=\"wp-block-uagb-image__figure\"><img decoding=\"async\" src=\"https:\/\/lasteaed.joelahtme.ee\/loo\/wp-content\/uploads\/sites\/3\/2026\/01\/kooli6u-1.png\" alt=\"\" class=\"uag-image-1747\" width=\"154\" height=\"146\" title=\"kooli6u\" loading=\"lazy\" role=\"img\" \/><\/figure><\/div>\n<\/div>\n\n\n\n<div class=\"wp-block-uagb-container uagb-block-29352d6f\">\n<div class=\"wp-block-uagb-image uagb-block-d47e7179 wp-block-uagb-image--layout-default wp-block-uagb-image--effect-static wp-block-uagb-image--align-none\"><figure class=\"wp-block-uagb-image__figure\"><img decoding=\"async\" src=\"https:\/\/lasteaed.joelahtme.ee\/loo\/wp-content\/uploads\/sites\/3\/2026\/01\/elurikkus_loodus-1.png\" alt=\"\" class=\"uag-image-1748\" width=\"160\" height=\"150\" title=\"elurikkus_loodus\" loading=\"lazy\" role=\"img\" \/><\/figure><\/div>\n<\/div>\n<\/div><\/div>\n\n\n\n<ul class=\"wp-block-list\">\n<li>Istutame k\u00f5ikidesse keskustesse teadlikult erinevaid meeli kaasavaid taimi;<\/li>\n\n\n\n<li>p\u00fcsikute istutamine ja paljundamine kastides;<\/li>\n\n\n\n<li>mustpea n\u00e4lkjate t\u00f5rje peenrakastides;<\/li>\n\n\n\n<li>elurikkuse toomine keskustesse;<\/li>\n\n\n\n<li>\u00f5ues\u00f5ppe propageerimine.<\/li>\n<\/ul>\n\n\n\n<p><strong>4. TERVIS JA HEAOLU<\/strong><\/p>\n\n\n\n<div class=\"wp-block-uagb-container uagb-block-be341833 alignfull uagb-is-root-container\"><div class=\"uagb-container-inner-blocks-wrap\">\n<div class=\"wp-block-uagb-container uagb-block-5df9d03f\">\n<div class=\"wp-block-uagb-image uagb-block-adc7ce74 wp-block-uagb-image--layout-default wp-block-uagb-image--effect-static wp-block-uagb-image--align-none\"><figure class=\"wp-block-uagb-image__figure\"><img decoding=\"async\" src=\"https:\/\/lasteaed.joelahtme.ee\/loo\/wp-content\/uploads\/sites\/3\/2026\/01\/toit.png\" alt=\"\" class=\"uag-image-1751\" width=\"171\" height=\"171\" title=\"toit\" loading=\"lazy\" role=\"img\" \/><\/figure><\/div>\n<\/div>\n\n\n\n<div class=\"wp-block-uagb-container uagb-block-eaa9822f\">\n<div class=\"wp-block-uagb-image uagb-block-fe0ee6d7 wp-block-uagb-image--layout-default wp-block-uagb-image--effect-static wp-block-uagb-image--align-none\"><figure class=\"wp-block-uagb-image__figure\"><img decoding=\"async\" src=\"https:\/\/lasteaed.joelahtme.ee\/loo\/wp-content\/uploads\/sites\/3\/2026\/01\/tervis_heaolu.png\" alt=\"\" class=\"uag-image-1752\" width=\"177\" height=\"177\" title=\"tervis_heaolu\" loading=\"lazy\" role=\"img\" \/><\/figure><\/div>\n<\/div>\n<\/div><\/div>\n\n\n\n<ul class=\"wp-block-list\">\n<li>Uus seadus toiduvalmistamise, maitseainete, toiduainete kasutamine;<\/li>\n\n\n\n<li>\u00f5ues olemine iga ilmaga, vihmaga m\u00e4ngimine jne.<\/li>\n<\/ul>\n\n\n\n<p><\/p>\n\n\n\n<p><strong>ROHEP\u00d5HIM\u00d5TTED<\/strong><\/p>\n\n\n\n<div class=\"wp-block-uagb-container uagb-block-2681e84c alignfull uagb-is-root-container\"><div class=\"uagb-container-inner-blocks-wrap\">\n<div class=\"wp-block-uagb-container uagb-block-1fe5cfcd\">\n<div class=\"wp-block-uagb-image uagb-block-c96207c2 wp-block-uagb-image--layout-default wp-block-uagb-image--effect-static wp-block-uagb-image--align-none\"><figure class=\"wp-block-uagb-image__figure\"><img decoding=\"async\" src=\"https:\/\/lasteaed.joelahtme.ee\/loo\/wp-content\/uploads\/sites\/3\/2026\/02\/IMG_9588-1-782x1024.jpeg\" alt=\"\" class=\"uag-image-1761\" width=\"311\" height=\"323\" title=\"IMG_9588\" loading=\"lazy\" role=\"img\" \/><\/figure><\/div>\n<\/div>\n\n\n\n<div class=\"wp-block-uagb-container uagb-block-d094da7a\">\n<ul class=\"wp-block-list\">\n<li>Kasvatame taimi;<\/li>\n\n\n\n<li>s\u00e4\u00e4stame puhast vett;<\/li>\n\n\n\n<li>hoolime loodusest;<\/li>\n\n\n\n<li>v\u00e4\u00e4rtustame kodukoha loodust;<\/li>\n\n\n\n<li>s\u00f6\u00f6me tervislikult;<\/li>\n\n\n\n<li>kompostime;<\/li>\n\n\n\n<li>taaskasutame;<\/li>\n\n\n\n<li>sorteerime pr\u00fcgi;<\/li>\n\n\n\n<li>liigume ja viibime looduses;<\/li>\n\n\n\n<li>\u00f5pime \u00f5ues.<\/li>\n<\/ul>\n<\/div>\n<\/div><\/div>\n\n\n\n<p><br><strong>Siit leiate<\/strong> <a href=\"https:\/\/drive.google.com\/drive\/folders\/1slc9wgMFpDvxfewCJ8J4rBZ0nimaho5l?usp=sharing\">Rohetiimi koosolekute protokollid.<\/a><\/p>\n\n\n\n<p><strong>Loo Lasteaed P\u00e4\u00e4supesa Rohelise kooli programmi  <\/strong><a href=\"https:\/\/drive.google.com\/drive\/folders\/1ujvUABZ5rPlL0F6g2X0FNertVXuHQZl8?usp=sharing\">Keskkonnaanal\u00fc\u00fcs<\/a><\/p>\n\n\n\n<p><strong>Loo Lasteaed P\u00e4\u00e4supesa Rohelise kooli programmi<\/strong> <a href=\"https:\/\/drive.google.com\/drive\/folders\/1B7-P_kEym-Nhy9n65RObZzkjiqvYyrlS?usp=sharing\">Tegevuskava<\/a><\/p>\n\n\n\n<p><\/p>\n\n\n\n<div class=\"wp-block-uagb-image uagb-block-cdf1c9ab wp-block-uagb-image--layout-default wp-block-uagb-image--effect-static wp-block-uagb-image--align-none\"><figure class=\"wp-block-uagb-image__figure\"><img decoding=\"async\" src=\"https:\/\/lasteaed.joelahtme.ee\/loo\/wp-content\/uploads\/sites\/3\/2024\/10\/7_sammu-1024x888.png\" alt=\"\" class=\"uag-image-1524\" width=\"880\" height=\"763\" title=\"7_sammu\" loading=\"lazy\" role=\"img\" \/><\/figure><\/div>\n\n\n\n<p class=\"has-medium-font-size\"><\/p>\n\n\n\n<p><\/p>\n\n\n\n<p><\/p>\n","protected":false},"excerpt":{"rendered":"<p>Loo Lasteaed P\u00e4\u00e4supesa on liitunud programmiga \u201cRoheline kool\u201d, mis toob keskkonnahoidlikku m\u00f5tteviisi \u00f5ppeasutuse igap\u00e4evastesse tegevustesse ning aitab seda s\u00fcsteemselt ja terviklikult rakendada. See aitab kaasa vastutustundlike, keskkonda hoidvate ja v\u00e4\u00e4rtustavate inimeste kujunemisele. Kaasatud on k\u00f5ik \u2013 lasteaialapsed, \u00f5petajad ja lasteaia personal kuni lapsevanemateni v\u00e4lja. Lasteaia Rohelise kooli programmi tegemisi saate j\u00e4lgida blogist &#8211; Roheline Loo [&hellip;]<\/p>\n","protected":false},"author":1,"featured_media":0,"parent":0,"menu_order":0,"comment_status":"closed","ping_status":"closed","template":"","meta":{"_uag_custom_page_level_css":"","site-sidebar-layout":"default","site-content-layout":"","ast-site-content-layout":"default","site-content-style":"default","site-sidebar-style":"default","ast-global-header-display":"","ast-banner-title-visibility":"","ast-main-header-display":"","ast-hfb-above-header-display":"","ast-hfb-below-header-display":"","ast-hfb-mobile-header-display":"","site-post-title":"disabled","ast-breadcrumbs-content":"","ast-featured-img":"","footer-sml-layout":"","ast-disable-related-posts":"","theme-transparent-header-meta":"","adv-header-id-meta":"","stick-header-meta":"","header-above-stick-meta":"","header-main-stick-meta":"","header-below-stick-meta":"","astra-migrate-meta-layouts":"set","ast-page-background-enabled":"default","ast-page-background-meta":{"desktop":{"background-color":"var(--ast-global-color-4)","background-image":"","background-repeat":"repeat","background-position":"center center","background-size":"auto","background-attachment":"scroll","background-type":"","background-media":"","overlay-type":"","overlay-color":"","overlay-opacity":"","overlay-gradient":""},"tablet":{"background-color":"","background-image":"","background-repeat":"repeat","background-position":"center center","background-size":"auto","background-attachment":"scroll","background-type":"","background-media":"","overlay-type":"","overlay-color":"","overlay-opacity":"","overlay-gradient":""},"mobile":{"background-color":"","background-image":"","background-repeat":"repeat","background-position":"center center","background-size":"auto","background-attachment":"scroll","background-type":"","background-media":"","overlay-type":"","overlay-color":"","overlay-opacity":"","overlay-gradient":""}},"ast-content-background-meta":{"desktop":{"background-color":"var(--ast-global-color-5)","background-image":"","background-repeat":"repeat","background-position":"center center","background-size":"auto","background-attachment":"scroll","background-type":"","background-media":"","overlay-type":"","overlay-color":"","overlay-opacity":"","overlay-gradient":""},"tablet":{"background-color":"var(--ast-global-color-5)","background-image":"","background-repeat":"repeat","background-position":"center center","background-size":"auto","background-attachment":"scroll","background-type":"","background-media":"","overlay-type":"","overlay-color":"","overlay-opacity":"","overlay-gradient":""},"mobile":{"background-color":"var(--ast-global-color-5)","background-image":"","background-repeat":"repeat","background-position":"center center","background-size":"auto","background-attachment":"scroll","background-type":"","background-media":"","overlay-type":"","overlay-color":"","overlay-opacity":"","overlay-gradient":""}},"footnotes":""},"class_list":["post-1499","page","type-page","status-publish","hentry"],"uagb_featured_image_src":{"full":false,"thumbnail":false,"medium":false,"medium_large":false,"large":false,"1536x1536":false,"2048x2048":false},"uagb_author_info":{"display_name":"Kalev","author_link":"https:\/\/lasteaed.joelahtme.ee\/loo\/author\/kalev\/"},"uagb_comment_info":0,"uagb_excerpt":"Loo Lasteaed P\u00e4\u00e4supesa on liitunud programmiga \u201cRoheline kool\u201d, mis toob keskkonnahoidlikku m\u00f5tteviisi \u00f5ppeasutuse igap\u00e4evastesse tegevustesse ning aitab seda s\u00fcsteemselt ja terviklikult rakendada. See aitab kaasa vastutustundlike, keskkonda hoidvate ja v\u00e4\u00e4rtustavate inimeste kujunemisele. Kaasatud on k\u00f5ik \u2013 lasteaialapsed, \u00f5petajad ja lasteaia personal kuni lapsevanemateni v\u00e4lja. Lasteaia Rohelise kooli programmi tegemisi saate j\u00e4lgida blogist &#8211; Roheline Loo&hellip;","_links":{"self":[{"href":"https:\/\/lasteaed.joelahtme.ee\/loo\/wp-json\/wp\/v2\/pages\/1499","targetHints":{"allow":["GET"]}}],"collection":[{"href":"https:\/\/lasteaed.joelahtme.ee\/loo\/wp-json\/wp\/v2\/pages"}],"about":[{"href":"https:\/\/lasteaed.joelahtme.ee\/loo\/wp-json\/wp\/v2\/types\/page"}],"author":[{"embeddable":true,"href":"https:\/\/lasteaed.joelahtme.ee\/loo\/wp-json\/wp\/v2\/users\/1"}],"replies":[{"embeddable":true,"href":"https:\/\/lasteaed.joelahtme.ee\/loo\/wp-json\/wp\/v2\/comments?post=1499"}],"version-history":[{"count":35,"href":"https:\/\/lasteaed.joelahtme.ee\/loo\/wp-json\/wp\/v2\/pages\/1499\/revisions"}],"predecessor-version":[{"id":1778,"href":"https:\/\/lasteaed.joelahtme.ee\/loo\/wp-json\/wp\/v2\/pages\/1499\/revisions\/1778"}],"wp:attachment":[{"href":"https:\/\/lasteaed.joelahtme.ee\/loo\/wp-json\/wp\/v2\/media?parent=1499"}],"curies":[{"name":"wp","href":"https:\/\/api.w.org\/{rel}","templated":true}]}}