{"id":14,"date":"2020-05-11T07:18:23","date_gmt":"2020-05-11T07:18:23","guid":{"rendered":"http:\/\/localhost\/loo\/?page_id=14"},"modified":"2026-01-23T11:08:30","modified_gmt":"2026-01-23T09:08:30","slug":"hoolekogu","status":"publish","type":"page","link":"https:\/\/lasteaed.joelahtme.ee\/loo\/hoolekogu\/","title":{"rendered":"Hoolekogu"},"content":{"rendered":"\n<p><strong>Alusharidusseadus<\/strong><\/p>\n\n\n\n<p><a href=\"https:\/\/www.riigiteataja.ee\/akt\/AHS\">https:\/\/www.riigiteataja.ee\/akt\/AHS<\/a><\/p>\n\n\n\n<p><br><strong>\u00a7 26.\u00a0Hoolekogu<\/strong><\/p>\n\n\n\n<p>(1) Hoolekogu on alaliselt tegutsev organ, kelle \u00fclesanne on vanemate, lasteaia t\u00f6\u00f6tajate ja lasteaia pidaja koost\u00f6\u00f6s suunata, planeerida ja j\u00e4lgida \u00f5ppe- ja kasvatustegevust ning luua selleks paremaid tingimusi.<\/p>\n\n\n\n<p>(2) Hoolekogusse kuuluvad vanemate esindajad, kes moodustavad hoolekogu koosseisu enamuse, \u00f5petajate esindaja ja lasteaia pidaja esindaja. Vanemate esindajad ei pea moodustama hoolekogu enamust, kui lasteaias on v\u00e4hem kui kolm r\u00fchma.<\/p>\n\n\n\n<p>(3) Hoolekogu moodustatakse ja selle t\u00f6\u00f6kord kehtestatakse lasteaia pidaja kehtestatud korras ning avalikustatakse lasteaia veebilehel.<\/p>\n\n\n\n<p>(4) \u00dche asutusena tegutseva lasteaia ja p\u00f5hikooli hoolekogu \u00f5igused ja kohustused tulenevad k\u00e4esolevast seadusest ning p\u00f5hikooli- ja g\u00fcmnaasiumiseadusest. Hoolekogu moodustatakse ja selle t\u00f6\u00f6kord kehtestatakse p\u00f5hikooli- ja g\u00fcmnaasiumiseaduse \u00a7\u00a073 l\u00f5ike\u00a01 alusel kehtestatud korras.<\/p>\n\n\n\n<p>(5) Hoolekogu t\u00e4idab j\u00e4rgmisi \u00fclesandeid:<br>1)\u00a0avaldab arvamust lasteaia \u00f5ppekava kohta;<br>2)\u00a0avaldab arvamust lasteaia kodukorra kohta;<br>3)\u00a0avaldab arvamust \u00f5petajate, tugispetsialistide ja \u00f5ppejuhi ametikohtade t\u00e4itmiseks korraldatava konkursi korra kohta;<br>4)\u00a0avaldab arvamust lasteaia sisehindamise korra kohta;<br>5)\u00a0osaleb lasteaia arengukava koostamisel;<br>6)\u00a0munitsipaallasteaia puhul osaleb endi hulgast valitud liikme kaudu direktori ametikoha t\u00e4itmiseks konkursi korraldamises, kusjuures valitud liige ei v\u00f5i olla lasteaia pidaja esindaja;<br>7)\u00a0avaldab arvamust munitsipaallasteaia eelarveprojekti kohta;<br>8)\u00a0teeb ettepanekuid direktorile ja lasteaia pidajale lastele soodsa \u00f5pi- ja kasvukeskkonna tagamiseks;<br>9)\u00a0munitsipaallasteaia puhul avaldab arvamust toidukulu p\u00e4evamaksumuse kohta;<br>10)\u00a0t\u00e4idab teisi seadusega v\u00f5i seaduse alusel antud \u00f5igusaktidega talle pandud \u00fclesandeid ning teeb lasteaiale v\u00f5i lasteaia pidajale ettepanekuid lasteaiaga seotud k\u00fcsimuste paremaks lahendamiseks.<\/p>\n\n\n\n<p>(6) Hoolekogul on \u00f5igus saada direktorilt ja lasteaia pidajalt oma \u00fclesannete t\u00e4itmiseks vajalikku teavet.<\/p>\n\n\n\n<p>(7) Hoolekogu t\u00f6\u00f6vorm on koosolek. Hoolekogu koosolekud protokollitakse. Protokollide s\u00e4ilitamise ja avalikustamise tingimused ja kord kehtestatakse hoolekogu t\u00f6\u00f6korras.<\/p>\n\n\n\n<p> *  *  *<\/p>\n\n\n\n<p><\/p>\n\n\n\n<p><strong>Loo Lasteaed P\u00e4\u00e4supesa P\u00f5him\u00e4\u00e4rus<\/strong><\/p>\n\n\n\n<p>Viide: <strong>\u00a7<\/strong> <strong>8 Hoolekogu<\/strong> <\/p>\n\n\n\n<div class=\"wp-block-file\"><a id=\"wp-block-file--media-56f501f0-cc0a-47e6-a537-7d227d266bf7\" href=\"https:\/\/lasteaed.joelahtme.ee\/loo\/wp-content\/uploads\/sites\/3\/2022\/10\/Loo-Lasteaed-Paasupesa-pohimaarus-01.01.2017.pdf\">Loo-Lasteaed-Paasupesa-pohimaarus-01.01.2017<\/a><a href=\"https:\/\/lasteaed.joelahtme.ee\/loo\/wp-content\/uploads\/sites\/3\/2022\/10\/Loo-Lasteaed-Paasupesa-pohimaarus-01.01.2017.pdf\" class=\"wp-block-file__button wp-element-button\" download aria-describedby=\"wp-block-file--media-56f501f0-cc0a-47e6-a537-7d227d266bf7\">Laadi alla<\/a><\/div>\n\n\n\n<p><\/p>\n\n\n\n<p><strong>Loo Lasteaed P\u00e4\u00e4supesa<\/strong> <strong>Hoolekogu koosseis \u00f5ppeaastal 2024-2025<\/strong><\/p>\n\n\n\n<div class=\"wp-block-file\"><a id=\"wp-block-file--media-761b6d01-8883-450e-ad88-6507040e9b12\" href=\"https:\/\/lasteaed.joelahtme.ee\/loo\/wp-content\/uploads\/sites\/3\/2024\/11\/Korraldus_nr_723-1.pdf\">Korraldus_nr_723<\/a><a href=\"https:\/\/lasteaed.joelahtme.ee\/loo\/wp-content\/uploads\/sites\/3\/2024\/11\/Korraldus_nr_723-1.pdf\" class=\"wp-block-file__button wp-element-button\" download aria-describedby=\"wp-block-file--media-761b6d01-8883-450e-ad88-6507040e9b12\">Laadi alla<\/a><\/div>\n\n\n\n<p><\/p>\n","protected":false},"excerpt":{"rendered":"<p>Alusharidusseadus https:\/\/www.riigiteataja.ee\/akt\/AHS \u00a7 26.\u00a0Hoolekogu (1) Hoolekogu on alaliselt tegutsev organ, kelle \u00fclesanne on vanemate, lasteaia t\u00f6\u00f6tajate ja lasteaia pidaja koost\u00f6\u00f6s suunata, planeerida ja j\u00e4lgida \u00f5ppe- ja kasvatustegevust ning luua selleks paremaid tingimusi. (2) Hoolekogusse kuuluvad vanemate esindajad, kes moodustavad hoolekogu koosseisu enamuse, \u00f5petajate esindaja ja lasteaia pidaja esindaja. Vanemate esindajad ei pea moodustama hoolekogu enamust, [&hellip;]<\/p>\n","protected":false},"author":1,"featured_media":0,"parent":0,"menu_order":0,"comment_status":"closed","ping_status":"closed","template":"","meta":{"_uag_custom_page_level_css":"","site-sidebar-layout":"default","site-content-layout":"","ast-site-content-layout":"default","site-content-style":"default","site-sidebar-style":"default","ast-global-header-display":"","ast-banner-title-visibility":"","ast-main-header-display":"","ast-hfb-above-header-display":"","ast-hfb-below-header-display":"","ast-hfb-mobile-header-display":"","site-post-title":"","ast-breadcrumbs-content":"","ast-featured-img":"","footer-sml-layout":"","ast-disable-related-posts":"","theme-transparent-header-meta":"","adv-header-id-meta":"","stick-header-meta":"","header-above-stick-meta":"","header-main-stick-meta":"","header-below-stick-meta":"","astra-migrate-meta-layouts":"set","ast-page-background-enabled":"default","ast-page-background-meta":{"desktop":{"background-color":"var(--ast-global-color-4)","background-image":"","background-repeat":"repeat","background-position":"center center","background-size":"auto","background-attachment":"scroll","background-type":"","background-media":"","overlay-type":"","overlay-color":"","overlay-opacity":"","overlay-gradient":""},"tablet":{"background-color":"","background-image":"","background-repeat":"repeat","background-position":"center center","background-size":"auto","background-attachment":"scroll","background-type":"","background-media":"","overlay-type":"","overlay-color":"","overlay-opacity":"","overlay-gradient":""},"mobile":{"background-color":"","background-image":"","background-repeat":"repeat","background-position":"center center","background-size":"auto","background-attachment":"scroll","background-type":"","background-media":"","overlay-type":"","overlay-color":"","overlay-opacity":"","overlay-gradient":""}},"ast-content-background-meta":{"desktop":{"background-color":"var(--ast-global-color-5)","background-image":"","background-repeat":"repeat","background-position":"center center","background-size":"auto","background-attachment":"scroll","background-type":"","background-media":"","overlay-type":"","overlay-color":"","overlay-opacity":"","overlay-gradient":""},"tablet":{"background-color":"var(--ast-global-color-5)","background-image":"","background-repeat":"repeat","background-position":"center center","background-size":"auto","background-attachment":"scroll","background-type":"","background-media":"","overlay-type":"","overlay-color":"","overlay-opacity":"","overlay-gradient":""},"mobile":{"background-color":"var(--ast-global-color-5)","background-image":"","background-repeat":"repeat","background-position":"center center","background-size":"auto","background-attachment":"scroll","background-type":"","background-media":"","overlay-type":"","overlay-color":"","overlay-opacity":"","overlay-gradient":""}},"footnotes":""},"class_list":["post-14","page","type-page","status-publish","hentry"],"uagb_featured_image_src":{"full":false,"thumbnail":false,"medium":false,"medium_large":false,"large":false,"1536x1536":false,"2048x2048":false},"uagb_author_info":{"display_name":"Kalev","author_link":"https:\/\/lasteaed.joelahtme.ee\/loo\/author\/kalev\/"},"uagb_comment_info":0,"uagb_excerpt":"Alusharidusseadus https:\/\/www.riigiteataja.ee\/akt\/AHS \u00a7 26.\u00a0Hoolekogu (1) Hoolekogu on alaliselt tegutsev organ, kelle \u00fclesanne on vanemate, lasteaia t\u00f6\u00f6tajate ja lasteaia pidaja koost\u00f6\u00f6s suunata, planeerida ja j\u00e4lgida \u00f5ppe- ja kasvatustegevust ning luua selleks paremaid tingimusi. (2) Hoolekogusse kuuluvad vanemate esindajad, kes moodustavad hoolekogu koosseisu enamuse, \u00f5petajate esindaja ja lasteaia pidaja esindaja. Vanemate esindajad ei pea moodustama hoolekogu enamust,&hellip;","_links":{"self":[{"href":"https:\/\/lasteaed.joelahtme.ee\/loo\/wp-json\/wp\/v2\/pages\/14","targetHints":{"allow":["GET"]}}],"collection":[{"href":"https:\/\/lasteaed.joelahtme.ee\/loo\/wp-json\/wp\/v2\/pages"}],"about":[{"href":"https:\/\/lasteaed.joelahtme.ee\/loo\/wp-json\/wp\/v2\/types\/page"}],"author":[{"embeddable":true,"href":"https:\/\/lasteaed.joelahtme.ee\/loo\/wp-json\/wp\/v2\/users\/1"}],"replies":[{"embeddable":true,"href":"https:\/\/lasteaed.joelahtme.ee\/loo\/wp-json\/wp\/v2\/comments?post=14"}],"version-history":[{"count":24,"href":"https:\/\/lasteaed.joelahtme.ee\/loo\/wp-json\/wp\/v2\/pages\/14\/revisions"}],"predecessor-version":[{"id":1732,"href":"https:\/\/lasteaed.joelahtme.ee\/loo\/wp-json\/wp\/v2\/pages\/14\/revisions\/1732"}],"wp:attachment":[{"href":"https:\/\/lasteaed.joelahtme.ee\/loo\/wp-json\/wp\/v2\/media?parent=14"}],"curies":[{"name":"wp","href":"https:\/\/api.w.org\/{rel}","templated":true}]}}