{"id":1125,"date":"2023-09-14T06:39:54","date_gmt":"2023-09-14T06:39:54","guid":{"rendered":"https:\/\/lasteaed.joelahtme.ee\/loo\/?page_id=1125"},"modified":"2025-09-26T09:59:31","modified_gmt":"2025-09-26T07:59:31","slug":"tugipersonal","status":"publish","type":"page","link":"https:\/\/lasteaed.joelahtme.ee\/loo\/kontakt\/tugipersonal\/","title":{"rendered":"Tugipersonal"},"content":{"rendered":"\n<p>\u00a0<\/p>\n<h4><strong>Logopeed<\/strong><\/h4>\n<p>Kristiina Jasmiin Rebane: T, K, R. Kontakt: Eliis v\u00f5i kjrebane.loolasteaed@gmail.com<\/p>\n<p>Kadri Kivip\u00f5ld: T, N, R. Kontakt: Eliis<\/p>\n<h4><strong>Eripedagoog<\/strong><\/h4>\n<p>Carmen Kruusement: E-R. Kontakt Eliis v\u00f5i eripedagoogile.loolasteaed@gmail.com, tugide tel 5447 0085<\/p>\n<h4><strong>Eesti keel kui teine keel<\/strong><\/h4>\n<p>Kaarin Hiiet: E-R. Kontakt: Eliis, tugide tel 5447 0085<\/p>\n<p>Tiina Sireli: T, N, R. Kontakt: Eliis,\u00a0 tugide tel 5447 0085<\/p>\n<h4><strong>Kunstiterapeut<\/strong><\/h4>\n<p>Tuuli Ustea: N. Kontakt: Eliis.<\/p>\n<h4><strong>Sotsiaalpedagoog-AEVKO<\/strong><\/h4>\n<p>Rael Laager: K-R. Kontakt: Eliis, sotsiaalpedagoog@loolasteaed.ee, tugide tel 5447 0085<\/p>\n<p>\u00a0<\/p>\n","protected":false},"excerpt":{"rendered":"<p>\u00a0 Logopeed Kristiina Jasmiin Rebane: T, K, R. Kontakt: Eliis v\u00f5i kjrebane.loolasteaed@gmail.com Kadri Kivip\u00f5ld: T, N, R. Kontakt: Eliis Eripedagoog Carmen Kruusement: E-R. Kontakt Eliis v\u00f5i eripedagoogile.loolasteaed@gmail.com, tugide tel 5447 0085 Eesti keel kui teine keel Kaarin Hiiet: E-R. Kontakt: Eliis, tugide tel 5447 0085 Tiina Sireli: T, N, R. Kontakt: Eliis,\u00a0 tugide tel 5447 [&hellip;]<\/p>\n","protected":false},"author":1,"featured_media":0,"parent":16,"menu_order":0,"comment_status":"closed","ping_status":"closed","template":"","meta":{"_uag_custom_page_level_css":"","site-sidebar-layout":"default","site-content-layout":"","ast-site-content-layout":"default","site-content-style":"default","site-sidebar-style":"default","ast-global-header-display":"","ast-banner-title-visibility":"","ast-main-header-display":"","ast-hfb-above-header-display":"","ast-hfb-below-header-display":"","ast-hfb-mobile-header-display":"","site-post-title":"","ast-breadcrumbs-content":"","ast-featured-img":"","footer-sml-layout":"","ast-disable-related-posts":"","theme-transparent-header-meta":"","adv-header-id-meta":"","stick-header-meta":"","header-above-stick-meta":"","header-main-stick-meta":"","header-below-stick-meta":"","astra-migrate-meta-layouts":"set","ast-page-background-enabled":"default","ast-page-background-meta":{"desktop":{"background-color":"var(--ast-global-color-4)","background-image":"","background-repeat":"repeat","background-position":"center center","background-size":"auto","background-attachment":"scroll","background-type":"","background-media":"","overlay-type":"","overlay-color":"","overlay-opacity":"","overlay-gradient":""},"tablet":{"background-color":"","background-image":"","background-repeat":"repeat","background-position":"center center","background-size":"auto","background-attachment":"scroll","background-type":"","background-media":"","overlay-type":"","overlay-color":"","overlay-opacity":"","overlay-gradient":""},"mobile":{"background-color":"","background-image":"","background-repeat":"repeat","background-position":"center center","background-size":"auto","background-attachment":"scroll","background-type":"","background-media":"","overlay-type":"","overlay-color":"","overlay-opacity":"","overlay-gradient":""}},"ast-content-background-meta":{"desktop":{"background-color":"var(--ast-global-color-5)","background-image":"","background-repeat":"repeat","background-position":"center center","background-size":"auto","background-attachment":"scroll","background-type":"","background-media":"","overlay-type":"","overlay-color":"","overlay-opacity":"","overlay-gradient":""},"tablet":{"background-color":"var(--ast-global-color-5)","background-image":"","background-repeat":"repeat","background-position":"center center","background-size":"auto","background-attachment":"scroll","background-type":"","background-media":"","overlay-type":"","overlay-color":"","overlay-opacity":"","overlay-gradient":""},"mobile":{"background-color":"var(--ast-global-color-5)","background-image":"","background-repeat":"repeat","background-position":"center center","background-size":"auto","background-attachment":"scroll","background-type":"","background-media":"","overlay-type":"","overlay-color":"","overlay-opacity":"","overlay-gradient":""}},"footnotes":""},"class_list":["post-1125","page","type-page","status-publish","hentry"],"uagb_featured_image_src":{"full":false,"thumbnail":false,"medium":false,"medium_large":false,"large":false,"1536x1536":false,"2048x2048":false},"uagb_author_info":{"display_name":"Kalev","author_link":"https:\/\/lasteaed.joelahtme.ee\/loo\/author\/kalev\/"},"uagb_comment_info":0,"uagb_excerpt":"\u00a0 Logopeed Kristiina Jasmiin Rebane: T, K, R. Kontakt: Eliis v\u00f5i kjrebane.loolasteaed@gmail.com Kadri Kivip\u00f5ld: T, N, R. Kontakt: Eliis Eripedagoog Carmen Kruusement: E-R. Kontakt Eliis v\u00f5i eripedagoogile.loolasteaed@gmail.com, tugide tel 5447 0085 Eesti keel kui teine keel Kaarin Hiiet: E-R. Kontakt: Eliis, tugide tel 5447 0085 Tiina Sireli: T, N, R. Kontakt: Eliis,\u00a0 tugide tel 5447&hellip;","_links":{"self":[{"href":"https:\/\/lasteaed.joelahtme.ee\/loo\/wp-json\/wp\/v2\/pages\/1125","targetHints":{"allow":["GET"]}}],"collection":[{"href":"https:\/\/lasteaed.joelahtme.ee\/loo\/wp-json\/wp\/v2\/pages"}],"about":[{"href":"https:\/\/lasteaed.joelahtme.ee\/loo\/wp-json\/wp\/v2\/types\/page"}],"author":[{"embeddable":true,"href":"https:\/\/lasteaed.joelahtme.ee\/loo\/wp-json\/wp\/v2\/users\/1"}],"replies":[{"embeddable":true,"href":"https:\/\/lasteaed.joelahtme.ee\/loo\/wp-json\/wp\/v2\/comments?post=1125"}],"version-history":[{"count":12,"href":"https:\/\/lasteaed.joelahtme.ee\/loo\/wp-json\/wp\/v2\/pages\/1125\/revisions"}],"predecessor-version":[{"id":1669,"href":"https:\/\/lasteaed.joelahtme.ee\/loo\/wp-json\/wp\/v2\/pages\/1125\/revisions\/1669"}],"up":[{"embeddable":true,"href":"https:\/\/lasteaed.joelahtme.ee\/loo\/wp-json\/wp\/v2\/pages\/16"}],"wp:attachment":[{"href":"https:\/\/lasteaed.joelahtme.ee\/loo\/wp-json\/wp\/v2\/media?parent=1125"}],"curies":[{"name":"wp","href":"https:\/\/api.w.org\/{rel}","templated":true}]}}