{"id":10,"date":"2020-05-11T07:17:56","date_gmt":"2020-05-11T07:17:56","guid":{"rendered":"http:\/\/localhost\/loo\/?page_id=10"},"modified":"2026-02-06T10:19:23","modified_gmt":"2026-02-06T08:19:23","slug":"ruhmad","status":"publish","type":"page","link":"https:\/\/lasteaed.joelahtme.ee\/loo\/ruhmad\/","title":{"rendered":"R\u00fchmad"},"content":{"rendered":"\n<div class=\"wp-block-columns is-layout-flex wp-container-core-columns-is-layout-28f84493 wp-block-columns-is-layout-flex\">\n<div class=\"wp-block-column is-layout-flow wp-block-column-is-layout-flow\">\n<h4 class=\"wp-block-heading\"><strong>Naerulinnud&nbsp;<\/strong><\/h4>\n\n\n\n<p>lastehoiur\u00fchm 1,5-3a<\/p>\n\n\n\n<p><a href=\"mailto:naerulinnud.loolasteaed@gmail.com\">naerulinnud.loolasteaed@gmail.com<\/a><\/p>\n\n\n\n<p>R\u00fchma telefoni nr 5887 3664<\/p>\n\n\n\n<p>\u00d5petaja: Lea Kase<\/p>\n\n\n\n<p>Abi\u00f5petajad: K\u00fclli Kaljumaa ja Evelin Randmeri<\/p>\n<\/div>\n\n\n\n<div class=\"wp-block-column is-layout-flow wp-block-column-is-layout-flow\">\n<h4 class=\"wp-block-heading\"><strong>Pallip\u00f5nnid&nbsp;<\/strong><\/h4>\n\n\n\n<p>lastehoiur\u00fchm 1,5-3a<\/p>\n\n\n\n<p><a href=\"mailto:palliponnid.loolasteaed@gmail.com\">palliponnid.loolasteaed@gmail.com<\/a><\/p>\n\n\n\n<p>R\u00fchma telefoni nr&nbsp;5885 5808<\/p>\n\n\n\n<p>\u00d5petaja: Krista J\u00fcrgens<\/p>\n\n\n\n<p>Abi\u00f5petajad: Marika Klement ja Kaja Rausberg<\/p>\n\n\n\n<p><\/p>\n<\/div>\n<\/div>\n\n\n\n<div class=\"wp-block-columns is-layout-flex wp-container-core-columns-is-layout-28f84493 wp-block-columns-is-layout-flex\">\n<div class=\"wp-block-column is-layout-flow wp-block-column-is-layout-flow\">\n<p><\/p>\n\n\n\n<p><\/p>\n\n\n\n<h4 class=\"wp-block-heading\"><strong>Siilipere<\/strong>&nbsp;<\/h4>\n\n\n\n<p>lasteaiar\u00fchm 4-5a<\/p>\n\n\n\n<p><a href=\"mailto:siilipere.loolasteaed@gmail.com\">siilipere.loolasteaed@gmail.com<\/a><\/p>\n\n\n\n<p>R\u00fchma telefoni nr 5860 5822<\/p>\n\n\n\n<p>\u00d5petaja: Tiina Einroos<\/p>\n\n\n\n<p>Abi\u00f5petajad: Olga Nedobe\u017ekina ja Mari Lattik<\/p>\n<\/div>\n\n\n\n<div class=\"wp-block-column is-layout-flow wp-block-column-is-layout-flow\">\n<p><\/p>\n\n\n\n<p><\/p>\n\n\n\n<h4 class=\"wp-block-heading\"><strong>M\u00fcrakarud<\/strong><\/h4>\n\n\n\n<p>tasandusr\u00fchm 2-7a<\/p>\n\n\n\n<p><a href=\"mailto:myrakaru.loolasteaed@gmail.com\">myrakaru.loolasteaed@gmail.com&nbsp;<\/a><\/p>\n\n\n\n<p>R\u00fchma telefoni nr 5885 6101<\/p>\n\n\n\n<p>\u00d5petajad: Kaili Raud ja Tiia Mai Rudissaar<\/p>\n\n\n\n<p>Abi\u00f5petaja: Gerli Leega<\/p>\n\n\n\n<p>Tugiisik: Epp Hints<\/p>\n<\/div>\n<\/div>\n\n\n\n<p><\/p>\n\n\n\n<p><\/p>\n\n\n\n<div class=\"wp-block-columns is-layout-flex wp-container-core-columns-is-layout-28f84493 wp-block-columns-is-layout-flex\">\n<div class=\"wp-block-column is-layout-flow wp-block-column-is-layout-flow\">\n<h4 class=\"wp-block-heading\"><strong>Muumid&nbsp;<\/strong><\/h4>\n\n\n\n<p>lasteaiar\u00fchm 4-5a<\/p>\n\n\n\n<p><a href=\"mailto:muumid.loolasteaed@gmail.com\">muumid.loolasteaed@gmail.com<\/a><\/p>\n\n\n\n<p>R\u00fchma telefoni nr&nbsp;5885 5710<\/p>\n\n\n\n<p>\u00d5petaja: \u00dclle Merimaa<\/p>\n\n\n\n<p>Abi\u00f5petajad: Viktorija Klaus ja Sirje Schmiedemann<\/p>\n<\/div>\n\n\n\n<div class=\"wp-block-column is-layout-flow wp-block-column-is-layout-flow\">\n<h4 class=\"wp-block-heading\"><strong>Mesimumm<\/strong>&nbsp;<\/h4>\n\n\n\n<p>lasteaiar\u00fchm 4-5a<\/p>\n\n\n\n<p><a href=\"mailto:mesimumm.loolasteaed@gmail.com\">mesimumm.loolasteaed@gmail.com<\/a><\/p>\n\n\n\n<p>R\u00fchma telefoni nr 5865 0121<\/p>\n\n\n\n<p>\u00d5petajad: Siiri Paju ja Aivi Suurk\u00fctt<\/p>\n\n\n\n<p>Abi\u00f5petaja: Diana M\u00e4gi<\/p>\n<\/div>\n<\/div>\n\n\n\n<p>&nbsp;<\/p>\n\n\n\n<div class=\"wp-block-columns is-layout-flex wp-container-core-columns-is-layout-28f84493 wp-block-columns-is-layout-flex\">\n<div class=\"wp-block-column is-layout-flow wp-block-column-is-layout-flow\">\n<h4 class=\"wp-block-heading\"><strong>Sipsik&nbsp;<\/strong><\/h4>\n\n\n\n<p>liitr\u00fchm 2-6a<\/p>\n\n\n\n<p><a href=\"mailto:sipsik.loolasteaed@gmail.com\">sipsik.loolasteaed@gmail.com<\/a><\/p>\n\n\n\n<p>R\u00fchma telefoni nr&nbsp;5885 7919<\/p>\n\n\n\n<p>\u00d5petaja: Grete-Helena Eranurm<\/p>\n\n\n\n<p>Abi\u00f5petajad: Kristiina Kaljurand ja Aigjun Gasimova<\/p>\n\n\n\n<p><\/p>\n<\/div>\n\n\n\n<div class=\"wp-block-column is-layout-flow wp-block-column-is-layout-flow\">\n<h4 class=\"wp-block-heading\"><strong>Rukkilill&nbsp;<\/strong><\/h4>\n\n\n\n<p>lasteaiar\u00fchm 3-4a<\/p>\n\n\n\n<p><a href=\"mailto:rukkilill.loolasteaed@gmail.com\">rukkilill.loolasteaed@gmail.com<\/a><\/p>\n\n\n\n<p>R\u00fchma telefoni nr 5885 5997<\/p>\n\n\n\n<p>\u00d5petaja: Teele Kungla<\/p>\n\n\n\n<p>Abi\u00f5petajad: Signe Ragun ja Taimi Aava<\/p>\n<\/div>\n<\/div>\n\n\n\n<div class=\"wp-block-columns is-layout-flex wp-container-core-columns-is-layout-28f84493 wp-block-columns-is-layout-flex\">\n<div class=\"wp-block-column is-layout-flow wp-block-column-is-layout-flow\">\n<p><\/p>\n\n\n\n<h4 class=\"wp-block-heading\"><strong>Lepatriinud&nbsp;<\/strong><\/h4>\n\n\n\n<p>lasteaiar\u00fchm 3-4a<\/p>\n\n\n\n<p><a href=\"mailto:lepatriinud.loolasteaed@gmail.com\">lepatriinud.loolasteaed@gmail.com<\/a><\/p>\n\n\n\n<p>R\u00fchma telefoni nr&nbsp;5326 9033<\/p>\n\n\n\n<p>\u00d5petaja: Merle Raudam<\/p>\n\n\n\n<p>Abi\u00f5petajad: Heidi Pettinen ja Siret Soidla<\/p>\n<\/div>\n\n\n\n<div class=\"wp-block-column is-layout-flow wp-block-column-is-layout-flow\">\n<p><\/p>\n\n\n\n<h4 class=\"wp-block-heading\"><strong>P\u00e4ikeselapsed&nbsp;<\/strong><\/h4>\n\n\n\n<p>lasteaiar\u00fchm 5-6a<\/p>\n\n\n\n<p><a href=\"mailto:paikeselapsed.loolasteaed@gmail.com\">paikeselapsed.loolasteaed@gmail.com<\/a><\/p>\n\n\n\n<p>R\u00fchma telefoni nr&nbsp;5885 5676<\/p>\n\n\n\n<p>\u00d5petaja: K\u00e4thlin Poomann<\/p>\n\n\n\n<p>Abi\u00f5petajad: Karin Maalder ja Hedith Elias<\/p>\n<\/div>\n<\/div>\n\n\n\n<div class=\"wp-block-columns is-layout-flex wp-container-core-columns-is-layout-28f84493 wp-block-columns-is-layout-flex\">\n<div class=\"wp-block-column is-layout-flow wp-block-column-is-layout-flow\">\n<p><\/p>\n\n\n\n<p><\/p>\n\n\n\n<h4 class=\"wp-block-heading\"><strong>Kassipere&nbsp;<\/strong><\/h4>\n\n\n\n<p>koolieelikud 6-7a<\/p>\n\n\n\n<p><a href=\"mailto:kassipere.loolasteaed@gmail.com\">kassipere.loolasteaed@gmail.com<\/a><\/p>\n\n\n\n<p>R\u00fchma telefoni nr 5334 0922<\/p>\n\n\n\n<p>\u00d5petaja: Pille Kivi<\/p>\n\n\n\n<p>Abi\u00f5petajad:&nbsp;Merle Lampe ja R\u00fclvi Eesm\u00e4e<\/p>\n<\/div>\n\n\n\n<div class=\"wp-block-column is-layout-flow wp-block-column-is-layout-flow\">\n<p><\/p>\n\n\n\n<p><\/p>\n\n\n\n<h4 class=\"wp-block-heading\"><strong>P\u00e4ikesej\u00e4nkud&nbsp;<\/strong><\/h4>\n\n\n\n<p>lasteaiar\u00fchm 5-6a<\/p>\n\n\n\n<p><a href=\"mailto:paikesejankud.loolasteaed@gmail.com\">paikesejankud.loolasteaed@gmail.com<\/a><\/p>\n\n\n\n<p>R\u00fchma telefoni nr 5194 7705<\/p>\n\n\n\n<p>\u00d5petajad: Melany P\u00f5lma ja Jane Veber<\/p>\n\n\n\n<p>Abi\u00f5petaja:&nbsp;Annika Viidas <\/p>\n<\/div>\n<\/div>\n\n\n\n<p>&nbsp;<\/p>\n\n\n\n<div class=\"wp-block-columns is-layout-flex wp-container-core-columns-is-layout-28f84493 wp-block-columns-is-layout-flex\">\n<div class=\"wp-block-column is-layout-flow wp-block-column-is-layout-flow\">\n<h4 class=\"wp-block-heading\"><strong>T\u00e4hes\u00e4rad&nbsp;<\/strong><\/h4>\n\n\n\n<p>lastehoiur\u00fchm  2-3a<\/p>\n\n\n\n<p><a href=\"mailto:tahesarad.loolasteaed@gmail.com\">tahesarad.loolasteaed@gmail.com<\/a><\/p>\n\n\n\n<p>R\u00fchma telefoni nr 5196 3507<\/p>\n\n\n\n<p>\u00d5petaja: \u00dclle Kohava<\/p>\n\n\n\n<p>Abi\u00f5petajad:&nbsp;Kairit Velt ja Ingrid Kreintal<\/p>\n<\/div>\n\n\n\n<div class=\"wp-block-column is-layout-flow wp-block-column-is-layout-flow\">\n<h4 class=\"wp-block-heading\"><strong>Meret\u00e4hed<\/strong><\/h4>\n\n\n\n<p>koolieelikud 6-7a <\/p>\n\n\n\n<p><a href=\"mailto:meretahed.loolasteaed@gmail.com\">meretahed.loolasteaed@gmail.com<\/a><\/p>\n\n\n\n<p>R\u00fchma telefoni nr&nbsp;5388 3323<\/p>\n\n\n\n<p>\u00d5petaja: Kersti Talts <\/p>\n\n\n\n<p>Abi\u00f5petajad: Triinu Arro&nbsp;&nbsp;ja Helen Koks&nbsp;&nbsp;&nbsp;&nbsp;&nbsp;&nbsp;&nbsp;&nbsp;&nbsp;&nbsp;&nbsp;&nbsp;&nbsp;&nbsp;&nbsp;&nbsp;<\/p>\n<\/div>\n<\/div>\n\n\n\n<p><\/p>\n\n\n\n<p><\/p>\n\n\n\n<div class=\"wp-block-columns is-layout-flex wp-container-core-columns-is-layout-28f84493 wp-block-columns-is-layout-flex\">\n<div class=\"wp-block-column is-layout-flow wp-block-column-is-layout-flow\" style=\"flex-basis:100%\">\n<div class=\"wp-block-columns is-layout-flex wp-container-core-columns-is-layout-28f84493 wp-block-columns-is-layout-flex\">\n<div class=\"wp-block-column is-layout-flow wp-block-column-is-layout-flow\">\n<h4 class=\"wp-block-heading\"><strong>Kalakesed<\/strong><\/h4>\n\n\n\n<p>lastehoiur\u00fchm 1,5-3a<\/p>\n\n\n\n<p>kalakesed.loolasteaed@gmail.com<\/p>\n\n\n\n<p>R\u00fchma telefoni nr 57830330<\/p>\n\n\n\n<p>Lapsehoidjad: Marilin Penjam, Tiiu Luik  ja K\u00e4tlin Koolmeister<\/p>\n<\/div>\n\n\n\n<div class=\"wp-block-column is-layout-flow wp-block-column-is-layout-flow\">\n<h4 class=\"wp-block-heading\"><strong>Pardipojad<\/strong><\/h4>\n\n\n\n<p>lastehoiur\u00fchm 1,5-3a<\/p>\n\n\n\n<p>pardipojad.loolasteaed@gmail.com<\/p>\n\n\n\n<p>R\u00fchma telefoni nr 53099880<\/p>\n\n\n\n<p>Lapsehoidjad: Kairi Ploovits, Gerli Klementsov ja Silvia Tammeorg<\/p>\n\n\n\n<p><\/p>\n<\/div>\n<\/div>\n<\/div>\n<\/div>\n\n\n\n<p><\/p>\n\n\n\n<p><\/p>\n\n\n\n<p class=\"has-medium-font-size\"><strong>Valver\u00fchma telefoni nr 5192998<\/strong><\/p>\n\n\n\n<div class=\"wp-block-file\"><a href=\"http:\/\/lasteaed.joelahtme.ee\/loo\/wp-content\/uploads\/sites\/3\/2022\/09\/Saha-tee-12.docx\" class=\"wp-block-file__button wp-element-button\" download>Laadi alla<\/a><\/div>\n","protected":false},"excerpt":{"rendered":"<p>Naerulinnud&nbsp; lastehoiur\u00fchm 1,5-3a naerulinnud.loolasteaed@gmail.com R\u00fchma telefoni nr 5887 3664 \u00d5petaja: Lea Kase Abi\u00f5petajad: K\u00fclli Kaljumaa ja Evelin Randmeri Pallip\u00f5nnid&nbsp; lastehoiur\u00fchm 1,5-3a palliponnid.loolasteaed@gmail.com R\u00fchma telefoni nr&nbsp;5885 5808 \u00d5petaja: Krista J\u00fcrgens Abi\u00f5petajad: Marika Klement ja Kaja Rausberg Siilipere&nbsp; lasteaiar\u00fchm 4-5a siilipere.loolasteaed@gmail.com R\u00fchma telefoni nr 5860 5822 \u00d5petaja: Tiina Einroos Abi\u00f5petajad: Olga Nedobe\u017ekina ja Mari Lattik M\u00fcrakarud tasandusr\u00fchm [&hellip;]<\/p>\n","protected":false},"author":1,"featured_media":0,"parent":0,"menu_order":0,"comment_status":"closed","ping_status":"closed","template":"","meta":{"_uag_custom_page_level_css":"","site-sidebar-layout":"default","site-content-layout":"default","ast-site-content-layout":"default","site-content-style":"default","site-sidebar-style":"default","ast-global-header-display":"","ast-banner-title-visibility":"","ast-main-header-display":"","ast-hfb-above-header-display":"","ast-hfb-below-header-display":"","ast-hfb-mobile-header-display":"","site-post-title":"","ast-breadcrumbs-content":"","ast-featured-img":"","footer-sml-layout":"","ast-disable-related-posts":"","theme-transparent-header-meta":"default","adv-header-id-meta":"","stick-header-meta":"","header-above-stick-meta":"","header-main-stick-meta":"","header-below-stick-meta":"","astra-migrate-meta-layouts":"set","ast-page-background-enabled":"default","ast-page-background-meta":{"desktop":{"background-color":"var(--ast-global-color-4)","background-image":"","background-repeat":"repeat","background-position":"center center","background-size":"auto","background-attachment":"scroll","background-type":"","background-media":"","overlay-type":"","overlay-color":"","overlay-opacity":"","overlay-gradient":""},"tablet":{"background-color":"","background-image":"","background-repeat":"repeat","background-position":"center center","background-size":"auto","background-attachment":"scroll","background-type":"","background-media":"","overlay-type":"","overlay-color":"","overlay-opacity":"","overlay-gradient":""},"mobile":{"background-color":"","background-image":"","background-repeat":"repeat","background-position":"center center","background-size":"auto","background-attachment":"scroll","background-type":"","background-media":"","overlay-type":"","overlay-color":"","overlay-opacity":"","overlay-gradient":""}},"ast-content-background-meta":{"desktop":{"background-color":"var(--ast-global-color-5)","background-image":"","background-repeat":"repeat","background-position":"center center","background-size":"auto","background-attachment":"scroll","background-type":"","background-media":"","overlay-type":"","overlay-color":"","overlay-opacity":"","overlay-gradient":""},"tablet":{"background-color":"var(--ast-global-color-5)","background-image":"","background-repeat":"repeat","background-position":"center center","background-size":"auto","background-attachment":"scroll","background-type":"","background-media":"","overlay-type":"","overlay-color":"","overlay-opacity":"","overlay-gradient":""},"mobile":{"background-color":"var(--ast-global-color-5)","background-image":"","background-repeat":"repeat","background-position":"center center","background-size":"auto","background-attachment":"scroll","background-type":"","background-media":"","overlay-type":"","overlay-color":"","overlay-opacity":"","overlay-gradient":""}},"footnotes":""},"class_list":["post-10","page","type-page","status-publish","hentry"],"uagb_featured_image_src":{"full":false,"thumbnail":false,"medium":false,"medium_large":false,"large":false,"1536x1536":false,"2048x2048":false},"uagb_author_info":{"display_name":"Kalev","author_link":"https:\/\/lasteaed.joelahtme.ee\/loo\/author\/kalev\/"},"uagb_comment_info":0,"uagb_excerpt":"Naerulinnud&nbsp; lastehoiur\u00fchm 1,5-3a naerulinnud.loolasteaed@gmail.com R\u00fchma telefoni nr 5887 3664 \u00d5petaja: Lea Kase Abi\u00f5petajad: K\u00fclli Kaljumaa ja Evelin Randmeri Pallip\u00f5nnid&nbsp; lastehoiur\u00fchm 1,5-3a palliponnid.loolasteaed@gmail.com R\u00fchma telefoni nr&nbsp;5885 5808 \u00d5petaja: Krista J\u00fcrgens Abi\u00f5petajad: Marika Klement ja Kaja Rausberg Siilipere&nbsp; lasteaiar\u00fchm 4-5a siilipere.loolasteaed@gmail.com R\u00fchma telefoni nr 5860 5822 \u00d5petaja: Tiina Einroos Abi\u00f5petajad: Olga Nedobe\u017ekina ja Mari Lattik M\u00fcrakarud tasandusr\u00fchm&hellip;","_links":{"self":[{"href":"https:\/\/lasteaed.joelahtme.ee\/loo\/wp-json\/wp\/v2\/pages\/10","targetHints":{"allow":["GET"]}}],"collection":[{"href":"https:\/\/lasteaed.joelahtme.ee\/loo\/wp-json\/wp\/v2\/pages"}],"about":[{"href":"https:\/\/lasteaed.joelahtme.ee\/loo\/wp-json\/wp\/v2\/types\/page"}],"author":[{"embeddable":true,"href":"https:\/\/lasteaed.joelahtme.ee\/loo\/wp-json\/wp\/v2\/users\/1"}],"replies":[{"embeddable":true,"href":"https:\/\/lasteaed.joelahtme.ee\/loo\/wp-json\/wp\/v2\/comments?post=10"}],"version-history":[{"count":67,"href":"https:\/\/lasteaed.joelahtme.ee\/loo\/wp-json\/wp\/v2\/pages\/10\/revisions"}],"predecessor-version":[{"id":1766,"href":"https:\/\/lasteaed.joelahtme.ee\/loo\/wp-json\/wp\/v2\/pages\/10\/revisions\/1766"}],"wp:attachment":[{"href":"https:\/\/lasteaed.joelahtme.ee\/loo\/wp-json\/wp\/v2\/media?parent=10"}],"curies":[{"name":"wp","href":"https:\/\/api.w.org\/{rel}","templated":true}]}}