{"id":977,"date":"2023-08-23T05:51:29","date_gmt":"2023-08-23T05:51:29","guid":{"rendered":"https:\/\/lasteaed.joelahtme.ee\/kostivere\/?page_id=977"},"modified":"2023-08-23T06:01:25","modified_gmt":"2023-08-23T06:01:25","slug":"tuki-projekt","status":"publish","type":"page","link":"https:\/\/lasteaed.joelahtme.ee\/kostivere\/tuki-projekt\/","title":{"rendered":"TUKI projekt"},"content":{"rendered":"\n<p><strong>Haridusasutused alustavad v\u00f5rgustiku\u00fclese tugiteenuste osutamise mudeli testimisega.<\/strong><\/p>\n\n\n\n<p>Projekti \u201eIda-Harju piirkonna koost\u00f6\u00f6mudeli loomine integreeritud teenuste pakkumiseks varajase koolist v\u00e4ljalangevuse ennetamiseks ja sekkumiseks\u201c ettevalmistav periood on l\u00f5ppenud ning j\u00f5udnud piloteerimise etappi.&nbsp; Projektis osalevad 6 Ida-Harju omavalitsust, arendades koost\u00f6\u00f6s teenuste rakendamise mudelit, mis aitab ennetada koolist v\u00e4ljalangevuse riski l\u00e4bi varajase m\u00e4rkamise, sekkumise ning valdkondade\u00fclese koost\u00f6\u00f6.<\/p>\n\n\n\n<p>Projekti eesm\u00e4rk on suurema t\u00e4helepanu p\u00f6\u00f6ramine nendele lastele, kes erinevatel p\u00f5hjustel (nt kiusamine, \u00f5piraskused, terviseseisund, kodune olukord) v\u00f5ivad koolikohustuse t\u00e4itmisega raskustesse sattuda. V\u00f5rgustiku\u00fclese koost\u00f6\u00f6 toetamiseks on lisaks haridusasutuste tugispetsialistidele kaasatud omavalituse lastekaitse- ja&nbsp; sotsiaalt\u00f6\u00f6tajad ning politsei- ja tervishoius\u00fcsteem.<\/p>\n\n\n\n<p>Koost\u00f6\u00f6mudeli testimise periood kestab 01.09.2023-31.03.2024.<\/p>\n\n\n\n<p>Iga haridusasutus on oma meeskonnaga loonud mudeli, mida hakatakse rakendama sihtr\u00fchma toetamiseks. Sihtr\u00fchma valikul on l\u00e4htutud p\u00f5him\u00f5ttest, et probleemide varajane m\u00e4rkamine ja kiire sekkumine v\u00e4hendavad tulevikus riske t\u00f5sisemate probleemide tekkimisel ning aitavad ennetada koolist v\u00e4ljalangevust.<\/p>\n\n\n\n<p>J\u00f5el\u00e4htme vallas on sellest p\u00f5him\u00f5ttest l\u00e4htuvalt valitud sihtr\u00fchmaks lasteaedade eelkoolieelsete r\u00fchmade lapsed&nbsp; ja koolide esimeste klasside \u00f5pilased.<\/p>\n\n\n\n<p>Igas valla haridusasutuses on \u00fcks tugispetsialist, kes kuulub TUKI projekti v\u00f5rgustikku ja on asutuses piloteerimisperioodi eestvedaja.<\/p>\n\n\n\n<p>Kostivere Lasteaia piloteerimisperioodi eestvedaja on Kaili Raamat e-post kaili@kostilaps.ee, telefon 53326325<\/p>\n","protected":false},"excerpt":{"rendered":"<p>Haridusasutused alustavad v\u00f5rgustiku\u00fclese tugiteenuste osutamise mudeli testimisega. Projekti \u201eIda-Harju piirkonna koost\u00f6\u00f6mudeli loomine integreeritud teenuste pakkumiseks varajase koolist v\u00e4ljalangevuse ennetamiseks ja sekkumiseks\u201c ettevalmistav periood on l\u00f5ppenud ning j\u00f5udnud piloteerimise etappi.&nbsp; Projektis osalevad 6 Ida-Harju omavalitsust, arendades koost\u00f6\u00f6s teenuste rakendamise mudelit, mis aitab ennetada koolist v\u00e4ljalangevuse riski l\u00e4bi varajase m\u00e4rkamise, sekkumise ning valdkondade\u00fclese koost\u00f6\u00f6. Projekti eesm\u00e4rk on [&hellip;]<\/p>\n","protected":false},"author":6,"featured_media":0,"parent":0,"menu_order":0,"comment_status":"closed","ping_status":"closed","template":"","meta":{"_uag_custom_page_level_css":"","site-sidebar-layout":"default","site-content-layout":"","ast-site-content-layout":"default","site-content-style":"default","site-sidebar-style":"default","ast-global-header-display":"","ast-banner-title-visibility":"","ast-main-header-display":"","ast-hfb-above-header-display":"","ast-hfb-below-header-display":"","ast-hfb-mobile-header-display":"","site-post-title":"","ast-breadcrumbs-content":"","ast-featured-img":"","footer-sml-layout":"","ast-disable-related-posts":"","theme-transparent-header-meta":"","adv-header-id-meta":"","stick-header-meta":"","header-above-stick-meta":"","header-main-stick-meta":"","header-below-stick-meta":"","astra-migrate-meta-layouts":"set","ast-page-background-enabled":"default","ast-page-background-meta":{"desktop":{"background-color":"var(--ast-global-color-4)","background-image":"","background-repeat":"repeat","background-position":"center center","background-size":"auto","background-attachment":"scroll","background-type":"","background-media":"","overlay-type":"","overlay-color":"","overlay-opacity":"","overlay-gradient":""},"tablet":{"background-color":"","background-image":"","background-repeat":"repeat","background-position":"center center","background-size":"auto","background-attachment":"scroll","background-type":"","background-media":"","overlay-type":"","overlay-color":"","overlay-opacity":"","overlay-gradient":""},"mobile":{"background-color":"","background-image":"","background-repeat":"repeat","background-position":"center center","background-size":"auto","background-attachment":"scroll","background-type":"","background-media":"","overlay-type":"","overlay-color":"","overlay-opacity":"","overlay-gradient":""}},"ast-content-background-meta":{"desktop":{"background-color":"var(--ast-global-color-5)","background-image":"","background-repeat":"repeat","background-position":"center center","background-size":"auto","background-attachment":"scroll","background-type":"","background-media":"","overlay-type":"","overlay-color":"","overlay-opacity":"","overlay-gradient":""},"tablet":{"background-color":"var(--ast-global-color-5)","background-image":"","background-repeat":"repeat","background-position":"center center","background-size":"auto","background-attachment":"scroll","background-type":"","background-media":"","overlay-type":"","overlay-color":"","overlay-opacity":"","overlay-gradient":""},"mobile":{"background-color":"var(--ast-global-color-5)","background-image":"","background-repeat":"repeat","background-position":"center center","background-size":"auto","background-attachment":"scroll","background-type":"","background-media":"","overlay-type":"","overlay-color":"","overlay-opacity":"","overlay-gradient":""}},"footnotes":""},"class_list":["post-977","page","type-page","status-publish","hentry"],"uagb_featured_image_src":{"full":false,"thumbnail":false,"medium":false,"medium_large":false,"large":false,"1536x1536":false,"2048x2048":false},"uagb_author_info":{"display_name":"jana","author_link":"https:\/\/lasteaed.joelahtme.ee\/kostivere\/author\/jana\/"},"uagb_comment_info":0,"uagb_excerpt":"Haridusasutused alustavad v\u00f5rgustiku\u00fclese tugiteenuste osutamise mudeli testimisega. Projekti \u201eIda-Harju piirkonna koost\u00f6\u00f6mudeli loomine integreeritud teenuste pakkumiseks varajase koolist v\u00e4ljalangevuse ennetamiseks ja sekkumiseks\u201c ettevalmistav periood on l\u00f5ppenud ning j\u00f5udnud piloteerimise etappi.&nbsp; Projektis osalevad 6 Ida-Harju omavalitsust, arendades koost\u00f6\u00f6s teenuste rakendamise mudelit, mis aitab ennetada koolist v\u00e4ljalangevuse riski l\u00e4bi varajase m\u00e4rkamise, sekkumise ning valdkondade\u00fclese koost\u00f6\u00f6. Projekti eesm\u00e4rk on&hellip;","_links":{"self":[{"href":"https:\/\/lasteaed.joelahtme.ee\/kostivere\/wp-json\/wp\/v2\/pages\/977","targetHints":{"allow":["GET"]}}],"collection":[{"href":"https:\/\/lasteaed.joelahtme.ee\/kostivere\/wp-json\/wp\/v2\/pages"}],"about":[{"href":"https:\/\/lasteaed.joelahtme.ee\/kostivere\/wp-json\/wp\/v2\/types\/page"}],"author":[{"embeddable":true,"href":"https:\/\/lasteaed.joelahtme.ee\/kostivere\/wp-json\/wp\/v2\/users\/6"}],"replies":[{"embeddable":true,"href":"https:\/\/lasteaed.joelahtme.ee\/kostivere\/wp-json\/wp\/v2\/comments?post=977"}],"version-history":[{"count":3,"href":"https:\/\/lasteaed.joelahtme.ee\/kostivere\/wp-json\/wp\/v2\/pages\/977\/revisions"}],"predecessor-version":[{"id":981,"href":"https:\/\/lasteaed.joelahtme.ee\/kostivere\/wp-json\/wp\/v2\/pages\/977\/revisions\/981"}],"wp:attachment":[{"href":"https:\/\/lasteaed.joelahtme.ee\/kostivere\/wp-json\/wp\/v2\/media?parent=977"}],"curies":[{"name":"wp","href":"https:\/\/api.w.org\/{rel}","templated":true}]}}