{"id":870,"date":"2022-11-29T08:45:47","date_gmt":"2022-11-29T08:45:47","guid":{"rendered":"https:\/\/lasteaed.joelahtme.ee\/kostivere\/?page_id=870"},"modified":"2026-02-11T13:45:26","modified_gmt":"2026-02-11T13:45:26","slug":"2022-23","status":"publish","type":"page","link":"https:\/\/lasteaed.joelahtme.ee\/kostivere\/2022-23\/","title":{"rendered":"2025\/2026"},"content":{"rendered":"\n<p><\/p>\n\n\n\n<p><\/p>\n\n\n\n<p><\/p>\n\n\n\n<figure class=\"wp-block-table alignleft is-style-stripes\"><table><tbody><tr><td>Koosseis<\/td><td><\/td><\/tr><tr><td>Agnes Saarist&nbsp;&nbsp;&nbsp;&nbsp;&nbsp;&nbsp;&nbsp;&nbsp;&nbsp;&nbsp;<\/td><td>esimees, Lepatriinude&nbsp;r\u00fchma esindaja<\/td><\/tr><tr><td>Eric Ilsen<\/td><td>Vanderp\u00f5nnide r\u00fchma esindaja<\/td><\/tr><tr><td>Ekaterina Silina<\/td><td>P\u00e4ikesekiirte r\u00fchma esindaja<\/td><\/tr><tr><td>Eilika Bendi<\/td><td>R\u00f5\u00f5mupesa&nbsp;r\u00fchma esindaja<\/td><\/tr><tr><td>Maret Helenurm<\/td><td>P\u00f5nnipesa r\u00fchma esindaja<\/td><\/tr><tr><td>Siiri \u00d5ismaa<\/td><td>Pesamuna r\u00fchma esindaja<\/td><\/tr><tr><td>Kristiina Klaamas<\/td><td>Vigurv\u00e4ntade r\u00fchma esindaja<\/td><\/tr><tr><td>Pille Birkholtz &#8211; Ilings<\/td><td>Naerulindude&nbsp;r\u00fchma esindaja<\/td><\/tr><tr><td>Kersti K\u00e4rvet<\/td><td>\u00f5petajate esindaja<\/td><\/tr><tr><td>Carmen Viherpuu<\/td><td>valla esindaja<\/td><\/tr><tr><td><a href=\"http:\/\/lasteaed.joelahtme.ee\/kostivere\/wp-content\/uploads\/sites\/2\/2025\/11\/Hoolekogu_protokoll-29-10-2025.pdf\">Protokoll 29.10.2025<\/a><br><a href=\"http:\/\/lasteaed.joelahtme.ee\/kostivere\/wp-content\/uploads\/sites\/2\/2026\/02\/KL_hoolekogu_protokoll_28_1_26.pdf\">Protokoll 28.01.2026<\/a><br>Protokoll<\/td><td><\/td><\/tr><\/tbody><\/table><\/figure>\n\n\n\n<p><\/p>\n","protected":false},"excerpt":{"rendered":"<p>Koosseis Agnes Saarist&nbsp;&nbsp;&nbsp;&nbsp;&nbsp;&nbsp;&nbsp;&nbsp;&nbsp;&nbsp; esimees, Lepatriinude&nbsp;r\u00fchma esindaja Eric Ilsen Vanderp\u00f5nnide r\u00fchma esindaja Ekaterina Silina P\u00e4ikesekiirte r\u00fchma esindaja Eilika Bendi R\u00f5\u00f5mupesa&nbsp;r\u00fchma esindaja Maret Helenurm P\u00f5nnipesa r\u00fchma esindaja Siiri \u00d5ismaa Pesamuna r\u00fchma esindaja Kristiina Klaamas Vigurv\u00e4ntade r\u00fchma esindaja Pille Birkholtz &#8211; Ilings Naerulindude&nbsp;r\u00fchma esindaja Kersti K\u00e4rvet \u00f5petajate esindaja Carmen Viherpuu valla esindaja Protokoll 29.10.2025Protokoll 28.01.2026Protokoll<\/p>\n","protected":false},"author":6,"featured_media":0,"parent":0,"menu_order":0,"comment_status":"closed","ping_status":"closed","template":"","meta":{"_uag_custom_page_level_css":"","site-sidebar-layout":"default","site-content-layout":"","ast-site-content-layout":"default","site-content-style":"default","site-sidebar-style":"default","ast-global-header-display":"","ast-banner-title-visibility":"","ast-main-header-display":"","ast-hfb-above-header-display":"","ast-hfb-below-header-display":"","ast-hfb-mobile-header-display":"","site-post-title":"","ast-breadcrumbs-content":"","ast-featured-img":"","footer-sml-layout":"","ast-disable-related-posts":"","theme-transparent-header-meta":"","adv-header-id-meta":"","stick-header-meta":"","header-above-stick-meta":"","header-main-stick-meta":"","header-below-stick-meta":"","astra-migrate-meta-layouts":"set","ast-page-background-enabled":"default","ast-page-background-meta":{"desktop":{"background-color":"var(--ast-global-color-4)","background-image":"","background-repeat":"repeat","background-position":"center center","background-size":"auto","background-attachment":"scroll","background-type":"","background-media":"","overlay-type":"","overlay-color":"","overlay-opacity":"","overlay-gradient":""},"tablet":{"background-color":"","background-image":"","background-repeat":"repeat","background-position":"center center","background-size":"auto","background-attachment":"scroll","background-type":"","background-media":"","overlay-type":"","overlay-color":"","overlay-opacity":"","overlay-gradient":""},"mobile":{"background-color":"","background-image":"","background-repeat":"repeat","background-position":"center center","background-size":"auto","background-attachment":"scroll","background-type":"","background-media":"","overlay-type":"","overlay-color":"","overlay-opacity":"","overlay-gradient":""}},"ast-content-background-meta":{"desktop":{"background-color":"var(--ast-global-color-5)","background-image":"","background-repeat":"repeat","background-position":"center center","background-size":"auto","background-attachment":"scroll","background-type":"","background-media":"","overlay-type":"","overlay-color":"","overlay-opacity":"","overlay-gradient":""},"tablet":{"background-color":"var(--ast-global-color-5)","background-image":"","background-repeat":"repeat","background-position":"center center","background-size":"auto","background-attachment":"scroll","background-type":"","background-media":"","overlay-type":"","overlay-color":"","overlay-opacity":"","overlay-gradient":""},"mobile":{"background-color":"var(--ast-global-color-5)","background-image":"","background-repeat":"repeat","background-position":"center center","background-size":"auto","background-attachment":"scroll","background-type":"","background-media":"","overlay-type":"","overlay-color":"","overlay-opacity":"","overlay-gradient":""}},"footnotes":""},"class_list":["post-870","page","type-page","status-publish","hentry"],"uagb_featured_image_src":{"full":false,"thumbnail":false,"medium":false,"medium_large":false,"large":false,"1536x1536":false,"2048x2048":false},"uagb_author_info":{"display_name":"jana","author_link":"https:\/\/lasteaed.joelahtme.ee\/kostivere\/author\/jana\/"},"uagb_comment_info":0,"uagb_excerpt":"Koosseis Agnes Saarist&nbsp;&nbsp;&nbsp;&nbsp;&nbsp;&nbsp;&nbsp;&nbsp;&nbsp;&nbsp; esimees, Lepatriinude&nbsp;r\u00fchma esindaja Eric Ilsen Vanderp\u00f5nnide r\u00fchma esindaja Ekaterina Silina P\u00e4ikesekiirte r\u00fchma esindaja Eilika Bendi R\u00f5\u00f5mupesa&nbsp;r\u00fchma esindaja Maret Helenurm P\u00f5nnipesa r\u00fchma esindaja Siiri \u00d5ismaa Pesamuna r\u00fchma esindaja Kristiina Klaamas Vigurv\u00e4ntade r\u00fchma esindaja Pille Birkholtz &#8211; Ilings Naerulindude&nbsp;r\u00fchma esindaja Kersti K\u00e4rvet \u00f5petajate esindaja Carmen Viherpuu valla esindaja Protokoll 29.10.2025Protokoll 28.01.2026Protokoll","_links":{"self":[{"href":"https:\/\/lasteaed.joelahtme.ee\/kostivere\/wp-json\/wp\/v2\/pages\/870","targetHints":{"allow":["GET"]}}],"collection":[{"href":"https:\/\/lasteaed.joelahtme.ee\/kostivere\/wp-json\/wp\/v2\/pages"}],"about":[{"href":"https:\/\/lasteaed.joelahtme.ee\/kostivere\/wp-json\/wp\/v2\/types\/page"}],"author":[{"embeddable":true,"href":"https:\/\/lasteaed.joelahtme.ee\/kostivere\/wp-json\/wp\/v2\/users\/6"}],"replies":[{"embeddable":true,"href":"https:\/\/lasteaed.joelahtme.ee\/kostivere\/wp-json\/wp\/v2\/comments?post=870"}],"version-history":[{"count":15,"href":"https:\/\/lasteaed.joelahtme.ee\/kostivere\/wp-json\/wp\/v2\/pages\/870\/revisions"}],"predecessor-version":[{"id":1481,"href":"https:\/\/lasteaed.joelahtme.ee\/kostivere\/wp-json\/wp\/v2\/pages\/870\/revisions\/1481"}],"wp:attachment":[{"href":"https:\/\/lasteaed.joelahtme.ee\/kostivere\/wp-json\/wp\/v2\/media?parent=870"}],"curies":[{"name":"wp","href":"https:\/\/api.w.org\/{rel}","templated":true}]}}