{"id":866,"date":"2022-11-29T08:43:44","date_gmt":"2022-11-29T08:43:44","guid":{"rendered":"https:\/\/lasteaed.joelahtme.ee\/kostivere\/?page_id=866"},"modified":"2025-08-09T08:48:44","modified_gmt":"2025-08-09T08:48:44","slug":"asendiplaan-ja-valveruhmad","status":"publish","type":"page","link":"https:\/\/lasteaed.joelahtme.ee\/kostivere\/asendiplaan-ja-valveruhmad\/","title":{"rendered":"Asendiplaan ja valver\u00fchmad"},"content":{"rendered":"\n<p><\/p>\n\n\n\n<div>\n<h6 class=\"entry-title\"><strong>Valver\u00fchmad alates 1.septembrist<\/strong><\/h6>\n<\/div>\n<div><strong><u>VALVER\u00dcHMAD AVATUD 07.00-08.00 JA 17.30-18.30<\/u><\/strong><\/div>\n<p><strong>Naerulindude r\u00fchm<\/strong> v\u00f5tab vastu lapsed r\u00fchmadest: Naerulinnud, Lepatriinud, R\u00f5\u00f5mupesa ja Pesamuna.<br \/><strong>Vigurv\u00e4ntade r\u00fchm<\/strong> v\u00f5tab vastu lapsed r\u00fchmadest: Vigurv\u00e4ndad, P\u00e4ikesekiired, Vanderp\u00f5nnid ja P\u00f5nnipesa<\/p>\n<p>NB! Sisenemine oma r\u00fchma uksest.<br \/>\u00d5petajad on valver\u00fchmades graafiku alusel.<\/p>\n\n\n\n<p><strong>Asendiplaan<\/strong><\/p>\n\n\n\n<div class=\"wp-block-uagb-image uagb-block-68135adb wp-block-uagb-image--layout-default wp-block-uagb-image--effect-static wp-block-uagb-image--align-none\"><figure class=\"wp-block-uagb-image__figure\"><img decoding=\"async\" src=\"https:\/\/lasteaed.joelahtme.ee\/kostivere\/wp-content\/uploads\/sites\/2\/2022\/11\/LA2-Plaan.jpg\" alt=\"\" class=\"uag-image-875\" width=\"703\" height=\"475\" title=\"\" loading=\"lazy\" role=\"img\" \/><\/figure><\/div>\n","protected":false},"excerpt":{"rendered":"<p>Valver\u00fchmad alates 1.septembrist VALVER\u00dcHMAD AVATUD 07.00-08.00 JA 17.30-18.30 Naerulindude r\u00fchm v\u00f5tab vastu lapsed r\u00fchmadest: Naerulinnud, Lepatriinud, R\u00f5\u00f5mupesa ja Pesamuna.Vigurv\u00e4ntade r\u00fchm v\u00f5tab vastu lapsed r\u00fchmadest: Vigurv\u00e4ndad, P\u00e4ikesekiired, Vanderp\u00f5nnid ja P\u00f5nnipesa NB! Sisenemine oma r\u00fchma uksest.\u00d5petajad on valver\u00fchmades graafiku alusel. Asendiplaan<\/p>\n","protected":false},"author":6,"featured_media":0,"parent":0,"menu_order":0,"comment_status":"closed","ping_status":"closed","template":"","meta":{"_uag_custom_page_level_css":"","site-sidebar-layout":"default","site-content-layout":"","ast-site-content-layout":"default","site-content-style":"default","site-sidebar-style":"default","ast-global-header-display":"","ast-banner-title-visibility":"","ast-main-header-display":"","ast-hfb-above-header-display":"","ast-hfb-below-header-display":"","ast-hfb-mobile-header-display":"","site-post-title":"","ast-breadcrumbs-content":"","ast-featured-img":"","footer-sml-layout":"","ast-disable-related-posts":"","theme-transparent-header-meta":"","adv-header-id-meta":"","stick-header-meta":"","header-above-stick-meta":"","header-main-stick-meta":"","header-below-stick-meta":"","astra-migrate-meta-layouts":"set","ast-page-background-enabled":"default","ast-page-background-meta":{"desktop":{"background-color":"var(--ast-global-color-4)","background-image":"","background-repeat":"repeat","background-position":"center center","background-size":"auto","background-attachment":"scroll","background-type":"","background-media":"","overlay-type":"","overlay-color":"","overlay-opacity":"","overlay-gradient":""},"tablet":{"background-color":"","background-image":"","background-repeat":"repeat","background-position":"center center","background-size":"auto","background-attachment":"scroll","background-type":"","background-media":"","overlay-type":"","overlay-color":"","overlay-opacity":"","overlay-gradient":""},"mobile":{"background-color":"","background-image":"","background-repeat":"repeat","background-position":"center center","background-size":"auto","background-attachment":"scroll","background-type":"","background-media":"","overlay-type":"","overlay-color":"","overlay-opacity":"","overlay-gradient":""}},"ast-content-background-meta":{"desktop":{"background-color":"var(--ast-global-color-5)","background-image":"","background-repeat":"repeat","background-position":"center center","background-size":"auto","background-attachment":"scroll","background-type":"","background-media":"","overlay-type":"","overlay-color":"","overlay-opacity":"","overlay-gradient":""},"tablet":{"background-color":"var(--ast-global-color-5)","background-image":"","background-repeat":"repeat","background-position":"center center","background-size":"auto","background-attachment":"scroll","background-type":"","background-media":"","overlay-type":"","overlay-color":"","overlay-opacity":"","overlay-gradient":""},"mobile":{"background-color":"var(--ast-global-color-5)","background-image":"","background-repeat":"repeat","background-position":"center center","background-size":"auto","background-attachment":"scroll","background-type":"","background-media":"","overlay-type":"","overlay-color":"","overlay-opacity":"","overlay-gradient":""}},"footnotes":""},"class_list":["post-866","page","type-page","status-publish","hentry"],"uagb_featured_image_src":{"full":false,"thumbnail":false,"medium":false,"medium_large":false,"large":false,"1536x1536":false,"2048x2048":false},"uagb_author_info":{"display_name":"jana","author_link":"https:\/\/lasteaed.joelahtme.ee\/kostivere\/author\/jana\/"},"uagb_comment_info":0,"uagb_excerpt":"Valver\u00fchmad alates 1.septembrist VALVER\u00dcHMAD AVATUD 07.00-08.00 JA 17.30-18.30 Naerulindude r\u00fchm v\u00f5tab vastu lapsed r\u00fchmadest: Naerulinnud, Lepatriinud, R\u00f5\u00f5mupesa ja Pesamuna.Vigurv\u00e4ntade r\u00fchm v\u00f5tab vastu lapsed r\u00fchmadest: Vigurv\u00e4ndad, P\u00e4ikesekiired, Vanderp\u00f5nnid ja P\u00f5nnipesa NB! Sisenemine oma r\u00fchma uksest.\u00d5petajad on valver\u00fchmades graafiku alusel. Asendiplaan","_links":{"self":[{"href":"https:\/\/lasteaed.joelahtme.ee\/kostivere\/wp-json\/wp\/v2\/pages\/866","targetHints":{"allow":["GET"]}}],"collection":[{"href":"https:\/\/lasteaed.joelahtme.ee\/kostivere\/wp-json\/wp\/v2\/pages"}],"about":[{"href":"https:\/\/lasteaed.joelahtme.ee\/kostivere\/wp-json\/wp\/v2\/types\/page"}],"author":[{"embeddable":true,"href":"https:\/\/lasteaed.joelahtme.ee\/kostivere\/wp-json\/wp\/v2\/users\/6"}],"replies":[{"embeddable":true,"href":"https:\/\/lasteaed.joelahtme.ee\/kostivere\/wp-json\/wp\/v2\/comments?post=866"}],"version-history":[{"count":8,"href":"https:\/\/lasteaed.joelahtme.ee\/kostivere\/wp-json\/wp\/v2\/pages\/866\/revisions"}],"predecessor-version":[{"id":1369,"href":"https:\/\/lasteaed.joelahtme.ee\/kostivere\/wp-json\/wp\/v2\/pages\/866\/revisions\/1369"}],"wp:attachment":[{"href":"https:\/\/lasteaed.joelahtme.ee\/kostivere\/wp-json\/wp\/v2\/media?parent=866"}],"curies":[{"name":"wp","href":"https:\/\/api.w.org\/{rel}","templated":true}]}}