{"id":686,"date":"2022-04-26T10:21:42","date_gmt":"2022-04-26T10:21:42","guid":{"rendered":"http:\/\/lasteaed.joelahtme.ee\/kostivere\/?page_id=686"},"modified":"2025-11-24T12:16:38","modified_gmt":"2025-11-24T12:16:38","slug":"tugiteenused","status":"publish","type":"page","link":"https:\/\/lasteaed.joelahtme.ee\/kostivere\/tugiteenused\/","title":{"rendered":"Tugiteenused"},"content":{"rendered":"<h5><span style=\"color: #008000\"><strong>Eripedagoog<\/strong><\/span><\/h5>\n<p><strong>Lasteaias t\u00f6\u00f6tava eripedagoogi t\u00f6\u00f6 eesm\u00e4rk on toetada erivajadustega laste arengut ja \u00f5piv\u00f5imalusi, hinnates nende individuaalseid vajadusi, kohandades \u00f5ppe- ja kasvatustegevusi ning pakkudes vajalikku eripedagoogilist tuge koost\u00f6\u00f6s lapsevanemate, \u00f5petajate ja teiste tugispetsialistidega.<\/strong><\/p>\n<p>Eripedagoog: Marge Raja<br \/>Eripedagoog on lasteaias kohal t\u00f6\u00f6p\u00e4eviti (va kolmap\u00e4ev) ning kohtumised toimuvad eelneva kokkuleppe alusel.<br \/>Lisainfo saamiseks v\u00f5i kohtumise kokkuleppimiseks v\u00f5tke palun \u00fchendust l\u00e4bi ELIISi v\u00f5i kirjutades e-posti aadressil <a href=\"mailto:eripedagoog@kostilaps.ee\">eripedagoog@kostilaps.ee<\/a>.<\/p>\n<h5><span style=\"color: #008000\"><strong>Ps\u00fchholoog<\/strong><\/span><\/h5>\n<p><strong>Lasteaias t\u00f6\u00f6tava ps\u00fchholoogit\u00f6\u00f6 eesm\u00e4rgiks on laste arengu- ning ps\u00fchholoogilise heaolu toetamine.<\/strong><\/p>\n<p>Ps\u00fchholoog: Mariann Kald<br \/>Ps\u00fchholoog Mariann on lasteaias kohal igal neljap\u00e4eval ning kohtumised toimuvad eelneva kokkuleppe alusel.<br \/>Lisainfo saamiseks v\u00f5i kohtumise kokkuleppimiseks v\u00f5tke palun \u00fchendust l\u00e4bi ELIISi v\u00f5i kirjutades e-posti aadressil <a href=\"mailto:psyhholoog@kostilaps.ee\">psyhholoog@kostilaps.ee<\/a>.<\/p>\n<h5><span style=\"color: #008000\"><strong>AEV koordinaator<\/strong><\/span><\/h5>\n<p><strong>Arenguliste erivajadustega laste koordinaatori \u00fclesandeks on AEV lapse \u00f5ppe ja arengu toetamiseks vajaliku abi ja koost\u00f6\u00f6 korraldamine lasteaias ja lasteaiav\u00e4liselt.\u00a0<\/strong><\/p>\n<p>AEV koordinaator (AEVKO):\u00a0 Kaili Raamat (direktor)<br \/>Lisainfo saamiseks v\u00f5i kohtumise kokkuleppimiseks v\u00f5tke palun \u00fchendust l\u00e4bi ELIISi v\u00f5i kirjutades e-posti aadressil <a href=\"mailto:psyhholoog@kostilaps.ee\">kaili@kostilaps.ee<\/a>.<\/p>\n\n\n<p><\/p>\n","protected":false},"excerpt":{"rendered":"<p>Eripedagoog Lasteaias t\u00f6\u00f6tava eripedagoogi t\u00f6\u00f6 eesm\u00e4rk on toetada erivajadustega laste arengut ja \u00f5piv\u00f5imalusi, hinnates nende individuaalseid vajadusi, kohandades \u00f5ppe- ja kasvatustegevusi ning pakkudes vajalikku eripedagoogilist tuge koost\u00f6\u00f6s lapsevanemate, \u00f5petajate ja teiste tugispetsialistidega. Eripedagoog: Marge RajaEripedagoog on lasteaias kohal t\u00f6\u00f6p\u00e4eviti (va kolmap\u00e4ev) ning kohtumised toimuvad eelneva kokkuleppe alusel.Lisainfo saamiseks v\u00f5i kohtumise kokkuleppimiseks v\u00f5tke palun \u00fchendust l\u00e4bi [&hellip;]<\/p>\n","protected":false},"author":6,"featured_media":0,"parent":0,"menu_order":0,"comment_status":"closed","ping_status":"closed","template":"","meta":{"_uag_custom_page_level_css":"","site-sidebar-layout":"default","site-content-layout":"","ast-site-content-layout":"default","site-content-style":"default","site-sidebar-style":"default","ast-global-header-display":"","ast-banner-title-visibility":"","ast-main-header-display":"","ast-hfb-above-header-display":"","ast-hfb-below-header-display":"","ast-hfb-mobile-header-display":"","site-post-title":"","ast-breadcrumbs-content":"","ast-featured-img":"","footer-sml-layout":"","ast-disable-related-posts":"","theme-transparent-header-meta":"","adv-header-id-meta":"","stick-header-meta":"","header-above-stick-meta":"","header-main-stick-meta":"","header-below-stick-meta":"","astra-migrate-meta-layouts":"set","ast-page-background-enabled":"default","ast-page-background-meta":{"desktop":{"background-color":"var(--ast-global-color-4)","background-image":"","background-repeat":"repeat","background-position":"center center","background-size":"auto","background-attachment":"scroll","background-type":"","background-media":"","overlay-type":"","overlay-color":"","overlay-opacity":"","overlay-gradient":""},"tablet":{"background-color":"","background-image":"","background-repeat":"repeat","background-position":"center center","background-size":"auto","background-attachment":"scroll","background-type":"","background-media":"","overlay-type":"","overlay-color":"","overlay-opacity":"","overlay-gradient":""},"mobile":{"background-color":"","background-image":"","background-repeat":"repeat","background-position":"center center","background-size":"auto","background-attachment":"scroll","background-type":"","background-media":"","overlay-type":"","overlay-color":"","overlay-opacity":"","overlay-gradient":""}},"ast-content-background-meta":{"desktop":{"background-color":"var(--ast-global-color-5)","background-image":"","background-repeat":"repeat","background-position":"center center","background-size":"auto","background-attachment":"scroll","background-type":"","background-media":"","overlay-type":"","overlay-color":"","overlay-opacity":"","overlay-gradient":""},"tablet":{"background-color":"var(--ast-global-color-5)","background-image":"","background-repeat":"repeat","background-position":"center center","background-size":"auto","background-attachment":"scroll","background-type":"","background-media":"","overlay-type":"","overlay-color":"","overlay-opacity":"","overlay-gradient":""},"mobile":{"background-color":"var(--ast-global-color-5)","background-image":"","background-repeat":"repeat","background-position":"center center","background-size":"auto","background-attachment":"scroll","background-type":"","background-media":"","overlay-type":"","overlay-color":"","overlay-opacity":"","overlay-gradient":""}},"footnotes":""},"class_list":["post-686","page","type-page","status-publish","hentry"],"uagb_featured_image_src":{"full":false,"thumbnail":false,"medium":false,"medium_large":false,"large":false,"1536x1536":false,"2048x2048":false},"uagb_author_info":{"display_name":"jana","author_link":"https:\/\/lasteaed.joelahtme.ee\/kostivere\/author\/jana\/"},"uagb_comment_info":0,"uagb_excerpt":"Eripedagoog Lasteaias t\u00f6\u00f6tava eripedagoogi t\u00f6\u00f6 eesm\u00e4rk on toetada erivajadustega laste arengut ja \u00f5piv\u00f5imalusi, hinnates nende individuaalseid vajadusi, kohandades \u00f5ppe- ja kasvatustegevusi ning pakkudes vajalikku eripedagoogilist tuge koost\u00f6\u00f6s lapsevanemate, \u00f5petajate ja teiste tugispetsialistidega. Eripedagoog: Marge RajaEripedagoog on lasteaias kohal t\u00f6\u00f6p\u00e4eviti (va kolmap\u00e4ev) ning kohtumised toimuvad eelneva kokkuleppe alusel.Lisainfo saamiseks v\u00f5i kohtumise kokkuleppimiseks v\u00f5tke palun \u00fchendust l\u00e4bi&hellip;","_links":{"self":[{"href":"https:\/\/lasteaed.joelahtme.ee\/kostivere\/wp-json\/wp\/v2\/pages\/686","targetHints":{"allow":["GET"]}}],"collection":[{"href":"https:\/\/lasteaed.joelahtme.ee\/kostivere\/wp-json\/wp\/v2\/pages"}],"about":[{"href":"https:\/\/lasteaed.joelahtme.ee\/kostivere\/wp-json\/wp\/v2\/types\/page"}],"author":[{"embeddable":true,"href":"https:\/\/lasteaed.joelahtme.ee\/kostivere\/wp-json\/wp\/v2\/users\/6"}],"replies":[{"embeddable":true,"href":"https:\/\/lasteaed.joelahtme.ee\/kostivere\/wp-json\/wp\/v2\/comments?post=686"}],"version-history":[{"count":27,"href":"https:\/\/lasteaed.joelahtme.ee\/kostivere\/wp-json\/wp\/v2\/pages\/686\/revisions"}],"predecessor-version":[{"id":1451,"href":"https:\/\/lasteaed.joelahtme.ee\/kostivere\/wp-json\/wp\/v2\/pages\/686\/revisions\/1451"}],"wp:attachment":[{"href":"https:\/\/lasteaed.joelahtme.ee\/kostivere\/wp-json\/wp\/v2\/media?parent=686"}],"curies":[{"name":"wp","href":"https:\/\/api.w.org\/{rel}","templated":true}]}}