{"id":448,"date":"2021-11-08T08:44:36","date_gmt":"2021-11-08T08:44:36","guid":{"rendered":"http:\/\/lasteaed.joelahtme.ee\/kostivere\/?page_id=448"},"modified":"2024-11-29T10:40:46","modified_gmt":"2024-11-29T10:40:46","slug":"kodukord-2","status":"publish","type":"page","link":"https:\/\/lasteaed.joelahtme.ee\/kostivere\/kodukord-2\/","title":{"rendered":"Kodukord"},"content":{"rendered":"<p><span class=\"fontstyle0\"><strong><span style=\"color: #008000\">1 \u00dcLDS\u00c4TTED<\/span><\/strong><br \/><\/span><span class=\"fontstyle1\">1.1 Kodukord l\u00e4htub koolieelse lasteasutuse seadusest ja teistest \u00f5igusaktidest.<br \/>1.2 Kui kodukorras puudub regulatsioon mingis valdkonnas, tuleb l\u00e4htuda lasteaia arengukavas ja \u00f5ppekavas kirja pandud p\u00f5him\u00f5tetest ja v\u00e4\u00e4rtustest.<br \/>1.3 Kodukord on avalikustatud lasteasutuse kodulehel ja on lasteasutuses paberkandjal tutvumiseks k\u00e4ttesaadav.<br \/>1.4 Lasteasutuse kodukorra koostab direktor ja selle kinnitab hoolekogu.<br \/>1.5 Kodukord on lastele, lapsevanematele ja eestkostjatele (edaspidi vanem) ning lasteasutuse t\u00f6\u00f6tajatele t\u00e4itmiseks kohustuslik.<br \/>1.6 Lasteaia kodukorda muudetakse seoses lasteaia tegevust reguleerivate \u00f5igusaktide muudatustega, lasteaia hoolekogu, pedagoogide n\u00f5ukogu v\u00f5i juhtkonna ettepanekutega ning lasteaia sisehindamise k\u00e4igus ilmnenud parendusvajadustega.<\/span><\/p>\n<p><span class=\"fontstyle0\"><strong><span style=\"color: #008000\">2 LASTEAIA T\u00d6\u00d6KORRALDUS<\/span><\/strong><br \/><\/span><span class=\"fontstyle1\">2.1 Kostivere Lasteaed on avatud 7.00 \u2013 18.30, valver\u00fchmad graafiku alusel 7.00-7.30 ja 17.30-18.30. R\u00fchmade uksed on suletud 13.00-15.00, sissep\u00e4\u00e4s peauksest.<br \/>Puhkep\u00e4evadel ja riigip\u00fchadel on lasteaed suletud.<br \/>2.2 Suvekuudel (juuni, juuli, august) on lasteaia t\u00f6\u00f6 korraldatud arvestades laste arvu, t\u00f6\u00f6tajate puhkusi ja teostatavaid remontt\u00f6id.<br \/>2.3 L\u00e4htuvalt kohal k\u00e4ivate laste arvust on lasteaial \u00f5igus moodustada valver\u00fchmi ja teha muudatusi t\u00f6\u00f6korralduses suvekuudel, puhkuste ajal, koolivaheaegadel, p\u00fchadeeelsetel p\u00e4evadel ja \u00f5petajate haigestumisel.<br \/>2.4 Kostivere Lasteaia p\u00e4eva tegevused on planeeritud l\u00e4htuvalt lasteaia p\u00e4evakavast, mis koostatakse l\u00e4htuvalt laste vanusest, arvestades nende vanuselisi ise\u00e4rasusi.<br \/>P\u00e4evakava reguleerib p\u00e4eva r\u00fctmi, mille alusel planeeritakse lasteaias \u00f5ppe- ja kasvatuset\u00f6\u00f6d. P\u00e4evakava on leitav:<br \/>https:\/\/lasteaed.joelahtme.ee\/kostivere\/paevakava-2\/<\/span><\/p>\n<p><span class=\"fontstyle1\"><br \/><\/span><span class=\"fontstyle0\"><strong><span style=\"color: #008000\">3 INFOVAHETUS<\/span><\/strong><br \/><\/span><span class=\"fontstyle1\">3.1 Lasteaia infokanalid on: lasteaia koduleht www.kostilaps.ee, Eesti Lasteaedade Infos\u00fcsteem- ELIIS www.eliis.ee , lasteaia (sh r\u00fchmade) elektronpostiaadressid, lasteaias (sh r\u00fchmades) asuvad infotahvlid ning telefonid:<br \/>vigurvandad@kostilaps.ee, 58865011;<\/span><br \/><span class=\"fontstyle1\">vanderponnid@kostilaps.ee, 55647060;<br \/>ponnipesa@kostilaps.ee, 58865355;<br \/>paikesekiired@kostilaps.ee, 58865667;<br \/>pesamuna@kostilaps.ee, 59192622;<br \/>lepatriinud@kostilaps.ee, 58555127;<br \/>naerulinnud@ kostilaps.ee, 58864955;<br \/>roomupesa@kostilaps.ee, 58865510<br \/>3.2 Igal hetkel lapse perega \u00fchenduse saamiseks on vanemal kohustus tagada, et kontaktandmed (vanemate telefoninumbrid, elektronposti aadressid, kodune aadress) oleks tegelikkusele vastavad. Kontaktandmete muutumisel teavitada sellest viivitamatult r\u00fchma \u00f5petajaid.<br \/>3.3 Arusaamatuste korral p\u00f6\u00f6rdub lapsevanem esmalt r\u00fchma t\u00f6\u00f6taja poole, seej\u00e4rel vajadusel juhtkonna poole.<br \/>3.4 Laste, perede ja lasteaia t\u00f6\u00f6tajate isikuandmeid t\u00f6\u00f6tleb lasteaed l\u00e4htudes isikuandmete kaitset ja t\u00f6\u00f6tlemist reguleerivate \u00f5igusaktide n\u00f5uetest ning lasteaia andmet\u00f6\u00f6tlustingimustest.<br \/>3.5 R\u00fchma vanemate koosolekud toimuvad v\u00e4hemalt \u00fcks kord \u00f5ppeaasta jooksul.<br \/>Koosolekud protokollitakse ning need on asutusesiseseks kasutamiseks.<\/span><\/p>\n<p><span class=\"fontstyle1\"><br \/><\/span><span class=\"fontstyle0\"><span style=\"color: #008000\"><strong>4 LAPSE SAABUMINE JA LAHKUMINE, LAPSE PUUDUMINE<\/strong><\/span><br \/><\/span><span class=\"fontstyle1\">4.1 Kui laps s\u00f6\u00f6b hommikueinet, toob lapsevanem lapse lasteaeda hiljemalt kell 8.25. Kui laps ei s\u00f6\u00f6 hommikueinet, siis hiljemalt kell 8.55.<br \/>4.2 Lapsevanem v\u00f5ib loobuda kirjaliku avalduse esitamisega hiljemalt jooksva kuu viimaseks t\u00f6\u00f6p\u00e4evaks lapse j\u00e4rgmise kuu hommikus\u00f6\u00f6gist ja\/v\u00f5i \u00f5htuootest v\u00e4hemalt \u00fcheks kalendrikuuliseks perioodiks. Lisa 1<br \/>4.3 Lapse puuduma j\u00e4\u00e4misest ja tagasi tulekust teatab lapsevanem r\u00fchma \u00f5petajale esimesel v\u00f5imalusel ELIISi (puudumiste kalendris) v\u00f5i r\u00fchma kontaktidele.<br \/>4.4 Lapse puuduma j\u00e4\u00e4misel ei pea tasuma toiduraha, kui sellest on teatatud sama p\u00e4eva hommikul kella 9.00-ks.<br \/>4.5 V\u00e4hemalt \u00fche korra n\u00e4dalas peab lapsevanem ise lapse tooma lasteaeda ja tulema \u00f5htul j\u00e4rgi.<br \/>4.6 Lapsevanem toob lapse hommikuti r\u00fchmaruumi ja annab \u00fcle r\u00fchmat\u00f6\u00f6tajale.<br \/>4.7 lapse lasteaiast lahkumise avalduse esitab lapsevanem l\u00e4bi ARNO keskkonna v\u00e4hemalt 14 p\u00e4eva ette.<\/span><\/p>\n<p><span class=\"fontstyle1\"><br \/><\/span><span class=\"fontstyle0\"><strong><span style=\"color: #008000\">5 LAPSE TERVISE, HEAOLU JA ARENGU TOETAMINE<\/span><\/strong><br \/><\/span><span class=\"fontstyle1\">5.1 Lapse terviseriskidest ja olulistest erivajadustest informeerib vanem r\u00fchma- v\u00f5i tervishoiut\u00f6\u00f6tajat. Erimen\u00fc\u00fc koostamiseks on vajalik tuua arstit\u00f5end.<br \/>5.2 Lasteaeda ei lubata last, kelle terviseseisund v\u00f5ib kahjustada lapse enda v\u00f5i teiste<br \/>tervist. Samuti ei anna \u00f5petaja lapsele lasteaias vanema poolt kaasa antud rohtusid, ega luba lapsel neid ise v\u00f5tta.<\/span><br \/><span class=\"fontstyle1\">5.3 P\u00e4eva jooksul haigestunud lapsest teavitab tervishoiu- v\u00f5i r\u00fchmat\u00f6\u00f6taja vanemat telefoni teel. Haigestunud laps viiakse vanema v\u00f5i vanema poolt eelnevalt teavitatud isiku poolt esimesel v\u00f5imalusel koju.<br \/>5.4 Kui lapse tervislik seisund ei v\u00f5imalda tal \u00f5ue minna koos teistega, peaks ta j\u00e4\u00e4ma veel koju. \u00d5ues viibimise ajal toimub ruumide koristus ja tuulutamine.<br \/>5.5 Lapse vigastuse v\u00f5i trauma korral annab lasteaed lapsele esmaabi, kutsub vajadusel kiirabi ning v\u00f5tab \u00fchendust vanemaga.<br \/>5.6 Traumakaart t\u00e4idetaks ELIIS keskkonnas t\u00f5siste vigastuste puhul vastavalt \u00f5petaja\/tervishoiut\u00f6\u00f6taja otsusele.<br \/>5.7 Lapse nakkushaigustesse haigestumisest peab vanem teavitama r\u00fchma t\u00f6\u00f6tajat esimesel v\u00f5imalusel.<br \/>5.8 Lapsel peavad olema eraldi toa- ja \u00f5ueriided, vahetusjalan\u00f5ud, vajadusel spordiriided.<br \/>5.9 Laps vajab piisavalt ilmale vastavaid riideid ja jalan\u00f5usid kogu p\u00e4evaks. M\u00e4rjal ajal ei suuda lasteaed tagada k\u00f5ikide riiete kuivatamist.<br \/>5.10 Lapse riided ja jalan\u00f5ud peavad olema mugavad, puhtad, turvalised ja esteetilise v\u00e4limusega. V\u00f5imalusel t\u00e4histatud lapse nimega.<br \/>5.11 Lasteaia \u00fcritustel ja pidudel seisab vanem hea selle eest, et teiste kaasasolevate pereliikmete (nt nooremate v\u00f5i vanemate \u00f5dede-vendade) k\u00e4itumine ei h\u00e4iriks esinejaid ja publikut.<\/span><\/p>\n<p><span class=\"fontstyle1\"><br \/><\/span><span class=\"fontstyle0\"><strong><span style=\"color: #008000\">6 TURVALISUSE TAGAMINE<\/span><\/strong><br \/><\/span><span class=\"fontstyle1\">6.1 Lasteasutuse t\u00f6\u00f6tajad koost\u00f6\u00f6s vanemaga loovad lasteasutuses f\u00fc\u00fcsilise ja ps\u00fchhosotsiaalse keskkonna, mis on ohutu, turvaline ja pakub lastele erinevaid m\u00e4ngu-, \u00f5pi- ja loovtegevuse ning kehalise aktiivsuse edendamise v\u00f5imalusi.<br \/>6.2 Lasteaias on v\u00f5imlemis- ja m\u00e4nguvahendid, mille konstruktsioon, m\u00f5\u00f5tmed ja pindade viimistlus vastavad lapse eale ja kasvule. Ronimisredelid, spordi- ja m\u00e4nguv\u00e4ljaku ning v\u00f5imlemisvahendid on kontrollitud tootja juhendite kohaselt.<br \/>M\u00e4nguvahendite ohutuse tagamiseks viiakse lasteaia poolt l\u00e4bi j\u00e4relevalve.<br \/>6.3 Turvalisuse tagamiseks on lasteaed piiratud aia ning lukustatavate v\u00e4ravatega. Iga lasteaia territooriumile siseneja v\u00f5i v\u00e4ljuja on kohustatud sulgema v\u00e4rava. Laste v\u00e4ljap\u00e4\u00e4s lasteaia ruumidest ja territooriumilt lasteaia t\u00f6\u00f6taja teadmata ning v\u00f5\u00f5raste isikute omavoliline p\u00e4\u00e4s lasteaia ruumidesse on keelatud.<br \/>6.4 Kui lapsele tuleb j\u00e4rgi keegi teine t\u00e4iskasvanu, mitte pereliige, tuleb sellest eelnevalt teavitada r\u00fchma \u00f5petajat taasesitamist v\u00f5imaldavas vormis (s\u00f5num, e-kiri). P\u00e4eva l\u00f5pus nii r\u00fchmast kui \u00f5uest lahkudes j\u00e4etakse \u00f5petajaga n\u00e4gemist, et lasteaiat\u00f6\u00f6taja saab olla kindel lapse kojuminekus.<br \/>6.5 R\u00fchma\u00f5petaja ei anna last \u00fcle lapsevanemale v\u00f5i tema poolt volitatud t\u00e4iskasvanud inimesele, kes on joobes.<br \/>6.6 Kui \u00f5petaja on andnud lapse \u00fcle lapsevanemale v\u00f5i lapsevanemaga kokkulepitud inimesele, l\u00e4heb vastutus nii lasteaia hoones kui ka territooriumil lapse eest \u00fcle lapsevanemale.<\/span><br \/><span class=\"fontstyle1\">6.7 Laste viibimisel lasteaia territooriumil ja\/v\u00f5i v\u00e4ljaspool seda tagab lasteaed n\u00f5utava personali olemasolu.<br \/>6.8 \u00d5ppek\u00e4igu ajal t\u00e4naval liigeldes on lapsed ja r\u00fchma t\u00f6\u00f6tajad helkurvestides ning laste r\u00fchmaga on kaasas piisav arv t\u00e4iskasvanuid.<br \/>6.9 Lasteasutuse \u00f5ueala on motoriseeritud liiklusvahenditele suletud, v.a. lasteasutust teenindavad transpordivahendid, kellel on vastav luba.<br \/>6.10Laste ohutuse huvides on lasteaia territooriumil kehtestatud r\u00fchmade kaupa rattas\u00f5idup\u00e4evad. Lapse jalgratas peab olema s\u00f5idukorras ning lapsele paras. Laps s\u00f5idab vaid oma rattaga. Kiivrita on lasteaia territooriumil s\u00f5itmine keelatud. Rattaid, vankreid ja kelke hoitakse selleks etten\u00e4htud kohtades.<br \/>6.11Lasteaeda ei tooda ohtlikke ja v\u00e4givaldseid m\u00e4nge \u00f5hutavaid m\u00e4nguasju (nt. relvad, teravad esemed jne) ega mobiil- v\u00f5i nutiseadmeid. Lapsel on lubatud lasteaeda kaasa tuua oma m\u00e4nguasju vastavalt r\u00fchmas kokkulepitud reeglitele. Lasteaed ei vastuta nende kadumise v\u00f5i katki minemise eest.<br \/>6.12Laps suhtub hoolikalt isiklikku, teiste laste ja lasteaia varasse ning hoidub selle kahjustamisest. Lapse poolt lasteaia v\u00f5i teise vara kahjustamise v\u00f5i h\u00e4vitamise korral, samuti isikukahju p\u00f5hjustamisel h\u00fcvitatakse kahju vastavalt kehtivatele \u00f5igusaktidele.<br \/>6.13Lasteasutuse t\u00f6\u00f6tajate ja vanemate eesm\u00e4rk on vaimset ja f\u00fc\u00fcsilist turvalisust ohustavaid olukordi ennetada. Lapsed, vanemad ja lasteasutuse t\u00f6\u00f6tajad reageerivad viivitamatult vaimset ja f\u00fc\u00fcsilist turvalisust ohustavale olukorrale, v\u00f5imalusel see lahendatakse v\u00f5i sellest teavitatakse r\u00fchma t\u00f6\u00f6tajat ja\/v\u00f5i lasteasutuse direktorit.<br \/>6.14Laste ja lasteasutuse t\u00f6\u00f6tajate vaimset ja f\u00fc\u00fcsilist turvalisust ohustavate olukordade lahendamine ja meetmete rakendamine toimub lasteasutuse juhtkonna poolt vastavalt h\u00e4daolukorra lahendamise plaanile, mis on asutusesiseseks kasutamiseks.<br \/>6.15Lasteaias on kiusamise ennetamise v\u00f5tmeisikuks \u00f5petaja, kes on iseenda, laste, vanemate ja kolleegide omavaheliste s\u00f5bralike ja toetavate suhete looja. Probleemidest ja murettekitavatest juhtumitest teavitab vanem r\u00fchma \u00f5petajat ja\/v\u00f5i direktorit.<br \/>6.16Lapse v\u00e4givaldse k\u00e4itumise korral tegutseb lasteaia t\u00f6\u00f6taja viivitamatult ohuolukorra likvideerimiseks, j\u00e4rgides kehtestatud n\u00f5udeid ning valides ohusituatsioonile vastava lahendusmeetme.<br \/>6.17H\u00e4daolukorra puhul teavitatakse lapsevanemaid vastavalt h\u00e4daolukorra lahendamise plaanile.<br \/>6.18Laste puhke- v\u00f5i magamise ajal on laste juures \u00fcks r\u00fchma t\u00f6\u00f6taja.<br \/>6.19Lasteaia \u00f5uealal ja \u00fchis\u00fcritustel pildistamine ja filmimine on lubatud ainult oma tarbeks ning materjale ei avalikustata.<\/span><br \/><span class=\"fontstyle1\">6.20R\u00fchmas ning r\u00fchma\u00fcritustel pildistamine v\u00f5i filmimine ja salvestiste kasutamine lepitakse kokku lastevanematega.<br \/>6.21Lasteaiale j\u00e4\u00e4b \u00f5igus kasutada eelnevas kahes punktis nimetatud arhiveeritud materjale ajaloo j\u00e4\u00e4dvustamiseks.<br \/>6.22Lastelt ja vanematelt saadud info on konfidentsiaalne, selle t\u00f6\u00f6tlemisel seal hulgas selle kasutamisel ja edastamisel j\u00e4rgitakse isikuandmete kaitse seadust.<br \/>6.23Lasteaia t\u00f6\u00f6tajad ei vastuta j\u00e4relevalveta j\u00e4etud isiklike esemete eest.<\/span><\/p>\n<p><span class=\"fontstyle1\"><br \/><\/span><span class=\"fontstyle0\"><strong><span style=\"color: #008000\">7 TOIDURAHA JA KOHAMAKSU TASUMINE<\/span><\/strong><br \/><\/span><span class=\"fontstyle1\">7.1 Lasteaiatasu koosneb kohatasust ja toidurahast. Alates 01.01.2022 on kohatasust vabastatud lapsevanem juhul kui lapse ja tema vanema(te) elukoht Eesti Rahvastikuregistri andmetel on jooksva aasta 1. jaanuarist ja katkematult J\u00f5el\u00e4htme vald. Kui lapse rahvastikuregistrisse kantud elukoht muutub, rakendub koheselt kohatasu 20% miinimumt\u00f6\u00f6tasust<br \/>7.2 Lapsevanem on kohustatud teavitama lasteaeda oma rahvastikuregistri andmete muutumisest koheselt.<br \/>7.3 Lasteaia tasud on:<br \/><\/span><span style=\"background-color: var(--ast-global-color-4);color: var(--ast-global-color-3);font-size: 1rem\">\u00a0 \u00a0 \u00a0 \u00a0 \u00a0 \u00a0&#8211; J\u00f5el\u00e4htme Vallavolikogu m\u00e4\u00e4rusega kehtestatud kohatasu;<br \/>\u00a0 \u00a0 \u00a0 \u00a0 \u00a0 \u00a0&#8211; <\/span><span style=\"font-size: 1rem;color: var(--ast-global-color-3);background-color: var(--ast-global-color-4)\">lasteaia hoolekogu poolt kehtestatud lapse toidukulu p\u00e4evamaksumus.<br \/><\/span><span class=\"fontstyle1\">7.4 Arve toiduraha ja kohamaksu tasumiseks saadab J\u00f5el\u00e4htme valla raamatupidaja lapsevanema meilile.<br \/>7.5 Toiduraha ja kohamaksu maksmise t\u00e4htaeg on iga kuu 20. kuup\u00e4ev.<br \/>7.6 Lasteaia \u00f5ppekavav\u00e4liste tegevuste korraldamine ja finantseerimine lepitakse kokku iga r\u00fchma vanemate koosolekul.<\/span><\/p>\n<p><span class=\"fontstyle1\"><br \/><\/span><strong><span class=\"fontstyle0\" style=\"color: #008000\">8 <\/span><\/strong><span class=\"fontstyle0\"><strong><span style=\"color: #008000\">KODUKORRA KINNITAMINE, MUUTMINE JA J\u00d5USTUMINE<\/span><\/strong><br \/><\/span><span class=\"fontstyle1\">8.1 Kodukorra kinnitab lasteaia direktor, kuulates \u00e4ra hoolekogu ja pedagoogilise n\u00f5ukogu arvamuse.<br \/>8.2 Ettepanekuid kodukorra muutmiseks v\u00f5ivad teha lapsevanemad, pedagoogid ja vallavalitsuse esindajad.<br \/>8.3 Kostivere lasteaia juhtkonnal on \u00f5igus teha kodukorda vastavalt vajadusele parandusi ja t\u00e4iendusi.<\/span><\/p>\n<p>\u00a0<\/p>\n\n\n<p><\/p>\n","protected":false},"excerpt":{"rendered":"<p>1 \u00dcLDS\u00c4TTED1.1 Kodukord l\u00e4htub koolieelse lasteasutuse seadusest ja teistest \u00f5igusaktidest.1.2 Kui kodukorras puudub regulatsioon mingis valdkonnas, tuleb l\u00e4htuda lasteaia arengukavas ja \u00f5ppekavas kirja pandud p\u00f5him\u00f5tetest ja v\u00e4\u00e4rtustest.1.3 Kodukord on avalikustatud lasteasutuse kodulehel ja on lasteasutuses paberkandjal tutvumiseks k\u00e4ttesaadav.1.4 Lasteasutuse kodukorra koostab direktor ja selle kinnitab hoolekogu.1.5 Kodukord on lastele, lapsevanematele ja eestkostjatele (edaspidi vanem) ning [&hellip;]<\/p>\n","protected":false},"author":6,"featured_media":0,"parent":0,"menu_order":0,"comment_status":"closed","ping_status":"closed","template":"","meta":{"_uag_custom_page_level_css":"","site-sidebar-layout":"default","site-content-layout":"","ast-site-content-layout":"default","site-content-style":"default","site-sidebar-style":"default","ast-global-header-display":"","ast-banner-title-visibility":"","ast-main-header-display":"","ast-hfb-above-header-display":"","ast-hfb-below-header-display":"","ast-hfb-mobile-header-display":"","site-post-title":"","ast-breadcrumbs-content":"","ast-featured-img":"","footer-sml-layout":"","ast-disable-related-posts":"","theme-transparent-header-meta":"","adv-header-id-meta":"","stick-header-meta":"","header-above-stick-meta":"","header-main-stick-meta":"","header-below-stick-meta":"","astra-migrate-meta-layouts":"set","ast-page-background-enabled":"default","ast-page-background-meta":{"desktop":{"background-color":"var(--ast-global-color-4)","background-image":"","background-repeat":"repeat","background-position":"center center","background-size":"auto","background-attachment":"scroll","background-type":"","background-media":"","overlay-type":"","overlay-color":"","overlay-opacity":"","overlay-gradient":""},"tablet":{"background-color":"","background-image":"","background-repeat":"repeat","background-position":"center center","background-size":"auto","background-attachment":"scroll","background-type":"","background-media":"","overlay-type":"","overlay-color":"","overlay-opacity":"","overlay-gradient":""},"mobile":{"background-color":"","background-image":"","background-repeat":"repeat","background-position":"center center","background-size":"auto","background-attachment":"scroll","background-type":"","background-media":"","overlay-type":"","overlay-color":"","overlay-opacity":"","overlay-gradient":""}},"ast-content-background-meta":{"desktop":{"background-color":"var(--ast-global-color-5)","background-image":"","background-repeat":"repeat","background-position":"center center","background-size":"auto","background-attachment":"scroll","background-type":"","background-media":"","overlay-type":"","overlay-color":"","overlay-opacity":"","overlay-gradient":""},"tablet":{"background-color":"var(--ast-global-color-5)","background-image":"","background-repeat":"repeat","background-position":"center center","background-size":"auto","background-attachment":"scroll","background-type":"","background-media":"","overlay-type":"","overlay-color":"","overlay-opacity":"","overlay-gradient":""},"mobile":{"background-color":"var(--ast-global-color-5)","background-image":"","background-repeat":"repeat","background-position":"center center","background-size":"auto","background-attachment":"scroll","background-type":"","background-media":"","overlay-type":"","overlay-color":"","overlay-opacity":"","overlay-gradient":""}},"footnotes":""},"class_list":["post-448","page","type-page","status-publish","hentry"],"uagb_featured_image_src":{"full":false,"thumbnail":false,"medium":false,"medium_large":false,"large":false,"1536x1536":false,"2048x2048":false},"uagb_author_info":{"display_name":"jana","author_link":"https:\/\/lasteaed.joelahtme.ee\/kostivere\/author\/jana\/"},"uagb_comment_info":0,"uagb_excerpt":"1 \u00dcLDS\u00c4TTED1.1 Kodukord l\u00e4htub koolieelse lasteasutuse seadusest ja teistest \u00f5igusaktidest.1.2 Kui kodukorras puudub regulatsioon mingis valdkonnas, tuleb l\u00e4htuda lasteaia arengukavas ja \u00f5ppekavas kirja pandud p\u00f5him\u00f5tetest ja v\u00e4\u00e4rtustest.1.3 Kodukord on avalikustatud lasteasutuse kodulehel ja on lasteasutuses paberkandjal tutvumiseks k\u00e4ttesaadav.1.4 Lasteasutuse kodukorra koostab direktor ja selle kinnitab hoolekogu.1.5 Kodukord on lastele, lapsevanematele ja eestkostjatele (edaspidi vanem) ning&hellip;","_links":{"self":[{"href":"https:\/\/lasteaed.joelahtme.ee\/kostivere\/wp-json\/wp\/v2\/pages\/448","targetHints":{"allow":["GET"]}}],"collection":[{"href":"https:\/\/lasteaed.joelahtme.ee\/kostivere\/wp-json\/wp\/v2\/pages"}],"about":[{"href":"https:\/\/lasteaed.joelahtme.ee\/kostivere\/wp-json\/wp\/v2\/types\/page"}],"author":[{"embeddable":true,"href":"https:\/\/lasteaed.joelahtme.ee\/kostivere\/wp-json\/wp\/v2\/users\/6"}],"replies":[{"embeddable":true,"href":"https:\/\/lasteaed.joelahtme.ee\/kostivere\/wp-json\/wp\/v2\/comments?post=448"}],"version-history":[{"count":20,"href":"https:\/\/lasteaed.joelahtme.ee\/kostivere\/wp-json\/wp\/v2\/pages\/448\/revisions"}],"predecessor-version":[{"id":1275,"href":"https:\/\/lasteaed.joelahtme.ee\/kostivere\/wp-json\/wp\/v2\/pages\/448\/revisions\/1275"}],"wp:attachment":[{"href":"https:\/\/lasteaed.joelahtme.ee\/kostivere\/wp-json\/wp\/v2\/media?parent=448"}],"curies":[{"name":"wp","href":"https:\/\/api.w.org\/{rel}","templated":true}]}}