{"id":44,"date":"2021-10-01T12:16:12","date_gmt":"2021-10-01T12:16:12","guid":{"rendered":"http:\/\/lasteaed.joelahtme.ee\/kostivere\/?page_id=44"},"modified":"2026-04-21T08:15:15","modified_gmt":"2026-04-21T08:15:15","slug":"kostivere-lasteaed","status":"publish","type":"page","link":"https:\/\/lasteaed.joelahtme.ee\/kostivere\/","title":{"rendered":"Uudised"},"content":{"rendered":"\n<p><strong>Kostivere Lasteaed suletud kollektiivpuhkuse ajaks 29.06.2026-24.07.2026.<\/strong><br>29.06.2026-10.07.2026\u00a0 on avatud\u00a0 valver\u00fchm Loo Lasteaias P\u00e4\u00e4supesa.<br>Valver\u00fchma koha saamiseks tuleb esitada vabas vormis avaldus lasteaed@kostilaps.ee hiljemalt 01.05.2026.<\/p>\n\n\n\n<p class=\"has-text-align-center\">********<\/p>\n\n\n\n<p>Kostivere Lasteaed on <strong>avatud t\u00f6\u00f6p\u00e4evadel kella&nbsp;7.00 hommikul kuni kella 18.30 \u00f5htul. <\/strong><br><strong>Valver\u00fchmad alates 1.septembrist<\/strong><\/p>\n\n\n\n<p><strong><u>Valver\u00fchmad avatud 07.00-08.00 JA 17.30-18.30<\/u><\/strong><\/p>\n\n\n\n<p><strong>Naerulindude r\u00fchm<\/strong>&nbsp;v\u00f5tab vastu lapsed r\u00fchmadest: Naerulinnud,Lepatriinud, R\u00f5\u00f5mupesa ja Pesamuna.<br><strong>Vigurv\u00e4ntade r\u00fchm<\/strong>&nbsp;v\u00f5tab vastu lapsed r\u00fchmadest: Vigurv\u00e4ndad, P\u00e4ikesekiired, Vanderp\u00f5nnid ja P\u00f5nnipesa<br>NB! Sisenemine oma r\u00fchma uksest.<br>\u00d5petajad on valver\u00fchmades graafiku alusel.<\/p>\n\n\n\n<p class=\"has-text-align-center\"> ********<\/p>\n\n\n\n<p class=\"has-text-align-left\"><strong>Valla koolid liituvad ARNO s\u00fcsteemiga<\/strong><\/p>\n\n\n\n<p><strong>Koolikohta saab 2023\/24 \u00f5ppeaastaks k\u00e4esolevast aastast esitada vaid l\u00e4bi e-keskkonna ARNO.&nbsp;<\/strong>M\u00f6\u00f6dunud aastal v\u00f5eti ARNO e-keskkonnas esimesena kasutusele lasteaedade moodul ja 2023. a&nbsp;<strong>liitume koolide mooduliga<\/strong>. Lapsevanem saab e-keskkonnas taotleda koolikohta, esitada pikap\u00e4evar\u00fchma ja teisi kooliga seotud avaldusi.<\/p>\n\n\n\n<p>Keskkonda&nbsp;<strong>arno.joelahtme.ee&nbsp;<\/strong>saab sisse logida ID-kaardi, Mobiil-ID v\u00f5i Smart-ID abil.<\/p>\n\n\n\n<p><strong>1. m\u00e4rtsist 2023 algab e-keskkonnas ARNO 1. klassi astumise avalduste esitamine.<\/strong><\/p>\n\n\n\n<p>I klassi v\u00f5etakse vastu laps, kes saab 1. oktoobriks 7 aastaseks.<\/p>\n\n\n\n<p>Avaldusega on vajalik esitada lapse isikut t\u00f5endava dokumendi koopia. Koolivalmiduskaardi esitab vanem taotluse juurde e-keskkonnas ARNO esimesel v\u00f5imalusel hiljemalt 20. juuniks.&nbsp;K\u00f5igile rahvastikuregistri andmetel J\u00f5el\u00e4htme vallas elavatele lastele tagatakse koolikoht valla koolis. Vallavalitsus m\u00e4\u00e4rab elukohaj\u00e4rgse munitsipaalkooli l\u00e4htuvalt \u00f5pilase elukoha andmetest Eesti Rahvastikuregistris.<\/p>\n","protected":false},"excerpt":{"rendered":"<p>Kostivere Lasteaed suletud kollektiivpuhkuse ajaks 29.06.2026-24.07.2026.29.06.2026-10.07.2026\u00a0 on avatud\u00a0 valver\u00fchm Loo Lasteaias P\u00e4\u00e4supesa.Valver\u00fchma koha saamiseks tuleb esitada vabas vormis avaldus lasteaed@kostilaps.ee hiljemalt 01.05.2026. ******** Kostivere Lasteaed on avatud t\u00f6\u00f6p\u00e4evadel kella&nbsp;7.00 hommikul kuni kella 18.30 \u00f5htul. Valver\u00fchmad alates 1.septembrist Valver\u00fchmad avatud 07.00-08.00 JA 17.30-18.30 Naerulindude r\u00fchm&nbsp;v\u00f5tab vastu lapsed r\u00fchmadest: Naerulinnud,Lepatriinud, R\u00f5\u00f5mupesa ja Pesamuna.Vigurv\u00e4ntade r\u00fchm&nbsp;v\u00f5tab vastu lapsed r\u00fchmadest: [&hellip;]<\/p>\n","protected":false},"author":6,"featured_media":0,"parent":0,"menu_order":0,"comment_status":"closed","ping_status":"closed","template":"","meta":{"_uag_custom_page_level_css":"","site-sidebar-layout":"default","site-content-layout":"default","ast-site-content-layout":"default","site-content-style":"default","site-sidebar-style":"default","ast-global-header-display":"","ast-banner-title-visibility":"","ast-main-header-display":"","ast-hfb-above-header-display":"","ast-hfb-below-header-display":"","ast-hfb-mobile-header-display":"","site-post-title":"","ast-breadcrumbs-content":"","ast-featured-img":"","footer-sml-layout":"","ast-disable-related-posts":"","theme-transparent-header-meta":"default","adv-header-id-meta":"","stick-header-meta":"","header-above-stick-meta":"","header-main-stick-meta":"","header-below-stick-meta":"","astra-migrate-meta-layouts":"set","ast-page-background-enabled":"default","ast-page-background-meta":{"desktop":{"background-color":"var(--ast-global-color-4)","background-image":"","background-repeat":"repeat","background-position":"center center","background-size":"auto","background-attachment":"scroll","background-type":"","background-media":"","overlay-type":"","overlay-color":"","overlay-opacity":"","overlay-gradient":""},"tablet":{"background-color":"","background-image":"","background-repeat":"repeat","background-position":"center center","background-size":"auto","background-attachment":"scroll","background-type":"","background-media":"","overlay-type":"","overlay-color":"","overlay-opacity":"","overlay-gradient":""},"mobile":{"background-color":"","background-image":"","background-repeat":"repeat","background-position":"center center","background-size":"auto","background-attachment":"scroll","background-type":"","background-media":"","overlay-type":"","overlay-color":"","overlay-opacity":"","overlay-gradient":""}},"ast-content-background-meta":{"desktop":{"background-color":"var(--ast-global-color-5)","background-image":"","background-repeat":"repeat","background-position":"center center","background-size":"auto","background-attachment":"scroll","background-type":"","background-media":"","overlay-type":"","overlay-color":"","overlay-opacity":"","overlay-gradient":""},"tablet":{"background-color":"var(--ast-global-color-5)","background-image":"","background-repeat":"repeat","background-position":"center center","background-size":"auto","background-attachment":"scroll","background-type":"","background-media":"","overlay-type":"","overlay-color":"","overlay-opacity":"","overlay-gradient":""},"mobile":{"background-color":"var(--ast-global-color-5)","background-image":"","background-repeat":"repeat","background-position":"center center","background-size":"auto","background-attachment":"scroll","background-type":"","background-media":"","overlay-type":"","overlay-color":"","overlay-opacity":"","overlay-gradient":""}},"footnotes":""},"class_list":["post-44","page","type-page","status-publish","hentry"],"uagb_featured_image_src":{"full":false,"thumbnail":false,"medium":false,"medium_large":false,"large":false,"1536x1536":false,"2048x2048":false},"uagb_author_info":{"display_name":"jana","author_link":"https:\/\/lasteaed.joelahtme.ee\/kostivere\/author\/jana\/"},"uagb_comment_info":0,"uagb_excerpt":"Kostivere Lasteaed suletud kollektiivpuhkuse ajaks 29.06.2026-24.07.2026.29.06.2026-10.07.2026\u00a0 on avatud\u00a0 valver\u00fchm Loo Lasteaias P\u00e4\u00e4supesa.Valver\u00fchma koha saamiseks tuleb esitada vabas vormis avaldus lasteaed@kostilaps.ee hiljemalt 01.05.2026. ******** Kostivere Lasteaed on avatud t\u00f6\u00f6p\u00e4evadel kella&nbsp;7.00 hommikul kuni kella 18.30 \u00f5htul. Valver\u00fchmad alates 1.septembrist Valver\u00fchmad avatud 07.00-08.00 JA 17.30-18.30 Naerulindude r\u00fchm&nbsp;v\u00f5tab vastu lapsed r\u00fchmadest: Naerulinnud,Lepatriinud, R\u00f5\u00f5mupesa ja Pesamuna.Vigurv\u00e4ntade r\u00fchm&nbsp;v\u00f5tab vastu lapsed r\u00fchmadest:&hellip;","_links":{"self":[{"href":"https:\/\/lasteaed.joelahtme.ee\/kostivere\/wp-json\/wp\/v2\/pages\/44","targetHints":{"allow":["GET"]}}],"collection":[{"href":"https:\/\/lasteaed.joelahtme.ee\/kostivere\/wp-json\/wp\/v2\/pages"}],"about":[{"href":"https:\/\/lasteaed.joelahtme.ee\/kostivere\/wp-json\/wp\/v2\/types\/page"}],"author":[{"embeddable":true,"href":"https:\/\/lasteaed.joelahtme.ee\/kostivere\/wp-json\/wp\/v2\/users\/6"}],"replies":[{"embeddable":true,"href":"https:\/\/lasteaed.joelahtme.ee\/kostivere\/wp-json\/wp\/v2\/comments?post=44"}],"version-history":[{"count":125,"href":"https:\/\/lasteaed.joelahtme.ee\/kostivere\/wp-json\/wp\/v2\/pages\/44\/revisions"}],"predecessor-version":[{"id":1494,"href":"https:\/\/lasteaed.joelahtme.ee\/kostivere\/wp-json\/wp\/v2\/pages\/44\/revisions\/1494"}],"wp:attachment":[{"href":"https:\/\/lasteaed.joelahtme.ee\/kostivere\/wp-json\/wp\/v2\/media?parent=44"}],"curies":[{"name":"wp","href":"https:\/\/api.w.org\/{rel}","templated":true}]}}