{"id":431,"date":"2021-11-04T07:41:57","date_gmt":"2021-11-04T07:41:57","guid":{"rendered":"http:\/\/lasteaed.joelahtme.ee\/kostivere\/?page_id=431"},"modified":"2026-03-23T07:50:23","modified_gmt":"2026-03-23T07:50:23","slug":"personal","status":"publish","type":"page","link":"https:\/\/lasteaed.joelahtme.ee\/kostivere\/personal\/","title":{"rendered":"Personal"},"content":{"rendered":"\n<div class=\"wp-block-columns is-layout-flex wp-container-core-columns-is-layout-28f84493 wp-block-columns-is-layout-flex\">\n<div class=\"wp-block-column is-layout-flow wp-block-column-is-layout-flow\" style=\"flex-basis:100%\">\n<figure class=\"wp-block-table alignleft is-style-stripes\"><table><tbody><tr><td class=\"has-text-align-left\" data-align=\"left\">direktor <\/td><td>Kaili Raamat<\/td><\/tr><tr><td class=\"has-text-align-left\" data-align=\"left\">\u00f5ppejuht<\/td><td>Jana Aasla <\/td><\/tr><tr><td class=\"has-text-align-left\" data-align=\"left\">majandusjuhataja <\/td><td>Anne Ojala<\/td><\/tr><tr><td class=\"has-text-align-left\" data-align=\"left\">tervishoiut\u00f6\u00f6taja<\/td><td><\/td><\/tr><tr><td class=\"has-text-align-left\" data-align=\"left\">sekret\u00e4r<\/td><td>Kersti Oja<\/td><\/tr><tr><td class=\"has-text-align-left\" data-align=\"left\">logopeed<\/td><td>Triin T\u00f5nts<\/td><\/tr><tr><td class=\"has-text-align-left\" data-align=\"left\">eripedagoog<\/td><td>Marge Raja<\/td><\/tr><tr><td class=\"has-text-align-left\" data-align=\"left\">muusika\u00f5petaja<\/td><td>Kadri Toomeste<\/td><\/tr><tr><td class=\"has-text-align-left\" data-align=\"left\">liikumis\u00f5petaja<\/td><td>Maire Ruus\/Kelli Maiste<\/td><\/tr><tr><td class=\"has-text-align-left\" data-align=\"left\">r\u00fchma\u00f5petajad<\/td><td>Angelika Anderson<\/td><\/tr><tr><td class=\"has-text-align-left\" data-align=\"left\"><\/td><td>Virge Baar<\/td><\/tr><tr><td class=\"has-text-align-left\" data-align=\"left\"><\/td><td>Jaanika J\u00f5e<\/td><\/tr><tr><td class=\"has-text-align-left\" data-align=\"left\"><\/td><td>Eveli Kalev<\/td><\/tr><tr><td class=\"has-text-align-left\" data-align=\"left\"><\/td><td>Airi Kruusam\u00e4gi<\/td><\/tr><tr><td class=\"has-text-align-left\" data-align=\"left\"><\/td><td>Kaire K\u00e4\u00e4rik<\/td><\/tr><tr><td class=\"has-text-align-left\" data-align=\"left\"><\/td><td>Hegne Lend<\/td><\/tr><tr><td class=\"has-text-align-left\" data-align=\"left\"><\/td><td>Meeli L\u00f5iv<\/td><\/tr><tr><td class=\"has-text-align-left\" data-align=\"left\"><\/td><td>Anneli Ottep<\/td><\/tr><tr><td class=\"has-text-align-left\" data-align=\"left\"><\/td><td>Tiina R\u00e4hn<\/td><\/tr><tr><td class=\"has-text-align-left\" data-align=\"left\"><\/td><td>Polina Tikki<\/td><\/tr><tr><td class=\"has-text-align-left\" data-align=\"left\">abi\u00f5petajad<\/td><td>Marta Pajo<\/td><\/tr><tr><td class=\"has-text-align-left\" data-align=\"left\"><\/td><td>Sirje Eharand<\/td><\/tr><tr><td class=\"has-text-align-left\" data-align=\"left\"><\/td><td>Aimi King<\/td><\/tr><tr><td class=\"has-text-align-left\" data-align=\"left\"><\/td><td>Kaisi Kell<\/td><\/tr><tr><td class=\"has-text-align-left\" data-align=\"left\"><\/td><td>Caroly Kosk<\/td><\/tr><tr><td class=\"has-text-align-left\" data-align=\"left\"><\/td><td>Kadri Sikka<\/td><\/tr><tr><td class=\"has-text-align-left\" data-align=\"left\"><\/td><td>Ruta Kuusk<\/td><\/tr><tr><td class=\"has-text-align-left\" data-align=\"left\"><\/td><td>Annika Lehtoja<\/td><\/tr><tr><td class=\"has-text-align-left\" data-align=\"left\"><\/td><td>Hanna Loos<\/td><\/tr><tr><td class=\"has-text-align-left\" data-align=\"left\"><\/td><td>Lia Oolberg<\/td><\/tr><tr><td class=\"has-text-align-left\" data-align=\"left\"><\/td><td>Hanna Tohv<\/td><\/tr><tr><td class=\"has-text-align-left\" data-align=\"left\"><\/td><td>Reet Truu<\/td><\/tr><tr><td class=\"has-text-align-left\" data-align=\"left\">kokk<\/td><td>Ave Talve<\/td><\/tr><tr><td class=\"has-text-align-left\" data-align=\"left\">abit\u00f6\u00f6line <\/td><td>Marit Lehtmets<\/td><\/tr><tr><td class=\"has-text-align-left\" data-align=\"left\">koristaja<\/td><td>Merike Loos<\/td><\/tr><tr><td class=\"has-text-align-left\" data-align=\"left\">majahoidja<\/td><td>Koit M\u00e4nnik<\/td><\/tr><\/tbody><\/table><\/figure>\n<\/div>\n<\/div>\n","protected":false},"excerpt":{"rendered":"<p>direktor Kaili Raamat \u00f5ppejuht Jana Aasla majandusjuhataja Anne Ojala tervishoiut\u00f6\u00f6taja sekret\u00e4r Kersti Oja logopeed Triin T\u00f5nts eripedagoog Marge Raja muusika\u00f5petaja Kadri Toomeste liikumis\u00f5petaja Maire Ruus\/Kelli Maiste r\u00fchma\u00f5petajad Angelika Anderson Virge Baar Jaanika J\u00f5e Eveli Kalev Airi Kruusam\u00e4gi Kaire K\u00e4\u00e4rik Hegne Lend Meeli L\u00f5iv Anneli Ottep Tiina R\u00e4hn Polina Tikki abi\u00f5petajad Marta Pajo Sirje Eharand Aimi [&hellip;]<\/p>\n","protected":false},"author":6,"featured_media":0,"parent":0,"menu_order":0,"comment_status":"closed","ping_status":"closed","template":"","meta":{"_uag_custom_page_level_css":"","site-sidebar-layout":"default","site-content-layout":"","ast-site-content-layout":"default","site-content-style":"default","site-sidebar-style":"default","ast-global-header-display":"","ast-banner-title-visibility":"","ast-main-header-display":"","ast-hfb-above-header-display":"","ast-hfb-below-header-display":"","ast-hfb-mobile-header-display":"","site-post-title":"","ast-breadcrumbs-content":"","ast-featured-img":"","footer-sml-layout":"","ast-disable-related-posts":"","theme-transparent-header-meta":"","adv-header-id-meta":"","stick-header-meta":"","header-above-stick-meta":"","header-main-stick-meta":"","header-below-stick-meta":"","astra-migrate-meta-layouts":"set","ast-page-background-enabled":"default","ast-page-background-meta":{"desktop":{"background-color":"var(--ast-global-color-4)","background-image":"","background-repeat":"repeat","background-position":"center center","background-size":"auto","background-attachment":"scroll","background-type":"","background-media":"","overlay-type":"","overlay-color":"","overlay-opacity":"","overlay-gradient":""},"tablet":{"background-color":"","background-image":"","background-repeat":"repeat","background-position":"center center","background-size":"auto","background-attachment":"scroll","background-type":"","background-media":"","overlay-type":"","overlay-color":"","overlay-opacity":"","overlay-gradient":""},"mobile":{"background-color":"","background-image":"","background-repeat":"repeat","background-position":"center center","background-size":"auto","background-attachment":"scroll","background-type":"","background-media":"","overlay-type":"","overlay-color":"","overlay-opacity":"","overlay-gradient":""}},"ast-content-background-meta":{"desktop":{"background-color":"var(--ast-global-color-5)","background-image":"","background-repeat":"repeat","background-position":"center center","background-size":"auto","background-attachment":"scroll","background-type":"","background-media":"","overlay-type":"","overlay-color":"","overlay-opacity":"","overlay-gradient":""},"tablet":{"background-color":"var(--ast-global-color-5)","background-image":"","background-repeat":"repeat","background-position":"center center","background-size":"auto","background-attachment":"scroll","background-type":"","background-media":"","overlay-type":"","overlay-color":"","overlay-opacity":"","overlay-gradient":""},"mobile":{"background-color":"var(--ast-global-color-5)","background-image":"","background-repeat":"repeat","background-position":"center center","background-size":"auto","background-attachment":"scroll","background-type":"","background-media":"","overlay-type":"","overlay-color":"","overlay-opacity":"","overlay-gradient":""}},"footnotes":""},"class_list":["post-431","page","type-page","status-publish","hentry"],"uagb_featured_image_src":{"full":false,"thumbnail":false,"medium":false,"medium_large":false,"large":false,"1536x1536":false,"2048x2048":false},"uagb_author_info":{"display_name":"jana","author_link":"https:\/\/lasteaed.joelahtme.ee\/kostivere\/author\/jana\/"},"uagb_comment_info":0,"uagb_excerpt":"direktor Kaili Raamat \u00f5ppejuht Jana Aasla majandusjuhataja Anne Ojala tervishoiut\u00f6\u00f6taja sekret\u00e4r Kersti Oja logopeed Triin T\u00f5nts eripedagoog Marge Raja muusika\u00f5petaja Kadri Toomeste liikumis\u00f5petaja Maire Ruus\/Kelli Maiste r\u00fchma\u00f5petajad Angelika Anderson Virge Baar Jaanika J\u00f5e Eveli Kalev Airi Kruusam\u00e4gi Kaire K\u00e4\u00e4rik Hegne Lend Meeli L\u00f5iv Anneli Ottep Tiina R\u00e4hn Polina Tikki abi\u00f5petajad Marta Pajo Sirje Eharand Aimi&hellip;","_links":{"self":[{"href":"https:\/\/lasteaed.joelahtme.ee\/kostivere\/wp-json\/wp\/v2\/pages\/431","targetHints":{"allow":["GET"]}}],"collection":[{"href":"https:\/\/lasteaed.joelahtme.ee\/kostivere\/wp-json\/wp\/v2\/pages"}],"about":[{"href":"https:\/\/lasteaed.joelahtme.ee\/kostivere\/wp-json\/wp\/v2\/types\/page"}],"author":[{"embeddable":true,"href":"https:\/\/lasteaed.joelahtme.ee\/kostivere\/wp-json\/wp\/v2\/users\/6"}],"replies":[{"embeddable":true,"href":"https:\/\/lasteaed.joelahtme.ee\/kostivere\/wp-json\/wp\/v2\/comments?post=431"}],"version-history":[{"count":38,"href":"https:\/\/lasteaed.joelahtme.ee\/kostivere\/wp-json\/wp\/v2\/pages\/431\/revisions"}],"predecessor-version":[{"id":1489,"href":"https:\/\/lasteaed.joelahtme.ee\/kostivere\/wp-json\/wp\/v2\/pages\/431\/revisions\/1489"}],"wp:attachment":[{"href":"https:\/\/lasteaed.joelahtme.ee\/kostivere\/wp-json\/wp\/v2\/media?parent=431"}],"curies":[{"name":"wp","href":"https:\/\/api.w.org\/{rel}","templated":true}]}}