{"id":427,"date":"2021-11-04T07:36:52","date_gmt":"2021-11-04T07:36:52","guid":{"rendered":"http:\/\/lasteaed.joelahtme.ee\/kostivere\/?page_id=427"},"modified":"2023-08-31T07:53:25","modified_gmt":"2023-08-31T07:53:25","slug":"ruhmade-rattapaevad","status":"publish","type":"page","link":"https:\/\/lasteaed.joelahtme.ee\/kostivere\/ruhmade-rattapaevad\/","title":{"rendered":"R\u00fchmade rattap\u00e4evad"},"content":{"rendered":"\n<p>Tuletame meelde, et jalg- ja t\u00f5ukerattaga s\u00f5itmine lasteaia territooriumil laste turvalisuse huvides v\u00f5imalik vaid igale r\u00fchmale kehtestatud rattap\u00e4eval ning ainult kaitsevarustuse (kiiver, soovitavalt ka p\u00f5lve- ja k\u00fc\u00fcnarnukikaitsmed) olemasolul.<\/p>\n\n\n\n<p>Jalgrattad paigutatakse uue r\u00fchma k\u00f5rval v\u00f5i maja k\u00f6\u00f6gi poolses otsas olevasse jalgrattaparklasse omal vastutusel.<\/p>\n\n\n\n<p>Rattaid ja k\u00e4rusid r\u00f5dudel ei hoita.<\/p>\n\n\n\n<p>R\u00fchmade rattap\u00e4evad<\/p>\n\n\n\n<figure class=\"wp-block-table aligncenter\"><table><tbody><tr><td class=\"has-text-align-left\" data-align=\"left\">Esmasp\u00e4ev<\/td><td class=\"has-text-align-left\" data-align=\"left\">P\u00f5nnipesa r\u00fchm ja Vigurv\u00e4ntade r\u00fchm<\/td><\/tr><tr><td class=\"has-text-align-left\" data-align=\"left\">Teisip\u00e4ev<\/td><td class=\"has-text-align-left\" data-align=\"left\">Lepatriinude r\u00fchm  ja Pesamuna r\u00fchm<\/td><\/tr><tr><td class=\"has-text-align-left\" data-align=\"left\">Kolmap\u00e4ev<\/td><td class=\"has-text-align-left\" data-align=\"left\">Vanderp\u00f5nnide r\u00fchm   ja Naerulindude&nbsp; r\u00fchm<\/td><\/tr><tr><td class=\"has-text-align-left\" data-align=\"left\">Neljap\u00e4ev<\/td><td class=\"has-text-align-left\" data-align=\"left\">P\u00e4ikesekiirte r\u00fchm ja  R\u00f5\u00f5mupesa r\u00fchm<\/td><\/tr><\/tbody><\/table><\/figure>\n\n\n\n<p class=\"has-text-align-center\">Palume m\u00f5istvat suhtumist!<\/p>\n","protected":false},"excerpt":{"rendered":"<p>Tuletame meelde, et jalg- ja t\u00f5ukerattaga s\u00f5itmine lasteaia territooriumil laste turvalisuse huvides v\u00f5imalik vaid igale r\u00fchmale kehtestatud rattap\u00e4eval ning ainult kaitsevarustuse (kiiver, soovitavalt ka p\u00f5lve- ja k\u00fc\u00fcnarnukikaitsmed) olemasolul. Jalgrattad paigutatakse uue r\u00fchma k\u00f5rval v\u00f5i maja k\u00f6\u00f6gi poolses otsas olevasse jalgrattaparklasse omal vastutusel. Rattaid ja k\u00e4rusid r\u00f5dudel ei hoita. R\u00fchmade rattap\u00e4evad Esmasp\u00e4ev P\u00f5nnipesa r\u00fchm ja Vigurv\u00e4ntade [&hellip;]<\/p>\n","protected":false},"author":6,"featured_media":0,"parent":0,"menu_order":0,"comment_status":"closed","ping_status":"closed","template":"","meta":{"_uag_custom_page_level_css":"","site-sidebar-layout":"default","site-content-layout":"","ast-site-content-layout":"default","site-content-style":"default","site-sidebar-style":"default","ast-global-header-display":"","ast-banner-title-visibility":"","ast-main-header-display":"","ast-hfb-above-header-display":"","ast-hfb-below-header-display":"","ast-hfb-mobile-header-display":"","site-post-title":"","ast-breadcrumbs-content":"","ast-featured-img":"","footer-sml-layout":"","ast-disable-related-posts":"","theme-transparent-header-meta":"","adv-header-id-meta":"","stick-header-meta":"","header-above-stick-meta":"","header-main-stick-meta":"","header-below-stick-meta":"","astra-migrate-meta-layouts":"set","ast-page-background-enabled":"default","ast-page-background-meta":{"desktop":{"background-color":"var(--ast-global-color-4)","background-image":"","background-repeat":"repeat","background-position":"center center","background-size":"auto","background-attachment":"scroll","background-type":"","background-media":"","overlay-type":"","overlay-color":"","overlay-opacity":"","overlay-gradient":""},"tablet":{"background-color":"","background-image":"","background-repeat":"repeat","background-position":"center center","background-size":"auto","background-attachment":"scroll","background-type":"","background-media":"","overlay-type":"","overlay-color":"","overlay-opacity":"","overlay-gradient":""},"mobile":{"background-color":"","background-image":"","background-repeat":"repeat","background-position":"center center","background-size":"auto","background-attachment":"scroll","background-type":"","background-media":"","overlay-type":"","overlay-color":"","overlay-opacity":"","overlay-gradient":""}},"ast-content-background-meta":{"desktop":{"background-color":"var(--ast-global-color-5)","background-image":"","background-repeat":"repeat","background-position":"center center","background-size":"auto","background-attachment":"scroll","background-type":"","background-media":"","overlay-type":"","overlay-color":"","overlay-opacity":"","overlay-gradient":""},"tablet":{"background-color":"var(--ast-global-color-5)","background-image":"","background-repeat":"repeat","background-position":"center center","background-size":"auto","background-attachment":"scroll","background-type":"","background-media":"","overlay-type":"","overlay-color":"","overlay-opacity":"","overlay-gradient":""},"mobile":{"background-color":"var(--ast-global-color-5)","background-image":"","background-repeat":"repeat","background-position":"center center","background-size":"auto","background-attachment":"scroll","background-type":"","background-media":"","overlay-type":"","overlay-color":"","overlay-opacity":"","overlay-gradient":""}},"footnotes":""},"class_list":["post-427","page","type-page","status-publish","hentry"],"uagb_featured_image_src":{"full":false,"thumbnail":false,"medium":false,"medium_large":false,"large":false,"1536x1536":false,"2048x2048":false},"uagb_author_info":{"display_name":"jana","author_link":"https:\/\/lasteaed.joelahtme.ee\/kostivere\/author\/jana\/"},"uagb_comment_info":0,"uagb_excerpt":"Tuletame meelde, et jalg- ja t\u00f5ukerattaga s\u00f5itmine lasteaia territooriumil laste turvalisuse huvides v\u00f5imalik vaid igale r\u00fchmale kehtestatud rattap\u00e4eval ning ainult kaitsevarustuse (kiiver, soovitavalt ka p\u00f5lve- ja k\u00fc\u00fcnarnukikaitsmed) olemasolul. Jalgrattad paigutatakse uue r\u00fchma k\u00f5rval v\u00f5i maja k\u00f6\u00f6gi poolses otsas olevasse jalgrattaparklasse omal vastutusel. Rattaid ja k\u00e4rusid r\u00f5dudel ei hoita. R\u00fchmade rattap\u00e4evad Esmasp\u00e4ev P\u00f5nnipesa r\u00fchm ja Vigurv\u00e4ntade&hellip;","_links":{"self":[{"href":"https:\/\/lasteaed.joelahtme.ee\/kostivere\/wp-json\/wp\/v2\/pages\/427","targetHints":{"allow":["GET"]}}],"collection":[{"href":"https:\/\/lasteaed.joelahtme.ee\/kostivere\/wp-json\/wp\/v2\/pages"}],"about":[{"href":"https:\/\/lasteaed.joelahtme.ee\/kostivere\/wp-json\/wp\/v2\/types\/page"}],"author":[{"embeddable":true,"href":"https:\/\/lasteaed.joelahtme.ee\/kostivere\/wp-json\/wp\/v2\/users\/6"}],"replies":[{"embeddable":true,"href":"https:\/\/lasteaed.joelahtme.ee\/kostivere\/wp-json\/wp\/v2\/comments?post=427"}],"version-history":[{"count":4,"href":"https:\/\/lasteaed.joelahtme.ee\/kostivere\/wp-json\/wp\/v2\/pages\/427\/revisions"}],"predecessor-version":[{"id":998,"href":"https:\/\/lasteaed.joelahtme.ee\/kostivere\/wp-json\/wp\/v2\/pages\/427\/revisions\/998"}],"wp:attachment":[{"href":"https:\/\/lasteaed.joelahtme.ee\/kostivere\/wp-json\/wp\/v2\/media?parent=427"}],"curies":[{"name":"wp","href":"https:\/\/api.w.org\/{rel}","templated":true}]}}