{"id":425,"date":"2021-11-04T07:29:35","date_gmt":"2021-11-04T07:29:35","guid":{"rendered":"http:\/\/lasteaed.joelahtme.ee\/kostivere\/?page_id=425"},"modified":"2025-11-14T08:55:29","modified_gmt":"2025-11-14T08:55:29","slug":"paevakava-2","status":"publish","type":"page","link":"https:\/\/lasteaed.joelahtme.ee\/kostivere\/paevakava-2\/","title":{"rendered":"P\u00e4evakava"},"content":{"rendered":"\n<p><strong>Lastehoiur\u00fchmad (1,5-3 eluaastat)<\/strong><\/p>\n<p>7.<sup>00<\/sup>-8.<sup>30<\/sup>\u00a0 \u00a0M\u00e4ng, vaba tegevus<br \/>8.<sup>30<\/sup>-9.<sup>00<\/sup>\u00a0 \u00a0Hommikus\u00f6\u00f6k<br \/>9.<sup>00<\/sup>-12.<sup>00<\/sup> L\u00f5imitud \u00f5ppe- ja kasvatustegevused, m\u00e4ngud toas ja \u00f5ues<br \/>12.<sup>00<\/sup>-13.0<sup>00<\/sup> L\u00f5unas\u00f6\u00f6k, rahulik tegevus<br \/>12.<sup>00<\/sup>-15.<sup>00<\/sup> Puhkeaeg<br \/><span style=\"font-size: 1rem;color: var(--ast-global-color-3)\">15.<\/span><sup style=\"color: var(--ast-global-color-3)\">30<\/sup><span style=\"font-size: 1rem;color: var(--ast-global-color-3)\">-16.<sup>00 <\/sup><\/span>\u00d5htuoode<br \/>16.<sup>00<\/sup>-18.<span style=\"font-size: 1rem;color: var(--ast-global-color-3)\"><sup>30<\/sup><\/span>\u00a0M\u00e4ng, vaba tegevus<\/p>\n\n\n\n<p><strong>Aiar\u00fchmad (3-6 eluaastat)<\/strong><\/p>\n<p>7.<sup>00<\/sup>-8.<sup>30<\/sup>\u00a0 \u00a0M\u00e4ng, vaba tegevus<br \/>8.<sup>30<\/sup>-9.<sup>00<\/sup>\u00a0 \u00a0Hommikus\u00f6\u00f6k<br \/>9.<sup>00<\/sup>-12.<sup>00<\/sup> L\u00f5imitud \u00f5ppe- ja kasvatustegevused, m\u00e4ngud toas ja \u00f5ues<br \/>12.<sup>00<\/sup>-13.<sup>00<\/sup> L\u00f5unas\u00f6\u00f6k, rahulik tegevus<br \/>13.<sup>00<\/sup>-15.<sup>00<\/sup> Puhkeaeg <br \/><span style=\"font-size: 1rem;color: var(--ast-global-color-3)\">15.<\/span><sup style=\"color: var(--ast-global-color-3)\">00<\/sup><span style=\"font-size: 1rem;color: var(--ast-global-color-3)\">-15.<sup>45\u00a0\u00a0<\/sup><\/span> L\u00f5imitud \u00f5ppe- ja kasvatustegevused, m\u00e4ng, individuaalne t\u00f6\u00f6<br \/><span style=\"font-size: 1rem;color: var(--ast-global-color-3)\">15.<\/span><sup style=\"color: var(--ast-global-color-3)\">45<\/sup><span style=\"font-size: 1rem;color: var(--ast-global-color-3)\">-16.<sup>15 <\/sup><\/span>\u00d5htuoode<br \/>16.<sup>15<\/sup>-18.<span style=\"font-size: 1rem;color: var(--ast-global-color-3)\"><sup>30<\/sup><\/span>\u00a0M\u00e4ng, vaba tegevus<\/p>\n\n\n\n<p><strong>Koolieelikud (6-7 eluaastat)<\/strong><\/p>\n<p>7.<sup>00<\/sup>-8.<sup>30<\/sup>\u00a0 \u00a0M\u00e4ng, vaba tegevus<br \/>8.<sup>30<\/sup>-9.<sup>00<\/sup>\u00a0 \u00a0Hommikus\u00f6\u00f6k<br \/>9.<sup>00<\/sup>-12.<sup>00<\/sup> L\u00f5imitud \u00f5ppe- ja kasvatustegevused, m\u00e4ngud toas ja \u00f5ues<br \/>12.<sup>00<\/sup>-13.<sup>00<\/sup> L\u00f5unas\u00f6\u00f6k, rahulik tegevus<br \/>13.<sup>00<\/sup>-14.<sup>20<\/sup> Puhkeaeg <br \/><span style=\"font-size: 1rem;color: var(--ast-global-color-3)\">14.<\/span><sup style=\"color: var(--ast-global-color-3)\">35<\/sup><span style=\"font-size: 1rem;color: var(--ast-global-color-3)\">-15.<sup>45\u00a0\u00a0<\/sup><\/span> L\u00f5imitud \u00f5ppe- ja kasvatustegevused, m\u00e4ng, individuaalne t\u00f6\u00f6<br \/><span style=\"font-size: 1rem;color: var(--ast-global-color-3)\">15.<\/span><sup style=\"color: var(--ast-global-color-3)\">45<\/sup><span style=\"font-size: 1rem;color: var(--ast-global-color-3)\">-16.<sup>15 <\/sup><\/span>\u00d5htuoode<br \/>16.<sup>15<\/sup>-18.<span style=\"font-size: 1rem;color: var(--ast-global-color-3)\"><sup>30<\/sup><\/span>\u00a0M\u00e4ng, vaba tegevus<\/p>\n\n\n\n<p><\/p>\n","protected":false},"excerpt":{"rendered":"<p>Lastehoiur\u00fchmad (1,5-3 eluaastat) 7.00-8.30\u00a0 \u00a0M\u00e4ng, vaba tegevus8.30-9.00\u00a0 \u00a0Hommikus\u00f6\u00f6k9.00-12.00 L\u00f5imitud \u00f5ppe- ja kasvatustegevused, m\u00e4ngud toas ja \u00f5ues12.00-13.000 L\u00f5unas\u00f6\u00f6k, rahulik tegevus12.00-15.00 Puhkeaeg15.30-16.00 \u00d5htuoode16.00-18.30\u00a0M\u00e4ng, vaba tegevus Aiar\u00fchmad (3-6 eluaastat) 7.00-8.30\u00a0 \u00a0M\u00e4ng, vaba tegevus8.30-9.00\u00a0 \u00a0Hommikus\u00f6\u00f6k9.00-12.00 L\u00f5imitud \u00f5ppe- ja kasvatustegevused, m\u00e4ngud toas ja \u00f5ues12.00-13.00 L\u00f5unas\u00f6\u00f6k, rahulik tegevus13.00-15.00 Puhkeaeg 15.00-15.45\u00a0\u00a0 L\u00f5imitud \u00f5ppe- ja kasvatustegevused, m\u00e4ng, individuaalne t\u00f6\u00f615.45-16.15 \u00d5htuoode16.15-18.30\u00a0M\u00e4ng, vaba tegevus Koolieelikud [&hellip;]<\/p>\n","protected":false},"author":6,"featured_media":0,"parent":0,"menu_order":0,"comment_status":"closed","ping_status":"closed","template":"","meta":{"_uag_custom_page_level_css":"","site-sidebar-layout":"default","site-content-layout":"","ast-site-content-layout":"default","site-content-style":"default","site-sidebar-style":"default","ast-global-header-display":"","ast-banner-title-visibility":"","ast-main-header-display":"","ast-hfb-above-header-display":"","ast-hfb-below-header-display":"","ast-hfb-mobile-header-display":"","site-post-title":"","ast-breadcrumbs-content":"","ast-featured-img":"","footer-sml-layout":"","ast-disable-related-posts":"","theme-transparent-header-meta":"","adv-header-id-meta":"","stick-header-meta":"","header-above-stick-meta":"","header-main-stick-meta":"","header-below-stick-meta":"","astra-migrate-meta-layouts":"set","ast-page-background-enabled":"default","ast-page-background-meta":{"desktop":{"background-color":"var(--ast-global-color-4)","background-image":"","background-repeat":"repeat","background-position":"center center","background-size":"auto","background-attachment":"scroll","background-type":"","background-media":"","overlay-type":"","overlay-color":"","overlay-opacity":"","overlay-gradient":""},"tablet":{"background-color":"","background-image":"","background-repeat":"repeat","background-position":"center center","background-size":"auto","background-attachment":"scroll","background-type":"","background-media":"","overlay-type":"","overlay-color":"","overlay-opacity":"","overlay-gradient":""},"mobile":{"background-color":"","background-image":"","background-repeat":"repeat","background-position":"center center","background-size":"auto","background-attachment":"scroll","background-type":"","background-media":"","overlay-type":"","overlay-color":"","overlay-opacity":"","overlay-gradient":""}},"ast-content-background-meta":{"desktop":{"background-color":"var(--ast-global-color-5)","background-image":"","background-repeat":"repeat","background-position":"center center","background-size":"auto","background-attachment":"scroll","background-type":"","background-media":"","overlay-type":"","overlay-color":"","overlay-opacity":"","overlay-gradient":""},"tablet":{"background-color":"var(--ast-global-color-5)","background-image":"","background-repeat":"repeat","background-position":"center center","background-size":"auto","background-attachment":"scroll","background-type":"","background-media":"","overlay-type":"","overlay-color":"","overlay-opacity":"","overlay-gradient":""},"mobile":{"background-color":"var(--ast-global-color-5)","background-image":"","background-repeat":"repeat","background-position":"center center","background-size":"auto","background-attachment":"scroll","background-type":"","background-media":"","overlay-type":"","overlay-color":"","overlay-opacity":"","overlay-gradient":""}},"footnotes":""},"class_list":["post-425","page","type-page","status-publish","hentry"],"uagb_featured_image_src":{"full":false,"thumbnail":false,"medium":false,"medium_large":false,"large":false,"1536x1536":false,"2048x2048":false},"uagb_author_info":{"display_name":"jana","author_link":"https:\/\/lasteaed.joelahtme.ee\/kostivere\/author\/jana\/"},"uagb_comment_info":0,"uagb_excerpt":"Lastehoiur\u00fchmad (1,5-3 eluaastat) 7.00-8.30\u00a0 \u00a0M\u00e4ng, vaba tegevus8.30-9.00\u00a0 \u00a0Hommikus\u00f6\u00f6k9.00-12.00 L\u00f5imitud \u00f5ppe- ja kasvatustegevused, m\u00e4ngud toas ja \u00f5ues12.00-13.000 L\u00f5unas\u00f6\u00f6k, rahulik tegevus12.00-15.00 Puhkeaeg15.30-16.00 \u00d5htuoode16.00-18.30\u00a0M\u00e4ng, vaba tegevus Aiar\u00fchmad (3-6 eluaastat) 7.00-8.30\u00a0 \u00a0M\u00e4ng, vaba tegevus8.30-9.00\u00a0 \u00a0Hommikus\u00f6\u00f6k9.00-12.00 L\u00f5imitud \u00f5ppe- ja kasvatustegevused, m\u00e4ngud toas ja \u00f5ues12.00-13.00 L\u00f5unas\u00f6\u00f6k, rahulik tegevus13.00-15.00 Puhkeaeg 15.00-15.45\u00a0\u00a0 L\u00f5imitud \u00f5ppe- ja kasvatustegevused, m\u00e4ng, individuaalne t\u00f6\u00f615.45-16.15 \u00d5htuoode16.15-18.30\u00a0M\u00e4ng, vaba tegevus Koolieelikud&hellip;","_links":{"self":[{"href":"https:\/\/lasteaed.joelahtme.ee\/kostivere\/wp-json\/wp\/v2\/pages\/425","targetHints":{"allow":["GET"]}}],"collection":[{"href":"https:\/\/lasteaed.joelahtme.ee\/kostivere\/wp-json\/wp\/v2\/pages"}],"about":[{"href":"https:\/\/lasteaed.joelahtme.ee\/kostivere\/wp-json\/wp\/v2\/types\/page"}],"author":[{"embeddable":true,"href":"https:\/\/lasteaed.joelahtme.ee\/kostivere\/wp-json\/wp\/v2\/users\/6"}],"replies":[{"embeddable":true,"href":"https:\/\/lasteaed.joelahtme.ee\/kostivere\/wp-json\/wp\/v2\/comments?post=425"}],"version-history":[{"count":14,"href":"https:\/\/lasteaed.joelahtme.ee\/kostivere\/wp-json\/wp\/v2\/pages\/425\/revisions"}],"predecessor-version":[{"id":1448,"href":"https:\/\/lasteaed.joelahtme.ee\/kostivere\/wp-json\/wp\/v2\/pages\/425\/revisions\/1448"}],"wp:attachment":[{"href":"https:\/\/lasteaed.joelahtme.ee\/kostivere\/wp-json\/wp\/v2\/media?parent=425"}],"curies":[{"name":"wp","href":"https:\/\/api.w.org\/{rel}","templated":true}]}}