{"id":392,"date":"2021-11-03T13:27:21","date_gmt":"2021-11-03T13:27:21","guid":{"rendered":"http:\/\/lasteaed.joelahtme.ee\/kostivere\/?page_id=392"},"modified":"2025-03-25T06:40:02","modified_gmt":"2025-03-25T06:40:02","slug":"2020-21","status":"publish","type":"page","link":"https:\/\/lasteaed.joelahtme.ee\/kostivere\/2020-21\/","title":{"rendered":"2023\/2024"},"content":{"rendered":"\n<figure class=\"wp-block-table alignleft is-style-stripes\"><table><tbody><tr><td>Koosseis<\/td><td class=\"has-text-align-left\" data-align=\"left\"><\/td><\/tr><tr><td>Agnes Saarist<\/td><td class=\"has-text-align-left\" data-align=\"left\">esimees, Lepatriinude&nbsp;r\u00fchma esindaja<\/td><\/tr><tr><td> Triin Hinnosaar <\/td><td class=\"has-text-align-left\" data-align=\"left\">aseesimees, P\u00e4ikesekiirte&nbsp;r\u00fchma esindaja <\/td><\/tr><tr><td> Maret Helenurm &nbsp; &nbsp;<\/td><td class=\"has-text-align-left\" data-align=\"left\">P\u00f5nnipesa r\u00fchma esindaja <\/td><\/tr><tr><td> Martin Klimenko<\/td><td class=\"has-text-align-left\" data-align=\"left\">Vanderp\u00f5nnide r\u00fchma esindaja <\/td><\/tr><tr><td> Kristjan-Todor \u0160anin<\/td><td class=\"has-text-align-left\" data-align=\"left\">Vigurv\u00e4ntade r\u00fchma esindaja <\/td><\/tr><tr><td> Maigi P\u00e4\u00e4ren<\/td><td class=\"has-text-align-left\" data-align=\"left\">R\u00f5\u00f5mupesa&nbsp;r\u00fchma esindaja <\/td><\/tr><tr><td> Pille Birkholtz-Ilings<\/td><td class=\"has-text-align-left\" data-align=\"left\">Naerulindude&nbsp;r\u00fchma esindaja <\/td><\/tr><tr><td> Siiri \u00d5ismaa<\/td><td class=\"has-text-align-left\" data-align=\"left\">Pesamuna&nbsp;r\u00fchma esindaja <\/td><\/tr><tr><td> Angelika Anderson<\/td><td class=\"has-text-align-left\" data-align=\"left\">\u00f5petajate esindaja <\/td><\/tr><tr><td> Carmen Viherpuu  <\/td><td class=\"has-text-align-left\" data-align=\"left\">valla esindaja <\/td><\/tr><tr><td><a href=\"http:\/\/lasteaed.joelahtme.ee\/kostivere\/wp-content\/uploads\/sites\/2\/2024\/01\/Kostivere_Lasteaia_hoolekogu_protokoll_1.pdf\">Protokoll nr  1<\/a><br><a href=\"http:\/\/lasteaed.joelahtme.ee\/kostivere\/wp-content\/uploads\/sites\/2\/2024\/01\/Hoolekogu-protokoll-nr-2.pdf\">Protokoll nr  2<\/a><br><a href=\"http:\/\/lasteaed.joelahtme.ee\/kostivere\/wp-content\/uploads\/sites\/2\/2024\/03\/KL_hoolekogu_protokoll_12_03_24_0.pdf\">Protokoll nr 3<\/a><br><a href=\"http:\/\/lasteaed.joelahtme.ee\/kostivere\/wp-content\/uploads\/sites\/2\/2025\/03\/Kostivere_Lasteaia_hoolekogu_protokoll_11-06-2024.pdf\">Protololl nr 4<\/a><br> <br><\/td><td class=\"has-text-align-left\" data-align=\"left\"><br><\/td><\/tr><\/tbody><\/table><\/figure>\n\n\n\n<figure class=\"wp-block-table alignleft is-style-stripes\"><table><tbody><tr><td>Asendusliikmed<\/td><td><\/td><\/tr><tr><td>Kairi Suursoo<\/td><td>P\u00e4ikesekiired <\/td><\/tr><tr><td>Kerttu Aruvel<\/td><td>P\u00f5nnipesa <\/td><\/tr><tr><td>Sigrit Dulder<\/td><td>Vanderp\u00f5nnid<\/td><\/tr><tr><td>Anne-Ly Puda<\/td><td>Vigurv\u00e4ndad<\/td><\/tr><tr><td>Kaire Varik Pires<\/td><td>Lepatriinud<\/td><\/tr><tr><td>Nora Kosk<\/td><td>R\u00f5\u00f5mupesa <\/td><\/tr><tr><td>Annika Kaur<\/td><td>Naerulinnud<\/td><\/tr><tr><td>Mari-Liis Sootalu<\/td><td>Pesamuna<\/td><\/tr><\/tbody><\/table><\/figure>\n\n\n\n<p><\/p>\n\n\n\n<p><\/p>\n\n\n\n<p><\/p>\n","protected":false},"excerpt":{"rendered":"<p>Koosseis Agnes Saarist esimees, Lepatriinude&nbsp;r\u00fchma esindaja Triin Hinnosaar aseesimees, P\u00e4ikesekiirte&nbsp;r\u00fchma esindaja Maret Helenurm &nbsp; &nbsp; P\u00f5nnipesa r\u00fchma esindaja Martin Klimenko Vanderp\u00f5nnide r\u00fchma esindaja Kristjan-Todor \u0160anin Vigurv\u00e4ntade r\u00fchma esindaja Maigi P\u00e4\u00e4ren R\u00f5\u00f5mupesa&nbsp;r\u00fchma esindaja Pille Birkholtz-Ilings Naerulindude&nbsp;r\u00fchma esindaja Siiri \u00d5ismaa Pesamuna&nbsp;r\u00fchma esindaja Angelika Anderson \u00f5petajate esindaja Carmen Viherpuu valla esindaja Protokoll nr 1Protokoll nr 2Protokoll nr 3Protololl [&hellip;]<\/p>\n","protected":false},"author":6,"featured_media":0,"parent":0,"menu_order":0,"comment_status":"closed","ping_status":"closed","template":"","meta":{"_uag_custom_page_level_css":"","site-sidebar-layout":"default","site-content-layout":"","ast-site-content-layout":"default","site-content-style":"default","site-sidebar-style":"default","ast-global-header-display":"","ast-banner-title-visibility":"","ast-main-header-display":"","ast-hfb-above-header-display":"","ast-hfb-below-header-display":"","ast-hfb-mobile-header-display":"","site-post-title":"","ast-breadcrumbs-content":"","ast-featured-img":"","footer-sml-layout":"","ast-disable-related-posts":"","theme-transparent-header-meta":"","adv-header-id-meta":"","stick-header-meta":"","header-above-stick-meta":"","header-main-stick-meta":"","header-below-stick-meta":"","astra-migrate-meta-layouts":"set","ast-page-background-enabled":"default","ast-page-background-meta":{"desktop":{"background-color":"var(--ast-global-color-4)","background-image":"","background-repeat":"repeat","background-position":"center center","background-size":"auto","background-attachment":"scroll","background-type":"","background-media":"","overlay-type":"","overlay-color":"","overlay-opacity":"","overlay-gradient":""},"tablet":{"background-color":"","background-image":"","background-repeat":"repeat","background-position":"center center","background-size":"auto","background-attachment":"scroll","background-type":"","background-media":"","overlay-type":"","overlay-color":"","overlay-opacity":"","overlay-gradient":""},"mobile":{"background-color":"","background-image":"","background-repeat":"repeat","background-position":"center center","background-size":"auto","background-attachment":"scroll","background-type":"","background-media":"","overlay-type":"","overlay-color":"","overlay-opacity":"","overlay-gradient":""}},"ast-content-background-meta":{"desktop":{"background-color":"var(--ast-global-color-5)","background-image":"","background-repeat":"repeat","background-position":"center center","background-size":"auto","background-attachment":"scroll","background-type":"","background-media":"","overlay-type":"","overlay-color":"","overlay-opacity":"","overlay-gradient":""},"tablet":{"background-color":"var(--ast-global-color-5)","background-image":"","background-repeat":"repeat","background-position":"center center","background-size":"auto","background-attachment":"scroll","background-type":"","background-media":"","overlay-type":"","overlay-color":"","overlay-opacity":"","overlay-gradient":""},"mobile":{"background-color":"var(--ast-global-color-5)","background-image":"","background-repeat":"repeat","background-position":"center center","background-size":"auto","background-attachment":"scroll","background-type":"","background-media":"","overlay-type":"","overlay-color":"","overlay-opacity":"","overlay-gradient":""}},"footnotes":""},"class_list":["post-392","page","type-page","status-publish","hentry"],"uagb_featured_image_src":{"full":false,"thumbnail":false,"medium":false,"medium_large":false,"large":false,"1536x1536":false,"2048x2048":false},"uagb_author_info":{"display_name":"jana","author_link":"https:\/\/lasteaed.joelahtme.ee\/kostivere\/author\/jana\/"},"uagb_comment_info":0,"uagb_excerpt":"Koosseis Agnes Saarist esimees, Lepatriinude&nbsp;r\u00fchma esindaja Triin Hinnosaar aseesimees, P\u00e4ikesekiirte&nbsp;r\u00fchma esindaja Maret Helenurm &nbsp; &nbsp; P\u00f5nnipesa r\u00fchma esindaja Martin Klimenko Vanderp\u00f5nnide r\u00fchma esindaja Kristjan-Todor \u0160anin Vigurv\u00e4ntade r\u00fchma esindaja Maigi P\u00e4\u00e4ren R\u00f5\u00f5mupesa&nbsp;r\u00fchma esindaja Pille Birkholtz-Ilings Naerulindude&nbsp;r\u00fchma esindaja Siiri \u00d5ismaa Pesamuna&nbsp;r\u00fchma esindaja Angelika Anderson \u00f5petajate esindaja Carmen Viherpuu valla esindaja Protokoll nr 1Protokoll nr 2Protokoll nr 3Protololl&hellip;","_links":{"self":[{"href":"https:\/\/lasteaed.joelahtme.ee\/kostivere\/wp-json\/wp\/v2\/pages\/392","targetHints":{"allow":["GET"]}}],"collection":[{"href":"https:\/\/lasteaed.joelahtme.ee\/kostivere\/wp-json\/wp\/v2\/pages"}],"about":[{"href":"https:\/\/lasteaed.joelahtme.ee\/kostivere\/wp-json\/wp\/v2\/types\/page"}],"author":[{"embeddable":true,"href":"https:\/\/lasteaed.joelahtme.ee\/kostivere\/wp-json\/wp\/v2\/users\/6"}],"replies":[{"embeddable":true,"href":"https:\/\/lasteaed.joelahtme.ee\/kostivere\/wp-json\/wp\/v2\/comments?post=392"}],"version-history":[{"count":20,"href":"https:\/\/lasteaed.joelahtme.ee\/kostivere\/wp-json\/wp\/v2\/pages\/392\/revisions"}],"predecessor-version":[{"id":1338,"href":"https:\/\/lasteaed.joelahtme.ee\/kostivere\/wp-json\/wp\/v2\/pages\/392\/revisions\/1338"}],"wp:attachment":[{"href":"https:\/\/lasteaed.joelahtme.ee\/kostivere\/wp-json\/wp\/v2\/media?parent=392"}],"curies":[{"name":"wp","href":"https:\/\/api.w.org\/{rel}","templated":true}]}}