{"id":364,"date":"2021-11-03T06:36:51","date_gmt":"2021-11-03T06:36:51","guid":{"rendered":"http:\/\/lasteaed.joelahtme.ee\/kostivere\/?page_id=364"},"modified":"2021-11-03T06:36:51","modified_gmt":"2021-11-03T06:36:51","slug":"paevakava","status":"publish","type":"page","link":"https:\/\/lasteaed.joelahtme.ee\/kostivere\/paevakava\/","title":{"rendered":"P\u00e4evakava"},"content":{"rendered":"<p>7.00 &#8211; 8.30 M\u00e4ng, vaba tegevus<br \/>8.30 \u2013 9.00 Hommikus\u00f6\u00f6k<br \/>9.00 \u2013 12.00 Kavandatud \u00f5ppe-ja kasvatustegevused,\u00a0m\u00e4ngud toas ja \u00f5ues<br \/>12.00 \u2013 13.00 L\u00f5unas\u00f6\u00f6k, rahulik tegevus<br \/>13.00 \u2013 15.00 Puhketund<br \/>15.00 \u2013 16.00 M\u00e4ng, valiktegevused, individuaalne t\u00f6\u00f6<br \/>16.00 \u2013 16.30 \u00d5htus\u00f6\u00f6k<br \/>16.30 \u2013 19.00 M\u00e4ng, vaba tegevus, osav\u00f5tt huvialaringidest<\/p>\n\n\n<p><\/p>\n","protected":false},"excerpt":{"rendered":"<p>7.00 &#8211; 8.30 M\u00e4ng, vaba tegevus8.30 \u2013 9.00 Hommikus\u00f6\u00f6k9.00 \u2013 12.00 Kavandatud \u00f5ppe-ja kasvatustegevused,\u00a0m\u00e4ngud toas ja \u00f5ues12.00 \u2013 13.00 L\u00f5unas\u00f6\u00f6k, rahulik tegevus13.00 \u2013 15.00 Puhketund15.00 \u2013 16.00 M\u00e4ng, valiktegevused, individuaalne t\u00f6\u00f616.00 \u2013 16.30 \u00d5htus\u00f6\u00f6k16.30 \u2013 19.00 M\u00e4ng, vaba tegevus, osav\u00f5tt huvialaringidest<\/p>\n","protected":false},"author":6,"featured_media":0,"parent":0,"menu_order":0,"comment_status":"closed","ping_status":"closed","template":"","meta":{"_uag_custom_page_level_css":"","site-sidebar-layout":"default","site-content-layout":"","ast-site-content-layout":"default","site-content-style":"default","site-sidebar-style":"default","ast-global-header-display":"","ast-banner-title-visibility":"","ast-main-header-display":"","ast-hfb-above-header-display":"","ast-hfb-below-header-display":"","ast-hfb-mobile-header-display":"","site-post-title":"","ast-breadcrumbs-content":"","ast-featured-img":"","footer-sml-layout":"","ast-disable-related-posts":"","theme-transparent-header-meta":"","adv-header-id-meta":"","stick-header-meta":"","header-above-stick-meta":"","header-main-stick-meta":"","header-below-stick-meta":"","astra-migrate-meta-layouts":"default","ast-page-background-enabled":"default","ast-page-background-meta":{"desktop":{"background-color":"var(--ast-global-color-4)","background-image":"","background-repeat":"repeat","background-position":"center center","background-size":"auto","background-attachment":"scroll","background-type":"","background-media":"","overlay-type":"","overlay-color":"","overlay-opacity":"","overlay-gradient":""},"tablet":{"background-color":"","background-image":"","background-repeat":"repeat","background-position":"center center","background-size":"auto","background-attachment":"scroll","background-type":"","background-media":"","overlay-type":"","overlay-color":"","overlay-opacity":"","overlay-gradient":""},"mobile":{"background-color":"","background-image":"","background-repeat":"repeat","background-position":"center center","background-size":"auto","background-attachment":"scroll","background-type":"","background-media":"","overlay-type":"","overlay-color":"","overlay-opacity":"","overlay-gradient":""}},"ast-content-background-meta":{"desktop":{"background-color":"var(--ast-global-color-5)","background-image":"","background-repeat":"repeat","background-position":"center center","background-size":"auto","background-attachment":"scroll","background-type":"","background-media":"","overlay-type":"","overlay-color":"","overlay-opacity":"","overlay-gradient":""},"tablet":{"background-color":"var(--ast-global-color-5)","background-image":"","background-repeat":"repeat","background-position":"center center","background-size":"auto","background-attachment":"scroll","background-type":"","background-media":"","overlay-type":"","overlay-color":"","overlay-opacity":"","overlay-gradient":""},"mobile":{"background-color":"var(--ast-global-color-5)","background-image":"","background-repeat":"repeat","background-position":"center center","background-size":"auto","background-attachment":"scroll","background-type":"","background-media":"","overlay-type":"","overlay-color":"","overlay-opacity":"","overlay-gradient":""}},"footnotes":""},"class_list":["post-364","page","type-page","status-publish","hentry"],"uagb_featured_image_src":{"full":false,"thumbnail":false,"medium":false,"medium_large":false,"large":false,"1536x1536":false,"2048x2048":false},"uagb_author_info":{"display_name":"jana","author_link":"https:\/\/lasteaed.joelahtme.ee\/kostivere\/author\/jana\/"},"uagb_comment_info":0,"uagb_excerpt":"7.00 &#8211; 8.30 M\u00e4ng, vaba tegevus8.30 \u2013 9.00 Hommikus\u00f6\u00f6k9.00 \u2013 12.00 Kavandatud \u00f5ppe-ja kasvatustegevused,\u00a0m\u00e4ngud toas ja \u00f5ues12.00 \u2013 13.00 L\u00f5unas\u00f6\u00f6k, rahulik tegevus13.00 \u2013 15.00 Puhketund15.00 \u2013 16.00 M\u00e4ng, valiktegevused, individuaalne t\u00f6\u00f616.00 \u2013 16.30 \u00d5htus\u00f6\u00f6k16.30 \u2013 19.00 M\u00e4ng, vaba tegevus, osav\u00f5tt huvialaringidest","_links":{"self":[{"href":"https:\/\/lasteaed.joelahtme.ee\/kostivere\/wp-json\/wp\/v2\/pages\/364","targetHints":{"allow":["GET"]}}],"collection":[{"href":"https:\/\/lasteaed.joelahtme.ee\/kostivere\/wp-json\/wp\/v2\/pages"}],"about":[{"href":"https:\/\/lasteaed.joelahtme.ee\/kostivere\/wp-json\/wp\/v2\/types\/page"}],"author":[{"embeddable":true,"href":"https:\/\/lasteaed.joelahtme.ee\/kostivere\/wp-json\/wp\/v2\/users\/6"}],"replies":[{"embeddable":true,"href":"https:\/\/lasteaed.joelahtme.ee\/kostivere\/wp-json\/wp\/v2\/comments?post=364"}],"version-history":[{"count":1,"href":"https:\/\/lasteaed.joelahtme.ee\/kostivere\/wp-json\/wp\/v2\/pages\/364\/revisions"}],"predecessor-version":[{"id":365,"href":"https:\/\/lasteaed.joelahtme.ee\/kostivere\/wp-json\/wp\/v2\/pages\/364\/revisions\/365"}],"wp:attachment":[{"href":"https:\/\/lasteaed.joelahtme.ee\/kostivere\/wp-json\/wp\/v2\/media?parent=364"}],"curies":[{"name":"wp","href":"https:\/\/api.w.org\/{rel}","templated":true}]}}