{"id":330,"date":"2021-10-26T11:34:09","date_gmt":"2021-10-26T11:34:09","guid":{"rendered":"http:\/\/lasteaed.joelahtme.ee\/kostivere\/?page_id=330"},"modified":"2022-03-31T08:23:01","modified_gmt":"2022-03-31T08:23:01","slug":"oppetegevuse-korraldus","status":"publish","type":"page","link":"https:\/\/lasteaed.joelahtme.ee\/kostivere\/oppetegevuse-korraldus\/","title":{"rendered":"\u00d5ppetegevuse korraldus"},"content":{"rendered":"<p style=\"text-align: justify\">Lasteaed on avatud aastaringselt,\u00a0v\u00e4lja arvatud suveperioodil neli n\u00e4dalat (kollektiivpuhkus).<br \/>\u00d5ppe- ja kasvatustegevus on korraldatud \u00f5ppeaastati. \u00d5ppeaasta algab 1.septembril ning kestab 31.augustini.\u00a0<\/p>\n<p style=\"text-align: justify\">\u00d5ppe- ja kasvatustegevuse korraldamisel toimub tegevuste kavandamine 01. septembrist kuni 31. maini.\u00a0 Kuuplaanides ei koostata n\u00e4dalakava septembri esimesel t\u00e4isn\u00e4dalal, j\u00f5ulupidudele j\u00e4rgnevast n\u00e4dalast kuni uue aasta esimese n\u00e4dala l\u00f5puni ja mai viimasel t\u00e4isn\u00e4dalal. Sel perioodil kinnistatakse omandatud teadmisi ja kogemusi erinevates m\u00e4ngulistes tegevustes.<br \/>S\u00f5imed alustavad kuuplaani koostamist 1. oktoobrist, september on lastele lasteaiaga kohanemiseks ja \u00f5petajatele nende arengutaseme v\u00e4lja selgitamiseks.<br \/>S\u00fcgisese, talvise ja kevadise koolivaheaja ajal planeeritakse \u00f5pitu kordamist.<br \/>R\u00fchma kuuplaanid on n\u00e4htavad lapsevanemale\u00a0 veebikeskkonnas ELIIS.ee<\/p>\n<p style=\"text-align: justify\">Suvisel perioodil, 01. juuni- 31. august, ei toimu lasteaias tegevuste kavandamist. Toimub eelnevate teadmiste kordamine m\u00e4ngus ja\u00a0 \u00f5uetegevustes, mis kajastuvad \u00f5ppekasvatustegevuste p\u00e4evikus (ELIIS). L\u00e4htuvalt vajadustest t\u00f6\u00f6tavad eri vanuselised ja kokku pandud r\u00fchmad.<\/p>\n<p style=\"text-align: justify\">\u00a0<\/p>\n\n\n<p>Muusikategevusi ja r\u00fctmikat viib l\u00e4bi muusika\u00f5petaja.<br>Muusikategevused toimuvad teisip\u00e4eval ja kolmap\u00e4eval.<br>P\u00e4rimusm\u00e4ngud\u00a0 toimuvad\u00a0 reedel 4- 7aastastele lastele.<\/p>\n\n\n\n<p>Liikumistegevusi ja ujumist viib l\u00e4bi liikumis\u00f5petaja.<br>Liikumistegevused toimuvad \u00a0esmasp\u00e4eval ja neljap\u00e4eval.<br>Ujumine toimub koolieelikutele \u00fcks kord n\u00e4dalas Loo ujulas.<\/p>\n\n\n\n<ul class=\"wp-block-list\"><li>Eelkoolitunnid koolieelikutele toimuvad kaks korda kuus Kostivere koolis.<\/li><li>P\u00e4rast l\u00f5unauinakut v\u00f5imalus v\u00f5tta osa erinevate huviringide t\u00f6\u00f6st.&nbsp;<\/li><\/ul>\n\n\n\n<p><\/p>\n","protected":false},"excerpt":{"rendered":"<p>Lasteaed on avatud aastaringselt,\u00a0v\u00e4lja arvatud suveperioodil neli n\u00e4dalat (kollektiivpuhkus).\u00d5ppe- ja kasvatustegevus on korraldatud \u00f5ppeaastati. \u00d5ppeaasta algab 1.septembril ning kestab 31.augustini.\u00a0 \u00d5ppe- ja kasvatustegevuse korraldamisel toimub tegevuste kavandamine 01. septembrist kuni 31. maini.\u00a0 Kuuplaanides ei koostata n\u00e4dalakava septembri esimesel t\u00e4isn\u00e4dalal, j\u00f5ulupidudele j\u00e4rgnevast n\u00e4dalast kuni uue aasta esimese n\u00e4dala l\u00f5puni ja mai viimasel t\u00e4isn\u00e4dalal. Sel perioodil kinnistatakse [&hellip;]<\/p>\n","protected":false},"author":6,"featured_media":0,"parent":0,"menu_order":0,"comment_status":"closed","ping_status":"closed","template":"","meta":{"_uag_custom_page_level_css":"","site-sidebar-layout":"default","site-content-layout":"default","ast-site-content-layout":"default","site-content-style":"default","site-sidebar-style":"default","ast-global-header-display":"","ast-banner-title-visibility":"","ast-main-header-display":"","ast-hfb-above-header-display":"","ast-hfb-below-header-display":"","ast-hfb-mobile-header-display":"","site-post-title":"","ast-breadcrumbs-content":"","ast-featured-img":"","footer-sml-layout":"","ast-disable-related-posts":"","theme-transparent-header-meta":"default","adv-header-id-meta":"","stick-header-meta":"","header-above-stick-meta":"","header-main-stick-meta":"","header-below-stick-meta":"","astra-migrate-meta-layouts":"default","ast-page-background-enabled":"default","ast-page-background-meta":{"desktop":{"background-color":"var(--ast-global-color-4)","background-image":"","background-repeat":"repeat","background-position":"center center","background-size":"auto","background-attachment":"scroll","background-type":"","background-media":"","overlay-type":"","overlay-color":"","overlay-opacity":"","overlay-gradient":""},"tablet":{"background-color":"","background-image":"","background-repeat":"repeat","background-position":"center center","background-size":"auto","background-attachment":"scroll","background-type":"","background-media":"","overlay-type":"","overlay-color":"","overlay-opacity":"","overlay-gradient":""},"mobile":{"background-color":"","background-image":"","background-repeat":"repeat","background-position":"center center","background-size":"auto","background-attachment":"scroll","background-type":"","background-media":"","overlay-type":"","overlay-color":"","overlay-opacity":"","overlay-gradient":""}},"ast-content-background-meta":{"desktop":{"background-color":"var(--ast-global-color-5)","background-image":"","background-repeat":"repeat","background-position":"center center","background-size":"auto","background-attachment":"scroll","background-type":"","background-media":"","overlay-type":"","overlay-color":"","overlay-opacity":"","overlay-gradient":""},"tablet":{"background-color":"var(--ast-global-color-5)","background-image":"","background-repeat":"repeat","background-position":"center center","background-size":"auto","background-attachment":"scroll","background-type":"","background-media":"","overlay-type":"","overlay-color":"","overlay-opacity":"","overlay-gradient":""},"mobile":{"background-color":"var(--ast-global-color-5)","background-image":"","background-repeat":"repeat","background-position":"center center","background-size":"auto","background-attachment":"scroll","background-type":"","background-media":"","overlay-type":"","overlay-color":"","overlay-opacity":"","overlay-gradient":""}},"footnotes":""},"class_list":["post-330","page","type-page","status-publish","hentry"],"uagb_featured_image_src":{"full":false,"thumbnail":false,"medium":false,"medium_large":false,"large":false,"1536x1536":false,"2048x2048":false},"uagb_author_info":{"display_name":"jana","author_link":"https:\/\/lasteaed.joelahtme.ee\/kostivere\/author\/jana\/"},"uagb_comment_info":0,"uagb_excerpt":"Lasteaed on avatud aastaringselt,\u00a0v\u00e4lja arvatud suveperioodil neli n\u00e4dalat (kollektiivpuhkus).\u00d5ppe- ja kasvatustegevus on korraldatud \u00f5ppeaastati. \u00d5ppeaasta algab 1.septembril ning kestab 31.augustini.\u00a0 \u00d5ppe- ja kasvatustegevuse korraldamisel toimub tegevuste kavandamine 01. septembrist kuni 31. maini.\u00a0 Kuuplaanides ei koostata n\u00e4dalakava septembri esimesel t\u00e4isn\u00e4dalal, j\u00f5ulupidudele j\u00e4rgnevast n\u00e4dalast kuni uue aasta esimese n\u00e4dala l\u00f5puni ja mai viimasel t\u00e4isn\u00e4dalal. Sel perioodil kinnistatakse&hellip;","_links":{"self":[{"href":"https:\/\/lasteaed.joelahtme.ee\/kostivere\/wp-json\/wp\/v2\/pages\/330","targetHints":{"allow":["GET"]}}],"collection":[{"href":"https:\/\/lasteaed.joelahtme.ee\/kostivere\/wp-json\/wp\/v2\/pages"}],"about":[{"href":"https:\/\/lasteaed.joelahtme.ee\/kostivere\/wp-json\/wp\/v2\/types\/page"}],"author":[{"embeddable":true,"href":"https:\/\/lasteaed.joelahtme.ee\/kostivere\/wp-json\/wp\/v2\/users\/6"}],"replies":[{"embeddable":true,"href":"https:\/\/lasteaed.joelahtme.ee\/kostivere\/wp-json\/wp\/v2\/comments?post=330"}],"version-history":[{"count":9,"href":"https:\/\/lasteaed.joelahtme.ee\/kostivere\/wp-json\/wp\/v2\/pages\/330\/revisions"}],"predecessor-version":[{"id":642,"href":"https:\/\/lasteaed.joelahtme.ee\/kostivere\/wp-json\/wp\/v2\/pages\/330\/revisions\/642"}],"wp:attachment":[{"href":"https:\/\/lasteaed.joelahtme.ee\/kostivere\/wp-json\/wp\/v2\/media?parent=330"}],"curies":[{"name":"wp","href":"https:\/\/api.w.org\/{rel}","templated":true}]}}