{"id":30,"date":"2020-05-11T07:09:09","date_gmt":"2020-05-11T07:09:09","guid":{"rendered":"http:\/\/localhost\/kostivere\/?page_id=30"},"modified":"2025-09-02T11:36:31","modified_gmt":"2025-09-02T11:36:31","slug":"oppetoo","status":"publish","type":"page","link":"https:\/\/lasteaed.joelahtme.ee\/kostivere\/oppetoo\/","title":{"rendered":"\u00d5ppetegevus"},"content":{"rendered":"\n<p>Kostivere Lasteaed on&nbsp;koolieast noorematele&nbsp;lastele hoidu ja eakohast alushariduse omandamist v\u00f5imaldav \u00f5ppeasutus.<br>Lasteasutus toetab lapse perekonda, soodustades lapse kasvamist ja arenemist ning tema individuaalsuse arvestamist.<br>&nbsp;<\/p>\n\n\n\n<p><a><strong>2025\/2026 \u00f5\/a prioriteetne teema:<\/strong><\/a><\/p>\n\n\n\n<p><strong>Uurin, tegutsen ja tean, ise olen, samme sean.<\/strong><\/p>\n\n\n\n<p>\u00dcldeesm\u00e4rgid:<\/p>\n\n\n\n<ol class=\"wp-block-list\">\n<li>Laste loomup\u00e4rase uudishimu hoidmine ja s\u00fcvendamine l\u00e4bi aktiiv\u00f5ppe, m\u00e4nguliste tegevuste ja \u00f5ues\u00f5ppe, andes lastele v\u00f5imaluse katsetada, uurida ning seel\u00e4bi teadmisi ise avastada.<\/li>\n\n\n\n<li>Laste kaasamine igap\u00e4evaste tegevuste kavandamisse ja otsustamisse, et kujundada vastutustunnet enda ja teiste ees ning arendada oskust v\u00e4\u00e4rtustada koost\u00f6\u00f6d, hoolivust ja s\u00f5prussuhteid.<\/li>\n\n\n\n<li>Avardada laste arusaama \u00fcmbritsevast kultuurikeskkonnast, sidudes \u00f5ppe- ja kasvatust\u00f6\u00f6 traditsioonide, kommete ja kogukonnaga.<\/li>\n<\/ol>\n\n\n\n<p><\/p>\n\n\n\n<p><\/p>\n\n\n\n<p><\/p>\n\n\n\n<div class=\"wp-block-columns is-layout-flex wp-container-core-columns-is-layout-28f84493 wp-block-columns-is-layout-flex\">\n<div class=\"wp-block-column is-layout-flow wp-block-column-is-layout-flow\" style=\"flex-basis:100%\">\n<div class=\"wp-block-columns is-layout-flex wp-container-core-columns-is-layout-28f84493 wp-block-columns-is-layout-flex\">\n<div class=\"wp-block-column is-layout-flow wp-block-column-is-layout-flow\"><\/div>\n<\/div>\n<\/div>\n<\/div>\n","protected":false},"excerpt":{"rendered":"<p>Kostivere Lasteaed on&nbsp;koolieast noorematele&nbsp;lastele hoidu ja eakohast alushariduse omandamist v\u00f5imaldav \u00f5ppeasutus.Lasteasutus toetab lapse perekonda, soodustades lapse kasvamist ja arenemist ning tema individuaalsuse arvestamist.&nbsp; 2025\/2026 \u00f5\/a prioriteetne teema: Uurin, tegutsen ja tean, ise olen, samme sean. \u00dcldeesm\u00e4rgid:<\/p>\n","protected":false},"author":1,"featured_media":0,"parent":0,"menu_order":0,"comment_status":"closed","ping_status":"closed","template":"","meta":{"_uag_custom_page_level_css":"","site-sidebar-layout":"default","site-content-layout":"default","ast-site-content-layout":"default","site-content-style":"default","site-sidebar-style":"default","ast-global-header-display":"","ast-banner-title-visibility":"","ast-main-header-display":"","ast-hfb-above-header-display":"","ast-hfb-below-header-display":"","ast-hfb-mobile-header-display":"","site-post-title":"","ast-breadcrumbs-content":"","ast-featured-img":"","footer-sml-layout":"","ast-disable-related-posts":"","theme-transparent-header-meta":"default","adv-header-id-meta":"","stick-header-meta":"","header-above-stick-meta":"","header-main-stick-meta":"","header-below-stick-meta":"","astra-migrate-meta-layouts":"set","ast-page-background-enabled":"default","ast-page-background-meta":{"desktop":{"background-color":"var(--ast-global-color-4)","background-image":"","background-repeat":"repeat","background-position":"center center","background-size":"auto","background-attachment":"scroll","background-type":"","background-media":"","overlay-type":"","overlay-color":"","overlay-opacity":"","overlay-gradient":""},"tablet":{"background-color":"","background-image":"","background-repeat":"repeat","background-position":"center center","background-size":"auto","background-attachment":"scroll","background-type":"","background-media":"","overlay-type":"","overlay-color":"","overlay-opacity":"","overlay-gradient":""},"mobile":{"background-color":"","background-image":"","background-repeat":"repeat","background-position":"center center","background-size":"auto","background-attachment":"scroll","background-type":"","background-media":"","overlay-type":"","overlay-color":"","overlay-opacity":"","overlay-gradient":""}},"ast-content-background-meta":{"desktop":{"background-color":"var(--ast-global-color-5)","background-image":"","background-repeat":"repeat","background-position":"center center","background-size":"auto","background-attachment":"scroll","background-type":"","background-media":"","overlay-type":"","overlay-color":"","overlay-opacity":"","overlay-gradient":""},"tablet":{"background-color":"var(--ast-global-color-5)","background-image":"","background-repeat":"repeat","background-position":"center center","background-size":"auto","background-attachment":"scroll","background-type":"","background-media":"","overlay-type":"","overlay-color":"","overlay-opacity":"","overlay-gradient":""},"mobile":{"background-color":"var(--ast-global-color-5)","background-image":"","background-repeat":"repeat","background-position":"center center","background-size":"auto","background-attachment":"scroll","background-type":"","background-media":"","overlay-type":"","overlay-color":"","overlay-opacity":"","overlay-gradient":""}},"footnotes":""},"class_list":["post-30","page","type-page","status-publish","hentry"],"uagb_featured_image_src":{"full":false,"thumbnail":false,"medium":false,"medium_large":false,"large":false,"1536x1536":false,"2048x2048":false},"uagb_author_info":{"display_name":"Kalev","author_link":"https:\/\/lasteaed.joelahtme.ee\/kostivere\/author\/kalev\/"},"uagb_comment_info":0,"uagb_excerpt":"Kostivere Lasteaed on&nbsp;koolieast noorematele&nbsp;lastele hoidu ja eakohast alushariduse omandamist v\u00f5imaldav \u00f5ppeasutus.Lasteasutus toetab lapse perekonda, soodustades lapse kasvamist ja arenemist ning tema individuaalsuse arvestamist.&nbsp; 2025\/2026 \u00f5\/a prioriteetne teema: Uurin, tegutsen ja tean, ise olen, samme sean. \u00dcldeesm\u00e4rgid:","_links":{"self":[{"href":"https:\/\/lasteaed.joelahtme.ee\/kostivere\/wp-json\/wp\/v2\/pages\/30","targetHints":{"allow":["GET"]}}],"collection":[{"href":"https:\/\/lasteaed.joelahtme.ee\/kostivere\/wp-json\/wp\/v2\/pages"}],"about":[{"href":"https:\/\/lasteaed.joelahtme.ee\/kostivere\/wp-json\/wp\/v2\/types\/page"}],"author":[{"embeddable":true,"href":"https:\/\/lasteaed.joelahtme.ee\/kostivere\/wp-json\/wp\/v2\/users\/1"}],"replies":[{"embeddable":true,"href":"https:\/\/lasteaed.joelahtme.ee\/kostivere\/wp-json\/wp\/v2\/comments?post=30"}],"version-history":[{"count":18,"href":"https:\/\/lasteaed.joelahtme.ee\/kostivere\/wp-json\/wp\/v2\/pages\/30\/revisions"}],"predecessor-version":[{"id":1389,"href":"https:\/\/lasteaed.joelahtme.ee\/kostivere\/wp-json\/wp\/v2\/pages\/30\/revisions\/1389"}],"wp:attachment":[{"href":"https:\/\/lasteaed.joelahtme.ee\/kostivere\/wp-json\/wp\/v2\/media?parent=30"}],"curies":[{"name":"wp","href":"https:\/\/api.w.org\/{rel}","templated":true}]}}