{"id":298,"date":"2021-10-25T09:31:59","date_gmt":"2021-10-25T09:31:59","guid":{"rendered":"http:\/\/lasteaed.joelahtme.ee\/kostivere\/?page_id=298"},"modified":"2026-01-26T07:28:19","modified_gmt":"2026-01-26T07:28:19","slug":"huvialaringid","status":"publish","type":"page","link":"https:\/\/lasteaed.joelahtme.ee\/kostivere\/huvialaringid\/","title":{"rendered":"Huvialaringid"},"content":{"rendered":"\n<p><strong>Lasteaias toimuvad j\u00e4rgmised tasulised&nbsp;<strong>huvialaringid<\/strong>:&nbsp;<\/strong><\/p>\n\n\n\n<ul class=\"wp-block-list\">\n<li><strong><a href=\"http:\/\/lasteaed.joelahtme.ee\/kostivere\/wp-content\/uploads\/sites\/2\/2025\/09\/Hopsti-Kosta_A4_25-26.png\">Laste liikumistrenn \u201cHopsti!\u201d&nbsp;<\/a><\/strong>&nbsp;&#8211; alates 1.oktoobrist, kolmap\u00e4eviti<\/li>\n\n\n\n<li><strong><a href=\"http:\/\/lasteaed.joelahtme.ee\/kostivere\/wp-content\/uploads\/sites\/2\/2025\/09\/Kostivere-Fortis-mudilaste-UKE-ja-kergejoustik.jpg\">Mudilaste kergej\u00f5ustiku ja \u00dcKE treeningud<\/a><\/strong> &#8211; alates 6. oktoobrist, esmasp\u00e4eviti (jaanuaris treeninguid ei toimu)<\/li>\n\n\n\n<li><a href=\"http:\/\/lasteaed.joelahtme.ee\/kostivere\/wp-content\/uploads\/sites\/2\/2024\/09\/Muusika-eelkooli-kuulutus-2024-.pdf\"><strong>J\u00f5el\u00e4htme Muusika- ja Kunstikooli muusikaosakonna eelkool<\/strong> <\/a>&#8211; alates 1. oktoobrist, kolmap\u00e4eviti<\/li>\n\n\n\n<li><strong><a href=\"http:\/\/kostivere.edu.ee\/et\/lapsevanemale\/eelkool\/\" target=\"_blank\" rel=\"noreferrer noopener\">Eelkool<\/a><\/strong><a href=\"http:\/\/kostivere.edu.ee\/et\/lapsevanemale\/eelkool\/\">&nbsp;<\/a>Kostivere koolis &#8211; alates 2. oktoobrist, \u00fcle n\u00e4dala&nbsp; neljap\u00e4eviti<\/li>\n\n\n\n<li><strong><a href=\"http:\/\/lasteaed.joelahtme.ee\/kostivere\/wp-content\/uploads\/sites\/2\/2025\/09\/FC-Tiigrid-2.pdf.pdf\">Jalgpall<\/a><\/strong>&nbsp; Kostivere kooli staadionil v\u00f5i saalis \u2013 alates 12. septembrist, teisip\u00e4eviti ja reedeti<\/li>\n\n\n\n<li><strong><a href=\"http:\/\/lasteaed.joelahtme.ee\/kostivere\/wp-content\/uploads\/sites\/2\/2025\/09\/Kostivere-LA-2025_2026.jpg\">Tantsuline iluv\u00f5imlemine<\/a><\/strong> &#8211; alates 2. oktoobrist, neljap\u00e4eviti<\/li>\n\n\n\n<li><a href=\"http:\/\/lasteaed.joelahtme.ee\/kostivere\/wp-content\/uploads\/sites\/2\/2026\/01\/Active-2026.pdf\"><strong>ACTIVE STUDIO<\/strong><\/a> arendav tantsuring &#8211; alates 13. jaanuar, teisip\u00e4eviti<\/li>\n<\/ul>\n\n\n\n<figure class=\"wp-block-table\"><table><tbody><tr><td><strong>Huviring<\/strong><\/td><td><strong>Toimumise p\u00e4ev<\/strong><\/td><td><strong>Registreerimine&nbsp;2022\/2023 <br>\u00f5ppeaasta&nbsp;huviringidesse<\/strong><\/td><td><strong>Osalustasu<\/strong> <\/td><\/tr><tr><td><strong><a href=\"http:\/\/lasteaed.joelahtme.ee\/kostivere\/wp-content\/uploads\/sites\/2\/2025\/09\/Kostivere-Fortis-mudilaste-UKE-ja-kergejoustik.jpg\">Mudilaste kergej\u00f5ustiku ja \u00dcKE treeningud<\/a><\/strong><\/td><td>Esmasp\u00e4eviti<br>16.15-17.00<\/td><td>+372 5563 8359,  SANDER.KOSK@SKFORTIS.EE<\/td><td>Kuutasu 30 eurot<\/td><\/tr><tr><td><strong><a href=\"http:\/\/lasteaed.joelahtme.ee\/kostivere\/wp-content\/uploads\/sites\/2\/2026\/01\/Active-2026.pdf\">ACTIVE STUDIO arendav tantsuring<\/a><\/strong><\/td><td>Teisip\u00e4eviti<br>16.30-17.15<\/td><td>info@activestudio.ee<br><\/td><td>Kuutasu 28 eurot<\/td><\/tr><tr><td><strong><a href=\"http:\/\/lasteaed.joelahtme.ee\/kostivere\/wp-content\/uploads\/sites\/2\/2025\/09\/Hopsti-Kosta_A4_25-26.png\">Laste liikumistrenn \u201cHopsti!\u201d<\/a><\/strong><\/td><td>Kolmap\u00e4eviti 16.00<\/td><td><a href=\"mailto:ktruuleht@hotmail.com\">ktruuleht@hotmail.com<\/a><\/td><td>\u00dche korra tasu 5&nbsp;eurot. <br>Kuutasu ei ole.<\/td><\/tr><tr><td><strong><a href=\"http:\/\/lasteaed.joelahtme.ee\/kostivere\/wp-content\/uploads\/sites\/2\/2024\/09\/Muusika-eelkooli-kuulutus-2024-.pdf\">J\u00f5el\u00e4htme Muusika- ja Kunstikooli muusikaosakonna eelkool<\/a><\/strong><\/td><td>Kolmap\u00e4eviti 12.15<\/td><td>Registreerumine kuni 1. oktoobrini.<br>Avalduse blanketi leiate J\u00f5el\u00e4htme MKK kodulehelt aadressil<br>joelahtmemkk.ee, mille palume saata alloleval meiliaadressil.<br>K\u00fcsimused ja lisainfo: info@joelahtmemkk.ee<\/td><td>Kuutasu detsembri l\u00f5puni 18\u20ac kuus.<\/td><\/tr><tr><td><strong><a href=\"http:\/\/kostivere.edu.ee\/et\/lapsevanemale\/eelkool\/\" target=\"_blank\" rel=\"noreferrer noopener\">Eelkool<\/a><\/strong><a href=\"http:\/\/kostivere.edu.ee\/et\/lapsevanemale\/eelkool\/\">&nbsp;<\/a><\/td><td>\u00dcle n\u00e4dala&nbsp;<br>neljap\u00e4eviti<strong>&nbsp;<\/strong> 16.00 \u2013 17.30<\/td><td>Eelkooli avaldusi on v\u00f5imalik t\u00e4ita kohapeal 18. oktoobril. Paberkandjal avaldused annan valvelauda ja eelkooli \u00f5petaja k\u00e4tte.&nbsp;Eelkooli avaldus nii (docx) kui ka (pdf) formaadis on leitav kooli kodulehek\u00fcljelt valides men\u00fc\u00fcst&nbsp;\u201eKoolid\u201c \u2013 \u201eDokumendid\u201c \u2013 \u201eTaotlusvormid\u201c \u2013 \u201eEelkooli avaldus\u201c.<br>Eelkool hakkab toimuma&nbsp;Kostivere koolis ruumis <strong>303<\/strong>. Lastele tulevad vanemad kooli j\u00e4rele.<strong> Vajadusel <\/strong>on v\u00f5imalik, et \u00f5petaja viib lapse tagasi lasteaeda, kuid sel juhul tuleb lapsevanemal sellest <strong>eelnevalt \u00f5petajat teavitada<\/strong>.<br>Eelkooli \u00f5petajaks on <strong>Emma Treiberg<\/strong>.<br>T\u00e4psem info on kodulehel -&gt; <a href=\"https:\/\/kostivere.edu.ee\/et\/lapsevanemale\/eelkool\/\">https:\/\/kostivere.edu.ee\/et\/lapsevanemale\/eelkool\/<\/a>&nbsp;&nbsp;<\/td><td><\/td><\/tr><tr><td><strong><a href=\"http:\/\/lasteaed.joelahtme.ee\/kostivere\/wp-content\/uploads\/sites\/2\/2025\/09\/FC-Tiigrid-2.pdf.pdf\">Jalgpall<\/a><\/strong><\/td><td>Teisip\u00e4eviti 16.45-17.45 ja reedeti 16.00 -17.00<\/td><td>FC Tiigrid Jalgpallikool ootab jalgpallitreeningutele poisse ja t\u00fcdrukuid vanuses 4 -7.eluaastat.<br>Treeningud toimuvad Kostivere kooli&nbsp;staadionil: &nbsp;<br>T 16.45-17.45 <br>R 16.00-17.00 (vajadusel tuleb treener lasteaeda j\u00e4rgi, lapsevanem v\u00f5tab lapse staadionilt). Esimene treening teisip\u00e4eval, 9.09 kuup\u00e4ev.<br><br>Tasuta proovitreeningud toimuvad Kostivere kooli&nbsp;staadionil &nbsp;9.09 ja 12.09 kell 16.00 <br>&nbsp;Info ja registreerimine :<br><a href=\"mailto:Sven@fctiigrid.ee\" target=\"_blank\" rel=\"noreferrer noopener\">Sven@fctiigrid.ee<\/a>, tel. 56 265 131<\/td><td><\/td><\/tr><tr><td><strong><a href=\"http:\/\/lasteaed.joelahtme.ee\/kostivere\/wp-content\/uploads\/sites\/2\/2025\/09\/Kostivere-LA-2025_2026.jpg\">Tantsuline iluv\u00f5imlemine<\/a><\/strong><\/td><td>Neljap\u00e4eviti 16.30-17.00<\/td><td>Lisainfo +372 5662 4998<br>Registreerimine: bron@prodance.ee<\/td><td>Kuutasu: 36 eurot.<\/td><\/tr><\/tbody><\/table><\/figure>\n\n\n<table style=\"border-collapse: collapse;width: 100%;height: 213px\">\n<tbody>\n<tr style=\"height: 89px\">\n<td class=\"oa1\" style=\"width: 4.66666%;height: 95px\" width=\"79\" height=\"21\">\n<p>KELLAAEG<\/p>\n<\/td>\n<td class=\"oa1\" style=\"width: 8.7222%;height: 95px\" width=\"152\">\n<p>ESMASP\u00c4EV\u00a0<\/p>\n<\/td>\n<td class=\"oa1\" style=\"width: 21.5001%;height: 95px\" width=\"134\">\n<p>\u00a0TEISIP\u00c4EV<\/p>\n<\/td>\n<td class=\"oa1\" style=\"width: 11.6666%;height: 95px\" width=\"152\">\n<p>KOLMAP\u00c4EV<\/p>\n<\/td>\n<td class=\"oa1\" style=\"width: 13.1112%;height: 95px\" width=\"152\">\n<p>NELJAP\u00c4EV<\/p>\n<\/td>\n<td class=\"oa1\" style=\"width: 12.6666%;height: 95px\" width=\"152\">\n<p>REEDE<\/p>\n<\/td>\n<\/tr>\n<tr style=\"height: 23px\">\n<td style=\"width: 4.66666%;height: 23px\">12.00<\/td>\n<td style=\"width: 8.7222%;height: 23px\">\u00a0<\/td>\n<td style=\"width: 21.5001%;height: 23px\">\u00a0<\/td>\n<td class=\"oa5\" style=\"width: 11.6666%;height: 23px\" width=\"152\">J\u00f5el\u00e4htme Muusika- ja Kunstikooli muusikaosakonna eelkool 12.15-12.45<\/td>\n<td style=\"width: 13.1112%;height: 23px\">\u00a0<\/td>\n<td style=\"width: 12.6666%;height: 23px\">\u00a0<\/td>\n<\/tr>\n<tr style=\"height: 37px\">\n<td style=\"width: 4.66666%;height: 37px\">16.00<\/td>\n<td style=\"width: 8.7222%;height: 37px\">\n<p>Mudilaste kergej\u00f5ustiku ja \u00dcKE treeningud<br \/>16.40-17.25<\/p>\n<\/td>\n<td style=\"width: 21.5001%;height: 37px\">\n<p>Active Studio 16.30-17.15<\/p>\n<p>Jalgpall 16.00-17.00 Treeningud toimuvad Kostivere Kooli kunstmuruv\u00e4ljakul.<\/p>\n<\/td>\n<td style=\"width: 11.6666%;height: 37px\">LASTE LIIKUMISTRENN \u201cHOPSTI!\u201d 16.00-16.30<\/td>\n<td style=\"width: 13.1112%;height: 37px\">\n<p>TANTSULINE ILUV\u00d5IMLEMINE\u00a0 <br \/>16.15<\/p>\n<\/td>\n<td style=\"width: 12.6666%;height: 37px\">\n<p>Jalgpall 16.00-17.00 Treeningud toimuvad Kostivere Kooli kunstmuruv\u00e4ljakul.<\/p>\n<\/td>\n<\/tr>\n<tr style=\"height: 37px\">\n<td style=\"width: 4.66666%;height: 37px\">17.00<\/td>\n<td style=\"width: 8.7222%;height: 37px\">\u00a0<\/td>\n<td style=\"width: 21.5001%;height: 37px\">\u00a0<\/td>\n<td style=\"width: 11.6666%;height: 37px\">\u00a0<\/td>\n<td style=\"width: 13.1112%;height: 37px\">\u00a0<\/td>\n<td style=\"width: 12.6666%;height: 37px\">\u00a0<\/td>\n<\/tr>\n<tr style=\"height: 21px\">\n<td style=\"width: 4.66666%;height: 21px\">18.00<\/td>\n<td style=\"width: 8.7222%;height: 21px\">\u00a0<\/td>\n<td style=\"width: 21.5001%;height: 21px\">\u00a0<\/td>\n<td style=\"width: 11.6666%;height: 21px\">\u00a0<\/td>\n<td style=\"width: 13.1112%;height: 21px\">\u00a0<\/td>\n<td style=\"width: 12.6666%;height: 21px\">\u00a0<\/td>\n<\/tr>\n<\/tbody>\n<\/table>","protected":false},"excerpt":{"rendered":"<p>Lasteaias toimuvad j\u00e4rgmised tasulised&nbsp;huvialaringid:&nbsp; Huviring Toimumise p\u00e4ev Registreerimine&nbsp;2022\/2023 \u00f5ppeaasta&nbsp;huviringidesse Osalustasu Mudilaste kergej\u00f5ustiku ja \u00dcKE treeningud Esmasp\u00e4eviti16.15-17.00 +372 5563 8359, SANDER.KOSK@SKFORTIS.EE Kuutasu 30 eurot ACTIVE STUDIO arendav tantsuring Teisip\u00e4eviti16.30-17.15 info@activestudio.ee Kuutasu 28 eurot Laste liikumistrenn \u201cHopsti!\u201d Kolmap\u00e4eviti 16.00 ktruuleht@hotmail.com \u00dche korra tasu 5&nbsp;eurot. Kuutasu ei ole. J\u00f5el\u00e4htme Muusika- ja Kunstikooli muusikaosakonna eelkool Kolmap\u00e4eviti 12.15 Registreerumine kuni [&hellip;]<\/p>\n","protected":false},"author":6,"featured_media":0,"parent":0,"menu_order":0,"comment_status":"closed","ping_status":"closed","template":"","meta":{"_uag_custom_page_level_css":"","site-sidebar-layout":"default","site-content-layout":"default","ast-site-content-layout":"default","site-content-style":"default","site-sidebar-style":"default","ast-global-header-display":"","ast-banner-title-visibility":"","ast-main-header-display":"","ast-hfb-above-header-display":"","ast-hfb-below-header-display":"","ast-hfb-mobile-header-display":"","site-post-title":"","ast-breadcrumbs-content":"","ast-featured-img":"","footer-sml-layout":"","ast-disable-related-posts":"","theme-transparent-header-meta":"default","adv-header-id-meta":"","stick-header-meta":"","header-above-stick-meta":"","header-main-stick-meta":"","header-below-stick-meta":"","astra-migrate-meta-layouts":"set","ast-page-background-enabled":"default","ast-page-background-meta":{"desktop":{"background-color":"var(--ast-global-color-4)","background-image":"","background-repeat":"repeat","background-position":"center center","background-size":"auto","background-attachment":"scroll","background-type":"","background-media":"","overlay-type":"","overlay-color":"","overlay-opacity":"","overlay-gradient":""},"tablet":{"background-color":"","background-image":"","background-repeat":"repeat","background-position":"center center","background-size":"auto","background-attachment":"scroll","background-type":"","background-media":"","overlay-type":"","overlay-color":"","overlay-opacity":"","overlay-gradient":""},"mobile":{"background-color":"","background-image":"","background-repeat":"repeat","background-position":"center center","background-size":"auto","background-attachment":"scroll","background-type":"","background-media":"","overlay-type":"","overlay-color":"","overlay-opacity":"","overlay-gradient":""}},"ast-content-background-meta":{"desktop":{"background-color":"var(--ast-global-color-5)","background-image":"","background-repeat":"repeat","background-position":"center center","background-size":"auto","background-attachment":"scroll","background-type":"","background-media":"","overlay-type":"","overlay-color":"","overlay-opacity":"","overlay-gradient":""},"tablet":{"background-color":"var(--ast-global-color-5)","background-image":"","background-repeat":"repeat","background-position":"center center","background-size":"auto","background-attachment":"scroll","background-type":"","background-media":"","overlay-type":"","overlay-color":"","overlay-opacity":"","overlay-gradient":""},"mobile":{"background-color":"var(--ast-global-color-5)","background-image":"","background-repeat":"repeat","background-position":"center center","background-size":"auto","background-attachment":"scroll","background-type":"","background-media":"","overlay-type":"","overlay-color":"","overlay-opacity":"","overlay-gradient":""}},"footnotes":""},"class_list":["post-298","page","type-page","status-publish","hentry"],"uagb_featured_image_src":{"full":false,"thumbnail":false,"medium":false,"medium_large":false,"large":false,"1536x1536":false,"2048x2048":false},"uagb_author_info":{"display_name":"jana","author_link":"https:\/\/lasteaed.joelahtme.ee\/kostivere\/author\/jana\/"},"uagb_comment_info":0,"uagb_excerpt":"Lasteaias toimuvad j\u00e4rgmised tasulised&nbsp;huvialaringid:&nbsp; Huviring Toimumise p\u00e4ev Registreerimine&nbsp;2022\/2023 \u00f5ppeaasta&nbsp;huviringidesse Osalustasu Mudilaste kergej\u00f5ustiku ja \u00dcKE treeningud Esmasp\u00e4eviti16.15-17.00 +372 5563 8359, SANDER.KOSK@SKFORTIS.EE Kuutasu 30 eurot ACTIVE STUDIO arendav tantsuring Teisip\u00e4eviti16.30-17.15 info@activestudio.ee Kuutasu 28 eurot Laste liikumistrenn \u201cHopsti!\u201d Kolmap\u00e4eviti 16.00 ktruuleht@hotmail.com \u00dche korra tasu 5&nbsp;eurot. Kuutasu ei ole. J\u00f5el\u00e4htme Muusika- ja Kunstikooli muusikaosakonna eelkool Kolmap\u00e4eviti 12.15 Registreerumine kuni&hellip;","_links":{"self":[{"href":"https:\/\/lasteaed.joelahtme.ee\/kostivere\/wp-json\/wp\/v2\/pages\/298","targetHints":{"allow":["GET"]}}],"collection":[{"href":"https:\/\/lasteaed.joelahtme.ee\/kostivere\/wp-json\/wp\/v2\/pages"}],"about":[{"href":"https:\/\/lasteaed.joelahtme.ee\/kostivere\/wp-json\/wp\/v2\/types\/page"}],"author":[{"embeddable":true,"href":"https:\/\/lasteaed.joelahtme.ee\/kostivere\/wp-json\/wp\/v2\/users\/6"}],"replies":[{"embeddable":true,"href":"https:\/\/lasteaed.joelahtme.ee\/kostivere\/wp-json\/wp\/v2\/comments?post=298"}],"version-history":[{"count":119,"href":"https:\/\/lasteaed.joelahtme.ee\/kostivere\/wp-json\/wp\/v2\/pages\/298\/revisions"}],"predecessor-version":[{"id":1478,"href":"https:\/\/lasteaed.joelahtme.ee\/kostivere\/wp-json\/wp\/v2\/pages\/298\/revisions\/1478"}],"wp:attachment":[{"href":"https:\/\/lasteaed.joelahtme.ee\/kostivere\/wp-json\/wp\/v2\/media?parent=298"}],"curies":[{"name":"wp","href":"https:\/\/api.w.org\/{rel}","templated":true}]}}