{"id":27,"date":"2020-05-11T07:07:10","date_gmt":"2020-05-11T07:07:10","guid":{"rendered":"http:\/\/localhost\/kostivere\/?page_id=27"},"modified":"2023-10-18T06:33:55","modified_gmt":"2023-10-18T06:33:55","slug":"menuu","status":"publish","type":"page","link":"https:\/\/lasteaed.joelahtme.ee\/kostivere\/menuu\/","title":{"rendered":"Men\u00fc\u00fc"},"content":{"rendered":"\n<div class=\"wp-block-columns is-layout-flex wp-container-core-columns-is-layout-28f84493 wp-block-columns-is-layout-flex\">\n<div class=\"wp-block-column is-layout-flow wp-block-column-is-layout-flow\">\n<p>Lasteaia n\u00e4dala men\u00fc\u00fcga saab tutvuda <a href=\"https:\/\/eliis.eu\/menu\/week\" target=\"_blank\" rel=\"noopener\"><strong>SIIN<\/strong><\/a><\/p>\n<\/div>\n<\/div>\n\n\n\n\n\n<ul class=\"wp-block-list\">\n<li>Lasteaial on \u00f5igus tarneprobleemide t\u00f5ttu vm. ettearvamatute olude sunnil n\u00e4dalaks koostatud men\u00fc\u00fcd muuta.<\/li>\n<\/ul>\n\n\n\n<hr class=\"wp-block-separator has-css-opacity\" \/>\n\n\n\n<ul class=\"wp-block-list\">\n<li>Infot koostisosade allergeenide kohta k\u00fcsida majandusjuhatajalt.<\/li>\n<\/ul>\n\n\n\n<hr class=\"wp-block-separator has-css-opacity\" \/>\n\n\n<p><strong>Meie lasteaed jagab Euroopa koolipiima programmi alusel Euroopa Liidu poolt subsideeritud piimatooteid.\u00a0<\/strong><br \/><strong>Osaleme ka Euroopa Liidu poolt rahaliselt toetatavas \u00fcleeuroopalises koolide ja lasteaedade puuvilja jagamise kavas.<\/strong><\/p>\n\n\n<p><\/p>\n\n\n\n<p><\/p>\n","protected":false},"excerpt":{"rendered":"<p>Lasteaia n\u00e4dala men\u00fc\u00fcga saab tutvuda SIIN Meie lasteaed jagab Euroopa koolipiima programmi alusel Euroopa Liidu poolt subsideeritud piimatooteid.\u00a0Osaleme ka Euroopa Liidu poolt rahaliselt toetatavas \u00fcleeuroopalises koolide ja lasteaedade puuvilja jagamise kavas.<\/p>\n","protected":false},"author":1,"featured_media":0,"parent":0,"menu_order":0,"comment_status":"closed","ping_status":"closed","template":"","meta":{"_uag_custom_page_level_css":"","site-sidebar-layout":"default","site-content-layout":"default","ast-site-content-layout":"default","site-content-style":"default","site-sidebar-style":"default","ast-global-header-display":"","ast-banner-title-visibility":"","ast-main-header-display":"","ast-hfb-above-header-display":"","ast-hfb-below-header-display":"","ast-hfb-mobile-header-display":"","site-post-title":"","ast-breadcrumbs-content":"","ast-featured-img":"","footer-sml-layout":"","ast-disable-related-posts":"","theme-transparent-header-meta":"default","adv-header-id-meta":"","stick-header-meta":"","header-above-stick-meta":"","header-main-stick-meta":"","header-below-stick-meta":"","astra-migrate-meta-layouts":"set","ast-page-background-enabled":"default","ast-page-background-meta":{"desktop":{"background-color":"var(--ast-global-color-4)","background-image":"","background-repeat":"repeat","background-position":"center center","background-size":"auto","background-attachment":"scroll","background-type":"","background-media":"","overlay-type":"","overlay-color":"","overlay-opacity":"","overlay-gradient":""},"tablet":{"background-color":"","background-image":"","background-repeat":"repeat","background-position":"center center","background-size":"auto","background-attachment":"scroll","background-type":"","background-media":"","overlay-type":"","overlay-color":"","overlay-opacity":"","overlay-gradient":""},"mobile":{"background-color":"","background-image":"","background-repeat":"repeat","background-position":"center center","background-size":"auto","background-attachment":"scroll","background-type":"","background-media":"","overlay-type":"","overlay-color":"","overlay-opacity":"","overlay-gradient":""}},"ast-content-background-meta":{"desktop":{"background-color":"var(--ast-global-color-5)","background-image":"","background-repeat":"repeat","background-position":"center center","background-size":"auto","background-attachment":"scroll","background-type":"","background-media":"","overlay-type":"","overlay-color":"","overlay-opacity":"","overlay-gradient":""},"tablet":{"background-color":"var(--ast-global-color-5)","background-image":"","background-repeat":"repeat","background-position":"center center","background-size":"auto","background-attachment":"scroll","background-type":"","background-media":"","overlay-type":"","overlay-color":"","overlay-opacity":"","overlay-gradient":""},"mobile":{"background-color":"var(--ast-global-color-5)","background-image":"","background-repeat":"repeat","background-position":"center center","background-size":"auto","background-attachment":"scroll","background-type":"","background-media":"","overlay-type":"","overlay-color":"","overlay-opacity":"","overlay-gradient":""}},"footnotes":""},"class_list":["post-27","page","type-page","status-publish","hentry"],"uagb_featured_image_src":{"full":false,"thumbnail":false,"medium":false,"medium_large":false,"large":false,"1536x1536":false,"2048x2048":false},"uagb_author_info":{"display_name":"Kalev","author_link":"https:\/\/lasteaed.joelahtme.ee\/kostivere\/author\/kalev\/"},"uagb_comment_info":0,"uagb_excerpt":"Lasteaia n\u00e4dala men\u00fc\u00fcga saab tutvuda SIIN Meie lasteaed jagab Euroopa koolipiima programmi alusel Euroopa Liidu poolt subsideeritud piimatooteid.\u00a0Osaleme ka Euroopa Liidu poolt rahaliselt toetatavas \u00fcleeuroopalises koolide ja lasteaedade puuvilja jagamise kavas.","_links":{"self":[{"href":"https:\/\/lasteaed.joelahtme.ee\/kostivere\/wp-json\/wp\/v2\/pages\/27","targetHints":{"allow":["GET"]}}],"collection":[{"href":"https:\/\/lasteaed.joelahtme.ee\/kostivere\/wp-json\/wp\/v2\/pages"}],"about":[{"href":"https:\/\/lasteaed.joelahtme.ee\/kostivere\/wp-json\/wp\/v2\/types\/page"}],"author":[{"embeddable":true,"href":"https:\/\/lasteaed.joelahtme.ee\/kostivere\/wp-json\/wp\/v2\/users\/1"}],"replies":[{"embeddable":true,"href":"https:\/\/lasteaed.joelahtme.ee\/kostivere\/wp-json\/wp\/v2\/comments?post=27"}],"version-history":[{"count":20,"href":"https:\/\/lasteaed.joelahtme.ee\/kostivere\/wp-json\/wp\/v2\/pages\/27\/revisions"}],"predecessor-version":[{"id":1084,"href":"https:\/\/lasteaed.joelahtme.ee\/kostivere\/wp-json\/wp\/v2\/pages\/27\/revisions\/1084"}],"wp:attachment":[{"href":"https:\/\/lasteaed.joelahtme.ee\/kostivere\/wp-json\/wp\/v2\/media?parent=27"}],"curies":[{"name":"wp","href":"https:\/\/api.w.org\/{rel}","templated":true}]}}