{"id":255,"date":"2021-10-15T07:50:07","date_gmt":"2021-10-15T07:50:07","guid":{"rendered":"http:\/\/lasteaed.joelahtme.ee\/kostivere\/?page_id=255"},"modified":"2022-04-28T10:23:09","modified_gmt":"2022-04-28T10:23:09","slug":"lapsevanemale","status":"publish","type":"page","link":"https:\/\/lasteaed.joelahtme.ee\/kostivere\/lapsevanemale\/","title":{"rendered":"Isikuandmete t\u00f6\u00f6tlemine"},"content":{"rendered":"\n<p><strong>Kostivere Lasteaia andmekaitsetingimused<\/strong><\/p>\n\n\n\n<p>Siin lehek\u00fcljel leiate \u00fclevaate, millised andmed saavad teatavaks vastutavale ja volitatud t\u00f6\u00f6tlejale ning kolmandatele isikutele:<\/p>\n\n\n\n<ul class=\"wp-block-list\"><li>kui k\u00fclastate meie veebilehte;<\/li><li>esitate meile k\u00fcsimuse, selgitustaotluse, m\u00e4rgukirja, kaebuse v\u00f5i teaben\u00f5ude;<\/li><li>kui kandideerite meile t\u00f6\u00f6le;<\/li><li>mis eesm\u00e4rkidel kogutud andmeid kasutatakse;<\/li><li>kui kaua andmeid s\u00e4ilitatakse;<\/li><li>millised on Teie \u00f5igused andmete t\u00f6\u00f6tlemise asjus.<\/li><\/ul>\n\n\n\n<p>Need p\u00f5him\u00f5tted ei kehti juriidiliste isikute ja teiste asutuste andmete t\u00f6\u00f6tlemisel, ega h\u00f5lma isikuandmete t\u00f6\u00f6tlemist veebilehtedel, millele meie veebilehel viidatakse (v\u00e4lislingid).<\/p>\n\n\n\n<p><strong>Vastutav t\u00f6\u00f6tleja<\/strong><\/p>\n\n\n\n<p>Veebilehe vastutav t\u00f6\u00f6tleja on Kostivere Lasteaed. Kostivere Lasteaia kontaktandmed on:<br>Aadress: Aruk\u00fcla tee 1, Kostivere, Harju maakond<br>Telefon: 6081 540<br>e-post:&nbsp;<a href=\"mailto:lasteaed@kostilaps.ee\">lasteaed@kostilaps.ee<\/a><br>Veebileht:&nbsp;<a href=\"http:\/\/www.kostilaps.ee\/www\">http:\/\/www.kostilaps.ee\/www<\/a><\/p>\n\n\n\n<p><strong>Volitatud t\u00f6\u00f6tleja<\/strong><\/p>\n\n\n\n<p>Veebilehe infotehnoloogiat haldab: Telia Eesti AS<br>Mustam\u00e4e tee 3,<br>Tallinn 15033<br>Eesti Vabariik<br>Veebileht:&nbsp;<a href=\"https:\/\/www.telia.ee\/kontaktid#Kontaktid\">https:\/\/telia.ee<\/a><\/p>\n\n\n\n<p><strong>1. Milliseid andmeid kogutakse?<\/strong><\/p>\n\n\n\n<p>Kui Te k\u00fclastate veebilehte, ei koguta ega s\u00e4ilitata andmeid k\u00fclastuse kohta.<\/p>\n\n\n\n<p><strong>1.1 Veebilehe k\u00fclastamine<\/strong><\/p>\n\n\n\n<p>Kui Te k\u00fclastate veebilehte, ei koguta ega s\u00e4ilitata andmeid k\u00fclastuse kohta.<\/p>\n\n\n\n<p><strong>1.2 Isikuandmete edastamine andmekogudesse<\/strong><\/p>\n\n\n\n<p>Lasteaed edastab andmekogudesse oma tegevusvaldkonnaga seotud andmeid. Kui eraisik soovib teavet, millistesse andmekogudesse lasteaed isikuandmeid edastab, tuleb p\u00f6\u00f6rduda teaben\u00f5udega otse lasteaia poole.<\/p>\n\n\n\n<p><strong>1.3 Selgitustaotluse, m\u00e4rgukirja, teaben\u00f5ude, kaebuse jne esitamisel<\/strong><\/p>\n\n\n\n<p>Peate arvestama, et Kostivere Lasteaed on omavalitsuse hallatav asutus ja tegevus on avalik. M\u00f5nel juhul v\u00f5ivad Teie isikuandmed \u2013 eelk\u00f5ige Teie nimi ja p\u00f6\u00f6rdumise fakt (teatud juhtudel ka selle sisu) \u2013 saada teatavaks kolmandatele isikutele v\u00f5i v\u00f5idakse Teie nimi ja p\u00f6\u00f6rdumise fakt avalikustada meie dokumendiregistris.<\/p>\n\n\n\n<p>Dokumendiregistrisse kantakse avaliku teabe seaduse kohaselt saabunud ja v\u00e4ljastatud dokumentide kohta v\u00e4hemalt: andmed saatja v\u00f5i vastuv\u00f5tja kohta, kuup\u00e4ev, v\u00e4ljastamise v\u00f5i vastuv\u00f5tmise viis, dokumendi liik ning juurdep\u00e4\u00e4supiirangud. Kostivere Lasteaia dokumendi registri avalikus vaates on eraisikute nimed m\u00e4rgitud initsiaalidega.<\/p>\n\n\n\n<p>Kirjavahetusel eraisikuga kehtib \u00fcldine juurdep\u00e4\u00e4supiirang: kui keegi tahab Teie kirjavahetusega tutvuda ja esitab selleks teaben\u00f5ude, siis hindame, kas Teie p\u00f6\u00f6rdumise (ja ka vastuse) osaline v\u00f5i t\u00e4ielik v\u00e4ljastamine kahjustab oluliselt Teie eraelu puutumatust v\u00f5i sisaldab Teie p\u00f6\u00f6rdumine ja vastus sellele muud juurdep\u00e4\u00e4supiiranguga teavet.<\/p>\n\n\n\n<p>Juurdep\u00e4\u00e4supiirangu alused on s\u00e4testatud Avaliku teabe seaduse&nbsp;\u00a7-s 35. Teie isiklikke kontaktandmeid \u2013 n\u00e4iteks e-posti aadress, telefoninumber v\u00f5i elukoha aadress \u2013 ei v\u00e4ljastata (v.a juhul, kui esindate juriidilist isikut v\u00f5i asutust).<\/p>\n\n\n\n<p>Teie p\u00f6\u00f6rdumises sisalduvaid isikuandmeid kasutatakse Teile vastamiseks. Kui sellega seoses tuleb esitada j\u00e4relep\u00e4rimisi teistele isikutele v\u00f5i asutustele, ei avaldata neile rohkem Teie isikuandmeid kui vastuse koostamiseks vaja.<\/p>\n\n\n\n<p><strong>1.4 Kandideerimine t\u00f6\u00f6- v\u00f5i ametikohale.<\/strong><\/p>\n\n\n\n<p>Kandideerimisega seotud dokumente dokumendiregistris ei registreerita. Juurdep\u00e4\u00e4s kandideerija dokumentidele v\u00f5imaldatakse ainult isikutele, kes on seotud konkursi otsustusprotsessiga. Teiste kandidaatide andmeid ei avaldata. Valituks mitte osutunud kandideerijate dokumente s\u00e4ilitatakse \u00fcks aasta. Konkursikomisjoni koosolekute protokolle s\u00e4ilitatakse 10 aastat.<\/p>\n\n\n\n<p><strong>2.&nbsp; Kui kaua kogutud andmeid s\u00e4ilitatakse?<\/strong><\/p>\n\n\n\n<p>Punktis 1.2 nimetatud andmed s\u00e4ilitatakse vastavalt andmekogude p\u00f5him\u00e4\u00e4rustele.<\/p>\n\n\n\n<p>Punktis 1.3 nimetatud andmeid s\u00e4ilitatakse viis aastat alates p\u00f6\u00f6rdumise registreerimisest.<\/p>\n\n\n\n<p>P\u00e4rast s\u00e4ilitust\u00e4htaja m\u00f6\u00f6dumist andmed kustutatakse ja dokumendid h\u00e4vitataks<\/p>\n\n\n\n<p><strong>3.&nbsp; Kellele v\u00f5ib teie andmeid edastada?<\/strong><\/p>\n\n\n\n<p>Punktides 1.1, 1.2 nimetatud andmeid v\u00f5ib lisaks punktides 1.1, 1.2 nimetatud juhtudele, edastada \u00fcksnes kolmandale isikule, kellel on selleks otsene seadusest tulenev \u00f5igus (n\u00e4iteks kohus v\u00f5i kohtueelne menetleja) ja p\u00f5hjendatud vajadus.<\/p>\n\n\n\n<p>Andmekogudes olevaid andmeid v\u00f5idakse v\u00e4ljastada statistilisel eesm\u00e4rgil kasutamiseks. Andmed v\u00e4ljastatakse kujul, mis ei v\u00f5imalda isikuid identifitseerida.<\/p>\n\n\n\n<p><strong>4.&nbsp; Millised \u00f5igused on Teil kogutud andmete asjus?<\/strong><\/p>\n\n\n\n<p><strong>4.1 \u00d5igus oma andmetega tutvuda<\/strong><\/p>\n\n\n\n<p>Teil on \u00f5igus tutvuda andmetega, mida oleme Teie kohta kogunud. V\u00f5imaluse korral v\u00e4ljastame andmed Teile soovitud moel viie t\u00f6\u00f6p\u00e4eva jooksul alates taotluse saamisest. Isikuandmeid v\u00e4ljastades peame olema veendunud Teie isikusamasuses. Seet\u00f5ttu peate taotluse omak\u00e4eliselt v\u00f5i digitaalselt allkirjastama. Andmete v\u00e4ljastamise eest paberil v\u00f5ime alates 21. lehek\u00fcljest n\u00f5uda tasu kuni 0,19 eurot iga v\u00e4ljastatud lehek\u00fclje eest (Avaliku teabe seaduse\u00a7 25 (2).<\/p>\n\n\n\n<p><strong>4.2 \u00d5igus n\u00f5uda eba\u00f5igete andmete parandamist<\/strong><\/p>\n\n\n\n<p>Teil on \u00f5igus n\u00f5uda eba\u00f5igete isikuandmete parandamist. Selleks esitage meile omak\u00e4eliselt v\u00f5i digitaalselt allkirjastatud taotlus.<\/p>\n\n\n\n<p><strong>4.3 \u00d5igus n\u00f5uda andmete t\u00f6\u00f6tlemise l\u00f5petamist<\/strong><\/p>\n\n\n\n<p>Kui Teie isikuandmete t\u00f6\u00f6tlemiseks, avalikustamiseks v\u00f5i andmetele juurdep\u00e4\u00e4su v\u00f5imaldamiseks ei ole (enam) seaduslikku alust, v\u00f5ite n\u00f5uda andmete kasutamise l\u00f5petamist v\u00f5i kustutamist, andmete avalikustamise v\u00f5i andmetele juurdep\u00e4\u00e4su v\u00f5imaldamise l\u00f5petamist. Selleks esitage meile omak\u00e4eliselt v\u00f5i digitaalselt allkirjastatud taotlus.<\/p>\n\n\n\n<p>Loetletud \u00f5igusi v\u00f5ib piirata ja Teie taotluse rahuldamata j\u00e4tta kui see l\u00e4heb vastuollu Isikuandmete kaitse \u00fcldm\u00e4\u00e4ruse artiklitega 15-18 ja muu seadusandlusega<strong>.<\/strong><\/p>\n\n\n\n<p><strong>5.&nbsp; J\u00e4relevalve teostamine<\/strong><\/p>\n\n\n\n<p>Isikuandmete kaitse n\u00f5uete t\u00e4itmise \u00fcle teostab riiklikku ja haldusj\u00e4relevalvet Andmekaitse Inspektsioon.<\/p>\n","protected":false},"excerpt":{"rendered":"<p>Kostivere Lasteaia andmekaitsetingimused Siin lehek\u00fcljel leiate \u00fclevaate, millised andmed saavad teatavaks vastutavale ja volitatud t\u00f6\u00f6tlejale ning kolmandatele isikutele: kui k\u00fclastate meie veebilehte; esitate meile k\u00fcsimuse, selgitustaotluse, m\u00e4rgukirja, kaebuse v\u00f5i teaben\u00f5ude; kui kandideerite meile t\u00f6\u00f6le; mis eesm\u00e4rkidel kogutud andmeid kasutatakse; kui kaua andmeid s\u00e4ilitatakse; millised on Teie \u00f5igused andmete t\u00f6\u00f6tlemise asjus. Need p\u00f5him\u00f5tted ei kehti juriidiliste [&hellip;]<\/p>\n","protected":false},"author":5,"featured_media":0,"parent":0,"menu_order":0,"comment_status":"closed","ping_status":"closed","template":"","meta":{"_uag_custom_page_level_css":"","site-sidebar-layout":"default","site-content-layout":"default","ast-site-content-layout":"default","site-content-style":"default","site-sidebar-style":"default","ast-global-header-display":"","ast-banner-title-visibility":"","ast-main-header-display":"","ast-hfb-above-header-display":"","ast-hfb-below-header-display":"","ast-hfb-mobile-header-display":"","site-post-title":"","ast-breadcrumbs-content":"","ast-featured-img":"","footer-sml-layout":"","ast-disable-related-posts":"","theme-transparent-header-meta":"default","adv-header-id-meta":"","stick-header-meta":"","header-above-stick-meta":"","header-main-stick-meta":"","header-below-stick-meta":"","astra-migrate-meta-layouts":"default","ast-page-background-enabled":"default","ast-page-background-meta":{"desktop":{"background-color":"var(--ast-global-color-4)","background-image":"","background-repeat":"repeat","background-position":"center center","background-size":"auto","background-attachment":"scroll","background-type":"","background-media":"","overlay-type":"","overlay-color":"","overlay-opacity":"","overlay-gradient":""},"tablet":{"background-color":"","background-image":"","background-repeat":"repeat","background-position":"center center","background-size":"auto","background-attachment":"scroll","background-type":"","background-media":"","overlay-type":"","overlay-color":"","overlay-opacity":"","overlay-gradient":""},"mobile":{"background-color":"","background-image":"","background-repeat":"repeat","background-position":"center center","background-size":"auto","background-attachment":"scroll","background-type":"","background-media":"","overlay-type":"","overlay-color":"","overlay-opacity":"","overlay-gradient":""}},"ast-content-background-meta":{"desktop":{"background-color":"var(--ast-global-color-5)","background-image":"","background-repeat":"repeat","background-position":"center center","background-size":"auto","background-attachment":"scroll","background-type":"","background-media":"","overlay-type":"","overlay-color":"","overlay-opacity":"","overlay-gradient":""},"tablet":{"background-color":"var(--ast-global-color-5)","background-image":"","background-repeat":"repeat","background-position":"center center","background-size":"auto","background-attachment":"scroll","background-type":"","background-media":"","overlay-type":"","overlay-color":"","overlay-opacity":"","overlay-gradient":""},"mobile":{"background-color":"var(--ast-global-color-5)","background-image":"","background-repeat":"repeat","background-position":"center center","background-size":"auto","background-attachment":"scroll","background-type":"","background-media":"","overlay-type":"","overlay-color":"","overlay-opacity":"","overlay-gradient":""}},"footnotes":""},"class_list":["post-255","page","type-page","status-publish","hentry"],"uagb_featured_image_src":{"full":false,"thumbnail":false,"medium":false,"medium_large":false,"large":false,"1536x1536":false,"2048x2048":false},"uagb_author_info":{"display_name":"kaili","author_link":"https:\/\/lasteaed.joelahtme.ee\/kostivere\/author\/kaili\/"},"uagb_comment_info":0,"uagb_excerpt":"Kostivere Lasteaia andmekaitsetingimused Siin lehek\u00fcljel leiate \u00fclevaate, millised andmed saavad teatavaks vastutavale ja volitatud t\u00f6\u00f6tlejale ning kolmandatele isikutele: kui k\u00fclastate meie veebilehte; esitate meile k\u00fcsimuse, selgitustaotluse, m\u00e4rgukirja, kaebuse v\u00f5i teaben\u00f5ude; kui kandideerite meile t\u00f6\u00f6le; mis eesm\u00e4rkidel kogutud andmeid kasutatakse; kui kaua andmeid s\u00e4ilitatakse; millised on Teie \u00f5igused andmete t\u00f6\u00f6tlemise asjus. Need p\u00f5him\u00f5tted ei kehti juriidiliste&hellip;","_links":{"self":[{"href":"https:\/\/lasteaed.joelahtme.ee\/kostivere\/wp-json\/wp\/v2\/pages\/255","targetHints":{"allow":["GET"]}}],"collection":[{"href":"https:\/\/lasteaed.joelahtme.ee\/kostivere\/wp-json\/wp\/v2\/pages"}],"about":[{"href":"https:\/\/lasteaed.joelahtme.ee\/kostivere\/wp-json\/wp\/v2\/types\/page"}],"author":[{"embeddable":true,"href":"https:\/\/lasteaed.joelahtme.ee\/kostivere\/wp-json\/wp\/v2\/users\/5"}],"replies":[{"embeddable":true,"href":"https:\/\/lasteaed.joelahtme.ee\/kostivere\/wp-json\/wp\/v2\/comments?post=255"}],"version-history":[{"count":8,"href":"https:\/\/lasteaed.joelahtme.ee\/kostivere\/wp-json\/wp\/v2\/pages\/255\/revisions"}],"predecessor-version":[{"id":718,"href":"https:\/\/lasteaed.joelahtme.ee\/kostivere\/wp-json\/wp\/v2\/pages\/255\/revisions\/718"}],"wp:attachment":[{"href":"https:\/\/lasteaed.joelahtme.ee\/kostivere\/wp-json\/wp\/v2\/media?parent=255"}],"curies":[{"name":"wp","href":"https:\/\/api.w.org\/{rel}","templated":true}]}}