{"id":23,"date":"2020-05-11T07:03:30","date_gmt":"2020-05-11T07:03:30","guid":{"rendered":"http:\/\/localhost\/kostivere\/?page_id=23"},"modified":"2024-12-09T14:12:24","modified_gmt":"2024-12-09T14:12:24","slug":"dokumendid","status":"publish","type":"page","link":"https:\/\/lasteaed.joelahtme.ee\/kostivere\/dokumendid\/","title":{"rendered":"Dokumendid\/ Dokumendiregister"},"content":{"rendered":"\n<p><a href=\"https:\/\/www.riigiteataja.ee\/aktilisa\/4190\/1202\/2019\/Lisa.pdf#\" target=\"_blank\" rel=\"noreferrer noopener\">Kostivere lasteaia arengukava aastateks 2022-24<\/a><\/p>\n\n\n\n<p><a href=\"https:\/\/www.riigiteataja.ee\/akt\/429122016014\">Kostivere Lasteaia&nbsp;<\/a><a rel=\"noreferrer noopener\" href=\"https:\/\/www.riigiteataja.ee\/akt\/429122016014\" target=\"_blank\">p\u00f5him\u00e4\u00e4rus<\/a><\/p>\n\n\n\n<p><a href=\"http:\/\/lasteaed.joelahtme.ee\/kostivere\/wp-content\/uploads\/sites\/2\/2024\/12\/KOSTIVERE-LASTEAIA-OPPEKAVA-uuendatud-2020-.pdf-1.pdf\">Kostivere Lasteaia \u00f5ppekava<\/a><\/p>\n\n\n\n<p><strong><a href=\"https:\/\/kaustik.ee\/?page=pub_startup&amp;tid=-1&amp;desktop=10016&amp;u=20100712205131&amp;unit_id=1693276\">Dokumendiregister<\/a><\/strong><\/p>\n","protected":false},"excerpt":{"rendered":"<p>Kostivere lasteaia arengukava aastateks 2022-24 Kostivere Lasteaia&nbsp;p\u00f5him\u00e4\u00e4rus Kostivere Lasteaia \u00f5ppekava Dokumendiregister<\/p>\n","protected":false},"author":1,"featured_media":0,"parent":0,"menu_order":0,"comment_status":"closed","ping_status":"closed","template":"","meta":{"_uag_custom_page_level_css":"","site-sidebar-layout":"default","site-content-layout":"","ast-site-content-layout":"default","site-content-style":"default","site-sidebar-style":"default","ast-global-header-display":"","ast-banner-title-visibility":"","ast-main-header-display":"","ast-hfb-above-header-display":"","ast-hfb-below-header-display":"","ast-hfb-mobile-header-display":"","site-post-title":"","ast-breadcrumbs-content":"","ast-featured-img":"","footer-sml-layout":"","ast-disable-related-posts":"","theme-transparent-header-meta":"","adv-header-id-meta":"","stick-header-meta":"","header-above-stick-meta":"","header-main-stick-meta":"","header-below-stick-meta":"","astra-migrate-meta-layouts":"set","ast-page-background-enabled":"default","ast-page-background-meta":{"desktop":{"background-color":"var(--ast-global-color-4)","background-image":"","background-repeat":"repeat","background-position":"center center","background-size":"auto","background-attachment":"scroll","background-type":"","background-media":"","overlay-type":"","overlay-color":"","overlay-opacity":"","overlay-gradient":""},"tablet":{"background-color":"","background-image":"","background-repeat":"repeat","background-position":"center center","background-size":"auto","background-attachment":"scroll","background-type":"","background-media":"","overlay-type":"","overlay-color":"","overlay-opacity":"","overlay-gradient":""},"mobile":{"background-color":"","background-image":"","background-repeat":"repeat","background-position":"center center","background-size":"auto","background-attachment":"scroll","background-type":"","background-media":"","overlay-type":"","overlay-color":"","overlay-opacity":"","overlay-gradient":""}},"ast-content-background-meta":{"desktop":{"background-color":"var(--ast-global-color-5)","background-image":"","background-repeat":"repeat","background-position":"center center","background-size":"auto","background-attachment":"scroll","background-type":"","background-media":"","overlay-type":"","overlay-color":"","overlay-opacity":"","overlay-gradient":""},"tablet":{"background-color":"var(--ast-global-color-5)","background-image":"","background-repeat":"repeat","background-position":"center center","background-size":"auto","background-attachment":"scroll","background-type":"","background-media":"","overlay-type":"","overlay-color":"","overlay-opacity":"","overlay-gradient":""},"mobile":{"background-color":"var(--ast-global-color-5)","background-image":"","background-repeat":"repeat","background-position":"center center","background-size":"auto","background-attachment":"scroll","background-type":"","background-media":"","overlay-type":"","overlay-color":"","overlay-opacity":"","overlay-gradient":""}},"footnotes":""},"class_list":["post-23","page","type-page","status-publish","hentry"],"uagb_featured_image_src":{"full":false,"thumbnail":false,"medium":false,"medium_large":false,"large":false,"1536x1536":false,"2048x2048":false},"uagb_author_info":{"display_name":"Kalev","author_link":"https:\/\/lasteaed.joelahtme.ee\/kostivere\/author\/kalev\/"},"uagb_comment_info":0,"uagb_excerpt":"Kostivere lasteaia arengukava aastateks 2022-24 Kostivere Lasteaia&nbsp;p\u00f5him\u00e4\u00e4rus Kostivere Lasteaia \u00f5ppekava Dokumendiregister","_links":{"self":[{"href":"https:\/\/lasteaed.joelahtme.ee\/kostivere\/wp-json\/wp\/v2\/pages\/23","targetHints":{"allow":["GET"]}}],"collection":[{"href":"https:\/\/lasteaed.joelahtme.ee\/kostivere\/wp-json\/wp\/v2\/pages"}],"about":[{"href":"https:\/\/lasteaed.joelahtme.ee\/kostivere\/wp-json\/wp\/v2\/types\/page"}],"author":[{"embeddable":true,"href":"https:\/\/lasteaed.joelahtme.ee\/kostivere\/wp-json\/wp\/v2\/users\/1"}],"replies":[{"embeddable":true,"href":"https:\/\/lasteaed.joelahtme.ee\/kostivere\/wp-json\/wp\/v2\/comments?post=23"}],"version-history":[{"count":19,"href":"https:\/\/lasteaed.joelahtme.ee\/kostivere\/wp-json\/wp\/v2\/pages\/23\/revisions"}],"predecessor-version":[{"id":1298,"href":"https:\/\/lasteaed.joelahtme.ee\/kostivere\/wp-json\/wp\/v2\/pages\/23\/revisions\/1298"}],"wp:attachment":[{"href":"https:\/\/lasteaed.joelahtme.ee\/kostivere\/wp-json\/wp\/v2\/media?parent=23"}],"curies":[{"name":"wp","href":"https:\/\/api.w.org\/{rel}","templated":true}]}}