{"id":20,"date":"2020-05-11T07:02:49","date_gmt":"2020-05-11T07:02:49","guid":{"rendered":"http:\/\/localhost\/kostivere\/?page_id=20"},"modified":"2025-11-25T09:45:08","modified_gmt":"2025-11-25T09:45:08","slug":"hoolekogu","status":"publish","type":"page","link":"https:\/\/lasteaed.joelahtme.ee\/kostivere\/hoolekogu\/","title":{"rendered":"Hoolekogu"},"content":{"rendered":"<h5 class=\"csc-firstHeader centralHeadline\" style=\"text-align: justify\"><strong>Hoolekogu<\/strong><\/h5>\n<div id=\"c97\" class=\"csc-default\">\n<p class=\"align-justify\" style=\"text-align: justify\">Hoolekogu on alaliselt tegutsev organ, kelle \u00fclesanne on j\u00e4lgida, et \u00f5ppe- ja kasvatustegevus vastaks laste arengule ja huvidele ning teha sellesuunalist koost\u00f6\u00f6d lasteasutuse personaliga.<\/p>\n<p class=\"align-justify\" style=\"text-align: justify\">Lasteasutuse hoolekogusse kuuluvad \u00f5petajate esindaja, iga r\u00fchma vanemate esindaja ja valla esindaja. Oma t\u00f6\u00f6 korraldamiseks valib hoolekogu oma liikmete hulgast esimehe ja tema aset\u00e4itja. Hoolekogu t\u00f6\u00f6vorm on koosolek, mis toimub v\u00e4hemalt \u00fcks kord kvartalis hoolekogu esimehe v\u00f5i direktori ettepanekul. Hoolekogul on \u00f5igus saada direktorilt ning vallavalitsuselt oma t\u00f6\u00f6ks vajalikku informatsiooni.<\/p>\n<p style=\"text-align: justify\">Hoolekogu:<\/p>\n<ul>\n<li style=\"list-style-type: none\">\n<ul data-start=\"1188\" data-end=\"1740\">\n<li data-start=\"1188\" data-end=\"1306\">\n<p data-start=\"1190\" data-end=\"1306\">avaldab arvamust lasteaia \u00f5ppekava, kodukorra, sisehindamise korra ning t\u00f6\u00f6tajate ametikohtade konkursi korra kohta;<\/p>\n<\/li>\n<li data-start=\"1307\" data-end=\"1348\">\n<p data-start=\"1309\" data-end=\"1348\">osaleb lasteaia arengukava koostamisel;<\/p>\n<\/li>\n<li data-start=\"1349\" data-end=\"1425\">\n<p data-start=\"1351\" data-end=\"1425\">esindab vanemaid direktorikonkursi l\u00e4biviimisel (munitsipaallasteaedades);<\/p>\n<\/li>\n<li data-start=\"1426\" data-end=\"1517\">\n<p data-start=\"1428\" data-end=\"1517\">avaldab arvamust munitsipaallasteaia eelarveprojekti ning toidukulu p\u00e4evamaksumuse kohta;<\/p>\n<\/li>\n<li data-start=\"1518\" data-end=\"1620\">\n<p data-start=\"1520\" data-end=\"1620\">teeb ettepanekuid direktorile ja lasteaia pidajale lastele soodsa \u00f5pi- ja kasvukeskkonna tagamiseks;<\/p>\n<\/li>\n<li data-start=\"1621\" data-end=\"1740\">\n<p data-start=\"1623\" data-end=\"1740\">t\u00e4idab muid seadusest tulenevaid \u00fclesandeid ning algatab arutelusid lasteaia toimimise ja arenguga seotud k\u00fcsimustes.<\/p>\n<\/li>\n<\/ul>\n<\/li>\n<\/ul>\n<\/div>\n","protected":false},"excerpt":{"rendered":"<p>Hoolekogu Hoolekogu on alaliselt tegutsev organ, kelle \u00fclesanne on j\u00e4lgida, et \u00f5ppe- ja kasvatustegevus vastaks laste arengule ja huvidele ning teha sellesuunalist koost\u00f6\u00f6d lasteasutuse personaliga. Lasteasutuse hoolekogusse kuuluvad \u00f5petajate esindaja, iga r\u00fchma vanemate esindaja ja valla esindaja. Oma t\u00f6\u00f6 korraldamiseks valib hoolekogu oma liikmete hulgast esimehe ja tema aset\u00e4itja. Hoolekogu t\u00f6\u00f6vorm on koosolek, mis toimub [&hellip;]<\/p>\n","protected":false},"author":1,"featured_media":0,"parent":0,"menu_order":0,"comment_status":"closed","ping_status":"closed","template":"","meta":{"_uag_custom_page_level_css":"","site-sidebar-layout":"default","site-content-layout":"","ast-site-content-layout":"default","site-content-style":"default","site-sidebar-style":"default","ast-global-header-display":"","ast-banner-title-visibility":"","ast-main-header-display":"","ast-hfb-above-header-display":"","ast-hfb-below-header-display":"","ast-hfb-mobile-header-display":"","site-post-title":"","ast-breadcrumbs-content":"","ast-featured-img":"","footer-sml-layout":"","ast-disable-related-posts":"","theme-transparent-header-meta":"","adv-header-id-meta":"","stick-header-meta":"","header-above-stick-meta":"","header-main-stick-meta":"","header-below-stick-meta":"","astra-migrate-meta-layouts":"set","ast-page-background-enabled":"default","ast-page-background-meta":{"desktop":{"background-color":"var(--ast-global-color-4)","background-image":"","background-repeat":"repeat","background-position":"center center","background-size":"auto","background-attachment":"scroll","background-type":"","background-media":"","overlay-type":"","overlay-color":"","overlay-opacity":"","overlay-gradient":""},"tablet":{"background-color":"","background-image":"","background-repeat":"repeat","background-position":"center center","background-size":"auto","background-attachment":"scroll","background-type":"","background-media":"","overlay-type":"","overlay-color":"","overlay-opacity":"","overlay-gradient":""},"mobile":{"background-color":"","background-image":"","background-repeat":"repeat","background-position":"center center","background-size":"auto","background-attachment":"scroll","background-type":"","background-media":"","overlay-type":"","overlay-color":"","overlay-opacity":"","overlay-gradient":""}},"ast-content-background-meta":{"desktop":{"background-color":"var(--ast-global-color-5)","background-image":"","background-repeat":"repeat","background-position":"center center","background-size":"auto","background-attachment":"scroll","background-type":"","background-media":"","overlay-type":"","overlay-color":"","overlay-opacity":"","overlay-gradient":""},"tablet":{"background-color":"var(--ast-global-color-5)","background-image":"","background-repeat":"repeat","background-position":"center center","background-size":"auto","background-attachment":"scroll","background-type":"","background-media":"","overlay-type":"","overlay-color":"","overlay-opacity":"","overlay-gradient":""},"mobile":{"background-color":"var(--ast-global-color-5)","background-image":"","background-repeat":"repeat","background-position":"center center","background-size":"auto","background-attachment":"scroll","background-type":"","background-media":"","overlay-type":"","overlay-color":"","overlay-opacity":"","overlay-gradient":""}},"footnotes":""},"class_list":["post-20","page","type-page","status-publish","hentry"],"uagb_featured_image_src":{"full":false,"thumbnail":false,"medium":false,"medium_large":false,"large":false,"1536x1536":false,"2048x2048":false},"uagb_author_info":{"display_name":"Kalev","author_link":"https:\/\/lasteaed.joelahtme.ee\/kostivere\/author\/kalev\/"},"uagb_comment_info":0,"uagb_excerpt":"Hoolekogu Hoolekogu on alaliselt tegutsev organ, kelle \u00fclesanne on j\u00e4lgida, et \u00f5ppe- ja kasvatustegevus vastaks laste arengule ja huvidele ning teha sellesuunalist koost\u00f6\u00f6d lasteasutuse personaliga. Lasteasutuse hoolekogusse kuuluvad \u00f5petajate esindaja, iga r\u00fchma vanemate esindaja ja valla esindaja. Oma t\u00f6\u00f6 korraldamiseks valib hoolekogu oma liikmete hulgast esimehe ja tema aset\u00e4itja. Hoolekogu t\u00f6\u00f6vorm on koosolek, mis toimub&hellip;","_links":{"self":[{"href":"https:\/\/lasteaed.joelahtme.ee\/kostivere\/wp-json\/wp\/v2\/pages\/20","targetHints":{"allow":["GET"]}}],"collection":[{"href":"https:\/\/lasteaed.joelahtme.ee\/kostivere\/wp-json\/wp\/v2\/pages"}],"about":[{"href":"https:\/\/lasteaed.joelahtme.ee\/kostivere\/wp-json\/wp\/v2\/types\/page"}],"author":[{"embeddable":true,"href":"https:\/\/lasteaed.joelahtme.ee\/kostivere\/wp-json\/wp\/v2\/users\/1"}],"replies":[{"embeddable":true,"href":"https:\/\/lasteaed.joelahtme.ee\/kostivere\/wp-json\/wp\/v2\/comments?post=20"}],"version-history":[{"count":9,"href":"https:\/\/lasteaed.joelahtme.ee\/kostivere\/wp-json\/wp\/v2\/pages\/20\/revisions"}],"predecessor-version":[{"id":1455,"href":"https:\/\/lasteaed.joelahtme.ee\/kostivere\/wp-json\/wp\/v2\/pages\/20\/revisions\/1455"}],"wp:attachment":[{"href":"https:\/\/lasteaed.joelahtme.ee\/kostivere\/wp-json\/wp\/v2\/media?parent=20"}],"curies":[{"name":"wp","href":"https:\/\/api.w.org\/{rel}","templated":true}]}}