{"id":18,"date":"2020-05-11T07:02:28","date_gmt":"2020-05-11T07:02:28","guid":{"rendered":"http:\/\/localhost\/kostivere\/?page_id=18"},"modified":"2026-03-23T07:50:57","modified_gmt":"2026-03-23T07:50:57","slug":"ruhmad","status":"publish","type":"page","link":"https:\/\/lasteaed.joelahtme.ee\/kostivere\/ruhmad\/","title":{"rendered":"R\u00fchmad"},"content":{"rendered":"\n<h2 class=\"wp-block-heading\" style=\"font-size:38px;line-height:1.4\"><\/h2>\n\n\n\n<div class=\"wp-block-columns is-layout-flex wp-container-core-columns-is-layout-28f84493 wp-block-columns-is-layout-flex\">\n<div class=\"wp-block-column is-layout-flow wp-block-column-is-layout-flow\">\n<p class=\"has-normal-font-size\"><strong>P\u00d5NNIPESA <\/strong><br>Selles r\u00fchmas k\u00e4ivad 5-6 aastased lapsed.<br>Lapsi aitavad ja \u00f5petavad Hegne, Sirje&nbsp; ja Aimi.<br><a href=\"mailto:ponnipesa@kostilaps.ee\">ponnipesa@kostilaps.ee<\/a>, 58865355<\/p>\n\n\n\n<p class=\"has-normal-font-size\"><strong>VIGURV\u00c4NDAD<\/strong><br>Selles r\u00fchmas k\u00e4ivad 2-3 aastased lapsed.<br>Lapsi aitavad ja \u00f5petavad Jaanika, Kadri ja Caroly.<br><a href=\"mailto:vigurvandad@kostilaps.ee\">vigurvandad@kostilaps.ee<\/a>, 55647060<\/p>\n\n\n\n<p class=\"has-normal-font-size\"><strong>PESAMUNA<\/strong><br>Selles r\u00fchmas k\u00e4ivad &nbsp;1,5 kuni 3 aastased lapsed<br>Lapsi \u00f5petavad ja aitavad Virge, Eveli  ja Annika.<br><a href=\"mailto:pesamuna@kostilaps.ee\">pesamuna@kostilaps.ee<\/a>, 59192622;<\/p>\n\n\n\n<p class=\"has-normal-font-size\"><strong>LEPATRIINUD<\/strong><br>Selles r\u00fchmas k\u00e4ivad&nbsp; 6-7 aastased lapsed<br>Lapsi aitavad ja \u00f5petavad&nbsp; Angelika, Marta ja Kaisi.<br><a href=\"mailto:lepatriinud@kostilaps.ee\">lepatriinud@kostilaps.ee<\/a>,&nbsp; 58555127<\/p>\n<\/div>\n\n\n\n<div class=\"wp-block-column is-layout-flow wp-block-column-is-layout-flow\">\n<p class=\"has-normal-font-size\"><strong>VANDERP\u00d5NNID<\/strong><br>Selles r\u00fchmas&nbsp;k\u00e4ivad&nbsp; 2-6 aastased lapsed<br>Lapsi \u00f5petavad ja aitavad  Meeli, Reet ja Lia.<br><a href=\"mailto:vanderponnid@kostilaps.ee\">vanderponnid@kostilaps.ee<\/a>, 58865011<\/p>\n\n\n\n<p class=\"has-normal-font-size\"><strong>P\u00c4IKESEKIIRED<\/strong><br>Selles r\u00fchmas k\u00e4ivad&nbsp; 3-4 aastased lapsed.<br>Lapsi \u00f5petavad ja aitavad Tiina, Airi ja Ruta.<br><a href=\"mailto:paikesekiired@kostilaps.ee\">paikesekiired@kostilaps.ee<\/a>, 58865667<\/p>\n\n\n\n<p class=\"has-normal-font-size\"><strong>R\u00d5\u00d5MUPESA<\/strong><br>Selles r\u00fchmas k\u00e4ivad 4-7 aastased lapsed.<br>Lapsi \u00f5petavad ja aitavad Kaire, Hanna ja Anu.<br><a href=\"mailto:roomupesa@kostilaps.ee\">roomupesa@kostilaps.ee<\/a>, 58865510<\/p>\n\n\n\n<p class=\"has-normal-font-size\"><strong>NAERULINNUD<\/strong><br>Selles r\u00fchmas k\u00e4ivad\u00a0 4-5 aastased lapsed.<br>Lapsi \u00f5petavad ja aitavad Anneli, Polina ja Hanna.<br><a href=\"mailto:naerulinnud@kostilaps.ee\" data-type=\"URL\">naerulinnud@ kostilaps.ee<\/a>,\u00a0 58864955<\/p>\n<\/div>\n<\/div>\n\n\n\n<p><\/p>\n","protected":false},"excerpt":{"rendered":"<p>P\u00d5NNIPESA Selles r\u00fchmas k\u00e4ivad 5-6 aastased lapsed.Lapsi aitavad ja \u00f5petavad Hegne, Sirje&nbsp; ja Aimi.ponnipesa@kostilaps.ee, 58865355 VIGURV\u00c4NDADSelles r\u00fchmas k\u00e4ivad 2-3 aastased lapsed.Lapsi aitavad ja \u00f5petavad Jaanika, Kadri ja Caroly.vigurvandad@kostilaps.ee, 55647060 PESAMUNASelles r\u00fchmas k\u00e4ivad &nbsp;1,5 kuni 3 aastased lapsedLapsi \u00f5petavad ja aitavad Virge, Eveli ja Annika.pesamuna@kostilaps.ee, 59192622; LEPATRIINUDSelles r\u00fchmas k\u00e4ivad&nbsp; 6-7 aastased lapsedLapsi aitavad ja \u00f5petavad&nbsp; Angelika, [&hellip;]<\/p>\n","protected":false},"author":1,"featured_media":0,"parent":0,"menu_order":0,"comment_status":"closed","ping_status":"closed","template":"","meta":{"_uag_custom_page_level_css":"","site-sidebar-layout":"default","site-content-layout":"default","ast-site-content-layout":"default","site-content-style":"default","site-sidebar-style":"default","ast-global-header-display":"","ast-banner-title-visibility":"","ast-main-header-display":"","ast-hfb-above-header-display":"","ast-hfb-below-header-display":"","ast-hfb-mobile-header-display":"","site-post-title":"","ast-breadcrumbs-content":"","ast-featured-img":"","footer-sml-layout":"","ast-disable-related-posts":"","theme-transparent-header-meta":"default","adv-header-id-meta":"","stick-header-meta":"","header-above-stick-meta":"","header-main-stick-meta":"","header-below-stick-meta":"","astra-migrate-meta-layouts":"set","ast-page-background-enabled":"default","ast-page-background-meta":{"desktop":{"background-color":"var(--ast-global-color-4)","background-image":"","background-repeat":"repeat","background-position":"center center","background-size":"auto","background-attachment":"scroll","background-type":"","background-media":"","overlay-type":"","overlay-color":"","overlay-opacity":"","overlay-gradient":""},"tablet":{"background-color":"","background-image":"","background-repeat":"repeat","background-position":"center center","background-size":"auto","background-attachment":"scroll","background-type":"","background-media":"","overlay-type":"","overlay-color":"","overlay-opacity":"","overlay-gradient":""},"mobile":{"background-color":"","background-image":"","background-repeat":"repeat","background-position":"center center","background-size":"auto","background-attachment":"scroll","background-type":"","background-media":"","overlay-type":"","overlay-color":"","overlay-opacity":"","overlay-gradient":""}},"ast-content-background-meta":{"desktop":{"background-color":"var(--ast-global-color-5)","background-image":"","background-repeat":"repeat","background-position":"center center","background-size":"auto","background-attachment":"scroll","background-type":"","background-media":"","overlay-type":"","overlay-color":"","overlay-opacity":"","overlay-gradient":""},"tablet":{"background-color":"var(--ast-global-color-5)","background-image":"","background-repeat":"repeat","background-position":"center center","background-size":"auto","background-attachment":"scroll","background-type":"","background-media":"","overlay-type":"","overlay-color":"","overlay-opacity":"","overlay-gradient":""},"mobile":{"background-color":"var(--ast-global-color-5)","background-image":"","background-repeat":"repeat","background-position":"center center","background-size":"auto","background-attachment":"scroll","background-type":"","background-media":"","overlay-type":"","overlay-color":"","overlay-opacity":"","overlay-gradient":""}},"footnotes":""},"class_list":["post-18","page","type-page","status-publish","hentry"],"uagb_featured_image_src":{"full":false,"thumbnail":false,"medium":false,"medium_large":false,"large":false,"1536x1536":false,"2048x2048":false},"uagb_author_info":{"display_name":"Kalev","author_link":"https:\/\/lasteaed.joelahtme.ee\/kostivere\/author\/kalev\/"},"uagb_comment_info":0,"uagb_excerpt":"P\u00d5NNIPESA Selles r\u00fchmas k\u00e4ivad 5-6 aastased lapsed.Lapsi aitavad ja \u00f5petavad Hegne, Sirje&nbsp; ja Aimi.ponnipesa@kostilaps.ee, 58865355 VIGURV\u00c4NDADSelles r\u00fchmas k\u00e4ivad 2-3 aastased lapsed.Lapsi aitavad ja \u00f5petavad Jaanika, Kadri ja Caroly.vigurvandad@kostilaps.ee, 55647060 PESAMUNASelles r\u00fchmas k\u00e4ivad &nbsp;1,5 kuni 3 aastased lapsedLapsi \u00f5petavad ja aitavad Virge, Eveli ja Annika.pesamuna@kostilaps.ee, 59192622; LEPATRIINUDSelles r\u00fchmas k\u00e4ivad&nbsp; 6-7 aastased lapsedLapsi aitavad ja \u00f5petavad&nbsp; Angelika,&hellip;","_links":{"self":[{"href":"https:\/\/lasteaed.joelahtme.ee\/kostivere\/wp-json\/wp\/v2\/pages\/18","targetHints":{"allow":["GET"]}}],"collection":[{"href":"https:\/\/lasteaed.joelahtme.ee\/kostivere\/wp-json\/wp\/v2\/pages"}],"about":[{"href":"https:\/\/lasteaed.joelahtme.ee\/kostivere\/wp-json\/wp\/v2\/types\/page"}],"author":[{"embeddable":true,"href":"https:\/\/lasteaed.joelahtme.ee\/kostivere\/wp-json\/wp\/v2\/users\/1"}],"replies":[{"embeddable":true,"href":"https:\/\/lasteaed.joelahtme.ee\/kostivere\/wp-json\/wp\/v2\/comments?post=18"}],"version-history":[{"count":36,"href":"https:\/\/lasteaed.joelahtme.ee\/kostivere\/wp-json\/wp\/v2\/pages\/18\/revisions"}],"predecessor-version":[{"id":1490,"href":"https:\/\/lasteaed.joelahtme.ee\/kostivere\/wp-json\/wp\/v2\/pages\/18\/revisions\/1490"}],"wp:attachment":[{"href":"https:\/\/lasteaed.joelahtme.ee\/kostivere\/wp-json\/wp\/v2\/media?parent=18"}],"curies":[{"name":"wp","href":"https:\/\/api.w.org\/{rel}","templated":true}]}}