{"id":166,"date":"2021-10-06T12:00:10","date_gmt":"2021-10-06T12:00:10","guid":{"rendered":"http:\/\/lasteaed.joelahtme.ee\/kostivere\/?page_id=166"},"modified":"2022-04-28T08:27:13","modified_gmt":"2022-04-28T08:27:13","slug":"lasteaiast","status":"publish","type":"page","link":"https:\/\/lasteaed.joelahtme.ee\/kostivere\/lasteaiast\/","title":{"rendered":"Lasteaiast"},"content":{"rendered":"\n<p><\/p>\n\n\n\n<div class=\"wp-block-columns is-layout-flex wp-container-core-columns-is-layout-28f84493 wp-block-columns-is-layout-flex\">\n<div class=\"wp-block-column is-layout-flow wp-block-column-is-layout-flow\">\n<figure class=\"wp-block-image alignfull size-full\"><img loading=\"lazy\" decoding=\"async\" width=\"1008\" height=\"630\" src=\"http:\/\/lasteaed.joelahtme.ee\/kostivere\/wp-content\/uploads\/sites\/2\/2021\/10\/Logo-roheline.png\" alt=\"\" class=\"wp-image-230\" srcset=\"https:\/\/lasteaed.joelahtme.ee\/kostivere\/wp-content\/uploads\/sites\/2\/2021\/10\/Logo-roheline.png 1008w, https:\/\/lasteaed.joelahtme.ee\/kostivere\/wp-content\/uploads\/sites\/2\/2021\/10\/Logo-roheline-300x188.png 300w, https:\/\/lasteaed.joelahtme.ee\/kostivere\/wp-content\/uploads\/sites\/2\/2021\/10\/Logo-roheline-768x480.png 768w\" sizes=\"auto, (max-width: 1008px) 100vw, 1008px\" \/><\/figure>\n\n\n\n<p><\/p>\n<\/div>\n\n\n\n<div class=\"wp-block-column is-layout-flow wp-block-column-is-layout-flow\">\n<p><\/p>\n\n\n\n<p><\/p>\n\n\n\n<p><\/p>\n\n\n\n<p><\/p>\n\n\n\n<p><\/p>\n\n\n\n<p><\/p>\n\n\n\n<p class=\"has-text-align-center\">(Ira Lember)<\/p>\n\n\n\n<p>On \u00fcks koht, kus igav ei hakka.<br>On \u00fcks koht, kus m\u00e4ngud ei lakka,<br>ainult voodis ollakse vakka.<br>Siin ei tuntagi \u00fcksindust.<br>Siin on s\u00f5prus ja siin on lust!<br>Tule, lasteaed ootab sind just! <\/p>\n\n\n\n<p>                                                        <\/p>\n<\/div>\n<\/div>\n\n\n<p><strong>Lasteaia tutvustus<\/strong><br \/>Kostivere alevikus asutati esimene lasteaed 1951. aasta\u00a0 augustis. Praegune lasteaed asub Kostivere m\u00f5isa ja selle kauni pargi vahetus l\u00e4heduses. <br \/>Lasteaias on 8 r\u00fchma, neist 5 aiar\u00fchma, 1 liitr\u00fchm ja 2 s\u00f5imer\u00fchma.<\/p>\n<p><strong>Lasteaia missioon<\/strong><strong>: <\/strong>Oleme turvalist p\u00e4evahoidu ja kaasaegset ning kvaliteetset alusharidust pakkuv perekonda toetav haridusasutus.<br \/><strong>Lasteaia visioon<\/strong><strong>: <\/strong>Kostivere Lasteaed on kodukandis turvalise, keskkonnas\u00f5braliku ning kaasaegse sise- ja v\u00e4liskeskkonnaga kasvukeskkond kus lapsed on r\u00f5\u00f5msad ja lapsevanemad aktiivsed koost\u00f6\u00f6partnerid.<br \/><strong>Tunnuslause: <\/strong>Laste r\u00f5\u00f5m ja m\u00e4ngulust on meid k\u00f5iki saatmas just.<\/p>\n<p><strong style=\"font-size: 1rem;color: var(--ast-global-color-3)\">P\u00f5hiv\u00e4\u00e4rtused<br \/><\/strong><strong>Tervis<br \/><\/strong>Oleme lastele eeskujuks tervislike eluviiside kujundamisel.<br \/>Oleme positiivsed ja optimistlikud.<\/p>\n<p><strong>\u00dcksteise toetamine ja abivalmidus<br \/><\/strong>Oskame ja tahame kuulata, m\u00e4rkame ja teeme oma otsuse.<br \/>Oleme oma heatahtlikkuse ja tasakaalukusega teistele eeskujuks.<br \/>Oleme s\u00fcdamlikud, tolerantsed ja heasoovlikud.<\/p>\n<p><strong>Avatus<br \/><\/strong>Oleme avatud koost\u00f6\u00f6le, uutele ideedele ja teadmistele.<br \/><span style=\"font-size: 1rem;color: var(--ast-global-color-3)\">Teeme koost\u00f6\u00f6d erinevate huvigruppidega.<\/span><\/p>\n<p><strong>Lojaalsus ja usaldusv\u00e4\u00e4rsus<br \/><\/strong><span style=\"font-size: 1rem;color: var(--ast-global-color-3)\">Peame lugu oma lasteaiast ja oleme oma lasteaia hea maine kujundajad.<\/span><\/p>\n<p>\u00a0<\/p>","protected":false},"excerpt":{"rendered":"<p>(Ira Lember) On \u00fcks koht, kus igav ei hakka.On \u00fcks koht, kus m\u00e4ngud ei lakka,ainult voodis ollakse vakka.Siin ei tuntagi \u00fcksindust.Siin on s\u00f5prus ja siin on lust!Tule, lasteaed ootab sind just! Lasteaia tutvustusKostivere alevikus asutati esimene lasteaed 1951. aasta\u00a0 augustis. Praegune lasteaed asub Kostivere m\u00f5isa ja selle kauni pargi vahetus l\u00e4heduses. Lasteaias on 8 r\u00fchma, [&hellip;]<\/p>\n","protected":false},"author":6,"featured_media":0,"parent":0,"menu_order":0,"comment_status":"closed","ping_status":"closed","template":"","meta":{"_uag_custom_page_level_css":"","site-sidebar-layout":"default","site-content-layout":"default","ast-site-content-layout":"default","site-content-style":"default","site-sidebar-style":"default","ast-global-header-display":"","ast-banner-title-visibility":"","ast-main-header-display":"","ast-hfb-above-header-display":"","ast-hfb-below-header-display":"","ast-hfb-mobile-header-display":"","site-post-title":"","ast-breadcrumbs-content":"","ast-featured-img":"","footer-sml-layout":"","ast-disable-related-posts":"","theme-transparent-header-meta":"default","adv-header-id-meta":"","stick-header-meta":"","header-above-stick-meta":"","header-main-stick-meta":"","header-below-stick-meta":"","astra-migrate-meta-layouts":"default","ast-page-background-enabled":"default","ast-page-background-meta":{"desktop":{"background-color":"var(--ast-global-color-4)","background-image":"","background-repeat":"repeat","background-position":"center center","background-size":"auto","background-attachment":"scroll","background-type":"","background-media":"","overlay-type":"","overlay-color":"","overlay-opacity":"","overlay-gradient":""},"tablet":{"background-color":"","background-image":"","background-repeat":"repeat","background-position":"center center","background-size":"auto","background-attachment":"scroll","background-type":"","background-media":"","overlay-type":"","overlay-color":"","overlay-opacity":"","overlay-gradient":""},"mobile":{"background-color":"","background-image":"","background-repeat":"repeat","background-position":"center center","background-size":"auto","background-attachment":"scroll","background-type":"","background-media":"","overlay-type":"","overlay-color":"","overlay-opacity":"","overlay-gradient":""}},"ast-content-background-meta":{"desktop":{"background-color":"var(--ast-global-color-5)","background-image":"","background-repeat":"repeat","background-position":"center center","background-size":"auto","background-attachment":"scroll","background-type":"","background-media":"","overlay-type":"","overlay-color":"","overlay-opacity":"","overlay-gradient":""},"tablet":{"background-color":"var(--ast-global-color-5)","background-image":"","background-repeat":"repeat","background-position":"center center","background-size":"auto","background-attachment":"scroll","background-type":"","background-media":"","overlay-type":"","overlay-color":"","overlay-opacity":"","overlay-gradient":""},"mobile":{"background-color":"var(--ast-global-color-5)","background-image":"","background-repeat":"repeat","background-position":"center center","background-size":"auto","background-attachment":"scroll","background-type":"","background-media":"","overlay-type":"","overlay-color":"","overlay-opacity":"","overlay-gradient":""}},"footnotes":""},"class_list":["post-166","page","type-page","status-publish","hentry"],"uagb_featured_image_src":{"full":false,"thumbnail":false,"medium":false,"medium_large":false,"large":false,"1536x1536":false,"2048x2048":false},"uagb_author_info":{"display_name":"jana","author_link":"https:\/\/lasteaed.joelahtme.ee\/kostivere\/author\/jana\/"},"uagb_comment_info":0,"uagb_excerpt":"(Ira Lember) On \u00fcks koht, kus igav ei hakka.On \u00fcks koht, kus m\u00e4ngud ei lakka,ainult voodis ollakse vakka.Siin ei tuntagi \u00fcksindust.Siin on s\u00f5prus ja siin on lust!Tule, lasteaed ootab sind just! Lasteaia tutvustusKostivere alevikus asutati esimene lasteaed 1951. aasta\u00a0 augustis. Praegune lasteaed asub Kostivere m\u00f5isa ja selle kauni pargi vahetus l\u00e4heduses. Lasteaias on 8 r\u00fchma,&hellip;","_links":{"self":[{"href":"https:\/\/lasteaed.joelahtme.ee\/kostivere\/wp-json\/wp\/v2\/pages\/166","targetHints":{"allow":["GET"]}}],"collection":[{"href":"https:\/\/lasteaed.joelahtme.ee\/kostivere\/wp-json\/wp\/v2\/pages"}],"about":[{"href":"https:\/\/lasteaed.joelahtme.ee\/kostivere\/wp-json\/wp\/v2\/types\/page"}],"author":[{"embeddable":true,"href":"https:\/\/lasteaed.joelahtme.ee\/kostivere\/wp-json\/wp\/v2\/users\/6"}],"replies":[{"embeddable":true,"href":"https:\/\/lasteaed.joelahtme.ee\/kostivere\/wp-json\/wp\/v2\/comments?post=166"}],"version-history":[{"count":25,"href":"https:\/\/lasteaed.joelahtme.ee\/kostivere\/wp-json\/wp\/v2\/pages\/166\/revisions"}],"predecessor-version":[{"id":715,"href":"https:\/\/lasteaed.joelahtme.ee\/kostivere\/wp-json\/wp\/v2\/pages\/166\/revisions\/715"}],"wp:attachment":[{"href":"https:\/\/lasteaed.joelahtme.ee\/kostivere\/wp-json\/wp\/v2\/media?parent=166"}],"curies":[{"name":"wp","href":"https:\/\/api.w.org\/{rel}","templated":true}]}}