{"id":1201,"date":"2024-09-17T06:02:26","date_gmt":"2024-09-17T06:02:26","guid":{"rendered":"https:\/\/lasteaed.joelahtme.ee\/kostivere\/?page_id=1201"},"modified":"2024-09-17T06:17:43","modified_gmt":"2024-09-17T06:17:43","slug":"lasteaeda-vastuvotmine-ja-valjaarvamine","status":"publish","type":"page","link":"https:\/\/lasteaed.joelahtme.ee\/kostivere\/lasteaeda-vastuvotmine-ja-valjaarvamine\/","title":{"rendered":"Lasteaeda vastuv\u00f5tmine ja v\u00e4ljaarvamine"},"content":{"rendered":"\n<p><strong>Kuidas p\u00e4\u00e4seb laps lasteaeda?<\/strong><\/p>\n\n\n\n<p><strong>Lasteaia kohataotlused esitatakse alates jaanuarist 2022 haridusteenuste haldamise s\u00fcsteemis ARNO.<br>Teated vanematele edastatakse vanema poolt ARNOs m\u00e4rgitud e-posti aadressile.<\/strong><\/p>\n\n\n\n<p>Vastuv\u00f5tuks tuleb&nbsp;<a href=\"https:\/\/arno.joelahtme.ee\/avaleht\/\">ARNO keskkonnas<\/a>&nbsp;esitada lasteaiakoha taotlus.<\/p>\n\n\n\n<p>Lasteaiaj\u00e4rjekord avalikus vaates on leitav&nbsp;<strong><a href=\"https:\/\/arno.joelahtme.ee\/ctrl\/ee\/JarjekorraVaadeFikseeritud\/show\/\">SIIT<\/a><\/strong>, mida uuendatakse 1 kord kuus.<\/p>\n\n\n\n<p>Lasteasutuste vabade kohtade ja r\u00fchmade komplekteerimine algab uueks \u00f5ppeaastaks e-keskkonnas ARNO 1. aprillist. Vanematele saadetakse elektroonne teatis koha saamise kohta lasteasutuses e-keskkonnas ARNO olevatele kontaktidele hiljemalt 10. maiks.<\/p>\n\n\n\n<p> <strong>Lapse lasteaiast lahkumine<\/strong><\/p>\n\n\n\n<p><strong>Lasteaiast v\u00e4ljaarvamiseks<\/strong>&nbsp;esitab lapsevanem ARNO keskkonnas hiljemalt 14 p\u00e4eva enne lapse  lasteaiast lahkumist taotluse.<\/p>\n\n\n\n<p><strong>Vaata l\u00e4hemalt ka :\u00a0<a href=\"http:\/\/lasteaed.joelahtme.ee\/kostivere\/wp-content\/uploads\/sites\/2\/2024\/09\/Lapse-koolieelsesse-lasteasutusse-vastuvotmise-ja-valjaarvamise-kord.pdf\">Lapse koolieelsesse lasteasutusse vastuv\u00f5tmise ja v\u00e4ljaarvamise kord<\/a><\/strong><\/p>\n","protected":false},"excerpt":{"rendered":"<p>Kuidas p\u00e4\u00e4seb laps lasteaeda? Lasteaia kohataotlused esitatakse alates jaanuarist 2022 haridusteenuste haldamise s\u00fcsteemis ARNO.Teated vanematele edastatakse vanema poolt ARNOs m\u00e4rgitud e-posti aadressile. Vastuv\u00f5tuks tuleb&nbsp;ARNO keskkonnas&nbsp;esitada lasteaiakoha taotlus. Lasteaiaj\u00e4rjekord avalikus vaates on leitav&nbsp;SIIT, mida uuendatakse 1 kord kuus. Lasteasutuste vabade kohtade ja r\u00fchmade komplekteerimine algab uueks \u00f5ppeaastaks e-keskkonnas ARNO 1. aprillist. Vanematele saadetakse elektroonne teatis koha [&hellip;]<\/p>\n","protected":false},"author":6,"featured_media":0,"parent":0,"menu_order":0,"comment_status":"closed","ping_status":"closed","template":"","meta":{"_uag_custom_page_level_css":"","site-sidebar-layout":"default","site-content-layout":"","ast-site-content-layout":"default","site-content-style":"default","site-sidebar-style":"default","ast-global-header-display":"","ast-banner-title-visibility":"","ast-main-header-display":"","ast-hfb-above-header-display":"","ast-hfb-below-header-display":"","ast-hfb-mobile-header-display":"","site-post-title":"","ast-breadcrumbs-content":"","ast-featured-img":"","footer-sml-layout":"","ast-disable-related-posts":"","theme-transparent-header-meta":"","adv-header-id-meta":"","stick-header-meta":"","header-above-stick-meta":"","header-main-stick-meta":"","header-below-stick-meta":"","astra-migrate-meta-layouts":"set","ast-page-background-enabled":"default","ast-page-background-meta":{"desktop":{"background-color":"var(--ast-global-color-4)","background-image":"","background-repeat":"repeat","background-position":"center center","background-size":"auto","background-attachment":"scroll","background-type":"","background-media":"","overlay-type":"","overlay-color":"","overlay-opacity":"","overlay-gradient":""},"tablet":{"background-color":"","background-image":"","background-repeat":"repeat","background-position":"center center","background-size":"auto","background-attachment":"scroll","background-type":"","background-media":"","overlay-type":"","overlay-color":"","overlay-opacity":"","overlay-gradient":""},"mobile":{"background-color":"","background-image":"","background-repeat":"repeat","background-position":"center center","background-size":"auto","background-attachment":"scroll","background-type":"","background-media":"","overlay-type":"","overlay-color":"","overlay-opacity":"","overlay-gradient":""}},"ast-content-background-meta":{"desktop":{"background-color":"var(--ast-global-color-5)","background-image":"","background-repeat":"repeat","background-position":"center center","background-size":"auto","background-attachment":"scroll","background-type":"","background-media":"","overlay-type":"","overlay-color":"","overlay-opacity":"","overlay-gradient":""},"tablet":{"background-color":"var(--ast-global-color-5)","background-image":"","background-repeat":"repeat","background-position":"center center","background-size":"auto","background-attachment":"scroll","background-type":"","background-media":"","overlay-type":"","overlay-color":"","overlay-opacity":"","overlay-gradient":""},"mobile":{"background-color":"var(--ast-global-color-5)","background-image":"","background-repeat":"repeat","background-position":"center center","background-size":"auto","background-attachment":"scroll","background-type":"","background-media":"","overlay-type":"","overlay-color":"","overlay-opacity":"","overlay-gradient":""}},"footnotes":""},"class_list":["post-1201","page","type-page","status-publish","hentry"],"uagb_featured_image_src":{"full":false,"thumbnail":false,"medium":false,"medium_large":false,"large":false,"1536x1536":false,"2048x2048":false},"uagb_author_info":{"display_name":"jana","author_link":"https:\/\/lasteaed.joelahtme.ee\/kostivere\/author\/jana\/"},"uagb_comment_info":0,"uagb_excerpt":"Kuidas p\u00e4\u00e4seb laps lasteaeda? Lasteaia kohataotlused esitatakse alates jaanuarist 2022 haridusteenuste haldamise s\u00fcsteemis ARNO.Teated vanematele edastatakse vanema poolt ARNOs m\u00e4rgitud e-posti aadressile. Vastuv\u00f5tuks tuleb&nbsp;ARNO keskkonnas&nbsp;esitada lasteaiakoha taotlus. Lasteaiaj\u00e4rjekord avalikus vaates on leitav&nbsp;SIIT, mida uuendatakse 1 kord kuus. Lasteasutuste vabade kohtade ja r\u00fchmade komplekteerimine algab uueks \u00f5ppeaastaks e-keskkonnas ARNO 1. aprillist. Vanematele saadetakse elektroonne teatis koha&hellip;","_links":{"self":[{"href":"https:\/\/lasteaed.joelahtme.ee\/kostivere\/wp-json\/wp\/v2\/pages\/1201","targetHints":{"allow":["GET"]}}],"collection":[{"href":"https:\/\/lasteaed.joelahtme.ee\/kostivere\/wp-json\/wp\/v2\/pages"}],"about":[{"href":"https:\/\/lasteaed.joelahtme.ee\/kostivere\/wp-json\/wp\/v2\/types\/page"}],"author":[{"embeddable":true,"href":"https:\/\/lasteaed.joelahtme.ee\/kostivere\/wp-json\/wp\/v2\/users\/6"}],"replies":[{"embeddable":true,"href":"https:\/\/lasteaed.joelahtme.ee\/kostivere\/wp-json\/wp\/v2\/comments?post=1201"}],"version-history":[{"count":3,"href":"https:\/\/lasteaed.joelahtme.ee\/kostivere\/wp-json\/wp\/v2\/pages\/1201\/revisions"}],"predecessor-version":[{"id":1211,"href":"https:\/\/lasteaed.joelahtme.ee\/kostivere\/wp-json\/wp\/v2\/pages\/1201\/revisions\/1211"}],"wp:attachment":[{"href":"https:\/\/lasteaed.joelahtme.ee\/kostivere\/wp-json\/wp\/v2\/media?parent=1201"}],"curies":[{"name":"wp","href":"https:\/\/api.w.org\/{rel}","templated":true}]}}